{"id":19528,"date":"2025-01-12T18:29:26","date_gmt":"2025-01-12T18:29:26","guid":{"rendered":"https:\/\/prodesco.es\/servicios-ceramicos-construccion\/"},"modified":"2025-09-12T14:13:10","modified_gmt":"2025-09-12T14:13:10","slug":"ceramic-services","status":"publish","type":"page","link":"https:\/\/prodesco.es\/en\/ceramic-services\/","title":{"rendered":"Services"},"content":{"rendered":"\t\t<div data-elementor-type=\"wp-page\" data-elementor-id=\"19528\" class=\"elementor elementor-19528 elementor-17\" data-elementor-post-type=\"page\">\n\t\t\t\t<div class=\"elementor-element elementor-element-65e624e e-flex e-con-boxed e-con e-parent\" data-id=\"65e624e\" data-element_type=\"container\" data-settings=\"{&quot;background_background&quot;:&quot;classic&quot;}\">\n\t\t\t\t\t<div class=\"e-con-inner\">\n\t\t\t\t<div class=\"elementor-element elementor-element-3cf31f8 elementor-widget elementor-widget-heading\" data-id=\"3cf31f8\" data-element_type=\"widget\" data-widget_type=\"heading.default\">\n\t\t\t\t<div class=\"elementor-widget-container\">\n\t\t\t\t\t<h1 class=\"elementor-heading-title elementor-size-default\">Services<\/h1>\t\t\t\t<\/div>\n\t\t\t\t<\/div>\n\t\t\t\t\t<\/div>\n\t\t\t\t<\/div>\n\t\t<div class=\"elementor-element elementor-element-48b25b0 investigation e-flex e-con-boxed e-con e-parent\" data-id=\"48b25b0\" data-element_type=\"container\" id=\"investigation\">\n\t\t\t\t\t<div class=\"e-con-inner\">\n\t\t<div class=\"elementor-element elementor-element-ffbbb7b e-con-full e-flex e-con e-child\" data-id=\"ffbbb7b\" data-element_type=\"container\">\n\t\t\t\t<div class=\"elementor-element elementor-element-06795d6 elementor-widget elementor-widget-heading\" data-id=\"06795d6\" data-element_type=\"widget\" data-widget_type=\"heading.default\">\n\t\t\t\t<div class=\"elementor-widget-container\">\n\t\t\t\t\t<h2 class=\"elementor-heading-title elementor-size-default\">Investigation<\/h2>\t\t\t\t<\/div>\n\t\t\t\t<\/div>\n\t\t\t\t<div class=\"elementor-element elementor-element-2bdf620 elementor-widget elementor-widget-text-editor\" data-id=\"2bdf620\" data-element_type=\"widget\" data-widget_type=\"text-editor.default\">\n\t\t\t\t<div class=\"elementor-widget-container\">\n\t\t\t\t\t\t\t\t\t<p>We stand out within our sector, for designing and developing high-quality products as requested by the ceramic industry professionals. Our methodology is based on market research, meaning we adapt to the necessary technical requirements of our clients\u2019 manufacturing processes. This is why our main products are designed to be applied with different techniques and on different types of ceramics to obtain unique textures and finishes. We are constantly developing and transforming efficient and environmentally sustainable products.<\/p>\t\t\t\t\t\t\t\t<\/div>\n\t\t\t\t<\/div>\n\t\t\t\t<\/div>\n\t\t<div class=\"elementor-element elementor-element-cf6756f e-con-full e-flex e-con e-child\" data-id=\"cf6756f\" data-element_type=\"container\">\n\t\t\t\t<div class=\"elementor-element elementor-element-ae7c62e elementor-widget elementor-widget-image\" data-id=\"ae7c62e\" data-element_type=\"widget\" data-widget_type=\"image.default\">\n\t\t\t\t<div class=\"elementor-widget-container\">\n\t\t\t\t\t\t\t\t\t\t\t\t\t\t\t<img decoding=\"async\" src=\"https:\/\/prodesco.es\/wp-content\/uploads\/elementor\/thumbs\/Prodesco_corpo-23-rc9tl8x9p2i03h6bqp3bym9jv453a5zgaf1peiwz34.jpg\" title=\"Servicios &#8211; investigaci\u00f3n\" alt=\"Servicios - investigaci\u00f3n\" loading=\"lazy\" \/>\t\t\t\t\t\t\t\t\t\t\t\t\t\t\t<\/div>\n\t\t\t\t<\/div>\n\t\t\t\t<\/div>\n\t\t\t\t\t<\/div>\n\t\t\t\t<\/div>\n\t\t<div class=\"elementor-element elementor-element-12abf67 e-flex e-con-boxed e-con e-parent\" data-id=\"12abf67\" data-element_type=\"container\" id=\"production\">\n\t\t\t\t\t<div class=\"e-con-inner\">\n\t\t<div class=\"elementor-element elementor-element-025a7fe e-con-full e-flex e-con e-child\" data-id=\"025a7fe\" data-element_type=\"container\">\n\t\t\t\t<div class=\"elementor-element elementor-element-1c9eb41 elementor-widget elementor-widget-heading\" data-id=\"1c9eb41\" data-element_type=\"widget\" data-widget_type=\"heading.default\">\n\t\t\t\t<div class=\"elementor-widget-container\">\n\t\t\t\t\t<h2 class=\"elementor-heading-title elementor-size-default\">Production<\/h2>\t\t\t\t<\/div>\n\t\t\t\t<\/div>\n\t\t\t\t<div class=\"elementor-element elementor-element-288b706 elementor-widget elementor-widget-text-editor\" data-id=\"288b706\" data-element_type=\"widget\" data-widget_type=\"text-editor.default\">\n\t\t\t\t<div class=\"elementor-widget-container\">\n\t\t\t\t\t\t\t\t\t<p>Our main output is the manufacture of Ceramic Glazes and Engobes. We\u2019ve advanced our manufacturing techniques in a way that allows us to supply large product volumes as well as also shorter series.<\/p><p>There are 4 production lines or processes \u2013 wet milling for liquid delivery, wet milling then drying for powder delivery, dry milling for powder delivery and finally, product processing via suspension for liquid delivery. This is how the final product can be commercialised for mass distribution across the industry or for smaller shipments for direct purchase.<\/p>\t\t\t\t\t\t\t\t<\/div>\n\t\t\t\t<\/div>\n\t\t\t\t<\/div>\n\t\t<div class=\"elementor-element elementor-element-1bbb6c5 e-con-full e-flex e-con e-child\" data-id=\"1bbb6c5\" data-element_type=\"container\">\n\t\t\t\t<div class=\"elementor-element elementor-element-ef3c85b elementor-widget elementor-widget-image\" data-id=\"ef3c85b\" data-element_type=\"widget\" data-widget_type=\"image.default\">\n\t\t\t\t<div class=\"elementor-widget-container\">\n\t\t\t\t\t\t\t\t\t\t\t\t\t\t\t<img decoding=\"async\" src=\"https:\/\/prodesco.es\/wp-content\/uploads\/elementor\/thumbs\/Prodesco_corpo-3-rc9tlbqs9klv2b28a8b7o3jxn9r6x9anat05ucsskg.jpg\" title=\"Servicios &#8211; producci\u00f3n\" alt=\"Servicios - producci\u00f3n\" loading=\"lazy\" \/>\t\t\t\t\t\t\t\t\t\t\t\t\t\t\t<\/div>\n\t\t\t\t<\/div>\n\t\t\t\t<\/div>\n\t\t\t\t\t<\/div>\n\t\t\t\t<\/div>\n\t\t<div class=\"elementor-element elementor-element-bd3f362 e-flex e-con-boxed e-con e-parent\" data-id=\"bd3f362\" data-element_type=\"container\" id=\"sales-and-distribution\">\n\t\t\t\t\t<div class=\"e-con-inner\">\n\t\t<div class=\"elementor-element elementor-element-c0c1319 e-con-full e-flex e-con e-child\" data-id=\"c0c1319\" data-element_type=\"container\">\n\t\t\t\t<div class=\"elementor-element elementor-element-f2cc891 elementor-widget elementor-widget-heading\" data-id=\"f2cc891\" data-element_type=\"widget\" data-widget_type=\"heading.default\">\n\t\t\t\t<div class=\"elementor-widget-container\">\n\t\t\t\t\t<h2 class=\"elementor-heading-title elementor-size-default\">Sales <Br>and distribution<\/h2>\t\t\t\t<\/div>\n\t\t\t\t<\/div>\n\t\t\t\t<div class=\"elementor-element elementor-element-2372f02 elementor-widget elementor-widget-text-editor\" data-id=\"2372f02\" data-element_type=\"widget\" data-widget_type=\"text-editor.default\">\n\t\t\t\t<div class=\"elementor-widget-container\">\n\t\t\t\t\t\t\t\t\t<p>We supply our ceramic products to the whole sector, from artisan craft up to the structural ceramic industry of roof-tiles and bricks, both nationally and internationally. We also have wholesale distributors across Spain and the rest of the world. We offer a wide range of materials and ceramic tools, including glazes and pigments as well as tools and equipment. You can find all of this in our physical store in Manises.<\/p>\t\t\t\t\t\t\t\t<\/div>\n\t\t\t\t<\/div>\n\t\t\t\t<\/div>\n\t\t<div class=\"elementor-element elementor-element-b355d4c e-con-full e-flex e-con e-child\" data-id=\"b355d4c\" data-element_type=\"container\">\n\t\t\t\t<div class=\"elementor-element elementor-element-e50b74e elementor-widget elementor-widget-image\" data-id=\"e50b74e\" data-element_type=\"widget\" data-widget_type=\"image.default\">\n\t\t\t\t<div class=\"elementor-widget-container\">\n\t\t\t\t\t\t\t\t\t\t\t\t\t\t\t<img decoding=\"async\" src=\"https:\/\/prodesco.es\/wp-content\/uploads\/elementor\/thumbs\/Prodesco_corpo-52-rc9tl8x9p2i03h6bqp3bym9jv453a5zgaf1peiwz34.jpg\" title=\"Servicios &#8211; distribuci\u00f3n y venta\" alt=\"Servicios - distribuci\u00f3n y venta\" loading=\"lazy\" \/>\t\t\t\t\t\t\t\t\t\t\t\t\t\t\t<\/div>\n\t\t\t\t<\/div>\n\t\t\t\t<\/div>\n\t\t\t\t\t<\/div>\n\t\t\t\t<\/div>\n\t\t<div class=\"elementor-element elementor-element-e3dfac7 e-flex e-con-boxed e-con e-parent\" data-id=\"e3dfac7\" data-element_type=\"container\" id=\"consultations\">\n\t\t\t\t\t<div class=\"e-con-inner\">\n\t\t<div class=\"elementor-element elementor-element-a6e08ef e-con-full e-flex e-con e-child\" data-id=\"a6e08ef\" data-element_type=\"container\">\n\t\t\t\t<div class=\"elementor-element elementor-element-2aad64d elementor-widget elementor-widget-heading\" data-id=\"2aad64d\" data-element_type=\"widget\" data-widget_type=\"heading.default\">\n\t\t\t\t<div class=\"elementor-widget-container\">\n\t\t\t\t\t<h2 class=\"elementor-heading-title elementor-size-default\">Consultations<\/h2>\t\t\t\t<\/div>\n\t\t\t\t<\/div>\n\t\t\t\t<div class=\"elementor-element elementor-element-50961fb elementor-widget elementor-widget-text-editor\" data-id=\"50961fb\" data-element_type=\"widget\" data-widget_type=\"text-editor.default\">\n\t\t\t\t<div class=\"elementor-widget-container\">\n\t\t\t\t\t\t\t\t\t<p>Over the course of our history, we have established a wealth of technical experience that we provide for our clients. This includes consultations about the use of our products, the improvement of ceramic production processes and product personalisation to fulfil specific requirements. Our Research and Development team is comprised of Ceramic Experts who work directly with the clients to offer the best solution for their needs. Client satisfaction is our top priority and we\u2019re available for any query you may have. Dare to create, we\u2019ll guide you.<\/p>\t\t\t\t\t\t\t\t<\/div>\n\t\t\t\t<\/div>\n\t\t\t\t<\/div>\n\t\t<div class=\"elementor-element elementor-element-f8c1c90 e-con-full e-flex e-con e-child\" data-id=\"f8c1c90\" data-element_type=\"container\">\n\t\t\t\t<div class=\"elementor-element elementor-element-34e7ad3 elementor-widget elementor-widget-image\" data-id=\"34e7ad3\" data-element_type=\"widget\" data-widget_type=\"image.default\">\n\t\t\t\t<div class=\"elementor-widget-container\">\n\t\t\t\t\t\t\t\t\t\t\t\t\t\t\t<img decoding=\"async\" src=\"https:\/\/prodesco.es\/wp-content\/uploads\/elementor\/thumbs\/Prodesco_corpo-15-rc9tldmhv3gauxsy23b6e237hj9cqiqn9degxco97k.jpg\" title=\"Servicios &#8211; asesoramiento\" alt=\"Servicios - asesoramiento\" loading=\"lazy\" \/>\t\t\t\t\t\t\t\t\t\t\t\t\t\t\t<\/div>\n\t\t\t\t<\/div>\n\t\t\t\t<\/div>\n\t\t\t\t\t<\/div>\n\t\t\t\t<\/div>\n\t\t\t\t<\/div>\n\t\t","protected":false},"excerpt":{"rendered":"<p>Services Investigation We stand out within our sector, for designing and developing high-quality products as requested by the ceramic industry professionals. Our methodology is based on market research, meaning we adapt to the necessary technical requirements of our clients\u2019 manufacturing processes. This is why our main products are designed to be applied with different techniques [&hellip;]<\/p>\n","protected":false},"author":2,"featured_media":19315,"parent":0,"menu_order":0,"comment_status":"closed","ping_status":"closed","template":"","meta":{"_acf_changed":false,"footnotes":""},"class_list":["post-19528","page","type-page","status-publish","has-post-thumbnail","hentry"],"acf":[],"yoast_head":"<!-- This site is optimized with the Yoast SEO plugin v25.5 - https:\/\/yoast.com\/wordpress\/plugins\/seo\/ -->\n<title>Servicios cer\u00e1micos para construcci\u00f3n | Prodesco<\/title>\n<meta name=\"description\" content=\"Descubre los servicios cer\u00e1micos para construcci\u00f3n que ofrece Prodesco: asesor\u00eda t\u00e9cnica, instalaci\u00f3n profesional y soporte postventa\" \/>\n<meta name=\"robots\" content=\"index, follow, max-snippet:-1, max-image-preview:large, max-video-preview:-1\" \/>\n<link rel=\"canonical\" href=\"https:\/\/prodesco.es\/en\/ceramic-services\/\" \/>\n<meta property=\"og:locale\" content=\"en_US\" \/>\n<meta property=\"og:type\" content=\"article\" \/>\n<meta property=\"og:title\" content=\"Servicios cer\u00e1micos para construcci\u00f3n | Prodesco\" \/>\n<meta property=\"og:description\" content=\"Descubre los servicios cer\u00e1micos para construcci\u00f3n que ofrece Prodesco: asesor\u00eda t\u00e9cnica, instalaci\u00f3n profesional y soporte postventa\" \/>\n<meta property=\"og:url\" content=\"https:\/\/prodesco.es\/en\/ceramic-services\/\" \/>\n<meta property=\"og:site_name\" content=\"Prodesco\" \/>\n<meta property=\"article:modified_time\" content=\"2025-09-12T14:13:10+00:00\" \/>\n<meta property=\"og:image\" content=\"https:\/\/prodesco.es\/wp-content\/uploads\/2025\/07\/Prodesco_corpo-23-r8scoqwu73pzgz3f6a0gkb21twqpm5id12ew6w5rq8.jpg\" \/>\n\t<meta property=\"og:image:width\" content=\"400\" \/>\n\t<meta property=\"og:image:height\" content=\"400\" \/>\n\t<meta property=\"og:image:type\" content=\"image\/jpeg\" \/>\n<meta name=\"twitter:card\" content=\"summary_large_image\" \/>\n<meta name=\"twitter:label1\" content=\"Est. reading time\" \/>\n\t<meta name=\"twitter:data1\" content=\"3 minutes\" \/>\n<script type=\"application\/ld+json\" class=\"yoast-schema-graph\">{\"@context\":\"https:\/\/schema.org\",\"@graph\":[{\"@type\":\"WebPage\",\"@id\":\"https:\/\/prodesco.es\/en\/ceramic-services\/\",\"url\":\"https:\/\/prodesco.es\/en\/ceramic-services\/\",\"name\":\"Servicios cer\u00e1micos para construcci\u00f3n | Prodesco\",\"isPartOf\":{\"@id\":\"https:\/\/prodesco.es\/en\/#website\"},\"primaryImageOfPage\":{\"@id\":\"https:\/\/prodesco.es\/en\/ceramic-services\/#primaryimage\"},\"image\":{\"@id\":\"https:\/\/prodesco.es\/en\/ceramic-services\/#primaryimage\"},\"thumbnailUrl\":\"https:\/\/prodesco.es\/wp-content\/uploads\/2025\/07\/Prodesco_corpo-23-r8scoqwu73pzgz3f6a0gkb21twqpm5id12ew6w5rq8.jpg\",\"datePublished\":\"2025-01-12T18:29:26+00:00\",\"dateModified\":\"2025-09-12T14:13:10+00:00\",\"description\":\"Descubre los servicios cer\u00e1micos para construcci\u00f3n que ofrece Prodesco: asesor\u00eda t\u00e9cnica, instalaci\u00f3n profesional y soporte postventa\",\"breadcrumb\":{\"@id\":\"https:\/\/prodesco.es\/en\/ceramic-services\/#breadcrumb\"},\"inLanguage\":\"en-US\",\"potentialAction\":[{\"@type\":\"ReadAction\",\"target\":[\"https:\/\/prodesco.es\/en\/ceramic-services\/\"]}]},{\"@type\":\"ImageObject\",\"inLanguage\":\"en-US\",\"@id\":\"https:\/\/prodesco.es\/en\/ceramic-services\/#primaryimage\",\"url\":\"https:\/\/prodesco.es\/wp-content\/uploads\/2025\/07\/Prodesco_corpo-23-r8scoqwu73pzgz3f6a0gkb21twqpm5id12ew6w5rq8.jpg\",\"contentUrl\":\"https:\/\/prodesco.es\/wp-content\/uploads\/2025\/07\/Prodesco_corpo-23-r8scoqwu73pzgz3f6a0gkb21twqpm5id12ew6w5rq8.jpg\",\"width\":400,\"height\":400,\"caption\":\"Servicios cer\u00e1micos para construcci\u00f3n | Prodesco\"},{\"@type\":\"BreadcrumbList\",\"@id\":\"https:\/\/prodesco.es\/en\/ceramic-services\/#breadcrumb\",\"itemListElement\":[{\"@type\":\"ListItem\",\"position\":1,\"name\":\"Portada\",\"item\":\"https:\/\/prodesco.es\/en\/\"},{\"@type\":\"ListItem\",\"position\":2,\"name\":\"Services\"}]},{\"@type\":\"WebSite\",\"@id\":\"https:\/\/prodesco.es\/en\/#website\",\"url\":\"https:\/\/prodesco.es\/en\/\",\"name\":\"Prodesco\",\"description\":\"Prodesco\",\"publisher\":{\"@id\":\"https:\/\/prodesco.es\/en\/#organization\"},\"potentialAction\":[{\"@type\":\"SearchAction\",\"target\":{\"@type\":\"EntryPoint\",\"urlTemplate\":\"https:\/\/prodesco.es\/en\/?s={search_term_string}\"},\"query-input\":{\"@type\":\"PropertyValueSpecification\",\"valueRequired\":true,\"valueName\":\"search_term_string\"}}],\"inLanguage\":\"en-US\"},{\"@type\":\"Organization\",\"@id\":\"https:\/\/prodesco.es\/en\/#organization\",\"name\":\"Prodesco\",\"url\":\"https:\/\/prodesco.es\/en\/\",\"logo\":{\"@type\":\"ImageObject\",\"inLanguage\":\"en-US\",\"@id\":\"https:\/\/prodesco.es\/en\/#\/schema\/logo\/image\/\",\"url\":\"https:\/\/prodesco.es\/wp-content\/uploads\/2025\/01\/Grupo-13.svg\",\"contentUrl\":\"https:\/\/prodesco.es\/wp-content\/uploads\/2025\/01\/Grupo-13.svg\",\"width\":282,\"height\":46,\"caption\":\"Prodesco\"},\"image\":{\"@id\":\"https:\/\/prodesco.es\/en\/#\/schema\/logo\/image\/\"}}]}<\/script>\n<!-- \/ Yoast SEO plugin. -->","yoast_head_json":{"title":"Servicios cer\u00e1micos para construcci\u00f3n | Prodesco","description":"Descubre los servicios cer\u00e1micos para construcci\u00f3n que ofrece Prodesco: asesor\u00eda t\u00e9cnica, instalaci\u00f3n profesional y soporte postventa","robots":{"index":"index","follow":"follow","max-snippet":"max-snippet:-1","max-image-preview":"max-image-preview:large","max-video-preview":"max-video-preview:-1"},"canonical":"https:\/\/prodesco.es\/en\/ceramic-services\/","og_locale":"en_US","og_type":"article","og_title":"Servicios cer\u00e1micos para construcci\u00f3n | Prodesco","og_description":"Descubre los servicios cer\u00e1micos para construcci\u00f3n que ofrece Prodesco: asesor\u00eda t\u00e9cnica, instalaci\u00f3n profesional y soporte postventa","og_url":"https:\/\/prodesco.es\/en\/ceramic-services\/","og_site_name":"Prodesco","article_modified_time":"2025-09-12T14:13:10+00:00","og_image":[{"width":400,"height":400,"url":"https:\/\/prodesco.es\/wp-content\/uploads\/2025\/07\/Prodesco_corpo-23-r8scoqwu73pzgz3f6a0gkb21twqpm5id12ew6w5rq8.jpg","type":"image\/jpeg"}],"twitter_card":"summary_large_image","twitter_misc":{"Est. reading time":"3 minutes"},"schema":{"@context":"https:\/\/schema.org","@graph":[{"@type":"WebPage","@id":"https:\/\/prodesco.es\/en\/ceramic-services\/","url":"https:\/\/prodesco.es\/en\/ceramic-services\/","name":"Servicios cer\u00e1micos para construcci\u00f3n | Prodesco","isPartOf":{"@id":"https:\/\/prodesco.es\/en\/#website"},"primaryImageOfPage":{"@id":"https:\/\/prodesco.es\/en\/ceramic-services\/#primaryimage"},"image":{"@id":"https:\/\/prodesco.es\/en\/ceramic-services\/#primaryimage"},"thumbnailUrl":"https:\/\/prodesco.es\/wp-content\/uploads\/2025\/07\/Prodesco_corpo-23-r8scoqwu73pzgz3f6a0gkb21twqpm5id12ew6w5rq8.jpg","datePublished":"2025-01-12T18:29:26+00:00","dateModified":"2025-09-12T14:13:10+00:00","description":"Descubre los servicios cer\u00e1micos para construcci\u00f3n que ofrece Prodesco: asesor\u00eda t\u00e9cnica, instalaci\u00f3n profesional y soporte postventa","breadcrumb":{"@id":"https:\/\/prodesco.es\/en\/ceramic-services\/#breadcrumb"},"inLanguage":"en-US","potentialAction":[{"@type":"ReadAction","target":["https:\/\/prodesco.es\/en\/ceramic-services\/"]}]},{"@type":"ImageObject","inLanguage":"en-US","@id":"https:\/\/prodesco.es\/en\/ceramic-services\/#primaryimage","url":"https:\/\/prodesco.es\/wp-content\/uploads\/2025\/07\/Prodesco_corpo-23-r8scoqwu73pzgz3f6a0gkb21twqpm5id12ew6w5rq8.jpg","contentUrl":"https:\/\/prodesco.es\/wp-content\/uploads\/2025\/07\/Prodesco_corpo-23-r8scoqwu73pzgz3f6a0gkb21twqpm5id12ew6w5rq8.jpg","width":400,"height":400,"caption":"Servicios cer\u00e1micos para construcci\u00f3n | Prodesco"},{"@type":"BreadcrumbList","@id":"https:\/\/prodesco.es\/en\/ceramic-services\/#breadcrumb","itemListElement":[{"@type":"ListItem","position":1,"name":"Portada","item":"https:\/\/prodesco.es\/en\/"},{"@type":"ListItem","position":2,"name":"Services"}]},{"@type":"WebSite","@id":"https:\/\/prodesco.es\/en\/#website","url":"https:\/\/prodesco.es\/en\/","name":"Prodesco","description":"Prodesco","publisher":{"@id":"https:\/\/prodesco.es\/en\/#organization"},"potentialAction":[{"@type":"SearchAction","target":{"@type":"EntryPoint","urlTemplate":"https:\/\/prodesco.es\/en\/?s={search_term_string}"},"query-input":{"@type":"PropertyValueSpecification","valueRequired":true,"valueName":"search_term_string"}}],"inLanguage":"en-US"},{"@type":"Organization","@id":"https:\/\/prodesco.es\/en\/#organization","name":"Prodesco","url":"https:\/\/prodesco.es\/en\/","logo":{"@type":"ImageObject","inLanguage":"en-US","@id":"https:\/\/prodesco.es\/en\/#\/schema\/logo\/image\/","url":"https:\/\/prodesco.es\/wp-content\/uploads\/2025\/01\/Grupo-13.svg","contentUrl":"https:\/\/prodesco.es\/wp-content\/uploads\/2025\/01\/Grupo-13.svg","width":282,"height":46,"caption":"Prodesco"},"image":{"@id":"https:\/\/prodesco.es\/en\/#\/schema\/logo\/image\/"}}]}},"_links":{"self":[{"href":"https:\/\/prodesco.es\/en\/wp-json\/wp\/v2\/pages\/19528","targetHints":{"allow":["GET"]}}],"collection":[{"href":"https:\/\/prodesco.es\/en\/wp-json\/wp\/v2\/pages"}],"about":[{"href":"https:\/\/prodesco.es\/en\/wp-json\/wp\/v2\/types\/page"}],"author":[{"embeddable":true,"href":"https:\/\/prodesco.es\/en\/wp-json\/wp\/v2\/users\/2"}],"replies":[{"embeddable":true,"href":"https:\/\/prodesco.es\/en\/wp-json\/wp\/v2\/comments?post=19528"}],"version-history":[{"count":10,"href":"https:\/\/prodesco.es\/en\/wp-json\/wp\/v2\/pages\/19528\/revisions"}],"predecessor-version":[{"id":35930,"href":"https:\/\/prodesco.es\/en\/wp-json\/wp\/v2\/pages\/19528\/revisions\/35930"}],"wp:featuredmedia":[{"embeddable":true,"href":"https:\/\/prodesco.es\/en\/wp-json\/wp\/v2\/media\/19315"}],"wp:attachment":[{"href":"https:\/\/prodesco.es\/en\/wp-json\/wp\/v2\/media?parent=19528"}],"curies":[{"name":"wp","href":"https:\/\/api.w.org\/{rel}","templated":true}]}}