{"id":60150,"date":"2026-03-18T07:36:01","date_gmt":"2026-03-18T07:36:01","guid":{"rendered":"https:\/\/prodesco.es\/producto\/monocol-iii\/"},"modified":"2026-03-18T07:36:03","modified_gmt":"2026-03-18T07:36:03","slug":"monocol-iii","status":"publish","type":"product","link":"https:\/\/prodesco.es\/en\/product\/monocol-iii\/","title":{"rendered":"MONOCOL III"},"content":{"rendered":"<p>El MONOCOL es un ligante o cola utilizada principalmente para aumentar la adhesi\u00f3n del esmalte cer\u00e1mico al soporte en monococci\u00f3n, pero en algunos casos especiales se puede usar en bicocci\u00f3n (engobes). Con el MONOCOL se evitan los problemas de desprendimiento, favoreciendo el agarre del esmalte en crudo.<br \/>Debido a sus propiedades antifermentantes se puede conservar durante largo tiempo. Adem\u00e1s, es antiespum\u00f3geno. Dependiendo del tipo de MONOCOL II o III\/N, de la aplicaci\u00f3n y de la finalidad, la adici\u00f3n var\u00eda.<\/p>\n","protected":false},"excerpt":{"rendered":"<p>El MONOCOL es un ligante o cola utilizada principalmente para aumentar la adhesi\u00f3n del esmalte cer\u00e1mico al soporte en monococci\u00f3n, pero en algunos casos especiales se puede usar en bicocci\u00f3n (engobes). Con el MONOCOL se evitan los problemas de desprendimiento, favoreciendo el agarre del esmalte en crudo.Debido a sus propiedades antifermentantes se puede conservar durante [&hellip;]<\/p>\n","protected":false},"featured_media":59656,"comment_status":"closed","ping_status":"open","template":"","meta":{"_acf_changed":false},"product_cat":[1796,1799],"product_tag":[],"class_list":{"0":"post-60150","1":"product","2":"type-product","3":"status-publish","4":"has-post-thumbnail","6":"product_cat-raw-materials-y-additives","7":"product_cat-mediums-and-additives","8":"pa_categoria-de-aplicacion","10":"first","11":"instock","12":"downloadable","13":"purchasable","14":"product-type-simple"},"acf":{"schema_disabled":false,"schema_properties_WebPage_price":"","schema_properties_WebPage_priceValidUntil":null,"schema_properties_WebPage_availability":"","schema_properties_WebPage_itemCondition":"","schema_properties_Product_brand":"","schema_properties_Product_priceValidUntil":null,"schema_properties_Product_availability":"","schema_properties_Product_itemCondition":"","schema_properties_Product_ratingValue":"","schema_properties_Product_reviewCount":"","schema_sameAs_repeater":null,"schema_custom_json_repeater":null,"schema_custom_json_override":false},"yoast_head":"<!-- This site is optimized with the Yoast SEO plugin v25.5 - https:\/\/yoast.com\/wordpress\/plugins\/seo\/ -->\n<title>MONOCOL III - Prodesco<\/title>\n<meta name=\"description\" content=\"El MONOCOL es un ligante o cola utilizada principalmente para aumentar la adhesi\u00f3n del esmalte cer\u00e1mico al soporte en monococci\u00f3n, pero en algunos casos Prodesco\" \/>\n<meta name=\"robots\" content=\"index, follow, max-snippet:-1, max-image-preview:large, max-video-preview:-1\" \/>\n<link rel=\"canonical\" href=\"https:\/\/prodesco.es\/en\/product\/monocol-iii\/\" \/>\n<meta property=\"og:locale\" content=\"en_US\" \/>\n<meta property=\"og:type\" content=\"article\" \/>\n<meta property=\"og:title\" content=\"MONOCOL III - Prodesco\" \/>\n<meta property=\"og:description\" content=\"El MONOCOL es un ligante o cola utilizada principalmente para aumentar la adhesi\u00f3n del esmalte cer\u00e1mico al soporte en monococci\u00f3n, pero en algunos casos Prodesco\" \/>\n<meta property=\"og:url\" content=\"https:\/\/prodesco.es\/en\/product\/monocol-iii\/\" \/>\n<meta property=\"og:site_name\" content=\"Prodesco\" \/>\n<meta property=\"article:modified_time\" content=\"2026-03-18T07:36:03+00:00\" \/>\n<meta property=\"og:image\" content=\"https:\/\/prodesco.es\/wp-content\/uploads\/2025\/11\/50113700.png\" \/>\n\t<meta property=\"og:image:width\" content=\"2000\" \/>\n\t<meta property=\"og:image:height\" content=\"2000\" \/>\n\t<meta property=\"og:image:type\" content=\"image\/png\" \/>\n<meta name=\"twitter:card\" content=\"summary_large_image\" \/>\n<script type=\"application\/ld+json\" class=\"yoast-schema-graph\">{\"@context\":\"https:\/\/schema.org\",\"@graph\":[{\"@type\":\"WebPage\",\"@id\":\"https:\/\/prodesco.es\/en\/product\/monocol-iii\/\",\"url\":\"https:\/\/prodesco.es\/en\/product\/monocol-iii\/\",\"name\":\"MONOCOL III - Prodesco\",\"isPartOf\":{\"@id\":\"https:\/\/prodesco.es\/en\/#website\"},\"primaryImageOfPage\":{\"@id\":\"https:\/\/prodesco.es\/en\/product\/monocol-iii\/#primaryimage\"},\"image\":{\"@id\":\"https:\/\/prodesco.es\/en\/product\/monocol-iii\/#primaryimage\"},\"thumbnailUrl\":\"https:\/\/prodesco.es\/wp-content\/uploads\/2025\/11\/50113700.png\",\"datePublished\":\"2026-03-18T07:36:01+00:00\",\"dateModified\":\"2026-03-18T07:36:03+00:00\",\"description\":\"El MONOCOL es un ligante o cola utilizada principalmente para aumentar la adhesi\u00f3n del esmalte cer\u00e1mico al soporte en monococci\u00f3n, pero en algunos casos Prodesco\",\"breadcrumb\":{\"@id\":\"https:\/\/prodesco.es\/en\/product\/monocol-iii\/#breadcrumb\"},\"inLanguage\":\"en-US\",\"potentialAction\":[{\"@type\":\"ReadAction\",\"target\":[\"https:\/\/prodesco.es\/en\/product\/monocol-iii\/\"]}]},{\"@type\":\"ImageObject\",\"inLanguage\":\"en-US\",\"@id\":\"https:\/\/prodesco.es\/en\/product\/monocol-iii\/#primaryimage\",\"url\":\"https:\/\/prodesco.es\/wp-content\/uploads\/2025\/11\/50113700.png\",\"contentUrl\":\"https:\/\/prodesco.es\/wp-content\/uploads\/2025\/11\/50113700.png\",\"width\":2000,\"height\":2000},{\"@type\":\"BreadcrumbList\",\"@id\":\"https:\/\/prodesco.es\/en\/product\/monocol-iii\/#breadcrumb\",\"itemListElement\":[{\"@type\":\"ListItem\",\"position\":1,\"name\":\"Portada\",\"item\":\"https:\/\/prodesco.es\/en\/\"},{\"@type\":\"ListItem\",\"position\":2,\"name\":\"Productos\",\"item\":\"https:\/\/prodesco.es\/en\/ceramic-products\/\"},{\"@type\":\"ListItem\",\"position\":3,\"name\":\"MONOCOL III\"}]},{\"@type\":\"WebSite\",\"@id\":\"https:\/\/prodesco.es\/en\/#website\",\"url\":\"https:\/\/prodesco.es\/en\/\",\"name\":\"Prodesco\",\"description\":\"Prodesco\",\"publisher\":{\"@id\":\"https:\/\/prodesco.es\/en\/#organization\"},\"potentialAction\":[{\"@type\":\"SearchAction\",\"target\":{\"@type\":\"EntryPoint\",\"urlTemplate\":\"https:\/\/prodesco.es\/en\/?s={search_term_string}\"},\"query-input\":{\"@type\":\"PropertyValueSpecification\",\"valueRequired\":true,\"valueName\":\"search_term_string\"}}],\"inLanguage\":\"en-US\"},{\"@type\":\"Organization\",\"@id\":\"https:\/\/prodesco.es\/en\/#organization\",\"name\":\"Prodesco\",\"url\":\"https:\/\/prodesco.es\/en\/\",\"logo\":{\"@type\":\"ImageObject\",\"inLanguage\":\"en-US\",\"@id\":\"https:\/\/prodesco.es\/en\/#\/schema\/logo\/image\/\",\"url\":\"https:\/\/prodesco.es\/wp-content\/uploads\/2025\/01\/Grupo-13.svg\",\"contentUrl\":\"https:\/\/prodesco.es\/wp-content\/uploads\/2025\/01\/Grupo-13.svg\",\"width\":282,\"height\":46,\"caption\":\"Prodesco\"},\"image\":{\"@id\":\"https:\/\/prodesco.es\/en\/#\/schema\/logo\/image\/\"}}]}<\/script>\n<!-- \/ Yoast SEO plugin. -->","yoast_head_json":{"title":"MONOCOL III - Prodesco","description":"El MONOCOL es un ligante o cola utilizada principalmente para aumentar la adhesi\u00f3n del esmalte cer\u00e1mico al soporte en monococci\u00f3n, pero en algunos casos Prodesco","robots":{"index":"index","follow":"follow","max-snippet":"max-snippet:-1","max-image-preview":"max-image-preview:large","max-video-preview":"max-video-preview:-1"},"canonical":"https:\/\/prodesco.es\/en\/product\/monocol-iii\/","og_locale":"en_US","og_type":"article","og_title":"MONOCOL III - Prodesco","og_description":"El MONOCOL es un ligante o cola utilizada principalmente para aumentar la adhesi\u00f3n del esmalte cer\u00e1mico al soporte en monococci\u00f3n, pero en algunos casos Prodesco","og_url":"https:\/\/prodesco.es\/en\/product\/monocol-iii\/","og_site_name":"Prodesco","article_modified_time":"2026-03-18T07:36:03+00:00","og_image":[{"width":2000,"height":2000,"url":"https:\/\/prodesco.es\/wp-content\/uploads\/2025\/11\/50113700.png","type":"image\/png"}],"twitter_card":"summary_large_image","schema":{"@context":"https:\/\/schema.org","@graph":[{"@type":"WebPage","@id":"https:\/\/prodesco.es\/en\/product\/monocol-iii\/","url":"https:\/\/prodesco.es\/en\/product\/monocol-iii\/","name":"MONOCOL III - Prodesco","isPartOf":{"@id":"https:\/\/prodesco.es\/en\/#website"},"primaryImageOfPage":{"@id":"https:\/\/prodesco.es\/en\/product\/monocol-iii\/#primaryimage"},"image":{"@id":"https:\/\/prodesco.es\/en\/product\/monocol-iii\/#primaryimage"},"thumbnailUrl":"https:\/\/prodesco.es\/wp-content\/uploads\/2025\/11\/50113700.png","datePublished":"2026-03-18T07:36:01+00:00","dateModified":"2026-03-18T07:36:03+00:00","description":"El MONOCOL es un ligante o cola utilizada principalmente para aumentar la adhesi\u00f3n del esmalte cer\u00e1mico al soporte en monococci\u00f3n, pero en algunos casos Prodesco","breadcrumb":{"@id":"https:\/\/prodesco.es\/en\/product\/monocol-iii\/#breadcrumb"},"inLanguage":"en-US","potentialAction":[{"@type":"ReadAction","target":["https:\/\/prodesco.es\/en\/product\/monocol-iii\/"]}]},{"@type":"ImageObject","inLanguage":"en-US","@id":"https:\/\/prodesco.es\/en\/product\/monocol-iii\/#primaryimage","url":"https:\/\/prodesco.es\/wp-content\/uploads\/2025\/11\/50113700.png","contentUrl":"https:\/\/prodesco.es\/wp-content\/uploads\/2025\/11\/50113700.png","width":2000,"height":2000},{"@type":"BreadcrumbList","@id":"https:\/\/prodesco.es\/en\/product\/monocol-iii\/#breadcrumb","itemListElement":[{"@type":"ListItem","position":1,"name":"Portada","item":"https:\/\/prodesco.es\/en\/"},{"@type":"ListItem","position":2,"name":"Productos","item":"https:\/\/prodesco.es\/en\/ceramic-products\/"},{"@type":"ListItem","position":3,"name":"MONOCOL III"}]},{"@type":"WebSite","@id":"https:\/\/prodesco.es\/en\/#website","url":"https:\/\/prodesco.es\/en\/","name":"Prodesco","description":"Prodesco","publisher":{"@id":"https:\/\/prodesco.es\/en\/#organization"},"potentialAction":[{"@type":"SearchAction","target":{"@type":"EntryPoint","urlTemplate":"https:\/\/prodesco.es\/en\/?s={search_term_string}"},"query-input":{"@type":"PropertyValueSpecification","valueRequired":true,"valueName":"search_term_string"}}],"inLanguage":"en-US"},{"@type":"Organization","@id":"https:\/\/prodesco.es\/en\/#organization","name":"Prodesco","url":"https:\/\/prodesco.es\/en\/","logo":{"@type":"ImageObject","inLanguage":"en-US","@id":"https:\/\/prodesco.es\/en\/#\/schema\/logo\/image\/","url":"https:\/\/prodesco.es\/wp-content\/uploads\/2025\/01\/Grupo-13.svg","contentUrl":"https:\/\/prodesco.es\/wp-content\/uploads\/2025\/01\/Grupo-13.svg","width":282,"height":46,"caption":"Prodesco"},"image":{"@id":"https:\/\/prodesco.es\/en\/#\/schema\/logo\/image\/"}}]}},"_links":{"self":[{"href":"https:\/\/prodesco.es\/en\/wp-json\/wp\/v2\/product\/60150","targetHints":{"allow":["GET"]}}],"collection":[{"href":"https:\/\/prodesco.es\/en\/wp-json\/wp\/v2\/product"}],"about":[{"href":"https:\/\/prodesco.es\/en\/wp-json\/wp\/v2\/types\/product"}],"replies":[{"embeddable":true,"href":"https:\/\/prodesco.es\/en\/wp-json\/wp\/v2\/comments?post=60150"}],"wp:featuredmedia":[{"embeddable":true,"href":"https:\/\/prodesco.es\/en\/wp-json\/wp\/v2\/media\/59656"}],"wp:attachment":[{"href":"https:\/\/prodesco.es\/en\/wp-json\/wp\/v2\/media?parent=60150"}],"wp:term":[{"taxonomy":"product_cat","embeddable":true,"href":"https:\/\/prodesco.es\/en\/wp-json\/wp\/v2\/product_cat?post=60150"},{"taxonomy":"product_tag","embeddable":true,"href":"https:\/\/prodesco.es\/en\/wp-json\/wp\/v2\/product_tag?post=60150"}],"curies":[{"name":"wp","href":"https:\/\/api.w.org\/{rel}","templated":true}]}}