{"id":20535,"date":"2025-01-23T23:25:11","date_gmt":"2025-01-23T23:25:11","guid":{"rendered":"https:\/\/prodesco.es\/aviso-legal\/"},"modified":"2025-10-27T11:23:50","modified_gmt":"2025-10-27T11:23:50","slug":"mentions-legales","status":"publish","type":"page","link":"https:\/\/prodesco.es\/fr\/mentions-legales\/","title":{"rendered":"Mentions l\u00e9gales"},"content":{"rendered":"\t\t<div data-elementor-type=\"wp-page\" data-elementor-id=\"20535\" class=\"elementor elementor-20535 elementor-1011\" data-elementor-post-type=\"page\">\n\t\t\t\t<div class=\"elementor-element elementor-element-d5cc363 e-flex e-con-boxed e-con e-parent\" data-id=\"d5cc363\" data-element_type=\"container\" data-settings=\"{&quot;background_background&quot;:&quot;classic&quot;}\">\n\t\t\t\t\t<div class=\"e-con-inner\">\n\t\t\t\t\t<\/div>\n\t\t\t\t<\/div>\n\t\t<div class=\"elementor-element elementor-element-7cfd004 e-flex e-con-boxed e-con e-parent\" data-id=\"7cfd004\" data-element_type=\"container\">\n\t\t\t\t\t<div class=\"e-con-inner\">\n\t\t\t\t<div class=\"elementor-element elementor-element-55ca6cb elementor-widget elementor-widget-text-editor\" data-id=\"55ca6cb\" data-element_type=\"widget\" data-widget_type=\"text-editor.default\">\n\t\t\t\t<div class=\"elementor-widget-container\">\n\t\t\t\t\t\t\t\t\t<div class=\"elementor-element elementor-element-b532566 elementor-widget elementor-widget-heading\" data-id=\"b532566\" data-element_type=\"widget\" data-widget_type=\"heading.default\"><div class=\"elementor-widget-container\"><h3><strong>1. PROPRI\u00c9TAIRE DU SITE<\/strong><\/h3><p>Ce portail appartient \u00e0 Productora de Esmaltes y Colorantes S.L., identifi\u00e9e par le CIF B46032793, dont le si\u00e8ge social (aux fins de l\u2019article 10 de la loi espagnole sur les services de la soci\u00e9t\u00e9 de l\u2019information et le commerce \u00e9lectronique) est situ\u00e9 Calle Aviaci\u00f3n, 44, 46940 Manises, Valence, Espagne. Vous pouvez nous contacter par courrier \u00e9lectronique \u00e0 admon@prodesco.es.<\/p><h3><strong>2. OBJET ET ACC\u00c8S AU SITE<\/strong><\/h3><p>Productora de Esmaltes y Colorantes S.L. met \u00e0 la disposition du public (ci-apr\u00e8s \u00ab l\u2019utilisateur \u00bb) l\u2019acc\u00e8s \u00e0 www.prodesco.es (ci-apr\u00e8s \u00ab Site \u00bb) avec des informations sur ses produits et services (ci-apr\u00e8s \u00ab Contenus \u00bb et\/ou \u00ab Services \u00bb). Il s\u2019agit d\u2019un site informatif dont les contenus sont fournis et cr\u00e9\u00e9s par la soci\u00e9t\u00e9. Les Conditions et contenus peuvent \u00eatre modifi\u00e9s avec le temps ; les utilisateurs sont invit\u00e9s \u00e0 consulter ces conditions \u00e0 chaque acc\u00e8s, car la version en vigueur s\u2019applique.<\/p><p>L\u2019acc\u00e8s au site ne n\u00e9cessite pas d\u2019inscription pr\u00e9alable. Toutefois, l\u2019acc\u00e8s \u00e0 certaines sections ou la r\u00e9ception de newsletters requiert une inscription selon la proc\u00e9dure \u00e9tablie. L\u2019acc\u00e8s \u00e0 certaines parties du portail exige l\u2019enregistrement de l\u2019utilisateur via les \u00e9tapes indiqu\u00e9es. Dans ces cas, la politique de confidentialit\u00e9 applicable s\u2019applique, et les donn\u00e9es fournies lors de l\u2019inscription doivent \u00eatre exactes, actuelles et v\u00e9ridiques.<\/p><h3><strong>3. UTILISATION CORRECTE DES SERVICES<\/strong><\/h3><p>L\u2019utilisateur s\u2019engage \u00e0 utiliser les Services de mani\u00e8re diligente et l\u00e9gale, ce qui interdit (par exemple) :<\/p><ul><li>Une utilisation contraire \u00e0 la loi, \u00e0 la morale, aux bonnes pratiques ou \u00e0 l\u2019ordre public.<\/li><li>Reproduire, copier, distribuer, communiquer publiquement, transformer ou modifier les Services sans autorisation ou permission l\u00e9gale.<\/li><li>Effectuer tout acte susceptible de violer des droits de propri\u00e9t\u00e9 intellectuelle ou industrielle appartenant \u00e0 la soci\u00e9t\u00e9 ou \u00e0 des tiers.<\/li><li>Utiliser les informations obtenues via le site pour envoyer des communications commerciales non sollicit\u00e9es \u00e0 plusieurs personnes.<\/li><\/ul><p>L\u2019utilisateur est responsable des dommages r\u00e9sultant du non-respect de ces conditions ou de la loi. Les mineurs doivent utiliser le site avec le consentement parental ou l\u00e9gal, ces derniers \u00e9tant responsables des \u00e9ventuels probl\u00e8mes. La soci\u00e9t\u00e9 se r\u00e9serve le droit d\u2019interrompre le service ou d\u2019exclure des utilisateurs \u00e0 sa discr\u00e9tion en cas d\u2019infractions, de comportements contraires aux pr\u00e9sentes conditions ou susceptibles de nuire au fonctionnement, \u00e0 l\u2019image, \u00e0 la cr\u00e9dibilit\u00e9 ou au prestige du site.<\/p><h3><strong>4. R\u00c8GLES DE CONDUITE<\/strong><\/h3><p>Lors de leurs interactions sur le site (blog ou r\u00e9seaux sociaux), les utilisateurs doivent :<\/p><ol><li>Ne pas usurper l\u2019identit\u00e9 d\u2019autres personnes ou organisations, ce qui peut enfreindre le Code civil ou constituer une infraction p\u00e9nale.<\/li><li>Ne pas utiliser de langage irrespectueux ou offensant ; menaces ou insultes graves sont interdites. La soci\u00e9t\u00e9 se r\u00e9serve le droit de supprimer de tels contenus et de prendre des mesures l\u00e9gales.<\/li><li>Ne pas publier ou recommander des entreprises, sites web, ni pratiquer le marketing ou le spam ; ces contenus seront supprim\u00e9s et signal\u00e9s \u00e0 l\u2019Agence espagnole de protection des donn\u00e9es.<\/li><\/ol><h3><strong>5. PROPRI\u00c9T\u00c9 INTELLECTUELLE ET INDUSTRIELLE<\/strong><\/h3><p>Tous les contenus du site \u2014 textes, photographies, logos, graphiques, design, code source, logiciel \u2014 appartiennent exclusivement \u00e0 Productora de Esmaltes y Colorantes S.L. ou \u00e0 des tiers dont les droits sont d\u00e9tenus par la soci\u00e9t\u00e9, et sont prot\u00e9g\u00e9s par les lois nationales et internationales. Toute utilisation, distribution, modification ou d\u00e9compilation non autoris\u00e9e \u00e0 des fins commerciales est strictement interdite.<\/p><h3><strong>6. EXCLUSION DE GARANTIES ET DE RESPONSABILIT\u00c9<\/strong><\/h3><p>La soci\u00e9t\u00e9 se r\u00e9serve le droit d\u2019interrompre l\u2019acc\u00e8s aux services \u00e0 tout moment et sans pr\u00e9avis \u2014 pour des raisons techniques, de s\u00e9curit\u00e9, de maintenance, coupure de courant ou tout autre motif justifi\u00e9. Par cons\u00e9quent, la fiabilit\u00e9, disponibilit\u00e9 et continuit\u00e9 du site et des services ne sont pas garanties ; l\u2019utilisation est \u00e0 vos risques et p\u00e9rils, et aucune responsabilit\u00e9 ne peut \u00eatre r\u00e9clam\u00e9e.<\/p><p>La soci\u00e9t\u00e9 n\u2019est pas responsable notamment de :<\/p><ul><li>L\u2019utilisation des contenus en violation des droits de propri\u00e9t\u00e9 intellectuelle ou industrielle.<\/li><li>Les dommages dus au fonctionnement normal ou anormal des outils de recherche, de l\u2019organisation ou de l\u2019acc\u00e8s aux contenus ou services.<\/li><li>Le contenu des pages externes li\u00e9es.<\/li><li>Les actes ou omissions de tiers, m\u00eame contractuellement li\u00e9s \u00e0 la soci\u00e9t\u00e9.<\/li><li>La pr\u00e9sence de virus ou d\u2019\u00e9l\u00e9ments nuisibles pouvant alt\u00e9rer des syst\u00e8mes informatiques ou documents sauvegard\u00e9s.<\/li><li>Les erreurs, d\u00e9laissements ou anomalies caus\u00e9s par Internet, force majeure ou circonstances impr\u00e9vues.<\/li><li>Les d\u00e9faillances, communications incompl\u00e8tes ou suppressions emp\u00eachant un fonctionnement constant.<\/li><li>Les erreurs ou dommages r\u00e9sultant d\u2019une utilisation inefficace ou de mauvaise foi par les utilisateurs.<\/li><li>Les probl\u00e8mes d\u2019email si l\u2019adresse fournie est invalide.<\/li><\/ul><p>Cependant, la soci\u00e9t\u00e9 s\u2019engage \u00e0 r\u00e9soudre les probl\u00e8mes et fournir l\u2019assistance n\u00e9cessaire pour parvenir \u00e0 une solution satisfaisante.<\/p><h3><strong>7. LIENS VERS D\u2019AUTRES SITES<\/strong><\/h3><p>La soci\u00e9t\u00e9 n\u2019assure aucune garantie ni responsabilit\u00e9 quant aux dommages li\u00e9s \u00e0 l\u2019acc\u00e8s \u00e0 des contenus ou services tiers via des liens, ni quant \u00e0 leur exactitude ou fiabilit\u00e9. Les liens sont \u00e0 titre informatif uniquement. La soci\u00e9t\u00e9 ne contr\u00f4le pas la l\u00e9galit\u00e9 ni la qualit\u00e9 des services tiers ; les utilisateurs doivent faire preuve de prudence. La cr\u00e9ation de liens commerciaux sur des sites externes sans consentement explicite est interdite, et n\u2019implique en aucun cas une relation commerciale ou l\u2019acceptation par la soci\u00e9t\u00e9.<\/p><h3><strong>8. TRAITEMENT DES DONN\u00c9ES ET UTILISATION DES COOKIES<\/strong><\/h3><p>Conform\u00e9ment \u00e0 la l\u00e9gislation sur la protection des donn\u00e9es, les donn\u00e9es personnelles fournies via le site ou par email seront trait\u00e9es par Productora de Esmaltes y Colorantes S.L., en tant que responsable de traitement, sur la base du consentement pour les finalit\u00e9s d\u00e9crites dans la <a href=\"https:\/\/prodesco.es\/fr\/politique-de-confidentialite\/\"><strong>Politique de Confidentialit\u00e9<\/strong><\/a>, \u00e0 lire, comprendre et accepter. L\u2019utilisateur est responsable de l\u2019exactitude des donn\u00e9es fournies et peut exercer ses droits d\u2019acc\u00e8s, de suppression, de rectification, d\u2019opposition, de limitation et de portabilit\u00e9, en contactant l\u2019entreprise par \u00e9crit ou par email \u00e0 admon@prodesco.es, sous r\u00e9serve de v\u00e9rification d\u2019identit\u00e9. Il peut \u00e9galement porter plainte aupr\u00e8s de l\u2019Agence espagnole de protection des donn\u00e9es.<\/p><p>La soci\u00e9t\u00e9 garantit la confidentialit\u00e9 des donn\u00e9es personnelles et a pris les mesures n\u00e9cessaires pour \u00e9viter leur modification, perte, traitement ou acc\u00e8s non autoris\u00e9, selon l\u2019\u00e9tat de la technologie.<\/p><p>La visite de ce site ne collecte pas automatiquement de donn\u00e9es personnelles identifiables. Toutefois, des informations non personnelles et non identifiables sont collect\u00e9es durant la session via des \u00ab cookies \u00bb, permettant de recueillir des donn\u00e9es statistiques sur l\u2019utilisation du site pour l\u2019am\u00e9liorer. Il est conseill\u00e9 \u00e0 l&#8217;utilisateur de consulter la <a href=\"https:\/\/prodesco.es\/fr\/politique-de-cookies\/\"><strong>Politique de Cookies<\/strong><\/a> pour naviguer sur le site.<\/p><h3><strong>9. LOI APPLICABLE ET JURIDICTION<\/strong><\/h3><p>La l\u00e9gislation espagnole s\u2019applique \u00e0 tout diff\u00e9rend. Les deux parties conviennent de se soumettre \u00e0 la juridiction des tribunaux de Valence (Espagne), renon\u00e7ant \u00e0 tout autre comp\u00e9tence.<\/p><\/div><\/div>\t\t\t\t\t\t\t\t<\/div>\n\t\t\t\t<\/div>\n\t\t\t\t\t<\/div>\n\t\t\t\t<\/div>\n\t\t\t\t<\/div>\n\t\t","protected":false},"excerpt":{"rendered":"<p>1. PROPRI\u00c9TAIRE DU SITE Ce portail appartient \u00e0 Productora de Esmaltes y Colorantes S.L., identifi\u00e9e par le CIF B46032793, dont le si\u00e8ge social (aux fins de l\u2019article 10 de la loi espagnole sur les services de la soci\u00e9t\u00e9 de l\u2019information et le commerce \u00e9lectronique) est situ\u00e9 Calle Aviaci\u00f3n, 44, 46940 Manises, Valence, Espagne. Vous pouvez [&hellip;]<\/p>\n","protected":false},"author":2,"featured_media":0,"parent":0,"menu_order":0,"comment_status":"closed","ping_status":"closed","template":"","meta":{"_acf_changed":false,"footnotes":""},"class_list":["post-20535","page","type-page","status-publish","hentry"],"acf":[],"yoast_head":"<!-- This site is optimized with the Yoast SEO plugin v25.5 - https:\/\/yoast.com\/wordpress\/plugins\/seo\/ -->\n<title>Aviso legal Prodesco | Informaci\u00f3n legal y condiciones de uso<\/title>\n<meta name=\"description\" content=\"Consulta el aviso legal de Prodesco. Aqu\u00ed encontrar\u00e1s las condiciones de uso, derechos de propiedad intelectual y responsabilidad legal.\" \/>\n<meta name=\"robots\" content=\"index, follow, max-snippet:-1, max-image-preview:large, max-video-preview:-1\" \/>\n<link rel=\"canonical\" href=\"https:\/\/prodesco.es\/fr\/mentions-legales\/\" \/>\n<meta property=\"og:locale\" content=\"fr_FR\" \/>\n<meta property=\"og:type\" content=\"article\" \/>\n<meta property=\"og:title\" content=\"Aviso legal Prodesco | Informaci\u00f3n legal y condiciones de uso\" \/>\n<meta property=\"og:description\" content=\"Consulta el aviso legal de Prodesco. Aqu\u00ed encontrar\u00e1s las condiciones de uso, derechos de propiedad intelectual y responsabilidad legal.\" \/>\n<meta property=\"og:url\" content=\"https:\/\/prodesco.es\/fr\/mentions-legales\/\" \/>\n<meta property=\"og:site_name\" content=\"Prodesco\" \/>\n<meta property=\"article:modified_time\" content=\"2025-10-27T11:23:50+00:00\" \/>\n<meta name=\"twitter:card\" content=\"summary_large_image\" \/>\n<meta name=\"twitter:label1\" content=\"Dur\u00e9e de lecture estim\u00e9e\" \/>\n\t<meta name=\"twitter:data1\" content=\"11 minutes\" \/>\n<script type=\"application\/ld+json\" class=\"yoast-schema-graph\">{\"@context\":\"https:\/\/schema.org\",\"@graph\":[{\"@type\":\"WebPage\",\"@id\":\"https:\/\/prodesco.es\/fr\/mentions-legales\/\",\"url\":\"https:\/\/prodesco.es\/fr\/mentions-legales\/\",\"name\":\"Aviso legal Prodesco | Informaci\u00f3n legal y condiciones de uso\",\"isPartOf\":{\"@id\":\"https:\/\/prodesco.es\/fr\/#website\"},\"datePublished\":\"2025-01-23T23:25:11+00:00\",\"dateModified\":\"2025-10-27T11:23:50+00:00\",\"description\":\"Consulta el aviso legal de Prodesco. Aqu\u00ed encontrar\u00e1s las condiciones de uso, derechos de propiedad intelectual y responsabilidad legal.\",\"breadcrumb\":{\"@id\":\"https:\/\/prodesco.es\/fr\/mentions-legales\/#breadcrumb\"},\"inLanguage\":\"fr-FR\",\"potentialAction\":[{\"@type\":\"ReadAction\",\"target\":[\"https:\/\/prodesco.es\/fr\/mentions-legales\/\"]}]},{\"@type\":\"BreadcrumbList\",\"@id\":\"https:\/\/prodesco.es\/fr\/mentions-legales\/#breadcrumb\",\"itemListElement\":[{\"@type\":\"ListItem\",\"position\":1,\"name\":\"Portada\",\"item\":\"https:\/\/prodesco.es\/fr\/\"},{\"@type\":\"ListItem\",\"position\":2,\"name\":\"Mentions l\u00e9gales\"}]},{\"@type\":\"WebSite\",\"@id\":\"https:\/\/prodesco.es\/fr\/#website\",\"url\":\"https:\/\/prodesco.es\/fr\/\",\"name\":\"Prodesco\",\"description\":\"Prodesco\",\"publisher\":{\"@id\":\"https:\/\/prodesco.es\/fr\/#organization\"},\"potentialAction\":[{\"@type\":\"SearchAction\",\"target\":{\"@type\":\"EntryPoint\",\"urlTemplate\":\"https:\/\/prodesco.es\/fr\/?s={search_term_string}\"},\"query-input\":{\"@type\":\"PropertyValueSpecification\",\"valueRequired\":true,\"valueName\":\"search_term_string\"}}],\"inLanguage\":\"fr-FR\"},{\"@type\":\"Organization\",\"@id\":\"https:\/\/prodesco.es\/fr\/#organization\",\"name\":\"Prodesco\",\"url\":\"https:\/\/prodesco.es\/fr\/\",\"logo\":{\"@type\":\"ImageObject\",\"inLanguage\":\"fr-FR\",\"@id\":\"https:\/\/prodesco.es\/fr\/#\/schema\/logo\/image\/\",\"url\":\"https:\/\/prodesco.es\/wp-content\/uploads\/2025\/01\/Grupo-13.svg\",\"contentUrl\":\"https:\/\/prodesco.es\/wp-content\/uploads\/2025\/01\/Grupo-13.svg\",\"width\":282,\"height\":46,\"caption\":\"Prodesco\"},\"image\":{\"@id\":\"https:\/\/prodesco.es\/fr\/#\/schema\/logo\/image\/\"}}]}<\/script>\n<!-- \/ Yoast SEO plugin. -->","yoast_head_json":{"title":"Aviso legal Prodesco | Informaci\u00f3n legal y condiciones de uso","description":"Consulta el aviso legal de Prodesco. Aqu\u00ed encontrar\u00e1s las condiciones de uso, derechos de propiedad intelectual y responsabilidad legal.","robots":{"index":"index","follow":"follow","max-snippet":"max-snippet:-1","max-image-preview":"max-image-preview:large","max-video-preview":"max-video-preview:-1"},"canonical":"https:\/\/prodesco.es\/fr\/mentions-legales\/","og_locale":"fr_FR","og_type":"article","og_title":"Aviso legal Prodesco | Informaci\u00f3n legal y condiciones de uso","og_description":"Consulta el aviso legal de Prodesco. Aqu\u00ed encontrar\u00e1s las condiciones de uso, derechos de propiedad intelectual y responsabilidad legal.","og_url":"https:\/\/prodesco.es\/fr\/mentions-legales\/","og_site_name":"Prodesco","article_modified_time":"2025-10-27T11:23:50+00:00","twitter_card":"summary_large_image","twitter_misc":{"Dur\u00e9e de lecture estim\u00e9e":"11 minutes"},"schema":{"@context":"https:\/\/schema.org","@graph":[{"@type":"WebPage","@id":"https:\/\/prodesco.es\/fr\/mentions-legales\/","url":"https:\/\/prodesco.es\/fr\/mentions-legales\/","name":"Aviso legal Prodesco | Informaci\u00f3n legal y condiciones de uso","isPartOf":{"@id":"https:\/\/prodesco.es\/fr\/#website"},"datePublished":"2025-01-23T23:25:11+00:00","dateModified":"2025-10-27T11:23:50+00:00","description":"Consulta el aviso legal de Prodesco. Aqu\u00ed encontrar\u00e1s las condiciones de uso, derechos de propiedad intelectual y responsabilidad legal.","breadcrumb":{"@id":"https:\/\/prodesco.es\/fr\/mentions-legales\/#breadcrumb"},"inLanguage":"fr-FR","potentialAction":[{"@type":"ReadAction","target":["https:\/\/prodesco.es\/fr\/mentions-legales\/"]}]},{"@type":"BreadcrumbList","@id":"https:\/\/prodesco.es\/fr\/mentions-legales\/#breadcrumb","itemListElement":[{"@type":"ListItem","position":1,"name":"Portada","item":"https:\/\/prodesco.es\/fr\/"},{"@type":"ListItem","position":2,"name":"Mentions l\u00e9gales"}]},{"@type":"WebSite","@id":"https:\/\/prodesco.es\/fr\/#website","url":"https:\/\/prodesco.es\/fr\/","name":"Prodesco","description":"Prodesco","publisher":{"@id":"https:\/\/prodesco.es\/fr\/#organization"},"potentialAction":[{"@type":"SearchAction","target":{"@type":"EntryPoint","urlTemplate":"https:\/\/prodesco.es\/fr\/?s={search_term_string}"},"query-input":{"@type":"PropertyValueSpecification","valueRequired":true,"valueName":"search_term_string"}}],"inLanguage":"fr-FR"},{"@type":"Organization","@id":"https:\/\/prodesco.es\/fr\/#organization","name":"Prodesco","url":"https:\/\/prodesco.es\/fr\/","logo":{"@type":"ImageObject","inLanguage":"fr-FR","@id":"https:\/\/prodesco.es\/fr\/#\/schema\/logo\/image\/","url":"https:\/\/prodesco.es\/wp-content\/uploads\/2025\/01\/Grupo-13.svg","contentUrl":"https:\/\/prodesco.es\/wp-content\/uploads\/2025\/01\/Grupo-13.svg","width":282,"height":46,"caption":"Prodesco"},"image":{"@id":"https:\/\/prodesco.es\/fr\/#\/schema\/logo\/image\/"}}]}},"_links":{"self":[{"href":"https:\/\/prodesco.es\/fr\/wp-json\/wp\/v2\/pages\/20535","targetHints":{"allow":["GET"]}}],"collection":[{"href":"https:\/\/prodesco.es\/fr\/wp-json\/wp\/v2\/pages"}],"about":[{"href":"https:\/\/prodesco.es\/fr\/wp-json\/wp\/v2\/types\/page"}],"author":[{"embeddable":true,"href":"https:\/\/prodesco.es\/fr\/wp-json\/wp\/v2\/users\/2"}],"replies":[{"embeddable":true,"href":"https:\/\/prodesco.es\/fr\/wp-json\/wp\/v2\/comments?post=20535"}],"version-history":[{"count":7,"href":"https:\/\/prodesco.es\/fr\/wp-json\/wp\/v2\/pages\/20535\/revisions"}],"predecessor-version":[{"id":58895,"href":"https:\/\/prodesco.es\/fr\/wp-json\/wp\/v2\/pages\/20535\/revisions\/58895"}],"wp:attachment":[{"href":"https:\/\/prodesco.es\/fr\/wp-json\/wp\/v2\/media?parent=20535"}],"curies":[{"name":"wp","href":"https:\/\/api.w.org\/{rel}","templated":true}]}}