{"id":20554,"date":"2025-01-23T23:21:46","date_gmt":"2025-01-23T23:21:46","guid":{"rendered":"https:\/\/prodesco.es\/politica-de-cookies\/"},"modified":"2025-09-15T10:37:47","modified_gmt":"2025-09-15T10:37:47","slug":"politique-de-cookies","status":"publish","type":"page","link":"https:\/\/prodesco.es\/fr\/politique-de-cookies\/","title":{"rendered":"Politique de cookies"},"content":{"rendered":"\t\t<div data-elementor-type=\"wp-page\" data-elementor-id=\"20554\" class=\"elementor elementor-20554 elementor-1003\" data-elementor-post-type=\"page\">\n\t\t\t\t<div class=\"elementor-element elementor-element-3867295 e-flex e-con-boxed e-con e-parent\" data-id=\"3867295\" data-element_type=\"container\" data-settings=\"{&quot;background_background&quot;:&quot;classic&quot;}\">\n\t\t\t\t\t<div class=\"e-con-inner\">\n\t\t\t\t\t<\/div>\n\t\t\t\t<\/div>\n\t\t<div class=\"elementor-element elementor-element-c7fc2e3 e-flex e-con-boxed e-con e-parent\" data-id=\"c7fc2e3\" data-element_type=\"container\">\n\t\t\t\t\t<div class=\"e-con-inner\">\n\t\t\t\t<div class=\"elementor-element elementor-element-de3dc52 elementor-widget elementor-widget-text-editor\" data-id=\"de3dc52\" data-element_type=\"widget\" data-widget_type=\"text-editor.default\">\n\t\t\t\t<div class=\"elementor-widget-container\">\n\t\t\t\t\t\t\t\t\t<div class=\"elementor-element elementor-element-b532566 elementor-widget elementor-widget-heading\" data-id=\"b532566\" data-element_type=\"widget\" data-widget_type=\"heading.default\">\n<div class=\"elementor-widget-container\">\n<h3><strong>Qu\u2019est-ce qu\u2019un cookie ?<\/strong><\/h3>\n<p>Un cookie est un fichier texte <b>inoffensif<\/b> qui est stock\u00e9 dans votre navigateur lorsque vous visitez presque n\u2019importe quelle page Web. L\u2019utilit\u00e9 du cookie est de permettre au site Web de se souvenir de votre visite lorsque vous revenez naviguer sur cette page, et les cookies sont utilis\u00e9s depuis l\u2019apparition des premiers navigateurs pour le World Wide Web.<\/p>\n<h3><strong>Ce qu\u2019un cookie n\u2019est PAS<\/strong><\/h3>\n<p>Ce n\u2019est pas un virus, ni un cheval de Troie, ni un ver, ni du spam, ni un spyware, ni une fen\u00eatre pop-up.<\/p>\n<h3><strong>Quelles informations stocke un cookie ?<\/strong><\/h3>\n<p>Les cookies ne stockent g\u00e9n\u00e9ralement pas d\u2019informations sensibles vous concernant, telles que les cartes de cr\u00e9dit, les donn\u00e9es bancaires, des photographies, votre num\u00e9ro d\u2019identification national ou des donn\u00e9es personnelles. Ils stockent des donn\u00e9es techniques, des pr\u00e9f\u00e9rences personnelles, la personnalisation du contenu, etc.<\/p>\n<p>Le serveur Web ne vous associe pas en tant que personne, mais \u00e0 votre navigateur Web. En fait, si vous naviguez habituellement avec Internet Explorer, puis essayez avec Firefox ou Chrome, le site Web ne saura pas que c\u2019est la m\u00eame personne, car il associe en r\u00e9alit\u00e9 le navigateur, pas la personne.<\/p>\n<h3><strong>Quels types de cookies existent ?<\/strong><\/h3>\n<ul>\n<li><strong>Cookies techniques<\/strong> : Ce sont les plus \u00e9l\u00e9mentaires et permettent, entre autres, de savoir si la navigation est effectu\u00e9e par un humain ou une application automatis\u00e9e, si l\u2019utilisateur est anonyme ou enregistr\u00e9 ; des t\u00e2ches de base pour le fonctionnement de tout site Web dynamique.\n<\/li>\n<li><strong>Cookies d\u2019analyse<\/strong> : Ils collectent des informations sur votre navigation \u2014 sections les plus utilis\u00e9es, produits consult\u00e9s, cr\u00e9neaux horaires d\u2019utilisation, langue, etc.\n<\/li>\n<li><strong>Cookies publicitaires<\/strong> : Ils affichent de la publicit\u00e9 en fonction de votre navigation, de votre pays d\u2019origine, de la langue, etc.\n<\/li>\n<\/ul>\n<h3><strong>Que sont les cookies propri\u00e9taires et les cookies tiers ?<\/strong><\/h3>\n<p>Les <strong>cookies propri\u00e9taires<\/strong> sont g\u00e9n\u00e9r\u00e9s par le site que vous visitez, tandis que les <strong>cookies tiers<\/strong> sont g\u00e9n\u00e9r\u00e9s par des services externes tels que Facebook, Twitter, Google, etc.<\/p>\n<h3><strong>Que se passe-t-il si je d\u00e9sactive les cookies ?<\/strong><\/h3>\n<p>Pour que vous compreniez les cons\u00e9quences de la d\u00e9sactivation des cookies, voici quelques exemples :<\/p>\n<ul>\n<li>Vous ne pourrez pas partager de contenu de ce site sur Facebook, Twitter ou tout autre r\u00e9seau social.\n<\/li>\n<li>Le site Web ne pourra pas adapter le contenu \u00e0 vos pr\u00e9f\u00e9rences personnelles, comme cela se fait g\u00e9n\u00e9ralement dans les boutiques en ligne.\n<\/li>\n<li>Vous ne pourrez pas acc\u00e9der aux zones personnalis\u00e9es du site (Mon compte, Mon profil ou Mes commandes).\n<\/li>\n<li><strong>Boutiques en ligne<\/strong> : Il sera impossible d\u2019effectuer des achats en ligne ; ils devront \u00eatre r\u00e9alis\u00e9s par t\u00e9l\u00e9phone ou en magasin physique, si disponible.\n<\/li>\n<li>Vous ne pourrez pas personnaliser vos pr\u00e9f\u00e9rences g\u00e9ographiques comme le fuseau horaire, la monnaie ou la langue.\n<\/li>\n<li>Le site ne pourra pas r\u00e9aliser d\u2019analyses Web des visiteurs et du trafic, ce qui rendra le site moins comp\u00e9titif.\n<\/li>\n<li>Vous ne pourrez pas \u00e9crire sur le blog, t\u00e9l\u00e9charger des photos, publier des commentaires, \u00e9valuer ou noter du contenu. De m\u00eame, le site ne pourra pas savoir si vous \u00eates un humain ou une application automatis\u00e9e publiant du spam.\n<\/li>\n<li>La publicit\u00e9 cibl\u00e9e ne pourra pas \u00eatre affich\u00e9e, ce qui diminuera les revenus publicitaires du site.\n<\/li>\n<li>Tous les r\u00e9seaux sociaux utilisent des cookies ; si vous les d\u00e9sactivez, vous ne pourrez utiliser aucun r\u00e9seau social.\n<\/li>\n<\/ul>\n<h3><strong>Peut-on supprimer les cookies ?<\/strong><\/h3>\n<p>Oui. Vous pouvez non seulement les supprimer, mais aussi les bloquer, de mani\u00e8re g\u00e9n\u00e9rale ou sp\u00e9cifiquement pour un domaine donn\u00e9.<\/p>\n<p>Pour supprimer les cookies d\u2019un site Web, allez dans les param\u00e8tres de votre navigateur et recherchez les cookies associ\u00e9s au domaine concern\u00e9, puis supprimez-les.<\/p>\n<h3><strong>Configuration des cookies pour les navigateurs les plus populaires<\/strong><\/h3>\n<p>Voici comment acc\u00e9der \u00e0 un cookie sp\u00e9cifique dans <strong>Chrome<\/strong> (les \u00e9tapes peuvent varier selon la version du navigateur) :<\/p>\n<ol>\n<li>Allez dans Param\u00e8tres ou Pr\u00e9f\u00e9rences via le menu Fichier ou en cliquant sur l\u2019ic\u00f4ne de personnalisation en haut \u00e0 droite.\n<\/li>\n<li>Cliquez sur \u00ab Afficher les options avanc\u00e9es \u00bb.\n<\/li>\n<li>Allez \u00e0 Confidentialit\u00e9 \u2192 Param\u00e8tres de contenu.\n<\/li>\n<li>S\u00e9lectionnez \u00ab Tous les cookies et les donn\u00e9es de site \u00bb.\n<\/li>\n<li>Une liste de cookies tri\u00e9s par domaine appara\u00eetra. Pour trouver un domaine en particulier, utilisez le champ de recherche.\n<\/li>\n<li>Apr\u00e8s filtrage, s\u00e9lectionnez le cookie souhait\u00e9 et cliquez sur la X pour le supprimer.\n<\/li>\n<\/ol>\n<p>Pour acc\u00e9der aux param\u00e8tres de cookies dans <strong>Internet Explorer<\/strong> (les \u00e9tapes peuvent varier selon la version) :<\/p>\n<ol>\n<li>Allez \u00e0 Outils \u2192 Options Internet\n<\/li>\n<li>Cliquez sur Confidentialit\u00e9\n<\/li>\n<li>Ajustez le niveau de confidentialit\u00e9 gr\u00e2ce au curseur selon vos pr\u00e9f\u00e9rences\n<\/li>\n<\/ol>\n<p>Pour <strong>Firefox<\/strong> :<\/p>\n<ol>\n<li>Allez \u00e0 Options ou Pr\u00e9f\u00e9rences (selon le syst\u00e8me d\u2019exploitation)\n<\/li>\n<li>Cliquez sur Confidentialit\u00e9\n<\/li>\n<li>Dans Historique, choisissez \u00ab Utiliser des param\u00e8tres personnalis\u00e9s pour l\u2019historique \u00bb\n<\/li>\n<li>Vous verrez l\u2019option \u00ab Accepter les cookies \u00bb, que vous pouvez activer ou d\u00e9sactiver\n<\/li>\n<\/ol>\n<p>Pour <strong>Safari sur macOS<\/strong> :<\/p>\n<ol>\n<li>Allez \u00e0 Pr\u00e9f\u00e9rences \u2192 Confidentialit\u00e9\n<\/li>\n<li>Vous verrez l\u2019option de bloquer les cookies et pourrez ajuster votre pr\u00e9f\u00e9rence\n<\/li>\n<\/ol>\n<p>Pour <strong>Safari sur iOS<\/strong> :<\/p>\n<ol>\n<li>Allez \u00e0 R\u00e9glages \u2192 Safari\n<\/li>\n<li>Appuyez sur Confidentialit\u00e9 et s\u00e9curit\u00e9, o\u00f9 vous trouverez l\u2019option de bloquer les cookies\n<\/li>\n<\/ol>\n<p>Pour les navigateurs sur <strong>appareils Android<\/strong> :<\/p>\n<ol>\n<li>Ouvrez le navigateur et touchez la touche Menu \u2192 Param\u00e8tres\n<\/li>\n<li>Allez \u00e0 S\u00e9curit\u00e9 et confidentialit\u00e9, o\u00f9 vous trouverez l\u2019interrupteur \u00ab Accepter les cookies \u00bb\n<\/li>\n<\/ol>\n<p>Pour <strong>Internet Explorer sur Windows Phone<\/strong> :<\/p>\n<ol>\n<li>Ouvrez Internet Explorer \u2192 Plus \u2192 Param\u00e8tres\n<\/li>\n<li>Vous pouvez activer ou d\u00e9sactiver l\u2019option \u00ab Autoriser les cookies \u00bb<\/li>\n<\/ol>\n<\/div>\n<\/div>\t\t\t\t\t\t\t\t<\/div>\n\t\t\t\t<\/div>\n\t\t\t\t\t<\/div>\n\t\t\t\t<\/div>\n\t\t\t\t<\/div>\n\t\t","protected":false},"excerpt":{"rendered":"<p>Qu\u2019est-ce qu\u2019un cookie ? Un cookie est un fichier texte inoffensif qui est stock\u00e9 dans votre navigateur lorsque vous visitez presque n\u2019importe quelle page Web. L\u2019utilit\u00e9 du cookie est de permettre au site Web de se souvenir de votre visite lorsque vous revenez naviguer sur cette page, et les cookies sont utilis\u00e9s depuis l\u2019apparition des [&hellip;]<\/p>\n","protected":false},"author":2,"featured_media":0,"parent":0,"menu_order":0,"comment_status":"closed","ping_status":"closed","template":"","meta":{"_acf_changed":false,"footnotes":""},"class_list":["post-20554","page","type-page","status-publish","hentry"],"acf":[],"yoast_head":"<!-- This site is optimized with the Yoast SEO plugin v25.5 - https:\/\/yoast.com\/wordpress\/plugins\/seo\/ -->\n<title>Politique de cookies - Prodesco<\/title>\n<meta name=\"robots\" content=\"index, follow, max-snippet:-1, max-image-preview:large, max-video-preview:-1\" \/>\n<link rel=\"canonical\" href=\"https:\/\/prodesco.es\/fr\/politique-de-cookies\/\" \/>\n<meta property=\"og:locale\" content=\"fr_FR\" \/>\n<meta property=\"og:type\" content=\"article\" \/>\n<meta property=\"og:title\" content=\"Politique de cookies - Prodesco\" \/>\n<meta property=\"og:description\" content=\"Qu\u2019est-ce qu\u2019un cookie ? Un cookie est un fichier texte inoffensif qui est stock\u00e9 dans votre navigateur lorsque vous visitez presque n\u2019importe quelle page Web. L\u2019utilit\u00e9 du cookie est de permettre au site Web de se souvenir de votre visite lorsque vous revenez naviguer sur cette page, et les cookies sont utilis\u00e9s depuis l\u2019apparition des [&hellip;]\" \/>\n<meta property=\"og:url\" content=\"https:\/\/prodesco.es\/fr\/politique-de-cookies\/\" \/>\n<meta property=\"og:site_name\" content=\"Prodesco\" \/>\n<meta property=\"article:modified_time\" content=\"2025-09-15T10:37:47+00:00\" \/>\n<meta name=\"twitter:card\" content=\"summary_large_image\" \/>\n<meta name=\"twitter:label1\" content=\"Dur\u00e9e de lecture estim\u00e9e\" \/>\n\t<meta name=\"twitter:data1\" content=\"9 minutes\" \/>\n<script type=\"application\/ld+json\" class=\"yoast-schema-graph\">{\"@context\":\"https:\/\/schema.org\",\"@graph\":[{\"@type\":\"WebPage\",\"@id\":\"https:\/\/prodesco.es\/fr\/politique-de-cookies\/\",\"url\":\"https:\/\/prodesco.es\/fr\/politique-de-cookies\/\",\"name\":\"Politique de cookies - Prodesco\",\"isPartOf\":{\"@id\":\"https:\/\/prodesco.es\/fr\/#website\"},\"datePublished\":\"2025-01-23T23:21:46+00:00\",\"dateModified\":\"2025-09-15T10:37:47+00:00\",\"breadcrumb\":{\"@id\":\"https:\/\/prodesco.es\/fr\/politique-de-cookies\/#breadcrumb\"},\"inLanguage\":\"fr-FR\",\"potentialAction\":[{\"@type\":\"ReadAction\",\"target\":[\"https:\/\/prodesco.es\/fr\/politique-de-cookies\/\"]}]},{\"@type\":\"BreadcrumbList\",\"@id\":\"https:\/\/prodesco.es\/fr\/politique-de-cookies\/#breadcrumb\",\"itemListElement\":[{\"@type\":\"ListItem\",\"position\":1,\"name\":\"Portada\",\"item\":\"https:\/\/prodesco.es\/fr\/\"},{\"@type\":\"ListItem\",\"position\":2,\"name\":\"Politique de cookies\"}]},{\"@type\":\"WebSite\",\"@id\":\"https:\/\/prodesco.es\/fr\/#website\",\"url\":\"https:\/\/prodesco.es\/fr\/\",\"name\":\"Prodesco\",\"description\":\"Prodesco\",\"publisher\":{\"@id\":\"https:\/\/prodesco.es\/fr\/#organization\"},\"potentialAction\":[{\"@type\":\"SearchAction\",\"target\":{\"@type\":\"EntryPoint\",\"urlTemplate\":\"https:\/\/prodesco.es\/fr\/?s={search_term_string}\"},\"query-input\":{\"@type\":\"PropertyValueSpecification\",\"valueRequired\":true,\"valueName\":\"search_term_string\"}}],\"inLanguage\":\"fr-FR\"},{\"@type\":\"Organization\",\"@id\":\"https:\/\/prodesco.es\/fr\/#organization\",\"name\":\"Prodesco\",\"url\":\"https:\/\/prodesco.es\/fr\/\",\"logo\":{\"@type\":\"ImageObject\",\"inLanguage\":\"fr-FR\",\"@id\":\"https:\/\/prodesco.es\/fr\/#\/schema\/logo\/image\/\",\"url\":\"https:\/\/prodesco.es\/wp-content\/uploads\/2025\/01\/Grupo-13.svg\",\"contentUrl\":\"https:\/\/prodesco.es\/wp-content\/uploads\/2025\/01\/Grupo-13.svg\",\"width\":282,\"height\":46,\"caption\":\"Prodesco\"},\"image\":{\"@id\":\"https:\/\/prodesco.es\/fr\/#\/schema\/logo\/image\/\"}}]}<\/script>\n<!-- \/ Yoast SEO plugin. -->","yoast_head_json":{"title":"Politique de cookies - Prodesco","robots":{"index":"index","follow":"follow","max-snippet":"max-snippet:-1","max-image-preview":"max-image-preview:large","max-video-preview":"max-video-preview:-1"},"canonical":"https:\/\/prodesco.es\/fr\/politique-de-cookies\/","og_locale":"fr_FR","og_type":"article","og_title":"Politique de cookies - Prodesco","og_description":"Qu\u2019est-ce qu\u2019un cookie ? Un cookie est un fichier texte inoffensif qui est stock\u00e9 dans votre navigateur lorsque vous visitez presque n\u2019importe quelle page Web. L\u2019utilit\u00e9 du cookie est de permettre au site Web de se souvenir de votre visite lorsque vous revenez naviguer sur cette page, et les cookies sont utilis\u00e9s depuis l\u2019apparition des [&hellip;]","og_url":"https:\/\/prodesco.es\/fr\/politique-de-cookies\/","og_site_name":"Prodesco","article_modified_time":"2025-09-15T10:37:47+00:00","twitter_card":"summary_large_image","twitter_misc":{"Dur\u00e9e de lecture estim\u00e9e":"9 minutes"},"schema":{"@context":"https:\/\/schema.org","@graph":[{"@type":"WebPage","@id":"https:\/\/prodesco.es\/fr\/politique-de-cookies\/","url":"https:\/\/prodesco.es\/fr\/politique-de-cookies\/","name":"Politique de cookies - Prodesco","isPartOf":{"@id":"https:\/\/prodesco.es\/fr\/#website"},"datePublished":"2025-01-23T23:21:46+00:00","dateModified":"2025-09-15T10:37:47+00:00","breadcrumb":{"@id":"https:\/\/prodesco.es\/fr\/politique-de-cookies\/#breadcrumb"},"inLanguage":"fr-FR","potentialAction":[{"@type":"ReadAction","target":["https:\/\/prodesco.es\/fr\/politique-de-cookies\/"]}]},{"@type":"BreadcrumbList","@id":"https:\/\/prodesco.es\/fr\/politique-de-cookies\/#breadcrumb","itemListElement":[{"@type":"ListItem","position":1,"name":"Portada","item":"https:\/\/prodesco.es\/fr\/"},{"@type":"ListItem","position":2,"name":"Politique de cookies"}]},{"@type":"WebSite","@id":"https:\/\/prodesco.es\/fr\/#website","url":"https:\/\/prodesco.es\/fr\/","name":"Prodesco","description":"Prodesco","publisher":{"@id":"https:\/\/prodesco.es\/fr\/#organization"},"potentialAction":[{"@type":"SearchAction","target":{"@type":"EntryPoint","urlTemplate":"https:\/\/prodesco.es\/fr\/?s={search_term_string}"},"query-input":{"@type":"PropertyValueSpecification","valueRequired":true,"valueName":"search_term_string"}}],"inLanguage":"fr-FR"},{"@type":"Organization","@id":"https:\/\/prodesco.es\/fr\/#organization","name":"Prodesco","url":"https:\/\/prodesco.es\/fr\/","logo":{"@type":"ImageObject","inLanguage":"fr-FR","@id":"https:\/\/prodesco.es\/fr\/#\/schema\/logo\/image\/","url":"https:\/\/prodesco.es\/wp-content\/uploads\/2025\/01\/Grupo-13.svg","contentUrl":"https:\/\/prodesco.es\/wp-content\/uploads\/2025\/01\/Grupo-13.svg","width":282,"height":46,"caption":"Prodesco"},"image":{"@id":"https:\/\/prodesco.es\/fr\/#\/schema\/logo\/image\/"}}]}},"_links":{"self":[{"href":"https:\/\/prodesco.es\/fr\/wp-json\/wp\/v2\/pages\/20554","targetHints":{"allow":["GET"]}}],"collection":[{"href":"https:\/\/prodesco.es\/fr\/wp-json\/wp\/v2\/pages"}],"about":[{"href":"https:\/\/prodesco.es\/fr\/wp-json\/wp\/v2\/types\/page"}],"author":[{"embeddable":true,"href":"https:\/\/prodesco.es\/fr\/wp-json\/wp\/v2\/users\/2"}],"replies":[{"embeddable":true,"href":"https:\/\/prodesco.es\/fr\/wp-json\/wp\/v2\/comments?post=20554"}],"version-history":[{"count":4,"href":"https:\/\/prodesco.es\/fr\/wp-json\/wp\/v2\/pages\/20554\/revisions"}],"predecessor-version":[{"id":35989,"href":"https:\/\/prodesco.es\/fr\/wp-json\/wp\/v2\/pages\/20554\/revisions\/35989"}],"wp:attachment":[{"href":"https:\/\/prodesco.es\/fr\/wp-json\/wp\/v2\/media?parent=20554"}],"curies":[{"name":"wp","href":"https:\/\/api.w.org\/{rel}","templated":true}]}}