{"id":20555,"date":"2025-01-23T23:25:27","date_gmt":"2025-01-23T23:25:27","guid":{"rendered":"https:\/\/prodesco.es\/politica-de-privacidad\/"},"modified":"2025-10-27T10:15:14","modified_gmt":"2025-10-27T10:15:14","slug":"politique-de-confidentialite","status":"publish","type":"page","link":"https:\/\/prodesco.es\/fr\/politique-de-confidentialite\/","title":{"rendered":"Politique de confidentialit\u00e9"},"content":{"rendered":"\t\t<div data-elementor-type=\"wp-page\" data-elementor-id=\"20555\" class=\"elementor elementor-20555 elementor-1013\" data-elementor-post-type=\"page\">\n\t\t\t\t<div class=\"elementor-element elementor-element-52d0ece e-flex e-con-boxed e-con e-parent\" data-id=\"52d0ece\" data-element_type=\"container\" data-settings=\"{&quot;background_background&quot;:&quot;classic&quot;}\">\n\t\t\t\t\t<div class=\"e-con-inner\">\n\t\t\t\t\t<\/div>\n\t\t\t\t<\/div>\n\t\t<div class=\"elementor-element elementor-element-e15f0c7 e-flex e-con-boxed e-con e-parent\" data-id=\"e15f0c7\" data-element_type=\"container\">\n\t\t\t\t\t<div class=\"e-con-inner\">\n\t\t\t\t<div class=\"elementor-element elementor-element-9ccc4e2 elementor-widget elementor-widget-text-editor\" data-id=\"9ccc4e2\" data-element_type=\"widget\" data-widget_type=\"text-editor.default\">\n\t\t\t\t<div class=\"elementor-widget-container\">\n\t\t\t\t\t\t\t\t\t<div class=\"elementor-element elementor-element-01805d2 e-flex e-con-boxed e-con e-parent e-lazyloaded\" data-id=\"01805d2\" data-element_type=\"container\" data-settings=\"{&quot;background_background&quot;:&quot;classic&quot;,&quot;_ha_eqh_enable&quot;:false}\"><div class=\"e-con-inner\"><div class=\"elementor-element elementor-element-667f7bf e-con-full e-flex e-con e-child\" data-id=\"667f7bf\" data-element_type=\"container\" data-settings=\"{&quot;_ha_eqh_enable&quot;:false}\"><div class=\"elementor-element elementor-element-fdcdd01 elementor-widget elementor-widget-heading\" data-id=\"fdcdd01\" data-element_type=\"widget\" data-widget_type=\"heading.default\"><div class=\"elementor-widget-container\"><h4><strong>1. Politique de Confidentialit\u00e9 et de S\u00e9curit\u00e9<\/strong><\/h4><p>Les informations suivantes concernant notre <a href=\"https:\/\/prodesco.es\/fr\/politique-de-confidentialite\/\">Politique de Confidentialit\u00e9<\/a> refl\u00e8tent l\u2019engagement de Productora de Esmaltes y Colorantes S.L., en tant que responsable du traitement, \u00e0 maintenir des relations commerciales s\u00e9curis\u00e9es par la protection des donn\u00e9es personnelles, garantissant le droit \u00e0 la vie priv\u00e9e de chaque utilisateur de nos services. Ce document explique comment nous utilisons les donn\u00e9es personnelles lors de l\u2019utilisation de nos services.<\/p><h4><strong>2. D\u00e9finition des Donn\u00e9es Personnelles<\/strong><\/h4><p>On entend par \u00ab Donn\u00e9es Personnelles \u00bb toute information concernant une personne physique identifi\u00e9e ou identifiable. Cela inclut, entre autres, le nom, le pr\u00e9nom, l\u2019adresse postale et \u00e9lectronique, ainsi que le num\u00e9ro de t\u00e9l\u00e9phone.<\/p><h4><strong>3. Traitement et Finalit\u00e9s des Donn\u00e9es Collect\u00e9es<\/strong><\/h4><p>Toutes les donn\u00e9es personnelles que vous fournissez en visitant notre site seront trait\u00e9es conform\u00e9ment aux r\u00e9glementations en mati\u00e8re de protection des donn\u00e9es et ne seront collect\u00e9es, trait\u00e9es ni utilis\u00e9es que pour des finalit\u00e9s licites, l\u00e9gitimes et transparentes. Les finalit\u00e9s pour lesquelles Productora de Esmaltes y Colorantes S.L. utilise les donn\u00e9es personnelles sont :<\/p><ul><li><strong><strong>Formulaire de contact ou envoi d\u2019un courriel :<\/strong><\/strong>\u00a0<ul><li>Finalit\u00e9 : R\u00e9pondre aux demandes et contacter l\u2019utilisateur pour r\u00e9soudre les questions pos\u00e9es.<\/li><li>Base l\u00e9gale : Ex\u00e9cution de mesures pr\u00e9contractuelles et\/ou consentement.<\/li><li>Dur\u00e9e de conservation : Les donn\u00e9es seront conserv\u00e9es aussi longtemps que n\u00e9cessaire pour r\u00e9pondre \u00e0 la demande.<\/li><\/ul><\/li><li><strong><strong>Inscription \u00e0 la newsletter via l\u2019adresse \u00e9lectronique :<\/strong><\/strong>\u00a0<ul><li>Finalit\u00e9 : Envoyer les newsletters demand\u00e9es ainsi que des informations commerciales sur les nouveaux produits et services.<\/li><li>Base l\u00e9gale : Ex\u00e9cution de mesures pr\u00e9contractuelles et\/ou consentement.<\/li><li>Dur\u00e9e de conservation : Les donn\u00e9es seront conserv\u00e9es aussi longtemps que n\u00e9cessaire pour atteindre la finalit\u00e9.<\/li><\/ul><\/li><\/ul><p>Productora de Esmaltes y Colorantes S.L. informe les utilisateurs que la communication de certaines donn\u00e9es personnelles n\u2019est pas obligatoire, sauf indication contraire. Toutefois, le d\u00e9faut de les fournir pourrait emp\u00eacher la soci\u00e9t\u00e9 de fournir les services associ\u00e9s, et elle est d\u00e9gag\u00e9e de toute responsabilit\u00e9 en cas de non-prestation ou de prestation partielle de ces services.<\/p><p>L\u2019utilisateur est tenu de fournir des donn\u00e9es v\u00e9ridiques et mises \u00e0 jour. La soci\u00e9t\u00e9 se r\u00e9serve le droit d\u2019exclure de ses services tout utilisateur ayant fourni des donn\u00e9es fausses et d\u2019annuler son acc\u00e8s, sans pr\u00e9judice d\u2019autres actions juridiques.<\/p><p>Vos donn\u00e9es personnelles ne seront <strong>PAS<\/strong> communiqu\u00e9es \u00e0 aucune autre entreprise. Si une communication s\u2019av\u00e8re n\u00e9cessaire, un consentement explicite sera demand\u00e9 au pr\u00e9alable.<\/p><h4><strong>4. S\u00e9curit\u00e9 de Vos Donn\u00e9es Personnelles<\/strong><\/h4><p>Productora de Esmaltes y Colorantes S.L. accorde une attention particuli\u00e8re \u00e0 la s\u00e9curit\u00e9 de vos donn\u00e9es personnelles. Vos donn\u00e9es sont stock\u00e9es dans nos syst\u00e8mes d\u2019information, o\u00f9 des mesures de s\u00e9curit\u00e9 techniques et organisationnelles ont \u00e9t\u00e9 adopt\u00e9es, par exemple, l\u2019utilisation de protocoles HTTPS pour le chiffrement des donn\u00e9es sur nos portails web.<\/p><h4><strong>5. Informations sur l\u2019Utilisation des Cookies<\/strong><\/h4><p>La visite de ce site ou l\u2019utilisation des services de Productora de Esmaltes y Colorantes S.L. ne permet pas d\u2019enregistrer automatiquement des donn\u00e9es personnelles identifiables. Toutefois, pendant la navigation, des \u00ab cookies \u00bb \u2014 petits fichiers de donn\u00e9es g\u00e9n\u00e9r\u00e9s sur l\u2019ordinateur de l\u2019utilisateur \u2014 sont utilis\u00e9s pour collecter des informations analytiques telles que :<\/p><ol><li>Date et heure d\u2019acc\u00e8s au site pour optimiser les heures de pointe.<\/li><li>Nombre de visiteurs quotidiens par section pour identifier les zones populaires et am\u00e9liorer le contenu.<\/li><li>Date et heure de la derni\u00e8re visite de l\u2019utilisateur pour des analyses d\u2019utilisation.<\/li><li>\u00c9l\u00e9ments de s\u00e9curit\u00e9 concernant le contr\u00f4le d\u2019acc\u00e8s aux zones restreintes.<br \/>Pour plus d\u2019informations, consultez notre <a href=\"https:\/\/prodesco.es\/fr\/politique-de-cookies\/\"><strong>Politique de Cookies<\/strong><\/a>.<\/li><\/ol><h4><strong>6. Droits des Utilisateurs<\/strong><\/h4><p>Tous les utilisateurs peuvent exercer les droits pr\u00e9vus par la l\u00e9gislation sur la protection des donn\u00e9es : acc\u00e8s, rectification, limitation du traitement, suppression, portabilit\u00e9 des donn\u00e9es et opposition. Les demandes doivent \u00eatre envoy\u00e9es par \u00e9crit \u00e0 notre D\u00e9l\u00e9gu\u00e9 \u00e0 la Protection des Donn\u00e9es \u00e0 l\u2019adresse admon@prodesco.es. L\u2019utilisateur peut \u00e9galement d\u00e9poser une r\u00e9clamation aupr\u00e8s de l\u2019Agence espagnole de protection des donn\u00e9es.<\/p><h4><strong>7. Vous ne souhaitez pas recevoir d\u2019informations ou souhaitez retirer votre consentement ?<\/strong><\/h4><p>Tout utilisateur peut s\u2019opposer \u00e0 l\u2019utilisation de ses informations \u00e0 des fins publicitaires, d\u2019enqu\u00eates ou d\u2019\u00e9tudes de satisfaction, et retirer son consentement \u00e0 tout moment (sans effet r\u00e9troactif) en envoyant un e-mail \u00e0 admon@prodesco.es. Si des publicit\u00e9s sont re\u00e7ues par e-mail, l\u2019utilisateur peut \u00e9galement s\u2019opposer via le lien inclus dans le courriel.<\/p><h4><strong>8. Modifications de la Politique de Confidentialit\u00e9<\/strong><\/h4><p>Notre Politique de Confidentialit\u00e9 peut \u00eatre mise \u00e0 jour en raison d\u2019\u00e9volutions l\u00e9gales ou d\u2019am\u00e9liorations du service. Nous vous recommandons de consulter r\u00e9guli\u00e8rement cette politique pour \u00eatre inform\u00e9 des derni\u00e8res mises \u00e0 jour. Si des modifications affectent un consentement pr\u00e9c\u00e9demment accord\u00e9, une notification distincte vous sera envoy\u00e9e pour recueillir un nouveau consentement.<\/p><h4><strong>9. Questions ou Pr\u00e9occupations<\/strong><\/h4><p>Si vous avez des questions au sujet de notre <a href=\"https:\/\/prodesco.es\/fr\/politique-de-confidentialite\/\">Politique de Confidentialit\u00e9<\/a> ou souhaitez exercer vos droits relatifs \u00e0 vos donn\u00e9es personnelles, veuillez nous contacter \u00e0 l\u2019adresse admin@prodesco.es.<\/p><\/div><\/div><\/div><\/div><\/div><div id=\"gtx-trans\" style=\"position: absolute; left: 516px; top: 41.0469px;\"><div class=\"gtx-trans-icon\">\u00a0<\/div><\/div>\t\t\t\t\t\t\t\t<\/div>\n\t\t\t\t<\/div>\n\t\t\t\t\t<\/div>\n\t\t\t\t<\/div>\n\t\t\t\t<\/div>\n\t\t","protected":false},"excerpt":{"rendered":"<p>1. Politique de Confidentialit\u00e9 et de S\u00e9curit\u00e9 Les informations suivantes concernant notre Politique de Confidentialit\u00e9 refl\u00e8tent l\u2019engagement de Productora de Esmaltes y Colorantes S.L., en tant que responsable du traitement, \u00e0 maintenir des relations commerciales s\u00e9curis\u00e9es par la protection des donn\u00e9es personnelles, garantissant le droit \u00e0 la vie priv\u00e9e de chaque utilisateur de nos services. [&hellip;]<\/p>\n","protected":false},"author":2,"featured_media":0,"parent":0,"menu_order":0,"comment_status":"closed","ping_status":"closed","template":"","meta":{"_acf_changed":false,"footnotes":""},"class_list":["post-20555","page","type-page","status-publish","hentry"],"acf":[],"yoast_head":"<!-- This site is optimized with the Yoast SEO plugin v25.5 - https:\/\/yoast.com\/wordpress\/plugins\/seo\/ -->\n<title>Politique de confidentialit\u00e9 - Prodesco<\/title>\n<meta name=\"robots\" content=\"index, follow, max-snippet:-1, max-image-preview:large, max-video-preview:-1\" \/>\n<link rel=\"canonical\" href=\"https:\/\/prodesco.es\/fr\/politique-de-confidentialite\/\" \/>\n<meta property=\"og:locale\" content=\"fr_FR\" \/>\n<meta property=\"og:type\" content=\"article\" \/>\n<meta property=\"og:title\" content=\"Politique de confidentialit\u00e9 - Prodesco\" \/>\n<meta property=\"og:description\" content=\"1. Politique de Confidentialit\u00e9 et de S\u00e9curit\u00e9 Les informations suivantes concernant notre Politique de Confidentialit\u00e9 refl\u00e8tent l\u2019engagement de Productora de Esmaltes y Colorantes S.L., en tant que responsable du traitement, \u00e0 maintenir des relations commerciales s\u00e9curis\u00e9es par la protection des donn\u00e9es personnelles, garantissant le droit \u00e0 la vie priv\u00e9e de chaque utilisateur de nos services. [&hellip;]\" \/>\n<meta property=\"og:url\" content=\"https:\/\/prodesco.es\/fr\/politique-de-confidentialite\/\" \/>\n<meta property=\"og:site_name\" content=\"Prodesco\" \/>\n<meta property=\"article:modified_time\" content=\"2025-10-27T10:15:14+00:00\" \/>\n<meta name=\"twitter:card\" content=\"summary_large_image\" \/>\n<meta name=\"twitter:label1\" content=\"Dur\u00e9e de lecture estim\u00e9e\" \/>\n\t<meta name=\"twitter:data1\" content=\"8 minutes\" \/>\n<script type=\"application\/ld+json\" class=\"yoast-schema-graph\">{\"@context\":\"https:\/\/schema.org\",\"@graph\":[{\"@type\":\"WebPage\",\"@id\":\"https:\/\/prodesco.es\/fr\/politique-de-confidentialite\/\",\"url\":\"https:\/\/prodesco.es\/fr\/politique-de-confidentialite\/\",\"name\":\"Politique de confidentialit\u00e9 - Prodesco\",\"isPartOf\":{\"@id\":\"https:\/\/prodesco.es\/fr\/#website\"},\"datePublished\":\"2025-01-23T23:25:27+00:00\",\"dateModified\":\"2025-10-27T10:15:14+00:00\",\"breadcrumb\":{\"@id\":\"https:\/\/prodesco.es\/fr\/politique-de-confidentialite\/#breadcrumb\"},\"inLanguage\":\"fr-FR\",\"potentialAction\":[{\"@type\":\"ReadAction\",\"target\":[\"https:\/\/prodesco.es\/fr\/politique-de-confidentialite\/\"]}]},{\"@type\":\"BreadcrumbList\",\"@id\":\"https:\/\/prodesco.es\/fr\/politique-de-confidentialite\/#breadcrumb\",\"itemListElement\":[{\"@type\":\"ListItem\",\"position\":1,\"name\":\"Portada\",\"item\":\"https:\/\/prodesco.es\/fr\/\"},{\"@type\":\"ListItem\",\"position\":2,\"name\":\"Politique de confidentialit\u00e9\"}]},{\"@type\":\"WebSite\",\"@id\":\"https:\/\/prodesco.es\/fr\/#website\",\"url\":\"https:\/\/prodesco.es\/fr\/\",\"name\":\"Prodesco\",\"description\":\"Prodesco\",\"publisher\":{\"@id\":\"https:\/\/prodesco.es\/fr\/#organization\"},\"potentialAction\":[{\"@type\":\"SearchAction\",\"target\":{\"@type\":\"EntryPoint\",\"urlTemplate\":\"https:\/\/prodesco.es\/fr\/?s={search_term_string}\"},\"query-input\":{\"@type\":\"PropertyValueSpecification\",\"valueRequired\":true,\"valueName\":\"search_term_string\"}}],\"inLanguage\":\"fr-FR\"},{\"@type\":\"Organization\",\"@id\":\"https:\/\/prodesco.es\/fr\/#organization\",\"name\":\"Prodesco\",\"url\":\"https:\/\/prodesco.es\/fr\/\",\"logo\":{\"@type\":\"ImageObject\",\"inLanguage\":\"fr-FR\",\"@id\":\"https:\/\/prodesco.es\/fr\/#\/schema\/logo\/image\/\",\"url\":\"https:\/\/prodesco.es\/wp-content\/uploads\/2025\/01\/Grupo-13.svg\",\"contentUrl\":\"https:\/\/prodesco.es\/wp-content\/uploads\/2025\/01\/Grupo-13.svg\",\"width\":282,\"height\":46,\"caption\":\"Prodesco\"},\"image\":{\"@id\":\"https:\/\/prodesco.es\/fr\/#\/schema\/logo\/image\/\"}}]}<\/script>\n<!-- \/ Yoast SEO plugin. -->","yoast_head_json":{"title":"Politique de confidentialit\u00e9 - Prodesco","robots":{"index":"index","follow":"follow","max-snippet":"max-snippet:-1","max-image-preview":"max-image-preview:large","max-video-preview":"max-video-preview:-1"},"canonical":"https:\/\/prodesco.es\/fr\/politique-de-confidentialite\/","og_locale":"fr_FR","og_type":"article","og_title":"Politique de confidentialit\u00e9 - Prodesco","og_description":"1. Politique de Confidentialit\u00e9 et de S\u00e9curit\u00e9 Les informations suivantes concernant notre Politique de Confidentialit\u00e9 refl\u00e8tent l\u2019engagement de Productora de Esmaltes y Colorantes S.L., en tant que responsable du traitement, \u00e0 maintenir des relations commerciales s\u00e9curis\u00e9es par la protection des donn\u00e9es personnelles, garantissant le droit \u00e0 la vie priv\u00e9e de chaque utilisateur de nos services. [&hellip;]","og_url":"https:\/\/prodesco.es\/fr\/politique-de-confidentialite\/","og_site_name":"Prodesco","article_modified_time":"2025-10-27T10:15:14+00:00","twitter_card":"summary_large_image","twitter_misc":{"Dur\u00e9e de lecture estim\u00e9e":"8 minutes"},"schema":{"@context":"https:\/\/schema.org","@graph":[{"@type":"WebPage","@id":"https:\/\/prodesco.es\/fr\/politique-de-confidentialite\/","url":"https:\/\/prodesco.es\/fr\/politique-de-confidentialite\/","name":"Politique de confidentialit\u00e9 - Prodesco","isPartOf":{"@id":"https:\/\/prodesco.es\/fr\/#website"},"datePublished":"2025-01-23T23:25:27+00:00","dateModified":"2025-10-27T10:15:14+00:00","breadcrumb":{"@id":"https:\/\/prodesco.es\/fr\/politique-de-confidentialite\/#breadcrumb"},"inLanguage":"fr-FR","potentialAction":[{"@type":"ReadAction","target":["https:\/\/prodesco.es\/fr\/politique-de-confidentialite\/"]}]},{"@type":"BreadcrumbList","@id":"https:\/\/prodesco.es\/fr\/politique-de-confidentialite\/#breadcrumb","itemListElement":[{"@type":"ListItem","position":1,"name":"Portada","item":"https:\/\/prodesco.es\/fr\/"},{"@type":"ListItem","position":2,"name":"Politique de confidentialit\u00e9"}]},{"@type":"WebSite","@id":"https:\/\/prodesco.es\/fr\/#website","url":"https:\/\/prodesco.es\/fr\/","name":"Prodesco","description":"Prodesco","publisher":{"@id":"https:\/\/prodesco.es\/fr\/#organization"},"potentialAction":[{"@type":"SearchAction","target":{"@type":"EntryPoint","urlTemplate":"https:\/\/prodesco.es\/fr\/?s={search_term_string}"},"query-input":{"@type":"PropertyValueSpecification","valueRequired":true,"valueName":"search_term_string"}}],"inLanguage":"fr-FR"},{"@type":"Organization","@id":"https:\/\/prodesco.es\/fr\/#organization","name":"Prodesco","url":"https:\/\/prodesco.es\/fr\/","logo":{"@type":"ImageObject","inLanguage":"fr-FR","@id":"https:\/\/prodesco.es\/fr\/#\/schema\/logo\/image\/","url":"https:\/\/prodesco.es\/wp-content\/uploads\/2025\/01\/Grupo-13.svg","contentUrl":"https:\/\/prodesco.es\/wp-content\/uploads\/2025\/01\/Grupo-13.svg","width":282,"height":46,"caption":"Prodesco"},"image":{"@id":"https:\/\/prodesco.es\/fr\/#\/schema\/logo\/image\/"}}]}},"_links":{"self":[{"href":"https:\/\/prodesco.es\/fr\/wp-json\/wp\/v2\/pages\/20555","targetHints":{"allow":["GET"]}}],"collection":[{"href":"https:\/\/prodesco.es\/fr\/wp-json\/wp\/v2\/pages"}],"about":[{"href":"https:\/\/prodesco.es\/fr\/wp-json\/wp\/v2\/types\/page"}],"author":[{"embeddable":true,"href":"https:\/\/prodesco.es\/fr\/wp-json\/wp\/v2\/users\/2"}],"replies":[{"embeddable":true,"href":"https:\/\/prodesco.es\/fr\/wp-json\/wp\/v2\/comments?post=20555"}],"version-history":[{"count":10,"href":"https:\/\/prodesco.es\/fr\/wp-json\/wp\/v2\/pages\/20555\/revisions"}],"predecessor-version":[{"id":58892,"href":"https:\/\/prodesco.es\/fr\/wp-json\/wp\/v2\/pages\/20555\/revisions\/58892"}],"wp:attachment":[{"href":"https:\/\/prodesco.es\/fr\/wp-json\/wp\/v2\/media?parent=20555"}],"curies":[{"name":"wp","href":"https:\/\/api.w.org\/{rel}","templated":true}]}}