{"id":20558,"date":"2025-01-12T18:29:26","date_gmt":"2025-01-12T18:29:26","guid":{"rendered":"https:\/\/prodesco.es\/servicios-ceramicos-construccion\/"},"modified":"2025-09-12T14:41:17","modified_gmt":"2025-09-12T14:41:17","slug":"services-ceramiques","status":"publish","type":"page","link":"https:\/\/prodesco.es\/fr\/services-ceramiques\/","title":{"rendered":"Services"},"content":{"rendered":"\t\t<div data-elementor-type=\"wp-page\" data-elementor-id=\"20558\" class=\"elementor elementor-20558 elementor-17\" data-elementor-post-type=\"page\">\n\t\t\t\t<div class=\"elementor-element elementor-element-65e624e e-flex e-con-boxed e-con e-parent\" data-id=\"65e624e\" data-element_type=\"container\" data-settings=\"{&quot;background_background&quot;:&quot;classic&quot;}\">\n\t\t\t\t\t<div class=\"e-con-inner\">\n\t\t\t\t<div class=\"elementor-element elementor-element-3cf31f8 elementor-widget elementor-widget-heading\" data-id=\"3cf31f8\" data-element_type=\"widget\" data-widget_type=\"heading.default\">\n\t\t\t\t<div class=\"elementor-widget-container\">\n\t\t\t\t\t<h1 class=\"elementor-heading-title elementor-size-default\">Services<\/h1>\t\t\t\t<\/div>\n\t\t\t\t<\/div>\n\t\t\t\t\t<\/div>\n\t\t\t\t<\/div>\n\t\t<div class=\"elementor-element elementor-element-48b25b0 recherche e-flex e-con-boxed e-con e-parent\" data-id=\"48b25b0\" data-element_type=\"container\" id=\"recherche\">\n\t\t\t\t\t<div class=\"e-con-inner\">\n\t\t<div class=\"elementor-element elementor-element-ffbbb7b e-con-full e-flex e-con e-child\" data-id=\"ffbbb7b\" data-element_type=\"container\">\n\t\t\t\t<div class=\"elementor-element elementor-element-06795d6 elementor-widget elementor-widget-heading\" data-id=\"06795d6\" data-element_type=\"widget\" data-widget_type=\"heading.default\">\n\t\t\t\t<div class=\"elementor-widget-container\">\n\t\t\t\t\t<h2 class=\"elementor-heading-title elementor-size-default\">Recherche <\/h2>\t\t\t\t<\/div>\n\t\t\t\t<\/div>\n\t\t\t\t<div class=\"elementor-element elementor-element-2bdf620 elementor-widget elementor-widget-text-editor\" data-id=\"2bdf620\" data-element_type=\"widget\" data-widget_type=\"text-editor.default\">\n\t\t\t\t<div class=\"elementor-widget-container\">\n\t\t\t\t\t\t\t\t\t<p>Nous nous distinguons dans notre secteur par la conception et le d\u00e9veloppement de produits de haute qualit\u00e9, adapt\u00e9s aux besoins des professionnels de l\u2019industrie c\u00e9ramique. Notre m\u00e9thodologie s\u2019appuie sur des \u00e9tudes de march\u00e9 et s\u2019adapte aux exigences techniques des processus de production de nos clients. Ainsi, nos principaux produits sont con\u00e7us pour \u00eatre appliqu\u00e9s avec diff\u00e9rentes techniques et sur diff\u00e9rents types de c\u00e9ramiques afin d\u2019obtenir des textures et des finitions uniques. Nous d\u00e9veloppons et innovons constamment pour cr\u00e9er des produits performants et respectueux de l\u2019environnement.<\/p>\t\t\t\t\t\t\t\t<\/div>\n\t\t\t\t<\/div>\n\t\t\t\t<\/div>\n\t\t<div class=\"elementor-element elementor-element-cf6756f e-con-full e-flex e-con e-child\" data-id=\"cf6756f\" data-element_type=\"container\">\n\t\t\t\t<div class=\"elementor-element elementor-element-ae7c62e elementor-widget elementor-widget-image\" data-id=\"ae7c62e\" data-element_type=\"widget\" data-widget_type=\"image.default\">\n\t\t\t\t<div class=\"elementor-widget-container\">\n\t\t\t\t\t\t\t\t\t\t\t\t\t\t\t<img decoding=\"async\" src=\"https:\/\/prodesco.es\/wp-content\/uploads\/elementor\/thumbs\/Prodesco_corpo-23-rc9tl8x9p2i03h6bqp3bym9jv453a5zgaf1peiwz34.jpg\" title=\"Servicios &#8211; investigaci\u00f3n\" alt=\"Servicios - investigaci\u00f3n\" loading=\"lazy\" \/>\t\t\t\t\t\t\t\t\t\t\t\t\t\t\t<\/div>\n\t\t\t\t<\/div>\n\t\t\t\t<\/div>\n\t\t\t\t\t<\/div>\n\t\t\t\t<\/div>\n\t\t<div class=\"elementor-element elementor-element-12abf67 e-flex e-con-boxed e-con e-parent\" data-id=\"12abf67\" data-element_type=\"container\" id=\"production\">\n\t\t\t\t\t<div class=\"e-con-inner\">\n\t\t<div class=\"elementor-element elementor-element-025a7fe e-con-full e-flex e-con e-child\" data-id=\"025a7fe\" data-element_type=\"container\">\n\t\t\t\t<div class=\"elementor-element elementor-element-1c9eb41 elementor-widget elementor-widget-heading\" data-id=\"1c9eb41\" data-element_type=\"widget\" data-widget_type=\"heading.default\">\n\t\t\t\t<div class=\"elementor-widget-container\">\n\t\t\t\t\t<h2 class=\"elementor-heading-title elementor-size-default\">Production <\/h2>\t\t\t\t<\/div>\n\t\t\t\t<\/div>\n\t\t\t\t<div class=\"elementor-element elementor-element-288b706 elementor-widget elementor-widget-text-editor\" data-id=\"288b706\" data-element_type=\"widget\" data-widget_type=\"text-editor.default\">\n\t\t\t\t<div class=\"elementor-widget-container\">\n\t\t\t\t\t\t\t\t\t<p>Notre c\u0153ur de m\u00e9tier est la fabrication d\u2019\u00e9maux et d\u2019engobes c\u00e9ramiques. Nous avons d\u00e9velopp\u00e9 des techniques de fabrication qui nous permettent de fournir aussi bien de grandes quantit\u00e9s que de petites s\u00e9ries.<br \/>Il existe quatre lignes ou processus de production : broyage humide et exp\u00e9dition sous forme liquide ; broyage humide et s\u00e9chage pour exp\u00e9dition sous forme de poudre ; traitement \u00e0 sec pour exp\u00e9dition sous forme de poudre ; et traitement de produits en suspension pour exp\u00e9dition sous forme liquide. Ainsi, le produit final peut \u00eatre commercialis\u00e9 en grands formats pour une utilisation industrielle ou en petits conditionnements pour la vente directe.<\/p>\t\t\t\t\t\t\t\t<\/div>\n\t\t\t\t<\/div>\n\t\t\t\t<\/div>\n\t\t<div class=\"elementor-element elementor-element-1bbb6c5 e-con-full e-flex e-con e-child\" data-id=\"1bbb6c5\" data-element_type=\"container\">\n\t\t\t\t<div class=\"elementor-element elementor-element-ef3c85b elementor-widget elementor-widget-image\" data-id=\"ef3c85b\" data-element_type=\"widget\" data-widget_type=\"image.default\">\n\t\t\t\t<div class=\"elementor-widget-container\">\n\t\t\t\t\t\t\t\t\t\t\t\t\t\t\t<img decoding=\"async\" src=\"https:\/\/prodesco.es\/wp-content\/uploads\/elementor\/thumbs\/Prodesco_corpo-3-rc9tlbqs9klv2b28a8b7o3jxn9r6x9anat05ucsskg.jpg\" title=\"Servicios &#8211; producci\u00f3n\" alt=\"Servicios - producci\u00f3n\" loading=\"lazy\" \/>\t\t\t\t\t\t\t\t\t\t\t\t\t\t\t<\/div>\n\t\t\t\t<\/div>\n\t\t\t\t<\/div>\n\t\t\t\t\t<\/div>\n\t\t\t\t<\/div>\n\t\t<div class=\"elementor-element elementor-element-bd3f362 e-flex e-con-boxed e-con e-parent\" data-id=\"bd3f362\" data-element_type=\"container\" id=\"distribution-et-vente\">\n\t\t\t\t\t<div class=\"e-con-inner\">\n\t\t<div class=\"elementor-element elementor-element-c0c1319 e-con-full e-flex e-con e-child\" data-id=\"c0c1319\" data-element_type=\"container\">\n\t\t\t\t<div class=\"elementor-element elementor-element-f2cc891 elementor-widget elementor-widget-heading\" data-id=\"f2cc891\" data-element_type=\"widget\" data-widget_type=\"heading.default\">\n\t\t\t\t<div class=\"elementor-widget-container\">\n\t\t\t\t\t<h2 class=\"elementor-heading-title elementor-size-default\">Distribution <br>et vente<\/h2>\t\t\t\t<\/div>\n\t\t\t\t<\/div>\n\t\t\t\t<div class=\"elementor-element elementor-element-2372f02 elementor-widget elementor-widget-text-editor\" data-id=\"2372f02\" data-element_type=\"widget\" data-widget_type=\"text-editor.default\">\n\t\t\t\t<div class=\"elementor-widget-container\">\n\t\t\t\t\t\t\t\t\t<p>Nous fournissons nos produits c\u00e9ramiques \u00e0 l\u2019ensemble du secteur, de l\u2019artisanat \u00e0 l\u2019industrie de la c\u00e9ramique structurelle de tuiles et briques, tant au niveau national qu\u2019international. Nous disposons \u00e9galement de distributeurs pour la vente au d\u00e9tail en Espagne et dans le monde entier. Nous proposons une gamme compl\u00e8te de mat\u00e9riaux et d\u2019ustensiles c\u00e9ramiques, allant des \u00e9maux et pigments aux outils et \u00e9quipements pour la c\u00e9ramique. Vous trouverez tous ces produits dans notre magasin de Manises.<\/p>\t\t\t\t\t\t\t\t<\/div>\n\t\t\t\t<\/div>\n\t\t\t\t<\/div>\n\t\t<div class=\"elementor-element elementor-element-b355d4c e-con-full e-flex e-con e-child\" data-id=\"b355d4c\" data-element_type=\"container\">\n\t\t\t\t<div class=\"elementor-element elementor-element-e50b74e elementor-widget elementor-widget-image\" data-id=\"e50b74e\" data-element_type=\"widget\" data-widget_type=\"image.default\">\n\t\t\t\t<div class=\"elementor-widget-container\">\n\t\t\t\t\t\t\t\t\t\t\t\t\t\t\t<img decoding=\"async\" src=\"https:\/\/prodesco.es\/wp-content\/uploads\/elementor\/thumbs\/Prodesco_corpo-52-rc9tl8x9p2i03h6bqp3bym9jv453a5zgaf1peiwz34.jpg\" title=\"Servicios &#8211; distribuci\u00f3n y venta\" alt=\"Servicios - distribuci\u00f3n y venta\" loading=\"lazy\" \/>\t\t\t\t\t\t\t\t\t\t\t\t\t\t\t<\/div>\n\t\t\t\t<\/div>\n\t\t\t\t<\/div>\n\t\t\t\t\t<\/div>\n\t\t\t\t<\/div>\n\t\t<div class=\"elementor-element elementor-element-e3dfac7 e-flex e-con-boxed e-con e-parent\" data-id=\"e3dfac7\" data-element_type=\"container\" id=\"assistance\">\n\t\t\t\t\t<div class=\"e-con-inner\">\n\t\t<div class=\"elementor-element elementor-element-a6e08ef e-con-full e-flex e-con e-child\" data-id=\"a6e08ef\" data-element_type=\"container\">\n\t\t\t\t<div class=\"elementor-element elementor-element-2aad64d elementor-widget elementor-widget-heading\" data-id=\"2aad64d\" data-element_type=\"widget\" data-widget_type=\"heading.default\">\n\t\t\t\t<div class=\"elementor-widget-container\">\n\t\t\t\t\t<h2 class=\"elementor-heading-title elementor-size-default\">Assistance <\/h2>\t\t\t\t<\/div>\n\t\t\t\t<\/div>\n\t\t\t\t<div class=\"elementor-element elementor-element-50961fb elementor-widget elementor-widget-text-editor\" data-id=\"50961fb\" data-element_type=\"widget\" data-widget_type=\"text-editor.default\">\n\t\t\t\t<div class=\"elementor-widget-container\">\n\t\t\t\t\t\t\t\t\t<p>Tout au long de notre histoire, nous avons d\u00e9velopp\u00e9 une expertise technique approfondie que nous mettons \u00e0 la disposition de nos clients. Celle-ci comprend des conseils sur l\u2019utilisation de nos produits, l\u2019am\u00e9lioration des proc\u00e9d\u00e9s de production de c\u00e9ramique et la personnalisation de produits pour r\u00e9pondre \u00e0 des exigences sp\u00e9cifiques. Notre \u00e9quipe de recherche et d\u00e9veloppement, compos\u00e9e de techniciens c\u00e9ramistes, travaille en \u00e9troite collaboration avec nos clients pour leur proposer des solutions adapt\u00e9es \u00e0 leurs besoins. La satisfaction de nos clients est notre priorit\u00e9 et nous sommes \u00e0 votre disposition pour toute question. Osez cr\u00e9er, nous vous accompagnerons.<\/p>\t\t\t\t\t\t\t\t<\/div>\n\t\t\t\t<\/div>\n\t\t\t\t<\/div>\n\t\t<div class=\"elementor-element elementor-element-f8c1c90 e-con-full e-flex e-con e-child\" data-id=\"f8c1c90\" data-element_type=\"container\">\n\t\t\t\t<div class=\"elementor-element elementor-element-34e7ad3 elementor-widget elementor-widget-image\" data-id=\"34e7ad3\" data-element_type=\"widget\" data-widget_type=\"image.default\">\n\t\t\t\t<div class=\"elementor-widget-container\">\n\t\t\t\t\t\t\t\t\t\t\t\t\t\t\t<img decoding=\"async\" src=\"https:\/\/prodesco.es\/wp-content\/uploads\/elementor\/thumbs\/Prodesco_corpo-15-rc9tldmhv3gauxsy23b6e237hj9cqiqn9degxco97k.jpg\" title=\"Servicios &#8211; asesoramiento\" alt=\"Servicios - asesoramiento\" loading=\"lazy\" \/>\t\t\t\t\t\t\t\t\t\t\t\t\t\t\t<\/div>\n\t\t\t\t<\/div>\n\t\t\t\t<\/div>\n\t\t\t\t\t<\/div>\n\t\t\t\t<\/div>\n\t\t\t\t<\/div>\n\t\t","protected":false},"excerpt":{"rendered":"<p>Services Recherche Nous nous distinguons dans notre secteur par la conception et le d\u00e9veloppement de produits de haute qualit\u00e9, adapt\u00e9s aux besoins des professionnels de l\u2019industrie c\u00e9ramique. Notre m\u00e9thodologie s\u2019appuie sur des \u00e9tudes de march\u00e9 et s\u2019adapte aux exigences techniques des processus de production de nos clients. Ainsi, nos principaux produits sont con\u00e7us pour \u00eatre [&hellip;]<\/p>\n","protected":false},"author":2,"featured_media":20560,"parent":0,"menu_order":0,"comment_status":"closed","ping_status":"closed","template":"","meta":{"_acf_changed":false,"footnotes":""},"class_list":["post-20558","page","type-page","status-publish","has-post-thumbnail","hentry"],"acf":[],"yoast_head":"<!-- This site is optimized with the Yoast SEO plugin v25.5 - https:\/\/yoast.com\/wordpress\/plugins\/seo\/ -->\n<title>Servicios cer\u00e1micos para construcci\u00f3n | Prodesco<\/title>\n<meta name=\"description\" content=\"Descubre los servicios cer\u00e1micos para construcci\u00f3n que ofrece Prodesco: asesor\u00eda t\u00e9cnica, instalaci\u00f3n profesional y soporte postventa\" \/>\n<meta name=\"robots\" content=\"index, follow, max-snippet:-1, max-image-preview:large, max-video-preview:-1\" \/>\n<link rel=\"canonical\" href=\"https:\/\/prodesco.es\/fr\/services-ceramiques\/\" \/>\n<meta property=\"og:locale\" content=\"fr_FR\" \/>\n<meta property=\"og:type\" content=\"article\" \/>\n<meta property=\"og:title\" content=\"Servicios cer\u00e1micos para construcci\u00f3n | Prodesco\" \/>\n<meta property=\"og:description\" content=\"Descubre los servicios cer\u00e1micos para construcci\u00f3n que ofrece Prodesco: asesor\u00eda t\u00e9cnica, instalaci\u00f3n profesional y soporte postventa\" \/>\n<meta property=\"og:url\" content=\"https:\/\/prodesco.es\/fr\/services-ceramiques\/\" \/>\n<meta property=\"og:site_name\" content=\"Prodesco\" \/>\n<meta property=\"article:modified_time\" content=\"2025-09-12T14:41:17+00:00\" \/>\n<meta property=\"og:image\" content=\"https:\/\/prodesco.es\/wp-content\/uploads\/2025\/07\/Prodesco_corpo-23-r8scoqwu73pzgz3f6a0gkb21twqpm5id12ew6w5rq8.jpg\" \/>\n\t<meta property=\"og:image:width\" content=\"400\" \/>\n\t<meta property=\"og:image:height\" content=\"400\" \/>\n\t<meta property=\"og:image:type\" content=\"image\/jpeg\" \/>\n<meta name=\"twitter:card\" content=\"summary_large_image\" \/>\n<meta name=\"twitter:label1\" content=\"Dur\u00e9e de lecture estim\u00e9e\" \/>\n\t<meta name=\"twitter:data1\" content=\"3 minutes\" \/>\n<script type=\"application\/ld+json\" class=\"yoast-schema-graph\">{\"@context\":\"https:\/\/schema.org\",\"@graph\":[{\"@type\":\"WebPage\",\"@id\":\"https:\/\/prodesco.es\/fr\/services-ceramiques\/\",\"url\":\"https:\/\/prodesco.es\/fr\/services-ceramiques\/\",\"name\":\"Servicios cer\u00e1micos para construcci\u00f3n | Prodesco\",\"isPartOf\":{\"@id\":\"https:\/\/prodesco.es\/fr\/#website\"},\"primaryImageOfPage\":{\"@id\":\"https:\/\/prodesco.es\/fr\/services-ceramiques\/#primaryimage\"},\"image\":{\"@id\":\"https:\/\/prodesco.es\/fr\/services-ceramiques\/#primaryimage\"},\"thumbnailUrl\":\"https:\/\/prodesco.es\/wp-content\/uploads\/2025\/07\/Prodesco_corpo-23-r8scoqwu73pzgz3f6a0gkb21twqpm5id12ew6w5rq8.jpg\",\"datePublished\":\"2025-01-12T18:29:26+00:00\",\"dateModified\":\"2025-09-12T14:41:17+00:00\",\"description\":\"Descubre los servicios cer\u00e1micos para construcci\u00f3n que ofrece Prodesco: asesor\u00eda t\u00e9cnica, instalaci\u00f3n profesional y soporte postventa\",\"breadcrumb\":{\"@id\":\"https:\/\/prodesco.es\/fr\/services-ceramiques\/#breadcrumb\"},\"inLanguage\":\"fr-FR\",\"potentialAction\":[{\"@type\":\"ReadAction\",\"target\":[\"https:\/\/prodesco.es\/fr\/services-ceramiques\/\"]}]},{\"@type\":\"ImageObject\",\"inLanguage\":\"fr-FR\",\"@id\":\"https:\/\/prodesco.es\/fr\/services-ceramiques\/#primaryimage\",\"url\":\"https:\/\/prodesco.es\/wp-content\/uploads\/2025\/07\/Prodesco_corpo-23-r8scoqwu73pzgz3f6a0gkb21twqpm5id12ew6w5rq8.jpg\",\"contentUrl\":\"https:\/\/prodesco.es\/wp-content\/uploads\/2025\/07\/Prodesco_corpo-23-r8scoqwu73pzgz3f6a0gkb21twqpm5id12ew6w5rq8.jpg\",\"width\":400,\"height\":400,\"caption\":\"Servicios cer\u00e1micos para construcci\u00f3n | Prodesco\"},{\"@type\":\"BreadcrumbList\",\"@id\":\"https:\/\/prodesco.es\/fr\/services-ceramiques\/#breadcrumb\",\"itemListElement\":[{\"@type\":\"ListItem\",\"position\":1,\"name\":\"Portada\",\"item\":\"https:\/\/prodesco.es\/fr\/\"},{\"@type\":\"ListItem\",\"position\":2,\"name\":\"Services\"}]},{\"@type\":\"WebSite\",\"@id\":\"https:\/\/prodesco.es\/fr\/#website\",\"url\":\"https:\/\/prodesco.es\/fr\/\",\"name\":\"Prodesco\",\"description\":\"Prodesco\",\"publisher\":{\"@id\":\"https:\/\/prodesco.es\/fr\/#organization\"},\"potentialAction\":[{\"@type\":\"SearchAction\",\"target\":{\"@type\":\"EntryPoint\",\"urlTemplate\":\"https:\/\/prodesco.es\/fr\/?s={search_term_string}\"},\"query-input\":{\"@type\":\"PropertyValueSpecification\",\"valueRequired\":true,\"valueName\":\"search_term_string\"}}],\"inLanguage\":\"fr-FR\"},{\"@type\":\"Organization\",\"@id\":\"https:\/\/prodesco.es\/fr\/#organization\",\"name\":\"Prodesco\",\"url\":\"https:\/\/prodesco.es\/fr\/\",\"logo\":{\"@type\":\"ImageObject\",\"inLanguage\":\"fr-FR\",\"@id\":\"https:\/\/prodesco.es\/fr\/#\/schema\/logo\/image\/\",\"url\":\"https:\/\/prodesco.es\/wp-content\/uploads\/2025\/01\/Grupo-13.svg\",\"contentUrl\":\"https:\/\/prodesco.es\/wp-content\/uploads\/2025\/01\/Grupo-13.svg\",\"width\":282,\"height\":46,\"caption\":\"Prodesco\"},\"image\":{\"@id\":\"https:\/\/prodesco.es\/fr\/#\/schema\/logo\/image\/\"}}]}<\/script>\n<!-- \/ Yoast SEO plugin. -->","yoast_head_json":{"title":"Servicios cer\u00e1micos para construcci\u00f3n | Prodesco","description":"Descubre los servicios cer\u00e1micos para construcci\u00f3n que ofrece Prodesco: asesor\u00eda t\u00e9cnica, instalaci\u00f3n profesional y soporte postventa","robots":{"index":"index","follow":"follow","max-snippet":"max-snippet:-1","max-image-preview":"max-image-preview:large","max-video-preview":"max-video-preview:-1"},"canonical":"https:\/\/prodesco.es\/fr\/services-ceramiques\/","og_locale":"fr_FR","og_type":"article","og_title":"Servicios cer\u00e1micos para construcci\u00f3n | Prodesco","og_description":"Descubre los servicios cer\u00e1micos para construcci\u00f3n que ofrece Prodesco: asesor\u00eda t\u00e9cnica, instalaci\u00f3n profesional y soporte postventa","og_url":"https:\/\/prodesco.es\/fr\/services-ceramiques\/","og_site_name":"Prodesco","article_modified_time":"2025-09-12T14:41:17+00:00","og_image":[{"width":400,"height":400,"url":"https:\/\/prodesco.es\/wp-content\/uploads\/2025\/07\/Prodesco_corpo-23-r8scoqwu73pzgz3f6a0gkb21twqpm5id12ew6w5rq8.jpg","type":"image\/jpeg"}],"twitter_card":"summary_large_image","twitter_misc":{"Dur\u00e9e de lecture estim\u00e9e":"3 minutes"},"schema":{"@context":"https:\/\/schema.org","@graph":[{"@type":"WebPage","@id":"https:\/\/prodesco.es\/fr\/services-ceramiques\/","url":"https:\/\/prodesco.es\/fr\/services-ceramiques\/","name":"Servicios cer\u00e1micos para construcci\u00f3n | Prodesco","isPartOf":{"@id":"https:\/\/prodesco.es\/fr\/#website"},"primaryImageOfPage":{"@id":"https:\/\/prodesco.es\/fr\/services-ceramiques\/#primaryimage"},"image":{"@id":"https:\/\/prodesco.es\/fr\/services-ceramiques\/#primaryimage"},"thumbnailUrl":"https:\/\/prodesco.es\/wp-content\/uploads\/2025\/07\/Prodesco_corpo-23-r8scoqwu73pzgz3f6a0gkb21twqpm5id12ew6w5rq8.jpg","datePublished":"2025-01-12T18:29:26+00:00","dateModified":"2025-09-12T14:41:17+00:00","description":"Descubre los servicios cer\u00e1micos para construcci\u00f3n que ofrece Prodesco: asesor\u00eda t\u00e9cnica, instalaci\u00f3n profesional y soporte postventa","breadcrumb":{"@id":"https:\/\/prodesco.es\/fr\/services-ceramiques\/#breadcrumb"},"inLanguage":"fr-FR","potentialAction":[{"@type":"ReadAction","target":["https:\/\/prodesco.es\/fr\/services-ceramiques\/"]}]},{"@type":"ImageObject","inLanguage":"fr-FR","@id":"https:\/\/prodesco.es\/fr\/services-ceramiques\/#primaryimage","url":"https:\/\/prodesco.es\/wp-content\/uploads\/2025\/07\/Prodesco_corpo-23-r8scoqwu73pzgz3f6a0gkb21twqpm5id12ew6w5rq8.jpg","contentUrl":"https:\/\/prodesco.es\/wp-content\/uploads\/2025\/07\/Prodesco_corpo-23-r8scoqwu73pzgz3f6a0gkb21twqpm5id12ew6w5rq8.jpg","width":400,"height":400,"caption":"Servicios cer\u00e1micos para construcci\u00f3n | Prodesco"},{"@type":"BreadcrumbList","@id":"https:\/\/prodesco.es\/fr\/services-ceramiques\/#breadcrumb","itemListElement":[{"@type":"ListItem","position":1,"name":"Portada","item":"https:\/\/prodesco.es\/fr\/"},{"@type":"ListItem","position":2,"name":"Services"}]},{"@type":"WebSite","@id":"https:\/\/prodesco.es\/fr\/#website","url":"https:\/\/prodesco.es\/fr\/","name":"Prodesco","description":"Prodesco","publisher":{"@id":"https:\/\/prodesco.es\/fr\/#organization"},"potentialAction":[{"@type":"SearchAction","target":{"@type":"EntryPoint","urlTemplate":"https:\/\/prodesco.es\/fr\/?s={search_term_string}"},"query-input":{"@type":"PropertyValueSpecification","valueRequired":true,"valueName":"search_term_string"}}],"inLanguage":"fr-FR"},{"@type":"Organization","@id":"https:\/\/prodesco.es\/fr\/#organization","name":"Prodesco","url":"https:\/\/prodesco.es\/fr\/","logo":{"@type":"ImageObject","inLanguage":"fr-FR","@id":"https:\/\/prodesco.es\/fr\/#\/schema\/logo\/image\/","url":"https:\/\/prodesco.es\/wp-content\/uploads\/2025\/01\/Grupo-13.svg","contentUrl":"https:\/\/prodesco.es\/wp-content\/uploads\/2025\/01\/Grupo-13.svg","width":282,"height":46,"caption":"Prodesco"},"image":{"@id":"https:\/\/prodesco.es\/fr\/#\/schema\/logo\/image\/"}}]}},"_links":{"self":[{"href":"https:\/\/prodesco.es\/fr\/wp-json\/wp\/v2\/pages\/20558","targetHints":{"allow":["GET"]}}],"collection":[{"href":"https:\/\/prodesco.es\/fr\/wp-json\/wp\/v2\/pages"}],"about":[{"href":"https:\/\/prodesco.es\/fr\/wp-json\/wp\/v2\/types\/page"}],"author":[{"embeddable":true,"href":"https:\/\/prodesco.es\/fr\/wp-json\/wp\/v2\/users\/2"}],"replies":[{"embeddable":true,"href":"https:\/\/prodesco.es\/fr\/wp-json\/wp\/v2\/comments?post=20558"}],"version-history":[{"count":7,"href":"https:\/\/prodesco.es\/fr\/wp-json\/wp\/v2\/pages\/20558\/revisions"}],"predecessor-version":[{"id":35945,"href":"https:\/\/prodesco.es\/fr\/wp-json\/wp\/v2\/pages\/20558\/revisions\/35945"}],"wp:featuredmedia":[{"embeddable":true,"href":"https:\/\/prodesco.es\/fr\/wp-json\/wp\/v2\/media\/20560"}],"wp:attachment":[{"href":"https:\/\/prodesco.es\/fr\/wp-json\/wp\/v2\/media?parent=20558"}],"curies":[{"name":"wp","href":"https:\/\/api.w.org\/{rel}","templated":true}]}}