{"id":45323,"date":"2026-03-18T07:41:03","date_gmt":"2026-03-18T07:41:03","guid":{"rendered":"https:\/\/prodesco.es\/producto\/cera-hidrosoluble\/"},"modified":"2026-03-18T07:41:04","modified_gmt":"2026-03-18T07:41:04","slug":"cera-hidrosoluble","status":"publish","type":"product","link":"https:\/\/prodesco.es\/fr\/produit\/cera-hidrosoluble\/","title":{"rendered":"Cera hidrosoluble"},"content":{"rendered":"<p>La Cera Hidrosoluble es una emulsi\u00f3n acuosa de cera que se utiliza para decoraci\u00f3n selectiva. Su finalidad es aislar la superficie cer\u00e1mica que no se desea esmaltar. La cera desaparece sin dejar residuo despu\u00e9s de la cocci\u00f3n.<\/p>\n","protected":false},"excerpt":{"rendered":"<p>La Cera Hidrosoluble es una emulsi\u00f3n acuosa de cera que se utiliza para decoraci\u00f3n selectiva. Su finalidad es aislar la superficie cer\u00e1mica que no se desea esmaltar. La cera desaparece sin dejar residuo despu\u00e9s de la cocci\u00f3n.<\/p>\n","protected":false},"featured_media":44748,"comment_status":"closed","ping_status":"open","template":"","meta":{"_acf_changed":false},"product_cat":[2198,2201],"product_tag":[],"class_list":{"0":"post-45323","1":"product","2":"type-product","3":"status-publish","4":"has-post-thumbnail","6":"product_cat-matieres-premieres-aditifs-et-fondants","7":"product_cat-mediums-et-additifs","8":"pa_categoria-reservantes-fr","9":"pa_disponible-en-250-gr-fr","11":"first","12":"instock","13":"purchasable","14":"product-type-simple"},"acf":{"schema_disabled":false,"schema_properties_WebPage_price":"","schema_properties_WebPage_priceValidUntil":null,"schema_properties_WebPage_availability":"","schema_properties_WebPage_itemCondition":"","schema_properties_Product_brand":"","schema_properties_Product_priceValidUntil":null,"schema_properties_Product_availability":"","schema_properties_Product_itemCondition":"","schema_properties_Product_ratingValue":"","schema_properties_Product_reviewCount":"","schema_sameAs_repeater":null,"schema_custom_json_repeater":null,"schema_custom_json_override":false},"yoast_head":"<!-- This site is optimized with the Yoast SEO plugin v25.5 - https:\/\/yoast.com\/wordpress\/plugins\/seo\/ -->\n<title>Cera hidrosoluble - Prodesco<\/title>\n<meta name=\"description\" content=\"La Cera Hidrosoluble es una emulsi\u00f3n acuosa de cera que se utiliza para decoraci\u00f3n selectiva. Su finalidad es aislar la superficie cer\u00e1mica que no se Prodesco\" \/>\n<meta name=\"robots\" content=\"index, follow, max-snippet:-1, max-image-preview:large, max-video-preview:-1\" \/>\n<link rel=\"canonical\" href=\"https:\/\/prodesco.es\/fr\/produit\/cera-hidrosoluble\/\" \/>\n<meta property=\"og:locale\" content=\"fr_FR\" \/>\n<meta property=\"og:type\" content=\"article\" \/>\n<meta property=\"og:title\" content=\"Cera hidrosoluble - Prodesco\" \/>\n<meta property=\"og:description\" content=\"La Cera Hidrosoluble es una emulsi\u00f3n acuosa de cera que se utiliza para decoraci\u00f3n selectiva. Su finalidad es aislar la superficie cer\u00e1mica que no se Prodesco\" \/>\n<meta property=\"og:url\" content=\"https:\/\/prodesco.es\/fr\/produit\/cera-hidrosoluble\/\" \/>\n<meta property=\"og:site_name\" content=\"Prodesco\" \/>\n<meta property=\"article:modified_time\" content=\"2026-03-18T07:41:04+00:00\" \/>\n<meta property=\"og:image\" content=\"https:\/\/prodesco.es\/wp-content\/uploads\/2025\/10\/60398200.png\" \/>\n\t<meta property=\"og:image:width\" content=\"3803\" \/>\n\t<meta property=\"og:image:height\" content=\"3803\" \/>\n\t<meta property=\"og:image:type\" content=\"image\/png\" \/>\n<meta name=\"twitter:card\" content=\"summary_large_image\" \/>\n<script type=\"application\/ld+json\" class=\"yoast-schema-graph\">{\"@context\":\"https:\/\/schema.org\",\"@graph\":[{\"@type\":\"WebPage\",\"@id\":\"https:\/\/prodesco.es\/fr\/produit\/cera-hidrosoluble\/\",\"url\":\"https:\/\/prodesco.es\/fr\/produit\/cera-hidrosoluble\/\",\"name\":\"Cera hidrosoluble - Prodesco\",\"isPartOf\":{\"@id\":\"https:\/\/prodesco.es\/fr\/#website\"},\"primaryImageOfPage\":{\"@id\":\"https:\/\/prodesco.es\/fr\/produit\/cera-hidrosoluble\/#primaryimage\"},\"image\":{\"@id\":\"https:\/\/prodesco.es\/fr\/produit\/cera-hidrosoluble\/#primaryimage\"},\"thumbnailUrl\":\"https:\/\/prodesco.es\/wp-content\/uploads\/2025\/10\/60398200.png\",\"datePublished\":\"2026-03-18T07:41:03+00:00\",\"dateModified\":\"2026-03-18T07:41:04+00:00\",\"description\":\"La Cera Hidrosoluble es una emulsi\u00f3n acuosa de cera que se utiliza para decoraci\u00f3n selectiva. Su finalidad es aislar la superficie cer\u00e1mica que no se Prodesco\",\"breadcrumb\":{\"@id\":\"https:\/\/prodesco.es\/fr\/produit\/cera-hidrosoluble\/#breadcrumb\"},\"inLanguage\":\"fr-FR\",\"potentialAction\":[{\"@type\":\"ReadAction\",\"target\":[\"https:\/\/prodesco.es\/fr\/produit\/cera-hidrosoluble\/\"]}]},{\"@type\":\"ImageObject\",\"inLanguage\":\"fr-FR\",\"@id\":\"https:\/\/prodesco.es\/fr\/produit\/cera-hidrosoluble\/#primaryimage\",\"url\":\"https:\/\/prodesco.es\/wp-content\/uploads\/2025\/10\/60398200.png\",\"contentUrl\":\"https:\/\/prodesco.es\/wp-content\/uploads\/2025\/10\/60398200.png\",\"width\":3803,\"height\":3803},{\"@type\":\"BreadcrumbList\",\"@id\":\"https:\/\/prodesco.es\/fr\/produit\/cera-hidrosoluble\/#breadcrumb\",\"itemListElement\":[{\"@type\":\"ListItem\",\"position\":1,\"name\":\"Portada\",\"item\":\"https:\/\/prodesco.es\/fr\/\"},{\"@type\":\"ListItem\",\"position\":2,\"name\":\"Produits\",\"item\":\"https:\/\/prodesco.es\/fr\/produits-ceramiques\/\"},{\"@type\":\"ListItem\",\"position\":3,\"name\":\"Cera hidrosoluble\"}]},{\"@type\":\"WebSite\",\"@id\":\"https:\/\/prodesco.es\/fr\/#website\",\"url\":\"https:\/\/prodesco.es\/fr\/\",\"name\":\"Prodesco\",\"description\":\"Prodesco\",\"publisher\":{\"@id\":\"https:\/\/prodesco.es\/fr\/#organization\"},\"potentialAction\":[{\"@type\":\"SearchAction\",\"target\":{\"@type\":\"EntryPoint\",\"urlTemplate\":\"https:\/\/prodesco.es\/fr\/?s={search_term_string}\"},\"query-input\":{\"@type\":\"PropertyValueSpecification\",\"valueRequired\":true,\"valueName\":\"search_term_string\"}}],\"inLanguage\":\"fr-FR\"},{\"@type\":\"Organization\",\"@id\":\"https:\/\/prodesco.es\/fr\/#organization\",\"name\":\"Prodesco\",\"url\":\"https:\/\/prodesco.es\/fr\/\",\"logo\":{\"@type\":\"ImageObject\",\"inLanguage\":\"fr-FR\",\"@id\":\"https:\/\/prodesco.es\/fr\/#\/schema\/logo\/image\/\",\"url\":\"https:\/\/prodesco.es\/wp-content\/uploads\/2025\/01\/Grupo-13.svg\",\"contentUrl\":\"https:\/\/prodesco.es\/wp-content\/uploads\/2025\/01\/Grupo-13.svg\",\"width\":282,\"height\":46,\"caption\":\"Prodesco\"},\"image\":{\"@id\":\"https:\/\/prodesco.es\/fr\/#\/schema\/logo\/image\/\"}}]}<\/script>\n<!-- \/ Yoast SEO plugin. -->","yoast_head_json":{"title":"Cera hidrosoluble - Prodesco","description":"La Cera Hidrosoluble es una emulsi\u00f3n acuosa de cera que se utiliza para decoraci\u00f3n selectiva. Su finalidad es aislar la superficie cer\u00e1mica que no se Prodesco","robots":{"index":"index","follow":"follow","max-snippet":"max-snippet:-1","max-image-preview":"max-image-preview:large","max-video-preview":"max-video-preview:-1"},"canonical":"https:\/\/prodesco.es\/fr\/produit\/cera-hidrosoluble\/","og_locale":"fr_FR","og_type":"article","og_title":"Cera hidrosoluble - Prodesco","og_description":"La Cera Hidrosoluble es una emulsi\u00f3n acuosa de cera que se utiliza para decoraci\u00f3n selectiva. Su finalidad es aislar la superficie cer\u00e1mica que no se Prodesco","og_url":"https:\/\/prodesco.es\/fr\/produit\/cera-hidrosoluble\/","og_site_name":"Prodesco","article_modified_time":"2026-03-18T07:41:04+00:00","og_image":[{"width":3803,"height":3803,"url":"https:\/\/prodesco.es\/wp-content\/uploads\/2025\/10\/60398200.png","type":"image\/png"}],"twitter_card":"summary_large_image","schema":{"@context":"https:\/\/schema.org","@graph":[{"@type":"WebPage","@id":"https:\/\/prodesco.es\/fr\/produit\/cera-hidrosoluble\/","url":"https:\/\/prodesco.es\/fr\/produit\/cera-hidrosoluble\/","name":"Cera hidrosoluble - Prodesco","isPartOf":{"@id":"https:\/\/prodesco.es\/fr\/#website"},"primaryImageOfPage":{"@id":"https:\/\/prodesco.es\/fr\/produit\/cera-hidrosoluble\/#primaryimage"},"image":{"@id":"https:\/\/prodesco.es\/fr\/produit\/cera-hidrosoluble\/#primaryimage"},"thumbnailUrl":"https:\/\/prodesco.es\/wp-content\/uploads\/2025\/10\/60398200.png","datePublished":"2026-03-18T07:41:03+00:00","dateModified":"2026-03-18T07:41:04+00:00","description":"La Cera Hidrosoluble es una emulsi\u00f3n acuosa de cera que se utiliza para decoraci\u00f3n selectiva. Su finalidad es aislar la superficie cer\u00e1mica que no se Prodesco","breadcrumb":{"@id":"https:\/\/prodesco.es\/fr\/produit\/cera-hidrosoluble\/#breadcrumb"},"inLanguage":"fr-FR","potentialAction":[{"@type":"ReadAction","target":["https:\/\/prodesco.es\/fr\/produit\/cera-hidrosoluble\/"]}]},{"@type":"ImageObject","inLanguage":"fr-FR","@id":"https:\/\/prodesco.es\/fr\/produit\/cera-hidrosoluble\/#primaryimage","url":"https:\/\/prodesco.es\/wp-content\/uploads\/2025\/10\/60398200.png","contentUrl":"https:\/\/prodesco.es\/wp-content\/uploads\/2025\/10\/60398200.png","width":3803,"height":3803},{"@type":"BreadcrumbList","@id":"https:\/\/prodesco.es\/fr\/produit\/cera-hidrosoluble\/#breadcrumb","itemListElement":[{"@type":"ListItem","position":1,"name":"Portada","item":"https:\/\/prodesco.es\/fr\/"},{"@type":"ListItem","position":2,"name":"Produits","item":"https:\/\/prodesco.es\/fr\/produits-ceramiques\/"},{"@type":"ListItem","position":3,"name":"Cera hidrosoluble"}]},{"@type":"WebSite","@id":"https:\/\/prodesco.es\/fr\/#website","url":"https:\/\/prodesco.es\/fr\/","name":"Prodesco","description":"Prodesco","publisher":{"@id":"https:\/\/prodesco.es\/fr\/#organization"},"potentialAction":[{"@type":"SearchAction","target":{"@type":"EntryPoint","urlTemplate":"https:\/\/prodesco.es\/fr\/?s={search_term_string}"},"query-input":{"@type":"PropertyValueSpecification","valueRequired":true,"valueName":"search_term_string"}}],"inLanguage":"fr-FR"},{"@type":"Organization","@id":"https:\/\/prodesco.es\/fr\/#organization","name":"Prodesco","url":"https:\/\/prodesco.es\/fr\/","logo":{"@type":"ImageObject","inLanguage":"fr-FR","@id":"https:\/\/prodesco.es\/fr\/#\/schema\/logo\/image\/","url":"https:\/\/prodesco.es\/wp-content\/uploads\/2025\/01\/Grupo-13.svg","contentUrl":"https:\/\/prodesco.es\/wp-content\/uploads\/2025\/01\/Grupo-13.svg","width":282,"height":46,"caption":"Prodesco"},"image":{"@id":"https:\/\/prodesco.es\/fr\/#\/schema\/logo\/image\/"}}]}},"_links":{"self":[{"href":"https:\/\/prodesco.es\/fr\/wp-json\/wp\/v2\/product\/45323","targetHints":{"allow":["GET"]}}],"collection":[{"href":"https:\/\/prodesco.es\/fr\/wp-json\/wp\/v2\/product"}],"about":[{"href":"https:\/\/prodesco.es\/fr\/wp-json\/wp\/v2\/types\/product"}],"replies":[{"embeddable":true,"href":"https:\/\/prodesco.es\/fr\/wp-json\/wp\/v2\/comments?post=45323"}],"wp:featuredmedia":[{"embeddable":true,"href":"https:\/\/prodesco.es\/fr\/wp-json\/wp\/v2\/media\/44748"}],"wp:attachment":[{"href":"https:\/\/prodesco.es\/fr\/wp-json\/wp\/v2\/media?parent=45323"}],"wp:term":[{"taxonomy":"product_cat","embeddable":true,"href":"https:\/\/prodesco.es\/fr\/wp-json\/wp\/v2\/product_cat?post=45323"},{"taxonomy":"product_tag","embeddable":true,"href":"https:\/\/prodesco.es\/fr\/wp-json\/wp\/v2\/product_tag?post=45323"}],"curies":[{"name":"wp","href":"https:\/\/api.w.org\/{rel}","templated":true}]}}