{"id":46480,"date":"2026-02-05T07:40:17","date_gmt":"2026-02-05T07:40:17","guid":{"rendered":"https:\/\/prodesco.es\/producto\/ensp-26-violeta\/"},"modified":"2026-02-05T07:40:18","modified_gmt":"2026-02-05T07:40:18","slug":"ensp-26-violeta","status":"publish","type":"product","link":"https:\/\/prodesco.es\/fr\/produit\/ensp-26-violeta\/","title":{"rendered":"ENSP-26 VIOLETA"},"content":{"rendered":"<p>La collection ENSP engobes color\u00e9s formul\u00e9s sans plomb dans leur composition, est con\u00e7ue pour l&#8217;engobe et la d\u00e9coration de pi\u00e8ces en p\u00e2te blanche ou rouge. La temp\u00e9ratures le d\u00e9veloppement maximal des couleurs \u00e9tant atteint \u00e0 980 \u00b0C. Cependant, ils peuvent \u00eatre utilis\u00e9s \u00e0 des temp\u00e9ratures plus \u00e9lev\u00e9es, permettant d&#8217;obtenir des finitions identiques, voire diff\u00e9rentes, selon la p\u00e2te utilis\u00e9e. <\/p>\n<p><i>Pour plus d&#8217;informations, consultez notre <a href=\"https:\/\/prodesco.es\/assets\/hojas-informacion\/fr\/ensp-fr.pdf\" target=\"_blank\">fiche d&#8217;information<\/a><\/i><\/p>\n","protected":false},"excerpt":{"rendered":"<p>La collection ENSP engobes color\u00e9s formul\u00e9s sans plomb dans leur composition, est con\u00e7ue pour l&#8217;engobe et la d\u00e9coration de pi\u00e8ces en p\u00e2te blanche ou rouge. La temp\u00e9ratures le d\u00e9veloppement maximal des couleurs \u00e9tant atteint \u00e0 980 \u00b0C. Cependant, ils peuvent \u00eatre utilis\u00e9s \u00e0 des temp\u00e9ratures plus \u00e9lev\u00e9es, permettant d&#8217;obtenir des finitions identiques, voire diff\u00e9rentes, selon [&hellip;]<\/p>\n","protected":false},"featured_media":45866,"comment_status":"closed","ping_status":"open","template":"","meta":{"_acf_changed":false},"product_cat":[2203,2205,2202],"product_tag":[],"class_list":{"0":"post-46480","1":"product","2":"type-product","3":"status-publish","4":"has-post-thumbnail","6":"product_cat-engobes","7":"product_cat-ensp-fr","8":"product_cat-engobes-et-emaux","9":"pa_disponible-en-1-kg-poudre","10":"pa_disponible-en-1-kg-suspension-fr","11":"pa_disponible-en-250-gr-suspension-fr","12":"pa_disponible-en-5-kg-suspension-fr","13":"pa_disponible-en-250-gr-suspension","14":"pa_disponible-en-1-kg-suspension","15":"pa_disponible-en-5-kg-suspension","16":"pa_disponible-en-1-kg-polvo","17":"pa_estado-polvo","18":"pa_estado-suspension","19":"pa_opacidad-opaques","20":"pa_plomo-no","22":"first","23":"instock","24":"purchasable","25":"product-type-variable","26":"has-default-attributes"},"acf":{"schema_disabled":false,"schema_properties_WebPage_price":"","schema_properties_WebPage_priceValidUntil":null,"schema_properties_WebPage_availability":"","schema_properties_WebPage_itemCondition":"","schema_properties_Product_brand":"","schema_properties_Product_priceValidUntil":null,"schema_properties_Product_availability":"","schema_properties_Product_itemCondition":"","schema_properties_Product_ratingValue":"","schema_properties_Product_reviewCount":"","schema_sameAs_repeater":null,"schema_custom_json_repeater":null,"schema_custom_json_override":false},"yoast_head":"<!-- This site is optimized with the Yoast SEO plugin v25.5 - https:\/\/yoast.com\/wordpress\/plugins\/seo\/ -->\n<title>ENSP-26 VIOLETA - Prodesco<\/title>\n<meta name=\"description\" content=\"La collection ENSP engobes color\u00e9s formul\u00e9s sans plomb dans leur composition, est con\u00e7ue pour l&#039;engobe et la d\u00e9coration de pi\u00e8ces en p\u00e2te blanche ou Prodesco\" \/>\n<meta name=\"robots\" content=\"index, follow, max-snippet:-1, max-image-preview:large, max-video-preview:-1\" \/>\n<link rel=\"canonical\" href=\"https:\/\/prodesco.es\/fr\/produit\/ensp-26-violeta\/\" \/>\n<meta property=\"og:locale\" content=\"fr_FR\" \/>\n<meta property=\"og:type\" content=\"article\" \/>\n<meta property=\"og:title\" content=\"ENSP-26 VIOLETA - Prodesco\" \/>\n<meta property=\"og:description\" content=\"La collection ENSP engobes color\u00e9s formul\u00e9s sans plomb dans leur composition, est con\u00e7ue pour l&#039;engobe et la d\u00e9coration de pi\u00e8ces en p\u00e2te blanche ou Prodesco\" \/>\n<meta property=\"og:url\" content=\"https:\/\/prodesco.es\/fr\/produit\/ensp-26-violeta\/\" \/>\n<meta property=\"og:site_name\" content=\"Prodesco\" \/>\n<meta property=\"article:modified_time\" content=\"2026-02-05T07:40:18+00:00\" \/>\n<meta property=\"og:image\" content=\"https:\/\/prodesco.es\/wp-content\/uploads\/2025\/10\/41112504-baja.png\" \/>\n\t<meta property=\"og:image:width\" content=\"1100\" \/>\n\t<meta property=\"og:image:height\" content=\"1100\" \/>\n\t<meta property=\"og:image:type\" content=\"image\/png\" \/>\n<meta name=\"twitter:card\" content=\"summary_large_image\" \/>\n<script type=\"application\/ld+json\" class=\"yoast-schema-graph\">{\"@context\":\"https:\/\/schema.org\",\"@graph\":[{\"@type\":\"WebPage\",\"@id\":\"https:\/\/prodesco.es\/fr\/produit\/ensp-26-violeta\/\",\"url\":\"https:\/\/prodesco.es\/fr\/produit\/ensp-26-violeta\/\",\"name\":\"ENSP-26 VIOLETA - Prodesco\",\"isPartOf\":{\"@id\":\"https:\/\/prodesco.es\/fr\/#website\"},\"primaryImageOfPage\":{\"@id\":\"https:\/\/prodesco.es\/fr\/produit\/ensp-26-violeta\/#primaryimage\"},\"image\":{\"@id\":\"https:\/\/prodesco.es\/fr\/produit\/ensp-26-violeta\/#primaryimage\"},\"thumbnailUrl\":\"https:\/\/prodesco.es\/wp-content\/uploads\/2025\/10\/41112504-baja.png\",\"datePublished\":\"2026-02-05T07:40:17+00:00\",\"dateModified\":\"2026-02-05T07:40:18+00:00\",\"description\":\"La collection ENSP engobes color\u00e9s formul\u00e9s sans plomb dans leur composition, est con\u00e7ue pour l'engobe et la d\u00e9coration de pi\u00e8ces en p\u00e2te blanche ou Prodesco\",\"breadcrumb\":{\"@id\":\"https:\/\/prodesco.es\/fr\/produit\/ensp-26-violeta\/#breadcrumb\"},\"inLanguage\":\"fr-FR\",\"potentialAction\":[{\"@type\":\"ReadAction\",\"target\":[\"https:\/\/prodesco.es\/fr\/produit\/ensp-26-violeta\/\"]}]},{\"@type\":\"ImageObject\",\"inLanguage\":\"fr-FR\",\"@id\":\"https:\/\/prodesco.es\/fr\/produit\/ensp-26-violeta\/#primaryimage\",\"url\":\"https:\/\/prodesco.es\/wp-content\/uploads\/2025\/10\/41112504-baja.png\",\"contentUrl\":\"https:\/\/prodesco.es\/wp-content\/uploads\/2025\/10\/41112504-baja.png\",\"width\":1100,\"height\":1100,\"caption\":\"es:Baja Temperatura;en:Low temperature;fr:Basse temp\u00e9rature\"},{\"@type\":\"BreadcrumbList\",\"@id\":\"https:\/\/prodesco.es\/fr\/produit\/ensp-26-violeta\/#breadcrumb\",\"itemListElement\":[{\"@type\":\"ListItem\",\"position\":1,\"name\":\"Portada\",\"item\":\"https:\/\/prodesco.es\/fr\/\"},{\"@type\":\"ListItem\",\"position\":2,\"name\":\"Produits\",\"item\":\"https:\/\/prodesco.es\/fr\/produits-ceramiques\/\"},{\"@type\":\"ListItem\",\"position\":3,\"name\":\"ENSP-26 VIOLETA\"}]},{\"@type\":\"WebSite\",\"@id\":\"https:\/\/prodesco.es\/fr\/#website\",\"url\":\"https:\/\/prodesco.es\/fr\/\",\"name\":\"Prodesco\",\"description\":\"Prodesco\",\"publisher\":{\"@id\":\"https:\/\/prodesco.es\/fr\/#organization\"},\"potentialAction\":[{\"@type\":\"SearchAction\",\"target\":{\"@type\":\"EntryPoint\",\"urlTemplate\":\"https:\/\/prodesco.es\/fr\/?s={search_term_string}\"},\"query-input\":{\"@type\":\"PropertyValueSpecification\",\"valueRequired\":true,\"valueName\":\"search_term_string\"}}],\"inLanguage\":\"fr-FR\"},{\"@type\":\"Organization\",\"@id\":\"https:\/\/prodesco.es\/fr\/#organization\",\"name\":\"Prodesco\",\"url\":\"https:\/\/prodesco.es\/fr\/\",\"logo\":{\"@type\":\"ImageObject\",\"inLanguage\":\"fr-FR\",\"@id\":\"https:\/\/prodesco.es\/fr\/#\/schema\/logo\/image\/\",\"url\":\"https:\/\/prodesco.es\/wp-content\/uploads\/2025\/01\/Grupo-13.svg\",\"contentUrl\":\"https:\/\/prodesco.es\/wp-content\/uploads\/2025\/01\/Grupo-13.svg\",\"width\":282,\"height\":46,\"caption\":\"Prodesco\"},\"image\":{\"@id\":\"https:\/\/prodesco.es\/fr\/#\/schema\/logo\/image\/\"}}]}<\/script>\n<!-- \/ Yoast SEO plugin. -->","yoast_head_json":{"title":"ENSP-26 VIOLETA - Prodesco","description":"La collection ENSP engobes color\u00e9s formul\u00e9s sans plomb dans leur composition, est con\u00e7ue pour l'engobe et la d\u00e9coration de pi\u00e8ces en p\u00e2te blanche ou Prodesco","robots":{"index":"index","follow":"follow","max-snippet":"max-snippet:-1","max-image-preview":"max-image-preview:large","max-video-preview":"max-video-preview:-1"},"canonical":"https:\/\/prodesco.es\/fr\/produit\/ensp-26-violeta\/","og_locale":"fr_FR","og_type":"article","og_title":"ENSP-26 VIOLETA - Prodesco","og_description":"La collection ENSP engobes color\u00e9s formul\u00e9s sans plomb dans leur composition, est con\u00e7ue pour l'engobe et la d\u00e9coration de pi\u00e8ces en p\u00e2te blanche ou Prodesco","og_url":"https:\/\/prodesco.es\/fr\/produit\/ensp-26-violeta\/","og_site_name":"Prodesco","article_modified_time":"2026-02-05T07:40:18+00:00","og_image":[{"width":1100,"height":1100,"url":"https:\/\/prodesco.es\/wp-content\/uploads\/2025\/10\/41112504-baja.png","type":"image\/png"}],"twitter_card":"summary_large_image","schema":{"@context":"https:\/\/schema.org","@graph":[{"@type":"WebPage","@id":"https:\/\/prodesco.es\/fr\/produit\/ensp-26-violeta\/","url":"https:\/\/prodesco.es\/fr\/produit\/ensp-26-violeta\/","name":"ENSP-26 VIOLETA - Prodesco","isPartOf":{"@id":"https:\/\/prodesco.es\/fr\/#website"},"primaryImageOfPage":{"@id":"https:\/\/prodesco.es\/fr\/produit\/ensp-26-violeta\/#primaryimage"},"image":{"@id":"https:\/\/prodesco.es\/fr\/produit\/ensp-26-violeta\/#primaryimage"},"thumbnailUrl":"https:\/\/prodesco.es\/wp-content\/uploads\/2025\/10\/41112504-baja.png","datePublished":"2026-02-05T07:40:17+00:00","dateModified":"2026-02-05T07:40:18+00:00","description":"La collection ENSP engobes color\u00e9s formul\u00e9s sans plomb dans leur composition, est con\u00e7ue pour l'engobe et la d\u00e9coration de pi\u00e8ces en p\u00e2te blanche ou Prodesco","breadcrumb":{"@id":"https:\/\/prodesco.es\/fr\/produit\/ensp-26-violeta\/#breadcrumb"},"inLanguage":"fr-FR","potentialAction":[{"@type":"ReadAction","target":["https:\/\/prodesco.es\/fr\/produit\/ensp-26-violeta\/"]}]},{"@type":"ImageObject","inLanguage":"fr-FR","@id":"https:\/\/prodesco.es\/fr\/produit\/ensp-26-violeta\/#primaryimage","url":"https:\/\/prodesco.es\/wp-content\/uploads\/2025\/10\/41112504-baja.png","contentUrl":"https:\/\/prodesco.es\/wp-content\/uploads\/2025\/10\/41112504-baja.png","width":1100,"height":1100,"caption":"es:Baja Temperatura;en:Low temperature;fr:Basse temp\u00e9rature"},{"@type":"BreadcrumbList","@id":"https:\/\/prodesco.es\/fr\/produit\/ensp-26-violeta\/#breadcrumb","itemListElement":[{"@type":"ListItem","position":1,"name":"Portada","item":"https:\/\/prodesco.es\/fr\/"},{"@type":"ListItem","position":2,"name":"Produits","item":"https:\/\/prodesco.es\/fr\/produits-ceramiques\/"},{"@type":"ListItem","position":3,"name":"ENSP-26 VIOLETA"}]},{"@type":"WebSite","@id":"https:\/\/prodesco.es\/fr\/#website","url":"https:\/\/prodesco.es\/fr\/","name":"Prodesco","description":"Prodesco","publisher":{"@id":"https:\/\/prodesco.es\/fr\/#organization"},"potentialAction":[{"@type":"SearchAction","target":{"@type":"EntryPoint","urlTemplate":"https:\/\/prodesco.es\/fr\/?s={search_term_string}"},"query-input":{"@type":"PropertyValueSpecification","valueRequired":true,"valueName":"search_term_string"}}],"inLanguage":"fr-FR"},{"@type":"Organization","@id":"https:\/\/prodesco.es\/fr\/#organization","name":"Prodesco","url":"https:\/\/prodesco.es\/fr\/","logo":{"@type":"ImageObject","inLanguage":"fr-FR","@id":"https:\/\/prodesco.es\/fr\/#\/schema\/logo\/image\/","url":"https:\/\/prodesco.es\/wp-content\/uploads\/2025\/01\/Grupo-13.svg","contentUrl":"https:\/\/prodesco.es\/wp-content\/uploads\/2025\/01\/Grupo-13.svg","width":282,"height":46,"caption":"Prodesco"},"image":{"@id":"https:\/\/prodesco.es\/fr\/#\/schema\/logo\/image\/"}}]}},"_links":{"self":[{"href":"https:\/\/prodesco.es\/fr\/wp-json\/wp\/v2\/product\/46480","targetHints":{"allow":["GET"]}}],"collection":[{"href":"https:\/\/prodesco.es\/fr\/wp-json\/wp\/v2\/product"}],"about":[{"href":"https:\/\/prodesco.es\/fr\/wp-json\/wp\/v2\/types\/product"}],"replies":[{"embeddable":true,"href":"https:\/\/prodesco.es\/fr\/wp-json\/wp\/v2\/comments?post=46480"}],"wp:featuredmedia":[{"embeddable":true,"href":"https:\/\/prodesco.es\/fr\/wp-json\/wp\/v2\/media\/45866"}],"wp:attachment":[{"href":"https:\/\/prodesco.es\/fr\/wp-json\/wp\/v2\/media?parent=46480"}],"wp:term":[{"taxonomy":"product_cat","embeddable":true,"href":"https:\/\/prodesco.es\/fr\/wp-json\/wp\/v2\/product_cat?post=46480"},{"taxonomy":"product_tag","embeddable":true,"href":"https:\/\/prodesco.es\/fr\/wp-json\/wp\/v2\/product_tag?post=46480"}],"curies":[{"name":"wp","href":"https:\/\/api.w.org\/{rel}","templated":true}]}}