{"id":49291,"date":"2025-11-24T08:05:32","date_gmt":"2025-11-24T08:05:32","guid":{"rendered":"https:\/\/prodesco.es\/producto\/pr-500\/"},"modified":"2025-11-24T08:05:41","modified_gmt":"2025-11-24T08:05:41","slug":"pr-500","status":"publish","type":"product","link":"https:\/\/prodesco.es\/fr\/produit\/pr-500\/","title":{"rendered":"PR-500"},"content":{"rendered":"<p>\u00c9mail transparent brillant con\u00e7u aussi bien pour les p\u00e2tes de poterie traditionnelle que pour les p\u00e2tes de fa\u00efence ou color\u00e9es. En raison de son faible coefficient de dilatation, il est particuli\u00e8rement adapt\u00e9 aux pi\u00e8ces pouvant contenir des aliments, car l\u0092\u00e9mail est r\u00e9sistant aux fissures. Apte \u00e0 la mono-cuisson. 930 \u00baC-1050 \u00baC<\/p>\n<p><i>Pour plus d&#8217;informations, consultez notre <a href=\"https:\/\/prodesco.es\/assets\/hojas-informacion\/fr\/blancs-et-transparents.pdf\" target=\"_blank\">fiche d&#8217;information<\/a><\/i><\/p>\n","protected":false},"excerpt":{"rendered":"<p>\u00c9mail transparent brillant con\u00e7u aussi bien pour les p\u00e2tes de poterie traditionnelle que pour les p\u00e2tes de fa\u00efence ou color\u00e9es. En raison de son faible coefficient de dilatation, il est particuli\u00e8rement adapt\u00e9 aux pi\u00e8ces pouvant contenir des aliments, car l\u0092\u00e9mail est r\u00e9sistant aux fissures. Apte \u00e0 la mono-cuisson. 930 \u00baC-1050 \u00baC Pour plus d&#8217;informations, consultez [&hellip;]<\/p>\n","protected":false},"featured_media":46538,"comment_status":"closed","ping_status":"open","template":"","meta":{"_acf_changed":false},"product_cat":[2210,2208,2202],"product_tag":[],"class_list":{"0":"post-49291","1":"product","2":"type-product","3":"status-publish","4":"has-post-thumbnail","6":"product_cat-blancs-et-transparents","7":"product_cat-emaux","8":"product_cat-engobes-et-emaux","9":"pa_disponible-en-1-kg-fr","10":"pa_disponible-en-1-kg-suspension-fr","11":"pa_disponible-en-250-gr-suspension-fr","12":"pa_disponible-en-5-kg-fr","13":"pa_disponible-en-5-kg-suspension-fr","14":"pa_estado-polvo","15":"pa_opacidad-transparents","17":"first","18":"instock","19":"purchasable","20":"product-type-variable","21":"has-default-attributes"},"acf":{"schema_disabled":false,"schema_properties_WebPage_price":"","schema_properties_WebPage_priceValidUntil":null,"schema_properties_WebPage_availability":"","schema_properties_WebPage_itemCondition":"","schema_properties_Product_brand":"","schema_properties_Product_priceValidUntil":null,"schema_properties_Product_availability":"","schema_properties_Product_itemCondition":"","schema_properties_Product_ratingValue":"","schema_properties_Product_reviewCount":"","schema_sameAs_repeater":null,"schema_custom_json_repeater":null,"schema_custom_json_override":false},"yoast_head":"<!-- This site is optimized with the Yoast SEO plugin v25.5 - https:\/\/yoast.com\/wordpress\/plugins\/seo\/ -->\n<title>PR-500 - Prodesco<\/title>\n<meta name=\"description\" content=\"\u00c9mail transparent brillant con\u00e7u aussi bien pour les p\u00e2tes de poterie traditionnelle que pour les p\u00e2tes de fa\u00efence ou color\u00e9es. En raison de son faible Prodesco\" \/>\n<meta name=\"robots\" content=\"index, follow, max-snippet:-1, max-image-preview:large, max-video-preview:-1\" \/>\n<link rel=\"canonical\" href=\"https:\/\/prodesco.es\/fr\/produit\/pr-500\/\" \/>\n<meta property=\"og:locale\" content=\"fr_FR\" \/>\n<meta property=\"og:type\" content=\"article\" \/>\n<meta property=\"og:title\" content=\"PR-500 - Prodesco\" \/>\n<meta property=\"og:description\" content=\"\u00c9mail transparent brillant con\u00e7u aussi bien pour les p\u00e2tes de poterie traditionnelle que pour les p\u00e2tes de fa\u00efence ou color\u00e9es. En raison de son faible Prodesco\" \/>\n<meta property=\"og:url\" content=\"https:\/\/prodesco.es\/fr\/produit\/pr-500\/\" \/>\n<meta property=\"og:site_name\" content=\"Prodesco\" \/>\n<meta property=\"article:modified_time\" content=\"2025-11-24T08:05:41+00:00\" \/>\n<meta property=\"og:image\" content=\"https:\/\/prodesco.es\/wp-content\/uploads\/2025\/10\/10113507.png\" \/>\n\t<meta property=\"og:image:width\" content=\"1100\" \/>\n\t<meta property=\"og:image:height\" content=\"1100\" \/>\n\t<meta property=\"og:image:type\" content=\"image\/png\" \/>\n<meta name=\"twitter:card\" content=\"summary_large_image\" \/>\n<script type=\"application\/ld+json\" class=\"yoast-schema-graph\">{\"@context\":\"https:\/\/schema.org\",\"@graph\":[{\"@type\":\"WebPage\",\"@id\":\"https:\/\/prodesco.es\/fr\/produit\/pr-500\/\",\"url\":\"https:\/\/prodesco.es\/fr\/produit\/pr-500\/\",\"name\":\"PR-500 - Prodesco\",\"isPartOf\":{\"@id\":\"https:\/\/prodesco.es\/fr\/#website\"},\"primaryImageOfPage\":{\"@id\":\"https:\/\/prodesco.es\/fr\/produit\/pr-500\/#primaryimage\"},\"image\":{\"@id\":\"https:\/\/prodesco.es\/fr\/produit\/pr-500\/#primaryimage\"},\"thumbnailUrl\":\"https:\/\/prodesco.es\/wp-content\/uploads\/2025\/10\/10113507.png\",\"datePublished\":\"2025-11-24T08:05:32+00:00\",\"dateModified\":\"2025-11-24T08:05:41+00:00\",\"description\":\"\u00c9mail transparent brillant con\u00e7u aussi bien pour les p\u00e2tes de poterie traditionnelle que pour les p\u00e2tes de fa\u00efence ou color\u00e9es. En raison de son faible Prodesco\",\"breadcrumb\":{\"@id\":\"https:\/\/prodesco.es\/fr\/produit\/pr-500\/#breadcrumb\"},\"inLanguage\":\"fr-FR\",\"potentialAction\":[{\"@type\":\"ReadAction\",\"target\":[\"https:\/\/prodesco.es\/fr\/produit\/pr-500\/\"]}]},{\"@type\":\"ImageObject\",\"inLanguage\":\"fr-FR\",\"@id\":\"https:\/\/prodesco.es\/fr\/produit\/pr-500\/#primaryimage\",\"url\":\"https:\/\/prodesco.es\/wp-content\/uploads\/2025\/10\/10113507.png\",\"contentUrl\":\"https:\/\/prodesco.es\/wp-content\/uploads\/2025\/10\/10113507.png\",\"width\":1100,\"height\":1100},{\"@type\":\"BreadcrumbList\",\"@id\":\"https:\/\/prodesco.es\/fr\/produit\/pr-500\/#breadcrumb\",\"itemListElement\":[{\"@type\":\"ListItem\",\"position\":1,\"name\":\"Portada\",\"item\":\"https:\/\/prodesco.es\/fr\/\"},{\"@type\":\"ListItem\",\"position\":2,\"name\":\"Produits\",\"item\":\"https:\/\/prodesco.es\/fr\/produits-ceramiques\/\"},{\"@type\":\"ListItem\",\"position\":3,\"name\":\"PR-500\"}]},{\"@type\":\"WebSite\",\"@id\":\"https:\/\/prodesco.es\/fr\/#website\",\"url\":\"https:\/\/prodesco.es\/fr\/\",\"name\":\"Prodesco\",\"description\":\"Prodesco\",\"publisher\":{\"@id\":\"https:\/\/prodesco.es\/fr\/#organization\"},\"potentialAction\":[{\"@type\":\"SearchAction\",\"target\":{\"@type\":\"EntryPoint\",\"urlTemplate\":\"https:\/\/prodesco.es\/fr\/?s={search_term_string}\"},\"query-input\":{\"@type\":\"PropertyValueSpecification\",\"valueRequired\":true,\"valueName\":\"search_term_string\"}}],\"inLanguage\":\"fr-FR\"},{\"@type\":\"Organization\",\"@id\":\"https:\/\/prodesco.es\/fr\/#organization\",\"name\":\"Prodesco\",\"url\":\"https:\/\/prodesco.es\/fr\/\",\"logo\":{\"@type\":\"ImageObject\",\"inLanguage\":\"fr-FR\",\"@id\":\"https:\/\/prodesco.es\/fr\/#\/schema\/logo\/image\/\",\"url\":\"https:\/\/prodesco.es\/wp-content\/uploads\/2025\/01\/Grupo-13.svg\",\"contentUrl\":\"https:\/\/prodesco.es\/wp-content\/uploads\/2025\/01\/Grupo-13.svg\",\"width\":282,\"height\":46,\"caption\":\"Prodesco\"},\"image\":{\"@id\":\"https:\/\/prodesco.es\/fr\/#\/schema\/logo\/image\/\"}}]}<\/script>\n<!-- \/ Yoast SEO plugin. -->","yoast_head_json":{"title":"PR-500 - Prodesco","description":"\u00c9mail transparent brillant con\u00e7u aussi bien pour les p\u00e2tes de poterie traditionnelle que pour les p\u00e2tes de fa\u00efence ou color\u00e9es. En raison de son faible Prodesco","robots":{"index":"index","follow":"follow","max-snippet":"max-snippet:-1","max-image-preview":"max-image-preview:large","max-video-preview":"max-video-preview:-1"},"canonical":"https:\/\/prodesco.es\/fr\/produit\/pr-500\/","og_locale":"fr_FR","og_type":"article","og_title":"PR-500 - Prodesco","og_description":"\u00c9mail transparent brillant con\u00e7u aussi bien pour les p\u00e2tes de poterie traditionnelle que pour les p\u00e2tes de fa\u00efence ou color\u00e9es. En raison de son faible Prodesco","og_url":"https:\/\/prodesco.es\/fr\/produit\/pr-500\/","og_site_name":"Prodesco","article_modified_time":"2025-11-24T08:05:41+00:00","og_image":[{"width":1100,"height":1100,"url":"https:\/\/prodesco.es\/wp-content\/uploads\/2025\/10\/10113507.png","type":"image\/png"}],"twitter_card":"summary_large_image","schema":{"@context":"https:\/\/schema.org","@graph":[{"@type":"WebPage","@id":"https:\/\/prodesco.es\/fr\/produit\/pr-500\/","url":"https:\/\/prodesco.es\/fr\/produit\/pr-500\/","name":"PR-500 - Prodesco","isPartOf":{"@id":"https:\/\/prodesco.es\/fr\/#website"},"primaryImageOfPage":{"@id":"https:\/\/prodesco.es\/fr\/produit\/pr-500\/#primaryimage"},"image":{"@id":"https:\/\/prodesco.es\/fr\/produit\/pr-500\/#primaryimage"},"thumbnailUrl":"https:\/\/prodesco.es\/wp-content\/uploads\/2025\/10\/10113507.png","datePublished":"2025-11-24T08:05:32+00:00","dateModified":"2025-11-24T08:05:41+00:00","description":"\u00c9mail transparent brillant con\u00e7u aussi bien pour les p\u00e2tes de poterie traditionnelle que pour les p\u00e2tes de fa\u00efence ou color\u00e9es. En raison de son faible Prodesco","breadcrumb":{"@id":"https:\/\/prodesco.es\/fr\/produit\/pr-500\/#breadcrumb"},"inLanguage":"fr-FR","potentialAction":[{"@type":"ReadAction","target":["https:\/\/prodesco.es\/fr\/produit\/pr-500\/"]}]},{"@type":"ImageObject","inLanguage":"fr-FR","@id":"https:\/\/prodesco.es\/fr\/produit\/pr-500\/#primaryimage","url":"https:\/\/prodesco.es\/wp-content\/uploads\/2025\/10\/10113507.png","contentUrl":"https:\/\/prodesco.es\/wp-content\/uploads\/2025\/10\/10113507.png","width":1100,"height":1100},{"@type":"BreadcrumbList","@id":"https:\/\/prodesco.es\/fr\/produit\/pr-500\/#breadcrumb","itemListElement":[{"@type":"ListItem","position":1,"name":"Portada","item":"https:\/\/prodesco.es\/fr\/"},{"@type":"ListItem","position":2,"name":"Produits","item":"https:\/\/prodesco.es\/fr\/produits-ceramiques\/"},{"@type":"ListItem","position":3,"name":"PR-500"}]},{"@type":"WebSite","@id":"https:\/\/prodesco.es\/fr\/#website","url":"https:\/\/prodesco.es\/fr\/","name":"Prodesco","description":"Prodesco","publisher":{"@id":"https:\/\/prodesco.es\/fr\/#organization"},"potentialAction":[{"@type":"SearchAction","target":{"@type":"EntryPoint","urlTemplate":"https:\/\/prodesco.es\/fr\/?s={search_term_string}"},"query-input":{"@type":"PropertyValueSpecification","valueRequired":true,"valueName":"search_term_string"}}],"inLanguage":"fr-FR"},{"@type":"Organization","@id":"https:\/\/prodesco.es\/fr\/#organization","name":"Prodesco","url":"https:\/\/prodesco.es\/fr\/","logo":{"@type":"ImageObject","inLanguage":"fr-FR","@id":"https:\/\/prodesco.es\/fr\/#\/schema\/logo\/image\/","url":"https:\/\/prodesco.es\/wp-content\/uploads\/2025\/01\/Grupo-13.svg","contentUrl":"https:\/\/prodesco.es\/wp-content\/uploads\/2025\/01\/Grupo-13.svg","width":282,"height":46,"caption":"Prodesco"},"image":{"@id":"https:\/\/prodesco.es\/fr\/#\/schema\/logo\/image\/"}}]}},"_links":{"self":[{"href":"https:\/\/prodesco.es\/fr\/wp-json\/wp\/v2\/product\/49291","targetHints":{"allow":["GET"]}}],"collection":[{"href":"https:\/\/prodesco.es\/fr\/wp-json\/wp\/v2\/product"}],"about":[{"href":"https:\/\/prodesco.es\/fr\/wp-json\/wp\/v2\/types\/product"}],"replies":[{"embeddable":true,"href":"https:\/\/prodesco.es\/fr\/wp-json\/wp\/v2\/comments?post=49291"}],"wp:featuredmedia":[{"embeddable":true,"href":"https:\/\/prodesco.es\/fr\/wp-json\/wp\/v2\/media\/46538"}],"wp:attachment":[{"href":"https:\/\/prodesco.es\/fr\/wp-json\/wp\/v2\/media?parent=49291"}],"wp:term":[{"taxonomy":"product_cat","embeddable":true,"href":"https:\/\/prodesco.es\/fr\/wp-json\/wp\/v2\/product_cat?post=49291"},{"taxonomy":"product_tag","embeddable":true,"href":"https:\/\/prodesco.es\/fr\/wp-json\/wp\/v2\/product_tag?post=49291"}],"curies":[{"name":"wp","href":"https:\/\/api.w.org\/{rel}","templated":true}]}}