{"id":49303,"date":"2026-04-09T07:45:58","date_gmt":"2026-04-09T07:45:58","guid":{"rendered":"https:\/\/prodesco.es\/producto\/pr-14-transparente\/"},"modified":"2026-04-09T07:45:59","modified_gmt":"2026-04-09T07:45:59","slug":"pr-14-transparente","status":"publish","type":"product","link":"https:\/\/prodesco.es\/fr\/produit\/pr-14-transparente\/","title":{"rendered":"PR-14 TRANSPARENTE"},"content":{"rendered":"<p>\u00c9mail transparent brillant \u00e0 tr\u00e8s faible coefficient de dilatation. Il est indiqu\u00e9 pour les p\u00e2tes sp\u00e9ciales type r\u00e9fractaires \u00e0 faible coefficient de dilatation. Il est utilis\u00e9 dans les formulations avec des \u00e9maux \u00e0 basse et moyenne temp\u00e9rature qui pr\u00e9sentent craquelage. 1100 \u00baC-1260 \u00baC<\/p>\n<p><i>Pour plus d&#8217;informations, consultez notre <a href=\"https:\/\/prodesco.es\/assets\/hojas-informacion\/fr\/blancs-et-transparents.pdf\" target=\"_blank\">fiche d&#8217;information<\/a><\/i><\/p>\n","protected":false},"excerpt":{"rendered":"<p>\u00c9mail transparent brillant \u00e0 tr\u00e8s faible coefficient de dilatation. Il est indiqu\u00e9 pour les p\u00e2tes sp\u00e9ciales type r\u00e9fractaires \u00e0 faible coefficient de dilatation. Il est utilis\u00e9 dans les formulations avec des \u00e9maux \u00e0 basse et moyenne temp\u00e9rature qui pr\u00e9sentent craquelage. 1100 \u00baC-1260 \u00baC Pour plus d&#8217;informations, consultez notre fiche d&#8217;information<\/p>\n","protected":false},"featured_media":46556,"comment_status":"closed","ping_status":"open","template":"","meta":{"_acf_changed":false},"product_cat":[2208,2210,2202,2219],"product_tag":[],"class_list":{"0":"post-49303","1":"product","2":"type-product","3":"status-publish","4":"has-post-thumbnail","6":"product_cat-emaux","7":"product_cat-blancs-et-transparents","8":"product_cat-engobes-et-emaux","9":"product_cat-temperature-moyenne-semigres","10":"pa_disponible-en-1-kg-fr","11":"pa_disponible-en-5-kg-fr","12":"pa_disponible-en-1-kg","13":"pa_disponible-en-5-kg","14":"pa_estado-polvo","15":"pa_opacidad-transparents","17":"first","18":"instock","19":"purchasable","20":"product-type-variable","21":"has-default-attributes"},"acf":{"schema_disabled":false,"schema_properties_WebPage_price":"","schema_properties_WebPage_priceValidUntil":null,"schema_properties_WebPage_availability":"","schema_properties_WebPage_itemCondition":"","schema_properties_Product_brand":"","schema_properties_Product_priceValidUntil":null,"schema_properties_Product_availability":"","schema_properties_Product_itemCondition":"","schema_properties_Product_ratingValue":"","schema_properties_Product_reviewCount":"","schema_sameAs_repeater":null,"schema_custom_json_repeater":null,"schema_custom_json_override":false},"yoast_head":"<!-- This site is optimized with the Yoast SEO plugin v25.5 - https:\/\/yoast.com\/wordpress\/plugins\/seo\/ -->\n<title>PR-14 TRANSPARENTE - Prodesco<\/title>\n<meta name=\"description\" content=\"\u00c9mail transparent brillant \u00e0 tr\u00e8s faible coefficient de dilatation. Il est indiqu\u00e9 pour les p\u00e2tes sp\u00e9ciales type r\u00e9fractaires \u00e0 faible coefficient de Prodesco\" \/>\n<meta name=\"robots\" content=\"index, follow, max-snippet:-1, max-image-preview:large, max-video-preview:-1\" \/>\n<link rel=\"canonical\" href=\"https:\/\/prodesco.es\/fr\/produit\/pr-14-transparente\/\" \/>\n<meta property=\"og:locale\" content=\"fr_FR\" \/>\n<meta property=\"og:type\" content=\"article\" \/>\n<meta property=\"og:title\" content=\"PR-14 TRANSPARENTE - Prodesco\" \/>\n<meta property=\"og:description\" content=\"\u00c9mail transparent brillant \u00e0 tr\u00e8s faible coefficient de dilatation. Il est indiqu\u00e9 pour les p\u00e2tes sp\u00e9ciales type r\u00e9fractaires \u00e0 faible coefficient de Prodesco\" \/>\n<meta property=\"og:url\" content=\"https:\/\/prodesco.es\/fr\/produit\/pr-14-transparente\/\" \/>\n<meta property=\"og:site_name\" content=\"Prodesco\" \/>\n<meta property=\"article:modified_time\" content=\"2026-04-09T07:45:59+00:00\" \/>\n<meta property=\"og:image\" content=\"https:\/\/prodesco.es\/wp-content\/uploads\/2025\/10\/11106107.png\" \/>\n\t<meta property=\"og:image:width\" content=\"1100\" \/>\n\t<meta property=\"og:image:height\" content=\"1100\" \/>\n\t<meta property=\"og:image:type\" content=\"image\/png\" \/>\n<meta name=\"twitter:card\" content=\"summary_large_image\" \/>\n<script type=\"application\/ld+json\" class=\"yoast-schema-graph\">{\"@context\":\"https:\/\/schema.org\",\"@graph\":[{\"@type\":\"WebPage\",\"@id\":\"https:\/\/prodesco.es\/fr\/produit\/pr-14-transparente\/\",\"url\":\"https:\/\/prodesco.es\/fr\/produit\/pr-14-transparente\/\",\"name\":\"PR-14 TRANSPARENTE - Prodesco\",\"isPartOf\":{\"@id\":\"https:\/\/prodesco.es\/fr\/#website\"},\"primaryImageOfPage\":{\"@id\":\"https:\/\/prodesco.es\/fr\/produit\/pr-14-transparente\/#primaryimage\"},\"image\":{\"@id\":\"https:\/\/prodesco.es\/fr\/produit\/pr-14-transparente\/#primaryimage\"},\"thumbnailUrl\":\"https:\/\/prodesco.es\/wp-content\/uploads\/2025\/10\/11106107.png\",\"datePublished\":\"2026-04-09T07:45:58+00:00\",\"dateModified\":\"2026-04-09T07:45:59+00:00\",\"description\":\"\u00c9mail transparent brillant \u00e0 tr\u00e8s faible coefficient de dilatation. Il est indiqu\u00e9 pour les p\u00e2tes sp\u00e9ciales type r\u00e9fractaires \u00e0 faible coefficient de Prodesco\",\"breadcrumb\":{\"@id\":\"https:\/\/prodesco.es\/fr\/produit\/pr-14-transparente\/#breadcrumb\"},\"inLanguage\":\"fr-FR\",\"potentialAction\":[{\"@type\":\"ReadAction\",\"target\":[\"https:\/\/prodesco.es\/fr\/produit\/pr-14-transparente\/\"]}]},{\"@type\":\"ImageObject\",\"inLanguage\":\"fr-FR\",\"@id\":\"https:\/\/prodesco.es\/fr\/produit\/pr-14-transparente\/#primaryimage\",\"url\":\"https:\/\/prodesco.es\/wp-content\/uploads\/2025\/10\/11106107.png\",\"contentUrl\":\"https:\/\/prodesco.es\/wp-content\/uploads\/2025\/10\/11106107.png\",\"width\":1100,\"height\":1100},{\"@type\":\"BreadcrumbList\",\"@id\":\"https:\/\/prodesco.es\/fr\/produit\/pr-14-transparente\/#breadcrumb\",\"itemListElement\":[{\"@type\":\"ListItem\",\"position\":1,\"name\":\"Portada\",\"item\":\"https:\/\/prodesco.es\/fr\/\"},{\"@type\":\"ListItem\",\"position\":2,\"name\":\"Produits\",\"item\":\"https:\/\/prodesco.es\/fr\/produits-ceramiques\/\"},{\"@type\":\"ListItem\",\"position\":3,\"name\":\"PR-14 TRANSPARENTE\"}]},{\"@type\":\"WebSite\",\"@id\":\"https:\/\/prodesco.es\/fr\/#website\",\"url\":\"https:\/\/prodesco.es\/fr\/\",\"name\":\"Prodesco\",\"description\":\"Prodesco\",\"publisher\":{\"@id\":\"https:\/\/prodesco.es\/fr\/#organization\"},\"potentialAction\":[{\"@type\":\"SearchAction\",\"target\":{\"@type\":\"EntryPoint\",\"urlTemplate\":\"https:\/\/prodesco.es\/fr\/?s={search_term_string}\"},\"query-input\":{\"@type\":\"PropertyValueSpecification\",\"valueRequired\":true,\"valueName\":\"search_term_string\"}}],\"inLanguage\":\"fr-FR\"},{\"@type\":\"Organization\",\"@id\":\"https:\/\/prodesco.es\/fr\/#organization\",\"name\":\"Prodesco\",\"url\":\"https:\/\/prodesco.es\/fr\/\",\"logo\":{\"@type\":\"ImageObject\",\"inLanguage\":\"fr-FR\",\"@id\":\"https:\/\/prodesco.es\/fr\/#\/schema\/logo\/image\/\",\"url\":\"https:\/\/prodesco.es\/wp-content\/uploads\/2025\/01\/Grupo-13.svg\",\"contentUrl\":\"https:\/\/prodesco.es\/wp-content\/uploads\/2025\/01\/Grupo-13.svg\",\"width\":282,\"height\":46,\"caption\":\"Prodesco\"},\"image\":{\"@id\":\"https:\/\/prodesco.es\/fr\/#\/schema\/logo\/image\/\"}}]}<\/script>\n<!-- \/ Yoast SEO plugin. -->","yoast_head_json":{"title":"PR-14 TRANSPARENTE - Prodesco","description":"\u00c9mail transparent brillant \u00e0 tr\u00e8s faible coefficient de dilatation. Il est indiqu\u00e9 pour les p\u00e2tes sp\u00e9ciales type r\u00e9fractaires \u00e0 faible coefficient de Prodesco","robots":{"index":"index","follow":"follow","max-snippet":"max-snippet:-1","max-image-preview":"max-image-preview:large","max-video-preview":"max-video-preview:-1"},"canonical":"https:\/\/prodesco.es\/fr\/produit\/pr-14-transparente\/","og_locale":"fr_FR","og_type":"article","og_title":"PR-14 TRANSPARENTE - Prodesco","og_description":"\u00c9mail transparent brillant \u00e0 tr\u00e8s faible coefficient de dilatation. Il est indiqu\u00e9 pour les p\u00e2tes sp\u00e9ciales type r\u00e9fractaires \u00e0 faible coefficient de Prodesco","og_url":"https:\/\/prodesco.es\/fr\/produit\/pr-14-transparente\/","og_site_name":"Prodesco","article_modified_time":"2026-04-09T07:45:59+00:00","og_image":[{"width":1100,"height":1100,"url":"https:\/\/prodesco.es\/wp-content\/uploads\/2025\/10\/11106107.png","type":"image\/png"}],"twitter_card":"summary_large_image","schema":{"@context":"https:\/\/schema.org","@graph":[{"@type":"WebPage","@id":"https:\/\/prodesco.es\/fr\/produit\/pr-14-transparente\/","url":"https:\/\/prodesco.es\/fr\/produit\/pr-14-transparente\/","name":"PR-14 TRANSPARENTE - Prodesco","isPartOf":{"@id":"https:\/\/prodesco.es\/fr\/#website"},"primaryImageOfPage":{"@id":"https:\/\/prodesco.es\/fr\/produit\/pr-14-transparente\/#primaryimage"},"image":{"@id":"https:\/\/prodesco.es\/fr\/produit\/pr-14-transparente\/#primaryimage"},"thumbnailUrl":"https:\/\/prodesco.es\/wp-content\/uploads\/2025\/10\/11106107.png","datePublished":"2026-04-09T07:45:58+00:00","dateModified":"2026-04-09T07:45:59+00:00","description":"\u00c9mail transparent brillant \u00e0 tr\u00e8s faible coefficient de dilatation. Il est indiqu\u00e9 pour les p\u00e2tes sp\u00e9ciales type r\u00e9fractaires \u00e0 faible coefficient de Prodesco","breadcrumb":{"@id":"https:\/\/prodesco.es\/fr\/produit\/pr-14-transparente\/#breadcrumb"},"inLanguage":"fr-FR","potentialAction":[{"@type":"ReadAction","target":["https:\/\/prodesco.es\/fr\/produit\/pr-14-transparente\/"]}]},{"@type":"ImageObject","inLanguage":"fr-FR","@id":"https:\/\/prodesco.es\/fr\/produit\/pr-14-transparente\/#primaryimage","url":"https:\/\/prodesco.es\/wp-content\/uploads\/2025\/10\/11106107.png","contentUrl":"https:\/\/prodesco.es\/wp-content\/uploads\/2025\/10\/11106107.png","width":1100,"height":1100},{"@type":"BreadcrumbList","@id":"https:\/\/prodesco.es\/fr\/produit\/pr-14-transparente\/#breadcrumb","itemListElement":[{"@type":"ListItem","position":1,"name":"Portada","item":"https:\/\/prodesco.es\/fr\/"},{"@type":"ListItem","position":2,"name":"Produits","item":"https:\/\/prodesco.es\/fr\/produits-ceramiques\/"},{"@type":"ListItem","position":3,"name":"PR-14 TRANSPARENTE"}]},{"@type":"WebSite","@id":"https:\/\/prodesco.es\/fr\/#website","url":"https:\/\/prodesco.es\/fr\/","name":"Prodesco","description":"Prodesco","publisher":{"@id":"https:\/\/prodesco.es\/fr\/#organization"},"potentialAction":[{"@type":"SearchAction","target":{"@type":"EntryPoint","urlTemplate":"https:\/\/prodesco.es\/fr\/?s={search_term_string}"},"query-input":{"@type":"PropertyValueSpecification","valueRequired":true,"valueName":"search_term_string"}}],"inLanguage":"fr-FR"},{"@type":"Organization","@id":"https:\/\/prodesco.es\/fr\/#organization","name":"Prodesco","url":"https:\/\/prodesco.es\/fr\/","logo":{"@type":"ImageObject","inLanguage":"fr-FR","@id":"https:\/\/prodesco.es\/fr\/#\/schema\/logo\/image\/","url":"https:\/\/prodesco.es\/wp-content\/uploads\/2025\/01\/Grupo-13.svg","contentUrl":"https:\/\/prodesco.es\/wp-content\/uploads\/2025\/01\/Grupo-13.svg","width":282,"height":46,"caption":"Prodesco"},"image":{"@id":"https:\/\/prodesco.es\/fr\/#\/schema\/logo\/image\/"}}]}},"_links":{"self":[{"href":"https:\/\/prodesco.es\/fr\/wp-json\/wp\/v2\/product\/49303","targetHints":{"allow":["GET"]}}],"collection":[{"href":"https:\/\/prodesco.es\/fr\/wp-json\/wp\/v2\/product"}],"about":[{"href":"https:\/\/prodesco.es\/fr\/wp-json\/wp\/v2\/types\/product"}],"replies":[{"embeddable":true,"href":"https:\/\/prodesco.es\/fr\/wp-json\/wp\/v2\/comments?post=49303"}],"wp:featuredmedia":[{"embeddable":true,"href":"https:\/\/prodesco.es\/fr\/wp-json\/wp\/v2\/media\/46556"}],"wp:attachment":[{"href":"https:\/\/prodesco.es\/fr\/wp-json\/wp\/v2\/media?parent=49303"}],"wp:term":[{"taxonomy":"product_cat","embeddable":true,"href":"https:\/\/prodesco.es\/fr\/wp-json\/wp\/v2\/product_cat?post=49303"},{"taxonomy":"product_tag","embeddable":true,"href":"https:\/\/prodesco.es\/fr\/wp-json\/wp\/v2\/product_tag?post=49303"}],"curies":[{"name":"wp","href":"https:\/\/api.w.org\/{rel}","templated":true}]}}