{"id":49494,"date":"2025-11-24T08:07:15","date_gmt":"2025-11-24T08:07:15","guid":{"rendered":"https:\/\/prodesco.es\/producto\/m-5148\/"},"modified":"2025-11-24T08:07:23","modified_gmt":"2025-11-24T08:07:23","slug":"m-5148","status":"publish","type":"product","link":"https:\/\/prodesco.es\/fr\/produit\/m-5148\/","title":{"rendered":"M-5148"},"content":{"rendered":"<p>\u00c9mail Blanc brillant \u00e0 coefficient de dilatation \u00e9lev\u00e9, adapt\u00e9 aux p\u00e2tes de Terracotta. Il peut \u00eatre utilis\u00e9 comme correcteur de coefficient pour les \u00e9maux blancs  lorsque l\u0092\u00e9mail se d\u00e9colle sur les pi\u00e8ces, en conservant leur opacit\u00e9. 980 \u00baC-1150 \u00baC<\/p>\n<p><i>Pour plus d&#8217;informations, consultez notre <a href=\"https:\/\/prodesco.es\/assets\/hojas-informacion\/fr\/blancs-et-transparents.pdf\" target=\"_blank\">fiche d&#8217;information<\/a><\/i><\/p>\n","protected":false},"excerpt":{"rendered":"<p>\u00c9mail Blanc brillant \u00e0 coefficient de dilatation \u00e9lev\u00e9, adapt\u00e9 aux p\u00e2tes de Terracotta. Il peut \u00eatre utilis\u00e9 comme correcteur de coefficient pour les \u00e9maux blancs lorsque l\u0092\u00e9mail se d\u00e9colle sur les pi\u00e8ces, en conservant leur opacit\u00e9. 980 \u00baC-1150 \u00baC Pour plus d&#8217;informations, consultez notre fiche d&#8217;information<\/p>\n","protected":false},"featured_media":47013,"comment_status":"closed","ping_status":"open","template":"","meta":{"_acf_changed":false},"product_cat":[2208,2210,2202],"product_tag":[],"class_list":{"0":"post-49494","1":"product","2":"type-product","3":"status-publish","4":"has-post-thumbnail","6":"product_cat-emaux","7":"product_cat-blancs-et-transparents","8":"product_cat-engobes-et-emaux","9":"pa_disponible-en-1-kg-fr","10":"pa_disponible-en-5-kg-fr","11":"pa_estado-polvo","12":"pa_opacidad-opaques","14":"first","15":"instock","16":"purchasable","17":"product-type-variable","18":"has-default-attributes"},"acf":{"schema_disabled":false,"schema_properties_WebPage_price":"","schema_properties_WebPage_priceValidUntil":null,"schema_properties_WebPage_availability":"","schema_properties_WebPage_itemCondition":"","schema_properties_Product_brand":"","schema_properties_Product_priceValidUntil":null,"schema_properties_Product_availability":"","schema_properties_Product_itemCondition":"","schema_properties_Product_ratingValue":"","schema_properties_Product_reviewCount":"","schema_sameAs_repeater":null,"schema_custom_json_repeater":null,"schema_custom_json_override":false},"yoast_head":"<!-- This site is optimized with the Yoast SEO plugin v25.5 - https:\/\/yoast.com\/wordpress\/plugins\/seo\/ -->\n<title>M-5148 - Prodesco<\/title>\n<meta name=\"description\" content=\"\u00c9mail Blanc brillant \u00e0 coefficient de dilatation \u00e9lev\u00e9, adapt\u00e9 aux p\u00e2tes de Terracotta. Il peut \u00eatre utilis\u00e9 comme correcteur de coefficient pour les Prodesco\" \/>\n<meta name=\"robots\" content=\"index, follow, max-snippet:-1, max-image-preview:large, max-video-preview:-1\" \/>\n<link rel=\"canonical\" href=\"https:\/\/prodesco.es\/fr\/produit\/m-5148\/\" \/>\n<meta property=\"og:locale\" content=\"fr_FR\" \/>\n<meta property=\"og:type\" content=\"article\" \/>\n<meta property=\"og:title\" content=\"M-5148 - Prodesco\" \/>\n<meta property=\"og:description\" content=\"\u00c9mail Blanc brillant \u00e0 coefficient de dilatation \u00e9lev\u00e9, adapt\u00e9 aux p\u00e2tes de Terracotta. Il peut \u00eatre utilis\u00e9 comme correcteur de coefficient pour les Prodesco\" \/>\n<meta property=\"og:url\" content=\"https:\/\/prodesco.es\/fr\/produit\/m-5148\/\" \/>\n<meta property=\"og:site_name\" content=\"Prodesco\" \/>\n<meta property=\"article:modified_time\" content=\"2025-11-24T08:07:23+00:00\" \/>\n<meta property=\"og:image\" content=\"https:\/\/prodesco.es\/wp-content\/uploads\/2025\/10\/22129507.png\" \/>\n\t<meta property=\"og:image:width\" content=\"1100\" \/>\n\t<meta property=\"og:image:height\" content=\"1100\" \/>\n\t<meta property=\"og:image:type\" content=\"image\/png\" \/>\n<meta name=\"twitter:card\" content=\"summary_large_image\" \/>\n<script type=\"application\/ld+json\" class=\"yoast-schema-graph\">{\"@context\":\"https:\/\/schema.org\",\"@graph\":[{\"@type\":\"WebPage\",\"@id\":\"https:\/\/prodesco.es\/fr\/produit\/m-5148\/\",\"url\":\"https:\/\/prodesco.es\/fr\/produit\/m-5148\/\",\"name\":\"M-5148 - Prodesco\",\"isPartOf\":{\"@id\":\"https:\/\/prodesco.es\/fr\/#website\"},\"primaryImageOfPage\":{\"@id\":\"https:\/\/prodesco.es\/fr\/produit\/m-5148\/#primaryimage\"},\"image\":{\"@id\":\"https:\/\/prodesco.es\/fr\/produit\/m-5148\/#primaryimage\"},\"thumbnailUrl\":\"https:\/\/prodesco.es\/wp-content\/uploads\/2025\/10\/22129507.png\",\"datePublished\":\"2025-11-24T08:07:15+00:00\",\"dateModified\":\"2025-11-24T08:07:23+00:00\",\"description\":\"\u00c9mail Blanc brillant \u00e0 coefficient de dilatation \u00e9lev\u00e9, adapt\u00e9 aux p\u00e2tes de Terracotta. Il peut \u00eatre utilis\u00e9 comme correcteur de coefficient pour les Prodesco\",\"breadcrumb\":{\"@id\":\"https:\/\/prodesco.es\/fr\/produit\/m-5148\/#breadcrumb\"},\"inLanguage\":\"fr-FR\",\"potentialAction\":[{\"@type\":\"ReadAction\",\"target\":[\"https:\/\/prodesco.es\/fr\/produit\/m-5148\/\"]}]},{\"@type\":\"ImageObject\",\"inLanguage\":\"fr-FR\",\"@id\":\"https:\/\/prodesco.es\/fr\/produit\/m-5148\/#primaryimage\",\"url\":\"https:\/\/prodesco.es\/wp-content\/uploads\/2025\/10\/22129507.png\",\"contentUrl\":\"https:\/\/prodesco.es\/wp-content\/uploads\/2025\/10\/22129507.png\",\"width\":1100,\"height\":1100},{\"@type\":\"BreadcrumbList\",\"@id\":\"https:\/\/prodesco.es\/fr\/produit\/m-5148\/#breadcrumb\",\"itemListElement\":[{\"@type\":\"ListItem\",\"position\":1,\"name\":\"Portada\",\"item\":\"https:\/\/prodesco.es\/fr\/\"},{\"@type\":\"ListItem\",\"position\":2,\"name\":\"Produits\",\"item\":\"https:\/\/prodesco.es\/fr\/produits-ceramiques\/\"},{\"@type\":\"ListItem\",\"position\":3,\"name\":\"M-5148\"}]},{\"@type\":\"WebSite\",\"@id\":\"https:\/\/prodesco.es\/fr\/#website\",\"url\":\"https:\/\/prodesco.es\/fr\/\",\"name\":\"Prodesco\",\"description\":\"Prodesco\",\"publisher\":{\"@id\":\"https:\/\/prodesco.es\/fr\/#organization\"},\"potentialAction\":[{\"@type\":\"SearchAction\",\"target\":{\"@type\":\"EntryPoint\",\"urlTemplate\":\"https:\/\/prodesco.es\/fr\/?s={search_term_string}\"},\"query-input\":{\"@type\":\"PropertyValueSpecification\",\"valueRequired\":true,\"valueName\":\"search_term_string\"}}],\"inLanguage\":\"fr-FR\"},{\"@type\":\"Organization\",\"@id\":\"https:\/\/prodesco.es\/fr\/#organization\",\"name\":\"Prodesco\",\"url\":\"https:\/\/prodesco.es\/fr\/\",\"logo\":{\"@type\":\"ImageObject\",\"inLanguage\":\"fr-FR\",\"@id\":\"https:\/\/prodesco.es\/fr\/#\/schema\/logo\/image\/\",\"url\":\"https:\/\/prodesco.es\/wp-content\/uploads\/2025\/01\/Grupo-13.svg\",\"contentUrl\":\"https:\/\/prodesco.es\/wp-content\/uploads\/2025\/01\/Grupo-13.svg\",\"width\":282,\"height\":46,\"caption\":\"Prodesco\"},\"image\":{\"@id\":\"https:\/\/prodesco.es\/fr\/#\/schema\/logo\/image\/\"}}]}<\/script>\n<!-- \/ Yoast SEO plugin. -->","yoast_head_json":{"title":"M-5148 - Prodesco","description":"\u00c9mail Blanc brillant \u00e0 coefficient de dilatation \u00e9lev\u00e9, adapt\u00e9 aux p\u00e2tes de Terracotta. Il peut \u00eatre utilis\u00e9 comme correcteur de coefficient pour les Prodesco","robots":{"index":"index","follow":"follow","max-snippet":"max-snippet:-1","max-image-preview":"max-image-preview:large","max-video-preview":"max-video-preview:-1"},"canonical":"https:\/\/prodesco.es\/fr\/produit\/m-5148\/","og_locale":"fr_FR","og_type":"article","og_title":"M-5148 - Prodesco","og_description":"\u00c9mail Blanc brillant \u00e0 coefficient de dilatation \u00e9lev\u00e9, adapt\u00e9 aux p\u00e2tes de Terracotta. Il peut \u00eatre utilis\u00e9 comme correcteur de coefficient pour les Prodesco","og_url":"https:\/\/prodesco.es\/fr\/produit\/m-5148\/","og_site_name":"Prodesco","article_modified_time":"2025-11-24T08:07:23+00:00","og_image":[{"width":1100,"height":1100,"url":"https:\/\/prodesco.es\/wp-content\/uploads\/2025\/10\/22129507.png","type":"image\/png"}],"twitter_card":"summary_large_image","schema":{"@context":"https:\/\/schema.org","@graph":[{"@type":"WebPage","@id":"https:\/\/prodesco.es\/fr\/produit\/m-5148\/","url":"https:\/\/prodesco.es\/fr\/produit\/m-5148\/","name":"M-5148 - Prodesco","isPartOf":{"@id":"https:\/\/prodesco.es\/fr\/#website"},"primaryImageOfPage":{"@id":"https:\/\/prodesco.es\/fr\/produit\/m-5148\/#primaryimage"},"image":{"@id":"https:\/\/prodesco.es\/fr\/produit\/m-5148\/#primaryimage"},"thumbnailUrl":"https:\/\/prodesco.es\/wp-content\/uploads\/2025\/10\/22129507.png","datePublished":"2025-11-24T08:07:15+00:00","dateModified":"2025-11-24T08:07:23+00:00","description":"\u00c9mail Blanc brillant \u00e0 coefficient de dilatation \u00e9lev\u00e9, adapt\u00e9 aux p\u00e2tes de Terracotta. Il peut \u00eatre utilis\u00e9 comme correcteur de coefficient pour les Prodesco","breadcrumb":{"@id":"https:\/\/prodesco.es\/fr\/produit\/m-5148\/#breadcrumb"},"inLanguage":"fr-FR","potentialAction":[{"@type":"ReadAction","target":["https:\/\/prodesco.es\/fr\/produit\/m-5148\/"]}]},{"@type":"ImageObject","inLanguage":"fr-FR","@id":"https:\/\/prodesco.es\/fr\/produit\/m-5148\/#primaryimage","url":"https:\/\/prodesco.es\/wp-content\/uploads\/2025\/10\/22129507.png","contentUrl":"https:\/\/prodesco.es\/wp-content\/uploads\/2025\/10\/22129507.png","width":1100,"height":1100},{"@type":"BreadcrumbList","@id":"https:\/\/prodesco.es\/fr\/produit\/m-5148\/#breadcrumb","itemListElement":[{"@type":"ListItem","position":1,"name":"Portada","item":"https:\/\/prodesco.es\/fr\/"},{"@type":"ListItem","position":2,"name":"Produits","item":"https:\/\/prodesco.es\/fr\/produits-ceramiques\/"},{"@type":"ListItem","position":3,"name":"M-5148"}]},{"@type":"WebSite","@id":"https:\/\/prodesco.es\/fr\/#website","url":"https:\/\/prodesco.es\/fr\/","name":"Prodesco","description":"Prodesco","publisher":{"@id":"https:\/\/prodesco.es\/fr\/#organization"},"potentialAction":[{"@type":"SearchAction","target":{"@type":"EntryPoint","urlTemplate":"https:\/\/prodesco.es\/fr\/?s={search_term_string}"},"query-input":{"@type":"PropertyValueSpecification","valueRequired":true,"valueName":"search_term_string"}}],"inLanguage":"fr-FR"},{"@type":"Organization","@id":"https:\/\/prodesco.es\/fr\/#organization","name":"Prodesco","url":"https:\/\/prodesco.es\/fr\/","logo":{"@type":"ImageObject","inLanguage":"fr-FR","@id":"https:\/\/prodesco.es\/fr\/#\/schema\/logo\/image\/","url":"https:\/\/prodesco.es\/wp-content\/uploads\/2025\/01\/Grupo-13.svg","contentUrl":"https:\/\/prodesco.es\/wp-content\/uploads\/2025\/01\/Grupo-13.svg","width":282,"height":46,"caption":"Prodesco"},"image":{"@id":"https:\/\/prodesco.es\/fr\/#\/schema\/logo\/image\/"}}]}},"_links":{"self":[{"href":"https:\/\/prodesco.es\/fr\/wp-json\/wp\/v2\/product\/49494","targetHints":{"allow":["GET"]}}],"collection":[{"href":"https:\/\/prodesco.es\/fr\/wp-json\/wp\/v2\/product"}],"about":[{"href":"https:\/\/prodesco.es\/fr\/wp-json\/wp\/v2\/types\/product"}],"replies":[{"embeddable":true,"href":"https:\/\/prodesco.es\/fr\/wp-json\/wp\/v2\/comments?post=49494"}],"wp:featuredmedia":[{"embeddable":true,"href":"https:\/\/prodesco.es\/fr\/wp-json\/wp\/v2\/media\/47013"}],"wp:attachment":[{"href":"https:\/\/prodesco.es\/fr\/wp-json\/wp\/v2\/media?parent=49494"}],"wp:term":[{"taxonomy":"product_cat","embeddable":true,"href":"https:\/\/prodesco.es\/fr\/wp-json\/wp\/v2\/product_cat?post=49494"},{"taxonomy":"product_tag","embeddable":true,"href":"https:\/\/prodesco.es\/fr\/wp-json\/wp\/v2\/product_tag?post=49494"}],"curies":[{"name":"wp","href":"https:\/\/api.w.org\/{rel}","templated":true}]}}