{"id":49573,"date":"2025-11-20T10:03:18","date_gmt":"2025-11-20T10:03:18","guid":{"rendered":"https:\/\/prodesco.es\/producto\/5899-cuero-blanco\/"},"modified":"2025-11-20T10:03:18","modified_gmt":"2025-11-20T10:03:18","slug":"5899-cuero-blanco","status":"publish","type":"product","link":"https:\/\/prodesco.es\/fr\/produit\/5899-cuero-blanco\/","title":{"rendered":"5899 CUERO BLANCO"},"content":{"rendered":"<p>Il s&#8217;agit d&#8217;une nouvelle gamme d&#8217;\u00c9maux Effet Cuir formul\u00e9s sans plomb dans leur composition. Ces \u00e9maux conviennent \u00e0 la fabrication d&#8217;objets culinaires. Peuvent \u00e9galement \u00eatre utilis\u00e9s pour \u00e9mailler des rev\u00eatements rustiques. La temp\u00e9rature de cuisson recommand\u00e9e est de 980 \u00baC, la plage \u00e9tant de 930 \u00baC \u00e0 1020 \u00baC.<\/p>\n<p><i>Pour plus d&#8217;informations, consultez notre <a href=\"https:\/\/prodesco.es\/assets\/hojas-informacion\/fr\/cuir-fr.pdf\" target=\"_blank\">fiche d&#8217;information<\/a><\/i><\/p>\n","protected":false},"excerpt":{"rendered":"<p>Il s&#8217;agit d&#8217;une nouvelle gamme d&#8217;\u00c9maux Effet Cuir formul\u00e9s sans plomb dans leur composition. Ces \u00e9maux conviennent \u00e0 la fabrication d&#8217;objets culinaires. Peuvent \u00e9galement \u00eatre utilis\u00e9s pour \u00e9mailler des rev\u00eatements rustiques. La temp\u00e9rature de cuisson recommand\u00e9e est de 980 \u00baC, la plage \u00e9tant de 930 \u00baC \u00e0 1020 \u00baC. Pour plus d&#8217;informations, consultez notre fiche [&hellip;]<\/p>\n","protected":false},"featured_media":47199,"comment_status":"closed","ping_status":"open","template":"","meta":{"_acf_changed":false},"product_cat":[2208,2202,2561],"product_tag":[],"class_list":{"0":"post-49573","1":"product","2":"type-product","3":"status-publish","4":"has-post-thumbnail","6":"product_cat-emaux","7":"product_cat-engobes-et-emaux","8":"product_cat-cuir-fr","9":"pa_disponible-en-1-kg-fr","10":"pa_estado-polvo","11":"pa_opacidad-opaques","12":"pa_plomo-no","14":"first","15":"instock","16":"purchasable","17":"product-type-simple"},"acf":{"schema_disabled":false,"schema_properties_WebPage_price":"","schema_properties_WebPage_priceValidUntil":null,"schema_properties_WebPage_availability":"","schema_properties_WebPage_itemCondition":"","schema_properties_Product_brand":"","schema_properties_Product_priceValidUntil":null,"schema_properties_Product_availability":"","schema_properties_Product_itemCondition":"","schema_properties_Product_ratingValue":"","schema_properties_Product_reviewCount":"","schema_sameAs_repeater":null,"schema_custom_json_repeater":null,"schema_custom_json_override":false},"yoast_head":"<!-- This site is optimized with the Yoast SEO plugin v25.5 - https:\/\/yoast.com\/wordpress\/plugins\/seo\/ -->\n<title>5899 CUERO BLANCO - Prodesco<\/title>\n<meta name=\"description\" content=\"Il s&#039;agit d&#039;une nouvelle gamme d&#039;\u00c9maux Effet Cuir formul\u00e9s sans plomb dans leur composition. Ces \u00e9maux conviennent \u00e0 la fabrication d&#039;objets culinaires. Prodesco\" \/>\n<meta name=\"robots\" content=\"index, follow, max-snippet:-1, max-image-preview:large, max-video-preview:-1\" \/>\n<link rel=\"canonical\" href=\"https:\/\/prodesco.es\/fr\/produit\/5899-cuero-blanco\/\" \/>\n<meta property=\"og:locale\" content=\"fr_FR\" \/>\n<meta property=\"og:type\" content=\"article\" \/>\n<meta property=\"og:title\" content=\"5899 CUERO BLANCO - Prodesco\" \/>\n<meta property=\"og:description\" content=\"Il s&#039;agit d&#039;une nouvelle gamme d&#039;\u00c9maux Effet Cuir formul\u00e9s sans plomb dans leur composition. Ces \u00e9maux conviennent \u00e0 la fabrication d&#039;objets culinaires. Prodesco\" \/>\n<meta property=\"og:url\" content=\"https:\/\/prodesco.es\/fr\/produit\/5899-cuero-blanco\/\" \/>\n<meta property=\"og:site_name\" content=\"Prodesco\" \/>\n<meta property=\"og:image\" content=\"https:\/\/prodesco.es\/wp-content\/uploads\/2025\/10\/22291407.png\" \/>\n\t<meta property=\"og:image:width\" content=\"1100\" \/>\n\t<meta property=\"og:image:height\" content=\"1100\" \/>\n\t<meta property=\"og:image:type\" content=\"image\/png\" \/>\n<meta name=\"twitter:card\" content=\"summary_large_image\" \/>\n<script type=\"application\/ld+json\" class=\"yoast-schema-graph\">{\"@context\":\"https:\/\/schema.org\",\"@graph\":[{\"@type\":\"WebPage\",\"@id\":\"https:\/\/prodesco.es\/fr\/produit\/5899-cuero-blanco\/\",\"url\":\"https:\/\/prodesco.es\/fr\/produit\/5899-cuero-blanco\/\",\"name\":\"5899 CUERO BLANCO - Prodesco\",\"isPartOf\":{\"@id\":\"https:\/\/prodesco.es\/fr\/#website\"},\"primaryImageOfPage\":{\"@id\":\"https:\/\/prodesco.es\/fr\/produit\/5899-cuero-blanco\/#primaryimage\"},\"image\":{\"@id\":\"https:\/\/prodesco.es\/fr\/produit\/5899-cuero-blanco\/#primaryimage\"},\"thumbnailUrl\":\"https:\/\/prodesco.es\/wp-content\/uploads\/2025\/10\/22291407.png\",\"datePublished\":\"2025-11-20T10:03:18+00:00\",\"description\":\"Il s'agit d'une nouvelle gamme d'\u00c9maux Effet Cuir formul\u00e9s sans plomb dans leur composition. Ces \u00e9maux conviennent \u00e0 la fabrication d'objets culinaires. Prodesco\",\"breadcrumb\":{\"@id\":\"https:\/\/prodesco.es\/fr\/produit\/5899-cuero-blanco\/#breadcrumb\"},\"inLanguage\":\"fr-FR\",\"potentialAction\":[{\"@type\":\"ReadAction\",\"target\":[\"https:\/\/prodesco.es\/fr\/produit\/5899-cuero-blanco\/\"]}]},{\"@type\":\"ImageObject\",\"inLanguage\":\"fr-FR\",\"@id\":\"https:\/\/prodesco.es\/fr\/produit\/5899-cuero-blanco\/#primaryimage\",\"url\":\"https:\/\/prodesco.es\/wp-content\/uploads\/2025\/10\/22291407.png\",\"contentUrl\":\"https:\/\/prodesco.es\/wp-content\/uploads\/2025\/10\/22291407.png\",\"width\":1100,\"height\":1100},{\"@type\":\"BreadcrumbList\",\"@id\":\"https:\/\/prodesco.es\/fr\/produit\/5899-cuero-blanco\/#breadcrumb\",\"itemListElement\":[{\"@type\":\"ListItem\",\"position\":1,\"name\":\"Portada\",\"item\":\"https:\/\/prodesco.es\/fr\/\"},{\"@type\":\"ListItem\",\"position\":2,\"name\":\"Produits\",\"item\":\"https:\/\/prodesco.es\/fr\/produits-ceramiques\/\"},{\"@type\":\"ListItem\",\"position\":3,\"name\":\"5899 CUERO BLANCO\"}]},{\"@type\":\"WebSite\",\"@id\":\"https:\/\/prodesco.es\/fr\/#website\",\"url\":\"https:\/\/prodesco.es\/fr\/\",\"name\":\"Prodesco\",\"description\":\"Prodesco\",\"publisher\":{\"@id\":\"https:\/\/prodesco.es\/fr\/#organization\"},\"potentialAction\":[{\"@type\":\"SearchAction\",\"target\":{\"@type\":\"EntryPoint\",\"urlTemplate\":\"https:\/\/prodesco.es\/fr\/?s={search_term_string}\"},\"query-input\":{\"@type\":\"PropertyValueSpecification\",\"valueRequired\":true,\"valueName\":\"search_term_string\"}}],\"inLanguage\":\"fr-FR\"},{\"@type\":\"Organization\",\"@id\":\"https:\/\/prodesco.es\/fr\/#organization\",\"name\":\"Prodesco\",\"url\":\"https:\/\/prodesco.es\/fr\/\",\"logo\":{\"@type\":\"ImageObject\",\"inLanguage\":\"fr-FR\",\"@id\":\"https:\/\/prodesco.es\/fr\/#\/schema\/logo\/image\/\",\"url\":\"https:\/\/prodesco.es\/wp-content\/uploads\/2025\/01\/Grupo-13.svg\",\"contentUrl\":\"https:\/\/prodesco.es\/wp-content\/uploads\/2025\/01\/Grupo-13.svg\",\"width\":282,\"height\":46,\"caption\":\"Prodesco\"},\"image\":{\"@id\":\"https:\/\/prodesco.es\/fr\/#\/schema\/logo\/image\/\"}}]}<\/script>\n<!-- \/ Yoast SEO plugin. -->","yoast_head_json":{"title":"5899 CUERO BLANCO - Prodesco","description":"Il s'agit d'une nouvelle gamme d'\u00c9maux Effet Cuir formul\u00e9s sans plomb dans leur composition. Ces \u00e9maux conviennent \u00e0 la fabrication d'objets culinaires. Prodesco","robots":{"index":"index","follow":"follow","max-snippet":"max-snippet:-1","max-image-preview":"max-image-preview:large","max-video-preview":"max-video-preview:-1"},"canonical":"https:\/\/prodesco.es\/fr\/produit\/5899-cuero-blanco\/","og_locale":"fr_FR","og_type":"article","og_title":"5899 CUERO BLANCO - Prodesco","og_description":"Il s'agit d'une nouvelle gamme d'\u00c9maux Effet Cuir formul\u00e9s sans plomb dans leur composition. Ces \u00e9maux conviennent \u00e0 la fabrication d'objets culinaires. Prodesco","og_url":"https:\/\/prodesco.es\/fr\/produit\/5899-cuero-blanco\/","og_site_name":"Prodesco","og_image":[{"width":1100,"height":1100,"url":"https:\/\/prodesco.es\/wp-content\/uploads\/2025\/10\/22291407.png","type":"image\/png"}],"twitter_card":"summary_large_image","schema":{"@context":"https:\/\/schema.org","@graph":[{"@type":"WebPage","@id":"https:\/\/prodesco.es\/fr\/produit\/5899-cuero-blanco\/","url":"https:\/\/prodesco.es\/fr\/produit\/5899-cuero-blanco\/","name":"5899 CUERO BLANCO - Prodesco","isPartOf":{"@id":"https:\/\/prodesco.es\/fr\/#website"},"primaryImageOfPage":{"@id":"https:\/\/prodesco.es\/fr\/produit\/5899-cuero-blanco\/#primaryimage"},"image":{"@id":"https:\/\/prodesco.es\/fr\/produit\/5899-cuero-blanco\/#primaryimage"},"thumbnailUrl":"https:\/\/prodesco.es\/wp-content\/uploads\/2025\/10\/22291407.png","datePublished":"2025-11-20T10:03:18+00:00","description":"Il s'agit d'une nouvelle gamme d'\u00c9maux Effet Cuir formul\u00e9s sans plomb dans leur composition. Ces \u00e9maux conviennent \u00e0 la fabrication d'objets culinaires. Prodesco","breadcrumb":{"@id":"https:\/\/prodesco.es\/fr\/produit\/5899-cuero-blanco\/#breadcrumb"},"inLanguage":"fr-FR","potentialAction":[{"@type":"ReadAction","target":["https:\/\/prodesco.es\/fr\/produit\/5899-cuero-blanco\/"]}]},{"@type":"ImageObject","inLanguage":"fr-FR","@id":"https:\/\/prodesco.es\/fr\/produit\/5899-cuero-blanco\/#primaryimage","url":"https:\/\/prodesco.es\/wp-content\/uploads\/2025\/10\/22291407.png","contentUrl":"https:\/\/prodesco.es\/wp-content\/uploads\/2025\/10\/22291407.png","width":1100,"height":1100},{"@type":"BreadcrumbList","@id":"https:\/\/prodesco.es\/fr\/produit\/5899-cuero-blanco\/#breadcrumb","itemListElement":[{"@type":"ListItem","position":1,"name":"Portada","item":"https:\/\/prodesco.es\/fr\/"},{"@type":"ListItem","position":2,"name":"Produits","item":"https:\/\/prodesco.es\/fr\/produits-ceramiques\/"},{"@type":"ListItem","position":3,"name":"5899 CUERO BLANCO"}]},{"@type":"WebSite","@id":"https:\/\/prodesco.es\/fr\/#website","url":"https:\/\/prodesco.es\/fr\/","name":"Prodesco","description":"Prodesco","publisher":{"@id":"https:\/\/prodesco.es\/fr\/#organization"},"potentialAction":[{"@type":"SearchAction","target":{"@type":"EntryPoint","urlTemplate":"https:\/\/prodesco.es\/fr\/?s={search_term_string}"},"query-input":{"@type":"PropertyValueSpecification","valueRequired":true,"valueName":"search_term_string"}}],"inLanguage":"fr-FR"},{"@type":"Organization","@id":"https:\/\/prodesco.es\/fr\/#organization","name":"Prodesco","url":"https:\/\/prodesco.es\/fr\/","logo":{"@type":"ImageObject","inLanguage":"fr-FR","@id":"https:\/\/prodesco.es\/fr\/#\/schema\/logo\/image\/","url":"https:\/\/prodesco.es\/wp-content\/uploads\/2025\/01\/Grupo-13.svg","contentUrl":"https:\/\/prodesco.es\/wp-content\/uploads\/2025\/01\/Grupo-13.svg","width":282,"height":46,"caption":"Prodesco"},"image":{"@id":"https:\/\/prodesco.es\/fr\/#\/schema\/logo\/image\/"}}]}},"_links":{"self":[{"href":"https:\/\/prodesco.es\/fr\/wp-json\/wp\/v2\/product\/49573","targetHints":{"allow":["GET"]}}],"collection":[{"href":"https:\/\/prodesco.es\/fr\/wp-json\/wp\/v2\/product"}],"about":[{"href":"https:\/\/prodesco.es\/fr\/wp-json\/wp\/v2\/types\/product"}],"replies":[{"embeddable":true,"href":"https:\/\/prodesco.es\/fr\/wp-json\/wp\/v2\/comments?post=49573"}],"wp:featuredmedia":[{"embeddable":true,"href":"https:\/\/prodesco.es\/fr\/wp-json\/wp\/v2\/media\/47199"}],"wp:attachment":[{"href":"https:\/\/prodesco.es\/fr\/wp-json\/wp\/v2\/media?parent=49573"}],"wp:term":[{"taxonomy":"product_cat","embeddable":true,"href":"https:\/\/prodesco.es\/fr\/wp-json\/wp\/v2\/product_cat?post=49573"},{"taxonomy":"product_tag","embeddable":true,"href":"https:\/\/prodesco.es\/fr\/wp-json\/wp\/v2\/product_tag?post=49573"}],"curies":[{"name":"wp","href":"https:\/\/api.w.org\/{rel}","templated":true}]}}