{"id":49603,"date":"2025-11-20T10:05:56","date_gmt":"2025-11-20T10:05:56","guid":{"rendered":"https:\/\/prodesco.es\/producto\/eecs-10-verde-hoja\/"},"modified":"2025-11-20T10:05:56","modified_gmt":"2025-11-20T10:05:56","slug":"eecs-10-verde-hoja","status":"publish","type":"product","link":"https:\/\/prodesco.es\/fr\/produit\/eecs-10-verde-hoja\/","title":{"rendered":"EECS-10 VERDE HOJA"},"content":{"rendered":"<p>Il s&#8217;agit d&#8217;une s\u00e9rie d&#8217;\u00e9maux color\u00e9s sans plomb dans leur composition, d&#8217;une grande intensit\u00e9 et avec une formulation sp\u00e9cifique pour une finition \u00e0 effet r\u00e9ticulaire. Toutes les couleurs de la s\u00e9rie sont miscibles entre elles pour cr\u00e9er des tonalit\u00e9s interm\u00e9diaires.<br \/>Ils peuvent \u00eatre utilis\u00e9s indiff\u00e9remment sur des p\u00e2tes blanches, rouges et en terre cuite, avec une couche d&#8217;\u00e9mail suffisante pour recouvrir la pi\u00e8ce et obtenir l&#8217;effet de r\u00e9ticule. La temp\u00e9rature de cuisson recommand\u00e9e varie entre 980 \u00b0C et 1080 \u00b0C<\/p>\n<p><i>Pour plus d&#8217;informations, consultez notre <a href=\"https:\/\/prodesco.es\/assets\/hojas-informacion\/fr\/cadmium-selenium-eecs.pdf\" target=\"_blank\">fiche d&#8217;information<\/a><\/i><\/p>\n","protected":false},"excerpt":{"rendered":"<p>Il s&#8217;agit d&#8217;une s\u00e9rie d&#8217;\u00e9maux color\u00e9s sans plomb dans leur composition, d&#8217;une grande intensit\u00e9 et avec une formulation sp\u00e9cifique pour une finition \u00e0 effet r\u00e9ticulaire. Toutes les couleurs de la s\u00e9rie sont miscibles entre elles pour cr\u00e9er des tonalit\u00e9s interm\u00e9diaires.Ils peuvent \u00eatre utilis\u00e9s indiff\u00e9remment sur des p\u00e2tes blanches, rouges et en terre cuite, avec une [&hellip;]<\/p>\n","protected":false},"featured_media":47300,"comment_status":"closed","ping_status":"open","template":"","meta":{"_acf_changed":false},"product_cat":[2208,2211,2202],"product_tag":[],"class_list":{"0":"post-49603","1":"product","2":"type-product","3":"status-publish","4":"has-post-thumbnail","6":"product_cat-emaux","7":"product_cat-cadmium-selenium-eecs","8":"product_cat-engobes-et-emaux","9":"pa_disponible-en-1-kg-fr","10":"pa_estado-polvo","11":"pa_opacidad-opaques","12":"pa_plomo-no","14":"first","15":"instock","16":"purchasable","17":"product-type-simple"},"acf":{"schema_disabled":false,"schema_properties_WebPage_price":"","schema_properties_WebPage_priceValidUntil":null,"schema_properties_WebPage_availability":"","schema_properties_WebPage_itemCondition":"","schema_properties_Product_brand":"","schema_properties_Product_priceValidUntil":null,"schema_properties_Product_availability":"","schema_properties_Product_itemCondition":"","schema_properties_Product_ratingValue":"","schema_properties_Product_reviewCount":"","schema_sameAs_repeater":null,"schema_custom_json_repeater":null,"schema_custom_json_override":false},"yoast_head":"<!-- This site is optimized with the Yoast SEO plugin v25.5 - https:\/\/yoast.com\/wordpress\/plugins\/seo\/ -->\n<title>EECS-10 VERDE HOJA - Prodesco<\/title>\n<meta name=\"description\" content=\"Il s&#039;agit d&#039;une s\u00e9rie d&#039;\u00e9maux color\u00e9s sans plomb dans leur composition, d&#039;une grande intensit\u00e9 et avec une formulation sp\u00e9cifique pour une finition \u00e0 Prodesco\" \/>\n<meta name=\"robots\" content=\"index, follow, max-snippet:-1, max-image-preview:large, max-video-preview:-1\" \/>\n<link rel=\"canonical\" href=\"https:\/\/prodesco.es\/fr\/produit\/eecs-10-verde-hoja\/\" \/>\n<meta property=\"og:locale\" content=\"fr_FR\" \/>\n<meta property=\"og:type\" content=\"article\" \/>\n<meta property=\"og:title\" content=\"EECS-10 VERDE HOJA - Prodesco\" \/>\n<meta property=\"og:description\" content=\"Il s&#039;agit d&#039;une s\u00e9rie d&#039;\u00e9maux color\u00e9s sans plomb dans leur composition, d&#039;une grande intensit\u00e9 et avec une formulation sp\u00e9cifique pour une finition \u00e0 Prodesco\" \/>\n<meta property=\"og:url\" content=\"https:\/\/prodesco.es\/fr\/produit\/eecs-10-verde-hoja\/\" \/>\n<meta property=\"og:site_name\" content=\"Prodesco\" \/>\n<meta property=\"og:image\" content=\"https:\/\/prodesco.es\/wp-content\/uploads\/2025\/10\/22409604.png\" \/>\n\t<meta property=\"og:image:width\" content=\"1100\" \/>\n\t<meta property=\"og:image:height\" content=\"1100\" \/>\n\t<meta property=\"og:image:type\" content=\"image\/png\" \/>\n<meta name=\"twitter:card\" content=\"summary_large_image\" \/>\n<meta name=\"twitter:label1\" content=\"Dur\u00e9e de lecture estim\u00e9e\" \/>\n\t<meta name=\"twitter:data1\" content=\"1 minute\" \/>\n<script type=\"application\/ld+json\" class=\"yoast-schema-graph\">{\"@context\":\"https:\/\/schema.org\",\"@graph\":[{\"@type\":\"WebPage\",\"@id\":\"https:\/\/prodesco.es\/fr\/produit\/eecs-10-verde-hoja\/\",\"url\":\"https:\/\/prodesco.es\/fr\/produit\/eecs-10-verde-hoja\/\",\"name\":\"EECS-10 VERDE HOJA - Prodesco\",\"isPartOf\":{\"@id\":\"https:\/\/prodesco.es\/fr\/#website\"},\"primaryImageOfPage\":{\"@id\":\"https:\/\/prodesco.es\/fr\/produit\/eecs-10-verde-hoja\/#primaryimage\"},\"image\":{\"@id\":\"https:\/\/prodesco.es\/fr\/produit\/eecs-10-verde-hoja\/#primaryimage\"},\"thumbnailUrl\":\"https:\/\/prodesco.es\/wp-content\/uploads\/2025\/10\/22409604.png\",\"datePublished\":\"2025-11-20T10:05:56+00:00\",\"description\":\"Il s'agit d'une s\u00e9rie d'\u00e9maux color\u00e9s sans plomb dans leur composition, d'une grande intensit\u00e9 et avec une formulation sp\u00e9cifique pour une finition \u00e0 Prodesco\",\"breadcrumb\":{\"@id\":\"https:\/\/prodesco.es\/fr\/produit\/eecs-10-verde-hoja\/#breadcrumb\"},\"inLanguage\":\"fr-FR\",\"potentialAction\":[{\"@type\":\"ReadAction\",\"target\":[\"https:\/\/prodesco.es\/fr\/produit\/eecs-10-verde-hoja\/\"]}]},{\"@type\":\"ImageObject\",\"inLanguage\":\"fr-FR\",\"@id\":\"https:\/\/prodesco.es\/fr\/produit\/eecs-10-verde-hoja\/#primaryimage\",\"url\":\"https:\/\/prodesco.es\/wp-content\/uploads\/2025\/10\/22409604.png\",\"contentUrl\":\"https:\/\/prodesco.es\/wp-content\/uploads\/2025\/10\/22409604.png\",\"width\":1100,\"height\":1100},{\"@type\":\"BreadcrumbList\",\"@id\":\"https:\/\/prodesco.es\/fr\/produit\/eecs-10-verde-hoja\/#breadcrumb\",\"itemListElement\":[{\"@type\":\"ListItem\",\"position\":1,\"name\":\"Portada\",\"item\":\"https:\/\/prodesco.es\/fr\/\"},{\"@type\":\"ListItem\",\"position\":2,\"name\":\"Produits\",\"item\":\"https:\/\/prodesco.es\/fr\/produits-ceramiques\/\"},{\"@type\":\"ListItem\",\"position\":3,\"name\":\"EECS-10 VERDE HOJA\"}]},{\"@type\":\"WebSite\",\"@id\":\"https:\/\/prodesco.es\/fr\/#website\",\"url\":\"https:\/\/prodesco.es\/fr\/\",\"name\":\"Prodesco\",\"description\":\"Prodesco\",\"publisher\":{\"@id\":\"https:\/\/prodesco.es\/fr\/#organization\"},\"potentialAction\":[{\"@type\":\"SearchAction\",\"target\":{\"@type\":\"EntryPoint\",\"urlTemplate\":\"https:\/\/prodesco.es\/fr\/?s={search_term_string}\"},\"query-input\":{\"@type\":\"PropertyValueSpecification\",\"valueRequired\":true,\"valueName\":\"search_term_string\"}}],\"inLanguage\":\"fr-FR\"},{\"@type\":\"Organization\",\"@id\":\"https:\/\/prodesco.es\/fr\/#organization\",\"name\":\"Prodesco\",\"url\":\"https:\/\/prodesco.es\/fr\/\",\"logo\":{\"@type\":\"ImageObject\",\"inLanguage\":\"fr-FR\",\"@id\":\"https:\/\/prodesco.es\/fr\/#\/schema\/logo\/image\/\",\"url\":\"https:\/\/prodesco.es\/wp-content\/uploads\/2025\/01\/Grupo-13.svg\",\"contentUrl\":\"https:\/\/prodesco.es\/wp-content\/uploads\/2025\/01\/Grupo-13.svg\",\"width\":282,\"height\":46,\"caption\":\"Prodesco\"},\"image\":{\"@id\":\"https:\/\/prodesco.es\/fr\/#\/schema\/logo\/image\/\"}}]}<\/script>\n<!-- \/ Yoast SEO plugin. -->","yoast_head_json":{"title":"EECS-10 VERDE HOJA - Prodesco","description":"Il s'agit d'une s\u00e9rie d'\u00e9maux color\u00e9s sans plomb dans leur composition, d'une grande intensit\u00e9 et avec une formulation sp\u00e9cifique pour une finition \u00e0 Prodesco","robots":{"index":"index","follow":"follow","max-snippet":"max-snippet:-1","max-image-preview":"max-image-preview:large","max-video-preview":"max-video-preview:-1"},"canonical":"https:\/\/prodesco.es\/fr\/produit\/eecs-10-verde-hoja\/","og_locale":"fr_FR","og_type":"article","og_title":"EECS-10 VERDE HOJA - Prodesco","og_description":"Il s'agit d'une s\u00e9rie d'\u00e9maux color\u00e9s sans plomb dans leur composition, d'une grande intensit\u00e9 et avec une formulation sp\u00e9cifique pour une finition \u00e0 Prodesco","og_url":"https:\/\/prodesco.es\/fr\/produit\/eecs-10-verde-hoja\/","og_site_name":"Prodesco","og_image":[{"width":1100,"height":1100,"url":"https:\/\/prodesco.es\/wp-content\/uploads\/2025\/10\/22409604.png","type":"image\/png"}],"twitter_card":"summary_large_image","twitter_misc":{"Dur\u00e9e de lecture estim\u00e9e":"1 minute"},"schema":{"@context":"https:\/\/schema.org","@graph":[{"@type":"WebPage","@id":"https:\/\/prodesco.es\/fr\/produit\/eecs-10-verde-hoja\/","url":"https:\/\/prodesco.es\/fr\/produit\/eecs-10-verde-hoja\/","name":"EECS-10 VERDE HOJA - Prodesco","isPartOf":{"@id":"https:\/\/prodesco.es\/fr\/#website"},"primaryImageOfPage":{"@id":"https:\/\/prodesco.es\/fr\/produit\/eecs-10-verde-hoja\/#primaryimage"},"image":{"@id":"https:\/\/prodesco.es\/fr\/produit\/eecs-10-verde-hoja\/#primaryimage"},"thumbnailUrl":"https:\/\/prodesco.es\/wp-content\/uploads\/2025\/10\/22409604.png","datePublished":"2025-11-20T10:05:56+00:00","description":"Il s'agit d'une s\u00e9rie d'\u00e9maux color\u00e9s sans plomb dans leur composition, d'une grande intensit\u00e9 et avec une formulation sp\u00e9cifique pour une finition \u00e0 Prodesco","breadcrumb":{"@id":"https:\/\/prodesco.es\/fr\/produit\/eecs-10-verde-hoja\/#breadcrumb"},"inLanguage":"fr-FR","potentialAction":[{"@type":"ReadAction","target":["https:\/\/prodesco.es\/fr\/produit\/eecs-10-verde-hoja\/"]}]},{"@type":"ImageObject","inLanguage":"fr-FR","@id":"https:\/\/prodesco.es\/fr\/produit\/eecs-10-verde-hoja\/#primaryimage","url":"https:\/\/prodesco.es\/wp-content\/uploads\/2025\/10\/22409604.png","contentUrl":"https:\/\/prodesco.es\/wp-content\/uploads\/2025\/10\/22409604.png","width":1100,"height":1100},{"@type":"BreadcrumbList","@id":"https:\/\/prodesco.es\/fr\/produit\/eecs-10-verde-hoja\/#breadcrumb","itemListElement":[{"@type":"ListItem","position":1,"name":"Portada","item":"https:\/\/prodesco.es\/fr\/"},{"@type":"ListItem","position":2,"name":"Produits","item":"https:\/\/prodesco.es\/fr\/produits-ceramiques\/"},{"@type":"ListItem","position":3,"name":"EECS-10 VERDE HOJA"}]},{"@type":"WebSite","@id":"https:\/\/prodesco.es\/fr\/#website","url":"https:\/\/prodesco.es\/fr\/","name":"Prodesco","description":"Prodesco","publisher":{"@id":"https:\/\/prodesco.es\/fr\/#organization"},"potentialAction":[{"@type":"SearchAction","target":{"@type":"EntryPoint","urlTemplate":"https:\/\/prodesco.es\/fr\/?s={search_term_string}"},"query-input":{"@type":"PropertyValueSpecification","valueRequired":true,"valueName":"search_term_string"}}],"inLanguage":"fr-FR"},{"@type":"Organization","@id":"https:\/\/prodesco.es\/fr\/#organization","name":"Prodesco","url":"https:\/\/prodesco.es\/fr\/","logo":{"@type":"ImageObject","inLanguage":"fr-FR","@id":"https:\/\/prodesco.es\/fr\/#\/schema\/logo\/image\/","url":"https:\/\/prodesco.es\/wp-content\/uploads\/2025\/01\/Grupo-13.svg","contentUrl":"https:\/\/prodesco.es\/wp-content\/uploads\/2025\/01\/Grupo-13.svg","width":282,"height":46,"caption":"Prodesco"},"image":{"@id":"https:\/\/prodesco.es\/fr\/#\/schema\/logo\/image\/"}}]}},"_links":{"self":[{"href":"https:\/\/prodesco.es\/fr\/wp-json\/wp\/v2\/product\/49603","targetHints":{"allow":["GET"]}}],"collection":[{"href":"https:\/\/prodesco.es\/fr\/wp-json\/wp\/v2\/product"}],"about":[{"href":"https:\/\/prodesco.es\/fr\/wp-json\/wp\/v2\/types\/product"}],"replies":[{"embeddable":true,"href":"https:\/\/prodesco.es\/fr\/wp-json\/wp\/v2\/comments?post=49603"}],"wp:featuredmedia":[{"embeddable":true,"href":"https:\/\/prodesco.es\/fr\/wp-json\/wp\/v2\/media\/47300"}],"wp:attachment":[{"href":"https:\/\/prodesco.es\/fr\/wp-json\/wp\/v2\/media?parent=49603"}],"wp:term":[{"taxonomy":"product_cat","embeddable":true,"href":"https:\/\/prodesco.es\/fr\/wp-json\/wp\/v2\/product_cat?post=49603"},{"taxonomy":"product_tag","embeddable":true,"href":"https:\/\/prodesco.es\/fr\/wp-json\/wp\/v2\/product_tag?post=49603"}],"curies":[{"name":"wp","href":"https:\/\/api.w.org\/{rel}","templated":true}]}}