{"id":49629,"date":"2025-11-20T10:06:35","date_gmt":"2025-11-20T10:06:35","guid":{"rendered":"https:\/\/prodesco.es\/producto\/ge-409-verde-petrol\/"},"modified":"2025-11-20T10:06:35","modified_gmt":"2025-11-20T10:06:35","slug":"ge-409-verde-petrol","status":"publish","type":"product","link":"https:\/\/prodesco.es\/fr\/produit\/ge-409-verde-petrol\/","title":{"rendered":"GE-409 VERDE PETROL"},"content":{"rendered":"<p>La collection d\u0092&#8217;maux GE S\/Pb \u00ab Grosso espessore \u00bb, sans plomb dans la formulation, est principalement con\u00e7ue pour \u00eatre appliqu\u00e9e sur des p\u00e2tes en gr\u00e8s afin de cr\u00e9er l&#8217;effet \u00ab verre fondu \u00bb.<\/p>\n<p><i>Pour plus d&#8217;informations, consultez notre <a href=\"https:\/\/prodesco.es\/assets\/hojas-informacion\/fr\/grosso-spessore-ge-fr.pdf\" target=\"_blank\">fiche d&#8217;information<\/a><\/i><\/p>\n","protected":false},"excerpt":{"rendered":"<p>La collection d\u0092&#8217;maux GE S\/Pb \u00ab Grosso espessore \u00bb, sans plomb dans la formulation, est principalement con\u00e7ue pour \u00eatre appliqu\u00e9e sur des p\u00e2tes en gr\u00e8s afin de cr\u00e9er l&#8217;effet \u00ab verre fondu \u00bb. Pour plus d&#8217;informations, consultez notre fiche d&#8217;information<\/p>\n","protected":false},"featured_media":47377,"comment_status":"closed","ping_status":"open","template":"","meta":{"_acf_changed":false},"product_cat":[2208,2202,2220],"product_tag":[],"class_list":{"0":"post-49629","1":"product","2":"type-product","3":"status-publish","4":"has-post-thumbnail","6":"product_cat-emaux","7":"product_cat-engobes-et-emaux","8":"product_cat-grosso-spessore-ge-fr","9":"pa_disponible-en-1-kg-fr","10":"pa_estado-polvo","11":"pa_opacidad-transparents","12":"pa_plomo-no","14":"first","15":"instock","16":"purchasable","17":"product-type-simple"},"acf":{"schema_disabled":false,"schema_properties_WebPage_price":"","schema_properties_WebPage_priceValidUntil":null,"schema_properties_WebPage_availability":"","schema_properties_WebPage_itemCondition":"","schema_properties_Product_brand":"","schema_properties_Product_priceValidUntil":null,"schema_properties_Product_availability":"","schema_properties_Product_itemCondition":"","schema_properties_Product_ratingValue":"","schema_properties_Product_reviewCount":"","schema_sameAs_repeater":null,"schema_custom_json_repeater":null,"schema_custom_json_override":false},"yoast_head":"<!-- This site is optimized with the Yoast SEO plugin v25.5 - https:\/\/yoast.com\/wordpress\/plugins\/seo\/ -->\n<title>GE-409 VERDE PETROL - Prodesco<\/title>\n<meta name=\"description\" content=\"La collection d\u0092&#039;maux GE S\/Pb \u00ab Grosso espessore \u00bb, sans plomb dans la formulation, est principalement con\u00e7ue pour \u00eatre appliqu\u00e9e sur des p\u00e2tes en gr\u00e8s Prodesco\" \/>\n<meta name=\"robots\" content=\"index, follow, max-snippet:-1, max-image-preview:large, max-video-preview:-1\" \/>\n<link rel=\"canonical\" href=\"https:\/\/prodesco.es\/fr\/produit\/ge-409-verde-petrol\/\" \/>\n<meta property=\"og:locale\" content=\"fr_FR\" \/>\n<meta property=\"og:type\" content=\"article\" \/>\n<meta property=\"og:title\" content=\"GE-409 VERDE PETROL - Prodesco\" \/>\n<meta property=\"og:description\" content=\"La collection d\u0092&#039;maux GE S\/Pb \u00ab Grosso espessore \u00bb, sans plomb dans la formulation, est principalement con\u00e7ue pour \u00eatre appliqu\u00e9e sur des p\u00e2tes en gr\u00e8s Prodesco\" \/>\n<meta property=\"og:url\" content=\"https:\/\/prodesco.es\/fr\/produit\/ge-409-verde-petrol\/\" \/>\n<meta property=\"og:site_name\" content=\"Prodesco\" \/>\n<meta property=\"og:image\" content=\"https:\/\/prodesco.es\/wp-content\/uploads\/2025\/10\/22411004.png\" \/>\n\t<meta property=\"og:image:width\" content=\"1100\" \/>\n\t<meta property=\"og:image:height\" content=\"1100\" \/>\n\t<meta property=\"og:image:type\" content=\"image\/png\" \/>\n<meta name=\"twitter:card\" content=\"summary_large_image\" \/>\n<script type=\"application\/ld+json\" class=\"yoast-schema-graph\">{\"@context\":\"https:\/\/schema.org\",\"@graph\":[{\"@type\":\"WebPage\",\"@id\":\"https:\/\/prodesco.es\/fr\/produit\/ge-409-verde-petrol\/\",\"url\":\"https:\/\/prodesco.es\/fr\/produit\/ge-409-verde-petrol\/\",\"name\":\"GE-409 VERDE PETROL - Prodesco\",\"isPartOf\":{\"@id\":\"https:\/\/prodesco.es\/fr\/#website\"},\"primaryImageOfPage\":{\"@id\":\"https:\/\/prodesco.es\/fr\/produit\/ge-409-verde-petrol\/#primaryimage\"},\"image\":{\"@id\":\"https:\/\/prodesco.es\/fr\/produit\/ge-409-verde-petrol\/#primaryimage\"},\"thumbnailUrl\":\"https:\/\/prodesco.es\/wp-content\/uploads\/2025\/10\/22411004.png\",\"datePublished\":\"2025-11-20T10:06:35+00:00\",\"description\":\"La collection d\u0092'maux GE S\/Pb \u00ab Grosso espessore \u00bb, sans plomb dans la formulation, est principalement con\u00e7ue pour \u00eatre appliqu\u00e9e sur des p\u00e2tes en gr\u00e8s Prodesco\",\"breadcrumb\":{\"@id\":\"https:\/\/prodesco.es\/fr\/produit\/ge-409-verde-petrol\/#breadcrumb\"},\"inLanguage\":\"fr-FR\",\"potentialAction\":[{\"@type\":\"ReadAction\",\"target\":[\"https:\/\/prodesco.es\/fr\/produit\/ge-409-verde-petrol\/\"]}]},{\"@type\":\"ImageObject\",\"inLanguage\":\"fr-FR\",\"@id\":\"https:\/\/prodesco.es\/fr\/produit\/ge-409-verde-petrol\/#primaryimage\",\"url\":\"https:\/\/prodesco.es\/wp-content\/uploads\/2025\/10\/22411004.png\",\"contentUrl\":\"https:\/\/prodesco.es\/wp-content\/uploads\/2025\/10\/22411004.png\",\"width\":1100,\"height\":1100},{\"@type\":\"BreadcrumbList\",\"@id\":\"https:\/\/prodesco.es\/fr\/produit\/ge-409-verde-petrol\/#breadcrumb\",\"itemListElement\":[{\"@type\":\"ListItem\",\"position\":1,\"name\":\"Portada\",\"item\":\"https:\/\/prodesco.es\/fr\/\"},{\"@type\":\"ListItem\",\"position\":2,\"name\":\"Produits\",\"item\":\"https:\/\/prodesco.es\/fr\/produits-ceramiques\/\"},{\"@type\":\"ListItem\",\"position\":3,\"name\":\"GE-409 VERDE PETROL\"}]},{\"@type\":\"WebSite\",\"@id\":\"https:\/\/prodesco.es\/fr\/#website\",\"url\":\"https:\/\/prodesco.es\/fr\/\",\"name\":\"Prodesco\",\"description\":\"Prodesco\",\"publisher\":{\"@id\":\"https:\/\/prodesco.es\/fr\/#organization\"},\"potentialAction\":[{\"@type\":\"SearchAction\",\"target\":{\"@type\":\"EntryPoint\",\"urlTemplate\":\"https:\/\/prodesco.es\/fr\/?s={search_term_string}\"},\"query-input\":{\"@type\":\"PropertyValueSpecification\",\"valueRequired\":true,\"valueName\":\"search_term_string\"}}],\"inLanguage\":\"fr-FR\"},{\"@type\":\"Organization\",\"@id\":\"https:\/\/prodesco.es\/fr\/#organization\",\"name\":\"Prodesco\",\"url\":\"https:\/\/prodesco.es\/fr\/\",\"logo\":{\"@type\":\"ImageObject\",\"inLanguage\":\"fr-FR\",\"@id\":\"https:\/\/prodesco.es\/fr\/#\/schema\/logo\/image\/\",\"url\":\"https:\/\/prodesco.es\/wp-content\/uploads\/2025\/01\/Grupo-13.svg\",\"contentUrl\":\"https:\/\/prodesco.es\/wp-content\/uploads\/2025\/01\/Grupo-13.svg\",\"width\":282,\"height\":46,\"caption\":\"Prodesco\"},\"image\":{\"@id\":\"https:\/\/prodesco.es\/fr\/#\/schema\/logo\/image\/\"}}]}<\/script>\n<!-- \/ Yoast SEO plugin. -->","yoast_head_json":{"title":"GE-409 VERDE PETROL - Prodesco","description":"La collection d\u0092'maux GE S\/Pb \u00ab Grosso espessore \u00bb, sans plomb dans la formulation, est principalement con\u00e7ue pour \u00eatre appliqu\u00e9e sur des p\u00e2tes en gr\u00e8s Prodesco","robots":{"index":"index","follow":"follow","max-snippet":"max-snippet:-1","max-image-preview":"max-image-preview:large","max-video-preview":"max-video-preview:-1"},"canonical":"https:\/\/prodesco.es\/fr\/produit\/ge-409-verde-petrol\/","og_locale":"fr_FR","og_type":"article","og_title":"GE-409 VERDE PETROL - Prodesco","og_description":"La collection d\u0092'maux GE S\/Pb \u00ab Grosso espessore \u00bb, sans plomb dans la formulation, est principalement con\u00e7ue pour \u00eatre appliqu\u00e9e sur des p\u00e2tes en gr\u00e8s Prodesco","og_url":"https:\/\/prodesco.es\/fr\/produit\/ge-409-verde-petrol\/","og_site_name":"Prodesco","og_image":[{"width":1100,"height":1100,"url":"https:\/\/prodesco.es\/wp-content\/uploads\/2025\/10\/22411004.png","type":"image\/png"}],"twitter_card":"summary_large_image","schema":{"@context":"https:\/\/schema.org","@graph":[{"@type":"WebPage","@id":"https:\/\/prodesco.es\/fr\/produit\/ge-409-verde-petrol\/","url":"https:\/\/prodesco.es\/fr\/produit\/ge-409-verde-petrol\/","name":"GE-409 VERDE PETROL - Prodesco","isPartOf":{"@id":"https:\/\/prodesco.es\/fr\/#website"},"primaryImageOfPage":{"@id":"https:\/\/prodesco.es\/fr\/produit\/ge-409-verde-petrol\/#primaryimage"},"image":{"@id":"https:\/\/prodesco.es\/fr\/produit\/ge-409-verde-petrol\/#primaryimage"},"thumbnailUrl":"https:\/\/prodesco.es\/wp-content\/uploads\/2025\/10\/22411004.png","datePublished":"2025-11-20T10:06:35+00:00","description":"La collection d\u0092'maux GE S\/Pb \u00ab Grosso espessore \u00bb, sans plomb dans la formulation, est principalement con\u00e7ue pour \u00eatre appliqu\u00e9e sur des p\u00e2tes en gr\u00e8s Prodesco","breadcrumb":{"@id":"https:\/\/prodesco.es\/fr\/produit\/ge-409-verde-petrol\/#breadcrumb"},"inLanguage":"fr-FR","potentialAction":[{"@type":"ReadAction","target":["https:\/\/prodesco.es\/fr\/produit\/ge-409-verde-petrol\/"]}]},{"@type":"ImageObject","inLanguage":"fr-FR","@id":"https:\/\/prodesco.es\/fr\/produit\/ge-409-verde-petrol\/#primaryimage","url":"https:\/\/prodesco.es\/wp-content\/uploads\/2025\/10\/22411004.png","contentUrl":"https:\/\/prodesco.es\/wp-content\/uploads\/2025\/10\/22411004.png","width":1100,"height":1100},{"@type":"BreadcrumbList","@id":"https:\/\/prodesco.es\/fr\/produit\/ge-409-verde-petrol\/#breadcrumb","itemListElement":[{"@type":"ListItem","position":1,"name":"Portada","item":"https:\/\/prodesco.es\/fr\/"},{"@type":"ListItem","position":2,"name":"Produits","item":"https:\/\/prodesco.es\/fr\/produits-ceramiques\/"},{"@type":"ListItem","position":3,"name":"GE-409 VERDE PETROL"}]},{"@type":"WebSite","@id":"https:\/\/prodesco.es\/fr\/#website","url":"https:\/\/prodesco.es\/fr\/","name":"Prodesco","description":"Prodesco","publisher":{"@id":"https:\/\/prodesco.es\/fr\/#organization"},"potentialAction":[{"@type":"SearchAction","target":{"@type":"EntryPoint","urlTemplate":"https:\/\/prodesco.es\/fr\/?s={search_term_string}"},"query-input":{"@type":"PropertyValueSpecification","valueRequired":true,"valueName":"search_term_string"}}],"inLanguage":"fr-FR"},{"@type":"Organization","@id":"https:\/\/prodesco.es\/fr\/#organization","name":"Prodesco","url":"https:\/\/prodesco.es\/fr\/","logo":{"@type":"ImageObject","inLanguage":"fr-FR","@id":"https:\/\/prodesco.es\/fr\/#\/schema\/logo\/image\/","url":"https:\/\/prodesco.es\/wp-content\/uploads\/2025\/01\/Grupo-13.svg","contentUrl":"https:\/\/prodesco.es\/wp-content\/uploads\/2025\/01\/Grupo-13.svg","width":282,"height":46,"caption":"Prodesco"},"image":{"@id":"https:\/\/prodesco.es\/fr\/#\/schema\/logo\/image\/"}}]}},"_links":{"self":[{"href":"https:\/\/prodesco.es\/fr\/wp-json\/wp\/v2\/product\/49629","targetHints":{"allow":["GET"]}}],"collection":[{"href":"https:\/\/prodesco.es\/fr\/wp-json\/wp\/v2\/product"}],"about":[{"href":"https:\/\/prodesco.es\/fr\/wp-json\/wp\/v2\/types\/product"}],"replies":[{"embeddable":true,"href":"https:\/\/prodesco.es\/fr\/wp-json\/wp\/v2\/comments?post=49629"}],"wp:featuredmedia":[{"embeddable":true,"href":"https:\/\/prodesco.es\/fr\/wp-json\/wp\/v2\/media\/47377"}],"wp:attachment":[{"href":"https:\/\/prodesco.es\/fr\/wp-json\/wp\/v2\/media?parent=49629"}],"wp:term":[{"taxonomy":"product_cat","embeddable":true,"href":"https:\/\/prodesco.es\/fr\/wp-json\/wp\/v2\/product_cat?post=49629"},{"taxonomy":"product_tag","embeddable":true,"href":"https:\/\/prodesco.es\/fr\/wp-json\/wp\/v2\/product_tag?post=49629"}],"curies":[{"name":"wp","href":"https:\/\/api.w.org\/{rel}","templated":true}]}}