{"id":49688,"date":"2025-11-20T10:08:09","date_gmt":"2025-11-20T10:08:09","guid":{"rendered":"https:\/\/prodesco.es\/producto\/xp-3254-t-rosa\/"},"modified":"2025-11-20T10:08:10","modified_gmt":"2025-11-20T10:08:10","slug":"xp-3254-t-rosa","status":"publish","type":"product","link":"https:\/\/prodesco.es\/fr\/produit\/xp-3254-t-rosa\/","title":{"rendered":"XP-3254\/T ROSA"},"content":{"rendered":"<p>Il s&#8217;agit d&#8217;une collection d&#8217;\u00e9maux opaques et transparents formul\u00e9s sans plomb dans leur composition, offrant une brillance, une couleur et une qualit\u00e9 de surface exceptionnelles. Les \u00e9maux transparents de cette s\u00e9rie sont con\u00e7us pour p\u00e2te blanche, bien que certains d&#8217;entre eux, en raison de leur couleur tr\u00e8s dense, puissent \u00e9galement \u00eatre utilis\u00e9s sur p\u00e2te rouge. Ils peuvent \u00eatre cuits en cycles de cuisson traditionnels et cycles rapides, la temp\u00e9rature recommand\u00e9e \u00e9tant comprise entre 960 et 1 020 \u00b0C.<\/p>\n<p><i>Pour plus d&#8217;informations, consultez notre <a href=\"https:\/\/prodesco.es\/assets\/hojas-informacion\/fr\/vifs.pdf\" target=\"_blank\">fiche d&#8217;information<\/a><\/i><\/p>\n","protected":false},"excerpt":{"rendered":"<p>Il s&#8217;agit d&#8217;une collection d&#8217;\u00e9maux opaques et transparents formul\u00e9s sans plomb dans leur composition, offrant une brillance, une couleur et une qualit\u00e9 de surface exceptionnelles. Les \u00e9maux transparents de cette s\u00e9rie sont con\u00e7us pour p\u00e2te blanche, bien que certains d&#8217;entre eux, en raison de leur couleur tr\u00e8s dense, puissent \u00e9galement \u00eatre utilis\u00e9s sur p\u00e2te rouge. [&hellip;]<\/p>\n","protected":false},"featured_media":47523,"comment_status":"closed","ping_status":"open","template":"","meta":{"_acf_changed":false},"product_cat":[2208,2202,2222],"product_tag":[],"class_list":{"0":"post-49688","1":"product","2":"type-product","3":"status-publish","4":"has-post-thumbnail","6":"product_cat-emaux","7":"product_cat-engobes-et-emaux","8":"product_cat-vifs","9":"pa_disponible-en-1-kg-fr","10":"pa_estado-polvo","11":"pa_opacidad-transparents","13":"first","14":"instock","15":"purchasable","16":"product-type-simple"},"acf":{"schema_disabled":false,"schema_properties_WebPage_price":"","schema_properties_WebPage_priceValidUntil":null,"schema_properties_WebPage_availability":"","schema_properties_WebPage_itemCondition":"","schema_properties_Product_brand":"","schema_properties_Product_priceValidUntil":null,"schema_properties_Product_availability":"","schema_properties_Product_itemCondition":"","schema_properties_Product_ratingValue":"","schema_properties_Product_reviewCount":"","schema_sameAs_repeater":null,"schema_custom_json_repeater":null,"schema_custom_json_override":false},"yoast_head":"<!-- This site is optimized with the Yoast SEO plugin v25.5 - https:\/\/yoast.com\/wordpress\/plugins\/seo\/ -->\n<title>XP-3254\/T ROSA - Prodesco<\/title>\n<meta name=\"description\" content=\"Il s&#039;agit d&#039;une collection d&#039;\u00e9maux opaques et transparents formul\u00e9s sans plomb dans leur composition, offrant une brillance, une couleur et une qualit\u00e9 de Prodesco\" \/>\n<meta name=\"robots\" content=\"index, follow, max-snippet:-1, max-image-preview:large, max-video-preview:-1\" \/>\n<link rel=\"canonical\" href=\"https:\/\/prodesco.es\/fr\/produit\/xp-3254-t-rosa\/\" \/>\n<meta property=\"og:locale\" content=\"fr_FR\" \/>\n<meta property=\"og:type\" content=\"article\" \/>\n<meta property=\"og:title\" content=\"XP-3254\/T ROSA - Prodesco\" \/>\n<meta property=\"og:description\" content=\"Il s&#039;agit d&#039;une collection d&#039;\u00e9maux opaques et transparents formul\u00e9s sans plomb dans leur composition, offrant une brillance, une couleur et une qualit\u00e9 de Prodesco\" \/>\n<meta property=\"og:url\" content=\"https:\/\/prodesco.es\/fr\/produit\/xp-3254-t-rosa\/\" \/>\n<meta property=\"og:site_name\" content=\"Prodesco\" \/>\n<meta property=\"article:modified_time\" content=\"2025-11-20T10:08:10+00:00\" \/>\n<meta property=\"og:image\" content=\"https:\/\/prodesco.es\/wp-content\/uploads\/2025\/10\/22618904.png\" \/>\n\t<meta property=\"og:image:width\" content=\"1100\" \/>\n\t<meta property=\"og:image:height\" content=\"1100\" \/>\n\t<meta property=\"og:image:type\" content=\"image\/png\" \/>\n<meta name=\"twitter:card\" content=\"summary_large_image\" \/>\n<script type=\"application\/ld+json\" class=\"yoast-schema-graph\">{\"@context\":\"https:\/\/schema.org\",\"@graph\":[{\"@type\":\"WebPage\",\"@id\":\"https:\/\/prodesco.es\/fr\/produit\/xp-3254-t-rosa\/\",\"url\":\"https:\/\/prodesco.es\/fr\/produit\/xp-3254-t-rosa\/\",\"name\":\"XP-3254\/T ROSA - Prodesco\",\"isPartOf\":{\"@id\":\"https:\/\/prodesco.es\/fr\/#website\"},\"primaryImageOfPage\":{\"@id\":\"https:\/\/prodesco.es\/fr\/produit\/xp-3254-t-rosa\/#primaryimage\"},\"image\":{\"@id\":\"https:\/\/prodesco.es\/fr\/produit\/xp-3254-t-rosa\/#primaryimage\"},\"thumbnailUrl\":\"https:\/\/prodesco.es\/wp-content\/uploads\/2025\/10\/22618904.png\",\"datePublished\":\"2025-11-20T10:08:09+00:00\",\"dateModified\":\"2025-11-20T10:08:10+00:00\",\"description\":\"Il s'agit d'une collection d'\u00e9maux opaques et transparents formul\u00e9s sans plomb dans leur composition, offrant une brillance, une couleur et une qualit\u00e9 de Prodesco\",\"breadcrumb\":{\"@id\":\"https:\/\/prodesco.es\/fr\/produit\/xp-3254-t-rosa\/#breadcrumb\"},\"inLanguage\":\"fr-FR\",\"potentialAction\":[{\"@type\":\"ReadAction\",\"target\":[\"https:\/\/prodesco.es\/fr\/produit\/xp-3254-t-rosa\/\"]}]},{\"@type\":\"ImageObject\",\"inLanguage\":\"fr-FR\",\"@id\":\"https:\/\/prodesco.es\/fr\/produit\/xp-3254-t-rosa\/#primaryimage\",\"url\":\"https:\/\/prodesco.es\/wp-content\/uploads\/2025\/10\/22618904.png\",\"contentUrl\":\"https:\/\/prodesco.es\/wp-content\/uploads\/2025\/10\/22618904.png\",\"width\":1100,\"height\":1100},{\"@type\":\"BreadcrumbList\",\"@id\":\"https:\/\/prodesco.es\/fr\/produit\/xp-3254-t-rosa\/#breadcrumb\",\"itemListElement\":[{\"@type\":\"ListItem\",\"position\":1,\"name\":\"Portada\",\"item\":\"https:\/\/prodesco.es\/fr\/\"},{\"@type\":\"ListItem\",\"position\":2,\"name\":\"Produits\",\"item\":\"https:\/\/prodesco.es\/fr\/produits-ceramiques\/\"},{\"@type\":\"ListItem\",\"position\":3,\"name\":\"XP-3254\/T ROSA\"}]},{\"@type\":\"WebSite\",\"@id\":\"https:\/\/prodesco.es\/fr\/#website\",\"url\":\"https:\/\/prodesco.es\/fr\/\",\"name\":\"Prodesco\",\"description\":\"Prodesco\",\"publisher\":{\"@id\":\"https:\/\/prodesco.es\/fr\/#organization\"},\"potentialAction\":[{\"@type\":\"SearchAction\",\"target\":{\"@type\":\"EntryPoint\",\"urlTemplate\":\"https:\/\/prodesco.es\/fr\/?s={search_term_string}\"},\"query-input\":{\"@type\":\"PropertyValueSpecification\",\"valueRequired\":true,\"valueName\":\"search_term_string\"}}],\"inLanguage\":\"fr-FR\"},{\"@type\":\"Organization\",\"@id\":\"https:\/\/prodesco.es\/fr\/#organization\",\"name\":\"Prodesco\",\"url\":\"https:\/\/prodesco.es\/fr\/\",\"logo\":{\"@type\":\"ImageObject\",\"inLanguage\":\"fr-FR\",\"@id\":\"https:\/\/prodesco.es\/fr\/#\/schema\/logo\/image\/\",\"url\":\"https:\/\/prodesco.es\/wp-content\/uploads\/2025\/01\/Grupo-13.svg\",\"contentUrl\":\"https:\/\/prodesco.es\/wp-content\/uploads\/2025\/01\/Grupo-13.svg\",\"width\":282,\"height\":46,\"caption\":\"Prodesco\"},\"image\":{\"@id\":\"https:\/\/prodesco.es\/fr\/#\/schema\/logo\/image\/\"}}]}<\/script>\n<!-- \/ Yoast SEO plugin. -->","yoast_head_json":{"title":"XP-3254\/T ROSA - Prodesco","description":"Il s'agit d'une collection d'\u00e9maux opaques et transparents formul\u00e9s sans plomb dans leur composition, offrant une brillance, une couleur et une qualit\u00e9 de Prodesco","robots":{"index":"index","follow":"follow","max-snippet":"max-snippet:-1","max-image-preview":"max-image-preview:large","max-video-preview":"max-video-preview:-1"},"canonical":"https:\/\/prodesco.es\/fr\/produit\/xp-3254-t-rosa\/","og_locale":"fr_FR","og_type":"article","og_title":"XP-3254\/T ROSA - Prodesco","og_description":"Il s'agit d'une collection d'\u00e9maux opaques et transparents formul\u00e9s sans plomb dans leur composition, offrant une brillance, une couleur et une qualit\u00e9 de Prodesco","og_url":"https:\/\/prodesco.es\/fr\/produit\/xp-3254-t-rosa\/","og_site_name":"Prodesco","article_modified_time":"2025-11-20T10:08:10+00:00","og_image":[{"width":1100,"height":1100,"url":"https:\/\/prodesco.es\/wp-content\/uploads\/2025\/10\/22618904.png","type":"image\/png"}],"twitter_card":"summary_large_image","schema":{"@context":"https:\/\/schema.org","@graph":[{"@type":"WebPage","@id":"https:\/\/prodesco.es\/fr\/produit\/xp-3254-t-rosa\/","url":"https:\/\/prodesco.es\/fr\/produit\/xp-3254-t-rosa\/","name":"XP-3254\/T ROSA - Prodesco","isPartOf":{"@id":"https:\/\/prodesco.es\/fr\/#website"},"primaryImageOfPage":{"@id":"https:\/\/prodesco.es\/fr\/produit\/xp-3254-t-rosa\/#primaryimage"},"image":{"@id":"https:\/\/prodesco.es\/fr\/produit\/xp-3254-t-rosa\/#primaryimage"},"thumbnailUrl":"https:\/\/prodesco.es\/wp-content\/uploads\/2025\/10\/22618904.png","datePublished":"2025-11-20T10:08:09+00:00","dateModified":"2025-11-20T10:08:10+00:00","description":"Il s'agit d'une collection d'\u00e9maux opaques et transparents formul\u00e9s sans plomb dans leur composition, offrant une brillance, une couleur et une qualit\u00e9 de Prodesco","breadcrumb":{"@id":"https:\/\/prodesco.es\/fr\/produit\/xp-3254-t-rosa\/#breadcrumb"},"inLanguage":"fr-FR","potentialAction":[{"@type":"ReadAction","target":["https:\/\/prodesco.es\/fr\/produit\/xp-3254-t-rosa\/"]}]},{"@type":"ImageObject","inLanguage":"fr-FR","@id":"https:\/\/prodesco.es\/fr\/produit\/xp-3254-t-rosa\/#primaryimage","url":"https:\/\/prodesco.es\/wp-content\/uploads\/2025\/10\/22618904.png","contentUrl":"https:\/\/prodesco.es\/wp-content\/uploads\/2025\/10\/22618904.png","width":1100,"height":1100},{"@type":"BreadcrumbList","@id":"https:\/\/prodesco.es\/fr\/produit\/xp-3254-t-rosa\/#breadcrumb","itemListElement":[{"@type":"ListItem","position":1,"name":"Portada","item":"https:\/\/prodesco.es\/fr\/"},{"@type":"ListItem","position":2,"name":"Produits","item":"https:\/\/prodesco.es\/fr\/produits-ceramiques\/"},{"@type":"ListItem","position":3,"name":"XP-3254\/T ROSA"}]},{"@type":"WebSite","@id":"https:\/\/prodesco.es\/fr\/#website","url":"https:\/\/prodesco.es\/fr\/","name":"Prodesco","description":"Prodesco","publisher":{"@id":"https:\/\/prodesco.es\/fr\/#organization"},"potentialAction":[{"@type":"SearchAction","target":{"@type":"EntryPoint","urlTemplate":"https:\/\/prodesco.es\/fr\/?s={search_term_string}"},"query-input":{"@type":"PropertyValueSpecification","valueRequired":true,"valueName":"search_term_string"}}],"inLanguage":"fr-FR"},{"@type":"Organization","@id":"https:\/\/prodesco.es\/fr\/#organization","name":"Prodesco","url":"https:\/\/prodesco.es\/fr\/","logo":{"@type":"ImageObject","inLanguage":"fr-FR","@id":"https:\/\/prodesco.es\/fr\/#\/schema\/logo\/image\/","url":"https:\/\/prodesco.es\/wp-content\/uploads\/2025\/01\/Grupo-13.svg","contentUrl":"https:\/\/prodesco.es\/wp-content\/uploads\/2025\/01\/Grupo-13.svg","width":282,"height":46,"caption":"Prodesco"},"image":{"@id":"https:\/\/prodesco.es\/fr\/#\/schema\/logo\/image\/"}}]}},"_links":{"self":[{"href":"https:\/\/prodesco.es\/fr\/wp-json\/wp\/v2\/product\/49688","targetHints":{"allow":["GET"]}}],"collection":[{"href":"https:\/\/prodesco.es\/fr\/wp-json\/wp\/v2\/product"}],"about":[{"href":"https:\/\/prodesco.es\/fr\/wp-json\/wp\/v2\/types\/product"}],"replies":[{"embeddable":true,"href":"https:\/\/prodesco.es\/fr\/wp-json\/wp\/v2\/comments?post=49688"}],"wp:featuredmedia":[{"embeddable":true,"href":"https:\/\/prodesco.es\/fr\/wp-json\/wp\/v2\/media\/47523"}],"wp:attachment":[{"href":"https:\/\/prodesco.es\/fr\/wp-json\/wp\/v2\/media?parent=49688"}],"wp:term":[{"taxonomy":"product_cat","embeddable":true,"href":"https:\/\/prodesco.es\/fr\/wp-json\/wp\/v2\/product_cat?post=49688"},{"taxonomy":"product_tag","embeddable":true,"href":"https:\/\/prodesco.es\/fr\/wp-json\/wp\/v2\/product_tag?post=49688"}],"curies":[{"name":"wp","href":"https:\/\/api.w.org\/{rel}","templated":true}]}}