{"id":49932,"date":"2025-11-20T10:15:06","date_gmt":"2025-11-20T10:15:06","guid":{"rendered":"https:\/\/prodesco.es\/producto\/eesp-47-negro-jaspe\/"},"modified":"2025-11-20T10:15:07","modified_gmt":"2025-11-20T10:15:07","slug":"eesp-47-negro-jaspe","status":"publish","type":"product","link":"https:\/\/prodesco.es\/fr\/produit\/eesp-47-negro-jaspe\/","title":{"rendered":"EESP-47 NEGRO JASPE"},"content":{"rendered":"<p>\u00c9maux Sp\u00e9ciaux aux finitions vari\u00e9es : R\u00e9actifs, Jaspes, Sabl\u00e9s, Effet Pierre ou M\u00e9tallis\u00e9, entre autres, tous formul\u00e9s sans plomb dans leur composition. Dans les deux cas, selon leur caract\u00e8re opaque ou transparent, ils peuvent \u00eatre \u00e9maill\u00e9s sur biscuit c\u00e9ramique blanc ou rouge. Ils sont miscibles entre eux et leurs temp\u00e9ratures de cuisson varient de 980 \u00e0 1080 \u00b0C. Cependant, ils peuvent \u00eatre utilis\u00e9s \u00e0 des temp\u00e9ratures plus \u00e9lev\u00e9es, permettant d&#8217;obtenir des finitions identiques, voire diff\u00e9rentes, selon la p\u00e2te utilis\u00e9e. <\/p>\n<p><i>Pour plus d&#8217;informations, consultez notre <a href=\"https:\/\/prodesco.es\/assets\/hojas-informacion\/fr\/speciaux-eesp.pdf\" target=\"_blank\">fiche d&#8217;information<\/a><\/i><\/p>\n","protected":false},"excerpt":{"rendered":"<p>\u00c9maux Sp\u00e9ciaux aux finitions vari\u00e9es : R\u00e9actifs, Jaspes, Sabl\u00e9s, Effet Pierre ou M\u00e9tallis\u00e9, entre autres, tous formul\u00e9s sans plomb dans leur composition. Dans les deux cas, selon leur caract\u00e8re opaque ou transparent, ils peuvent \u00eatre \u00e9maill\u00e9s sur biscuit c\u00e9ramique blanc ou rouge. Ils sont miscibles entre eux et leurs temp\u00e9ratures de cuisson varient de 980 [&hellip;]<\/p>\n","protected":false},"featured_media":48155,"comment_status":"closed","ping_status":"open","template":"","meta":{"_acf_changed":false},"product_cat":[2208,2202,2215],"product_tag":[],"class_list":{"0":"post-49932","1":"product","2":"type-product","3":"status-publish","4":"has-post-thumbnail","6":"product_cat-emaux","7":"product_cat-engobes-et-emaux","8":"product_cat-speciaux-eesp","9":"pa_disponible-en-1-kg-poudre","10":"pa_disponible-en-1-kg-suspension-fr","11":"pa_disponible-en-250-gr-suspension-fr","12":"pa_disponible-en-5-kg-suspension-fr","13":"pa_estado-polvo","14":"pa_estado-suspension","15":"pa_opacidad-opaques","16":"pa_plomo-no","18":"first","19":"instock","20":"purchasable","21":"product-type-variable","22":"has-default-attributes"},"acf":{"schema_disabled":false,"schema_properties_WebPage_price":"","schema_properties_WebPage_priceValidUntil":null,"schema_properties_WebPage_availability":"","schema_properties_WebPage_itemCondition":"","schema_properties_Product_brand":"","schema_properties_Product_priceValidUntil":null,"schema_properties_Product_availability":"","schema_properties_Product_itemCondition":"","schema_properties_Product_ratingValue":"","schema_properties_Product_reviewCount":"","schema_sameAs_repeater":null,"schema_custom_json_repeater":null,"schema_custom_json_override":false},"yoast_head":"<!-- This site is optimized with the Yoast SEO plugin v25.5 - https:\/\/yoast.com\/wordpress\/plugins\/seo\/ -->\n<title>EESP-47 NEGRO JASPE - Prodesco<\/title>\n<meta name=\"description\" content=\"\u00c9maux Sp\u00e9ciaux aux finitions vari\u00e9es : R\u00e9actifs, Jaspes, Sabl\u00e9s, Effet Pierre ou M\u00e9tallis\u00e9, entre autres, tous formul\u00e9s sans plomb dans leur composition. Prodesco\" \/>\n<meta name=\"robots\" content=\"index, follow, max-snippet:-1, max-image-preview:large, max-video-preview:-1\" \/>\n<link rel=\"canonical\" href=\"https:\/\/prodesco.es\/fr\/produit\/eesp-47-negro-jaspe\/\" \/>\n<meta property=\"og:locale\" content=\"fr_FR\" \/>\n<meta property=\"og:type\" content=\"article\" \/>\n<meta property=\"og:title\" content=\"EESP-47 NEGRO JASPE - Prodesco\" \/>\n<meta property=\"og:description\" content=\"\u00c9maux Sp\u00e9ciaux aux finitions vari\u00e9es : R\u00e9actifs, Jaspes, Sabl\u00e9s, Effet Pierre ou M\u00e9tallis\u00e9, entre autres, tous formul\u00e9s sans plomb dans leur composition. Prodesco\" \/>\n<meta property=\"og:url\" content=\"https:\/\/prodesco.es\/fr\/produit\/eesp-47-negro-jaspe\/\" \/>\n<meta property=\"og:site_name\" content=\"Prodesco\" \/>\n<meta property=\"article:modified_time\" content=\"2025-11-20T10:15:07+00:00\" \/>\n<meta property=\"og:image\" content=\"https:\/\/prodesco.es\/wp-content\/uploads\/2025\/10\/41124804-baja.png\" \/>\n\t<meta property=\"og:image:width\" content=\"1100\" \/>\n\t<meta property=\"og:image:height\" content=\"1100\" \/>\n\t<meta property=\"og:image:type\" content=\"image\/png\" \/>\n<meta name=\"twitter:card\" content=\"summary_large_image\" \/>\n<script type=\"application\/ld+json\" class=\"yoast-schema-graph\">{\"@context\":\"https:\/\/schema.org\",\"@graph\":[{\"@type\":\"WebPage\",\"@id\":\"https:\/\/prodesco.es\/fr\/produit\/eesp-47-negro-jaspe\/\",\"url\":\"https:\/\/prodesco.es\/fr\/produit\/eesp-47-negro-jaspe\/\",\"name\":\"EESP-47 NEGRO JASPE - Prodesco\",\"isPartOf\":{\"@id\":\"https:\/\/prodesco.es\/fr\/#website\"},\"primaryImageOfPage\":{\"@id\":\"https:\/\/prodesco.es\/fr\/produit\/eesp-47-negro-jaspe\/#primaryimage\"},\"image\":{\"@id\":\"https:\/\/prodesco.es\/fr\/produit\/eesp-47-negro-jaspe\/#primaryimage\"},\"thumbnailUrl\":\"https:\/\/prodesco.es\/wp-content\/uploads\/2025\/10\/41124804-baja.png\",\"datePublished\":\"2025-11-20T10:15:06+00:00\",\"dateModified\":\"2025-11-20T10:15:07+00:00\",\"description\":\"\u00c9maux Sp\u00e9ciaux aux finitions vari\u00e9es : R\u00e9actifs, Jaspes, Sabl\u00e9s, Effet Pierre ou M\u00e9tallis\u00e9, entre autres, tous formul\u00e9s sans plomb dans leur composition. Prodesco\",\"breadcrumb\":{\"@id\":\"https:\/\/prodesco.es\/fr\/produit\/eesp-47-negro-jaspe\/#breadcrumb\"},\"inLanguage\":\"fr-FR\",\"potentialAction\":[{\"@type\":\"ReadAction\",\"target\":[\"https:\/\/prodesco.es\/fr\/produit\/eesp-47-negro-jaspe\/\"]}]},{\"@type\":\"ImageObject\",\"inLanguage\":\"fr-FR\",\"@id\":\"https:\/\/prodesco.es\/fr\/produit\/eesp-47-negro-jaspe\/#primaryimage\",\"url\":\"https:\/\/prodesco.es\/wp-content\/uploads\/2025\/10\/41124804-baja.png\",\"contentUrl\":\"https:\/\/prodesco.es\/wp-content\/uploads\/2025\/10\/41124804-baja.png\",\"width\":1100,\"height\":1100,\"caption\":\"es:Baja Temperatura;en:Low temperature;fr:Basse temp\u00e9rature\"},{\"@type\":\"BreadcrumbList\",\"@id\":\"https:\/\/prodesco.es\/fr\/produit\/eesp-47-negro-jaspe\/#breadcrumb\",\"itemListElement\":[{\"@type\":\"ListItem\",\"position\":1,\"name\":\"Portada\",\"item\":\"https:\/\/prodesco.es\/fr\/\"},{\"@type\":\"ListItem\",\"position\":2,\"name\":\"Produits\",\"item\":\"https:\/\/prodesco.es\/fr\/produits-ceramiques\/\"},{\"@type\":\"ListItem\",\"position\":3,\"name\":\"EESP-47 NEGRO JASPE\"}]},{\"@type\":\"WebSite\",\"@id\":\"https:\/\/prodesco.es\/fr\/#website\",\"url\":\"https:\/\/prodesco.es\/fr\/\",\"name\":\"Prodesco\",\"description\":\"Prodesco\",\"publisher\":{\"@id\":\"https:\/\/prodesco.es\/fr\/#organization\"},\"potentialAction\":[{\"@type\":\"SearchAction\",\"target\":{\"@type\":\"EntryPoint\",\"urlTemplate\":\"https:\/\/prodesco.es\/fr\/?s={search_term_string}\"},\"query-input\":{\"@type\":\"PropertyValueSpecification\",\"valueRequired\":true,\"valueName\":\"search_term_string\"}}],\"inLanguage\":\"fr-FR\"},{\"@type\":\"Organization\",\"@id\":\"https:\/\/prodesco.es\/fr\/#organization\",\"name\":\"Prodesco\",\"url\":\"https:\/\/prodesco.es\/fr\/\",\"logo\":{\"@type\":\"ImageObject\",\"inLanguage\":\"fr-FR\",\"@id\":\"https:\/\/prodesco.es\/fr\/#\/schema\/logo\/image\/\",\"url\":\"https:\/\/prodesco.es\/wp-content\/uploads\/2025\/01\/Grupo-13.svg\",\"contentUrl\":\"https:\/\/prodesco.es\/wp-content\/uploads\/2025\/01\/Grupo-13.svg\",\"width\":282,\"height\":46,\"caption\":\"Prodesco\"},\"image\":{\"@id\":\"https:\/\/prodesco.es\/fr\/#\/schema\/logo\/image\/\"}}]}<\/script>\n<!-- \/ Yoast SEO plugin. -->","yoast_head_json":{"title":"EESP-47 NEGRO JASPE - Prodesco","description":"\u00c9maux Sp\u00e9ciaux aux finitions vari\u00e9es : R\u00e9actifs, Jaspes, Sabl\u00e9s, Effet Pierre ou M\u00e9tallis\u00e9, entre autres, tous formul\u00e9s sans plomb dans leur composition. Prodesco","robots":{"index":"index","follow":"follow","max-snippet":"max-snippet:-1","max-image-preview":"max-image-preview:large","max-video-preview":"max-video-preview:-1"},"canonical":"https:\/\/prodesco.es\/fr\/produit\/eesp-47-negro-jaspe\/","og_locale":"fr_FR","og_type":"article","og_title":"EESP-47 NEGRO JASPE - Prodesco","og_description":"\u00c9maux Sp\u00e9ciaux aux finitions vari\u00e9es : R\u00e9actifs, Jaspes, Sabl\u00e9s, Effet Pierre ou M\u00e9tallis\u00e9, entre autres, tous formul\u00e9s sans plomb dans leur composition. Prodesco","og_url":"https:\/\/prodesco.es\/fr\/produit\/eesp-47-negro-jaspe\/","og_site_name":"Prodesco","article_modified_time":"2025-11-20T10:15:07+00:00","og_image":[{"width":1100,"height":1100,"url":"https:\/\/prodesco.es\/wp-content\/uploads\/2025\/10\/41124804-baja.png","type":"image\/png"}],"twitter_card":"summary_large_image","schema":{"@context":"https:\/\/schema.org","@graph":[{"@type":"WebPage","@id":"https:\/\/prodesco.es\/fr\/produit\/eesp-47-negro-jaspe\/","url":"https:\/\/prodesco.es\/fr\/produit\/eesp-47-negro-jaspe\/","name":"EESP-47 NEGRO JASPE - Prodesco","isPartOf":{"@id":"https:\/\/prodesco.es\/fr\/#website"},"primaryImageOfPage":{"@id":"https:\/\/prodesco.es\/fr\/produit\/eesp-47-negro-jaspe\/#primaryimage"},"image":{"@id":"https:\/\/prodesco.es\/fr\/produit\/eesp-47-negro-jaspe\/#primaryimage"},"thumbnailUrl":"https:\/\/prodesco.es\/wp-content\/uploads\/2025\/10\/41124804-baja.png","datePublished":"2025-11-20T10:15:06+00:00","dateModified":"2025-11-20T10:15:07+00:00","description":"\u00c9maux Sp\u00e9ciaux aux finitions vari\u00e9es : R\u00e9actifs, Jaspes, Sabl\u00e9s, Effet Pierre ou M\u00e9tallis\u00e9, entre autres, tous formul\u00e9s sans plomb dans leur composition. Prodesco","breadcrumb":{"@id":"https:\/\/prodesco.es\/fr\/produit\/eesp-47-negro-jaspe\/#breadcrumb"},"inLanguage":"fr-FR","potentialAction":[{"@type":"ReadAction","target":["https:\/\/prodesco.es\/fr\/produit\/eesp-47-negro-jaspe\/"]}]},{"@type":"ImageObject","inLanguage":"fr-FR","@id":"https:\/\/prodesco.es\/fr\/produit\/eesp-47-negro-jaspe\/#primaryimage","url":"https:\/\/prodesco.es\/wp-content\/uploads\/2025\/10\/41124804-baja.png","contentUrl":"https:\/\/prodesco.es\/wp-content\/uploads\/2025\/10\/41124804-baja.png","width":1100,"height":1100,"caption":"es:Baja Temperatura;en:Low temperature;fr:Basse temp\u00e9rature"},{"@type":"BreadcrumbList","@id":"https:\/\/prodesco.es\/fr\/produit\/eesp-47-negro-jaspe\/#breadcrumb","itemListElement":[{"@type":"ListItem","position":1,"name":"Portada","item":"https:\/\/prodesco.es\/fr\/"},{"@type":"ListItem","position":2,"name":"Produits","item":"https:\/\/prodesco.es\/fr\/produits-ceramiques\/"},{"@type":"ListItem","position":3,"name":"EESP-47 NEGRO JASPE"}]},{"@type":"WebSite","@id":"https:\/\/prodesco.es\/fr\/#website","url":"https:\/\/prodesco.es\/fr\/","name":"Prodesco","description":"Prodesco","publisher":{"@id":"https:\/\/prodesco.es\/fr\/#organization"},"potentialAction":[{"@type":"SearchAction","target":{"@type":"EntryPoint","urlTemplate":"https:\/\/prodesco.es\/fr\/?s={search_term_string}"},"query-input":{"@type":"PropertyValueSpecification","valueRequired":true,"valueName":"search_term_string"}}],"inLanguage":"fr-FR"},{"@type":"Organization","@id":"https:\/\/prodesco.es\/fr\/#organization","name":"Prodesco","url":"https:\/\/prodesco.es\/fr\/","logo":{"@type":"ImageObject","inLanguage":"fr-FR","@id":"https:\/\/prodesco.es\/fr\/#\/schema\/logo\/image\/","url":"https:\/\/prodesco.es\/wp-content\/uploads\/2025\/01\/Grupo-13.svg","contentUrl":"https:\/\/prodesco.es\/wp-content\/uploads\/2025\/01\/Grupo-13.svg","width":282,"height":46,"caption":"Prodesco"},"image":{"@id":"https:\/\/prodesco.es\/fr\/#\/schema\/logo\/image\/"}}]}},"_links":{"self":[{"href":"https:\/\/prodesco.es\/fr\/wp-json\/wp\/v2\/product\/49932","targetHints":{"allow":["GET"]}}],"collection":[{"href":"https:\/\/prodesco.es\/fr\/wp-json\/wp\/v2\/product"}],"about":[{"href":"https:\/\/prodesco.es\/fr\/wp-json\/wp\/v2\/types\/product"}],"replies":[{"embeddable":true,"href":"https:\/\/prodesco.es\/fr\/wp-json\/wp\/v2\/comments?post=49932"}],"wp:featuredmedia":[{"embeddable":true,"href":"https:\/\/prodesco.es\/fr\/wp-json\/wp\/v2\/media\/48155"}],"wp:attachment":[{"href":"https:\/\/prodesco.es\/fr\/wp-json\/wp\/v2\/media?parent=49932"}],"wp:term":[{"taxonomy":"product_cat","embeddable":true,"href":"https:\/\/prodesco.es\/fr\/wp-json\/wp\/v2\/product_cat?post=49932"},{"taxonomy":"product_tag","embeddable":true,"href":"https:\/\/prodesco.es\/fr\/wp-json\/wp\/v2\/product_tag?post=49932"}],"curies":[{"name":"wp","href":"https:\/\/api.w.org\/{rel}","templated":true}]}}