{"id":50012,"date":"2025-11-20T10:15:59","date_gmt":"2025-11-20T10:15:59","guid":{"rendered":"https:\/\/prodesco.es\/producto\/eosp-12-marengo\/"},"modified":"2025-11-20T10:16:00","modified_gmt":"2025-11-20T10:16:00","slug":"eosp-12-marengo","status":"publish","type":"product","link":"https:\/\/prodesco.es\/fr\/produit\/eosp-12-marengo\/","title":{"rendered":"EOSP-12 MARENGO"},"content":{"rendered":"<p>La collection \u00c9maux Opaques color\u00e9s formules sans plomb dans leur composition pr\u00eats \u00e0 l&#8217;emploi, sur biscuit c\u00e9ramique blanc ou rouge, exempt de poussi\u00e8re et de graisse. Ils sont miscibles entre eux et leurs temp\u00e9ratures de cuisson varient de 980 \u00b0C \u00e0 1080 \u00b0C. Cependant, ils peuvent \u00eatre utilis\u00e9s \u00e0 des temp\u00e9ratures plus \u00e9lev\u00e9es, permettant d&#8217;obtenir des finitions identiques, voire diff\u00e9rentes, selon la p\u00e2te utilis\u00e9e. <\/p>\n<p><i>Pour plus d&#8217;informations, consultez notre <a href=\"https:\/\/prodesco.es\/assets\/hojas-informacion\/fr\/opaques-eosp.pdf\" target=\"_blank\">fiche d&#8217;information<\/a><\/i><\/p>\n","protected":false},"excerpt":{"rendered":"<p>La collection \u00c9maux Opaques color\u00e9s formules sans plomb dans leur composition pr\u00eats \u00e0 l&#8217;emploi, sur biscuit c\u00e9ramique blanc ou rouge, exempt de poussi\u00e8re et de graisse. Ils sont miscibles entre eux et leurs temp\u00e9ratures de cuisson varient de 980 \u00b0C \u00e0 1080 \u00b0C. Cependant, ils peuvent \u00eatre utilis\u00e9s \u00e0 des temp\u00e9ratures plus \u00e9lev\u00e9es, permettant d&#8217;obtenir [&hellip;]<\/p>\n","protected":false},"featured_media":48355,"comment_status":"closed","ping_status":"open","template":"","meta":{"_acf_changed":false},"product_cat":[2208,2202,2217],"product_tag":[],"class_list":{"0":"post-50012","1":"product","2":"type-product","3":"status-publish","4":"has-post-thumbnail","6":"product_cat-emaux","7":"product_cat-engobes-et-emaux","8":"product_cat-opaques-eosp","9":"pa_disponible-en-1-kg-poudre","10":"pa_disponible-en-1-kg-suspension-fr","11":"pa_disponible-en-250-gr-suspension-fr","12":"pa_disponible-en-5-kg-suspension-fr","13":"pa_estado-polvo","14":"pa_estado-suspension","15":"pa_opacidad-opaques","17":"first","18":"instock","19":"purchasable","20":"product-type-variable","21":"has-default-attributes"},"acf":{"schema_disabled":false,"schema_properties_WebPage_price":"","schema_properties_WebPage_priceValidUntil":null,"schema_properties_WebPage_availability":"","schema_properties_WebPage_itemCondition":"","schema_properties_Product_brand":"","schema_properties_Product_priceValidUntil":null,"schema_properties_Product_availability":"","schema_properties_Product_itemCondition":"","schema_properties_Product_ratingValue":"","schema_properties_Product_reviewCount":"","schema_sameAs_repeater":null,"schema_custom_json_repeater":null,"schema_custom_json_override":false},"yoast_head":"<!-- This site is optimized with the Yoast SEO plugin v25.5 - https:\/\/yoast.com\/wordpress\/plugins\/seo\/ -->\n<title>EOSP-12 MARENGO - Prodesco<\/title>\n<meta name=\"description\" content=\"La collection \u00c9maux Opaques color\u00e9s formules sans plomb dans leur composition pr\u00eats \u00e0 l&#039;emploi, sur biscuit c\u00e9ramique blanc ou rouge, exempt de poussi\u00e8re Prodesco\" \/>\n<meta name=\"robots\" content=\"index, follow, max-snippet:-1, max-image-preview:large, max-video-preview:-1\" \/>\n<link rel=\"canonical\" href=\"https:\/\/prodesco.es\/fr\/produit\/eosp-12-marengo\/\" \/>\n<meta property=\"og:locale\" content=\"fr_FR\" \/>\n<meta property=\"og:type\" content=\"article\" \/>\n<meta property=\"og:title\" content=\"EOSP-12 MARENGO - Prodesco\" \/>\n<meta property=\"og:description\" content=\"La collection \u00c9maux Opaques color\u00e9s formules sans plomb dans leur composition pr\u00eats \u00e0 l&#039;emploi, sur biscuit c\u00e9ramique blanc ou rouge, exempt de poussi\u00e8re Prodesco\" \/>\n<meta property=\"og:url\" content=\"https:\/\/prodesco.es\/fr\/produit\/eosp-12-marengo\/\" \/>\n<meta property=\"og:site_name\" content=\"Prodesco\" \/>\n<meta property=\"article:modified_time\" content=\"2025-11-20T10:16:00+00:00\" \/>\n<meta property=\"og:image\" content=\"https:\/\/prodesco.es\/wp-content\/uploads\/2025\/10\/41131204-baja-1024x1024.png\" \/>\n\t<meta property=\"og:image:width\" content=\"1024\" \/>\n\t<meta property=\"og:image:height\" content=\"1024\" \/>\n\t<meta property=\"og:image:type\" content=\"image\/png\" \/>\n<meta name=\"twitter:card\" content=\"summary_large_image\" \/>\n<script type=\"application\/ld+json\" class=\"yoast-schema-graph\">{\"@context\":\"https:\/\/schema.org\",\"@graph\":[{\"@type\":\"WebPage\",\"@id\":\"https:\/\/prodesco.es\/fr\/produit\/eosp-12-marengo\/\",\"url\":\"https:\/\/prodesco.es\/fr\/produit\/eosp-12-marengo\/\",\"name\":\"EOSP-12 MARENGO - Prodesco\",\"isPartOf\":{\"@id\":\"https:\/\/prodesco.es\/fr\/#website\"},\"primaryImageOfPage\":{\"@id\":\"https:\/\/prodesco.es\/fr\/produit\/eosp-12-marengo\/#primaryimage\"},\"image\":{\"@id\":\"https:\/\/prodesco.es\/fr\/produit\/eosp-12-marengo\/#primaryimage\"},\"thumbnailUrl\":\"https:\/\/prodesco.es\/wp-content\/uploads\/2025\/10\/41131204-baja.png\",\"datePublished\":\"2025-11-20T10:15:59+00:00\",\"dateModified\":\"2025-11-20T10:16:00+00:00\",\"description\":\"La collection \u00c9maux Opaques color\u00e9s formules sans plomb dans leur composition pr\u00eats \u00e0 l'emploi, sur biscuit c\u00e9ramique blanc ou rouge, exempt de poussi\u00e8re Prodesco\",\"breadcrumb\":{\"@id\":\"https:\/\/prodesco.es\/fr\/produit\/eosp-12-marengo\/#breadcrumb\"},\"inLanguage\":\"fr-FR\",\"potentialAction\":[{\"@type\":\"ReadAction\",\"target\":[\"https:\/\/prodesco.es\/fr\/produit\/eosp-12-marengo\/\"]}]},{\"@type\":\"ImageObject\",\"inLanguage\":\"fr-FR\",\"@id\":\"https:\/\/prodesco.es\/fr\/produit\/eosp-12-marengo\/#primaryimage\",\"url\":\"https:\/\/prodesco.es\/wp-content\/uploads\/2025\/10\/41131204-baja.png\",\"contentUrl\":\"https:\/\/prodesco.es\/wp-content\/uploads\/2025\/10\/41131204-baja.png\",\"width\":1100,\"height\":1100,\"caption\":\"es:Baja Temperatura;en:Low temperature;fr:Basse temp\u00e9rature\"},{\"@type\":\"BreadcrumbList\",\"@id\":\"https:\/\/prodesco.es\/fr\/produit\/eosp-12-marengo\/#breadcrumb\",\"itemListElement\":[{\"@type\":\"ListItem\",\"position\":1,\"name\":\"Portada\",\"item\":\"https:\/\/prodesco.es\/fr\/\"},{\"@type\":\"ListItem\",\"position\":2,\"name\":\"Produits\",\"item\":\"https:\/\/prodesco.es\/fr\/produits-ceramiques\/\"},{\"@type\":\"ListItem\",\"position\":3,\"name\":\"EOSP-12 MARENGO\"}]},{\"@type\":\"WebSite\",\"@id\":\"https:\/\/prodesco.es\/fr\/#website\",\"url\":\"https:\/\/prodesco.es\/fr\/\",\"name\":\"Prodesco\",\"description\":\"Prodesco\",\"publisher\":{\"@id\":\"https:\/\/prodesco.es\/fr\/#organization\"},\"potentialAction\":[{\"@type\":\"SearchAction\",\"target\":{\"@type\":\"EntryPoint\",\"urlTemplate\":\"https:\/\/prodesco.es\/fr\/?s={search_term_string}\"},\"query-input\":{\"@type\":\"PropertyValueSpecification\",\"valueRequired\":true,\"valueName\":\"search_term_string\"}}],\"inLanguage\":\"fr-FR\"},{\"@type\":\"Organization\",\"@id\":\"https:\/\/prodesco.es\/fr\/#organization\",\"name\":\"Prodesco\",\"url\":\"https:\/\/prodesco.es\/fr\/\",\"logo\":{\"@type\":\"ImageObject\",\"inLanguage\":\"fr-FR\",\"@id\":\"https:\/\/prodesco.es\/fr\/#\/schema\/logo\/image\/\",\"url\":\"https:\/\/prodesco.es\/wp-content\/uploads\/2025\/01\/Grupo-13.svg\",\"contentUrl\":\"https:\/\/prodesco.es\/wp-content\/uploads\/2025\/01\/Grupo-13.svg\",\"width\":282,\"height\":46,\"caption\":\"Prodesco\"},\"image\":{\"@id\":\"https:\/\/prodesco.es\/fr\/#\/schema\/logo\/image\/\"}}]}<\/script>\n<!-- \/ Yoast SEO plugin. -->","yoast_head_json":{"title":"EOSP-12 MARENGO - Prodesco","description":"La collection \u00c9maux Opaques color\u00e9s formules sans plomb dans leur composition pr\u00eats \u00e0 l'emploi, sur biscuit c\u00e9ramique blanc ou rouge, exempt de poussi\u00e8re Prodesco","robots":{"index":"index","follow":"follow","max-snippet":"max-snippet:-1","max-image-preview":"max-image-preview:large","max-video-preview":"max-video-preview:-1"},"canonical":"https:\/\/prodesco.es\/fr\/produit\/eosp-12-marengo\/","og_locale":"fr_FR","og_type":"article","og_title":"EOSP-12 MARENGO - Prodesco","og_description":"La collection \u00c9maux Opaques color\u00e9s formules sans plomb dans leur composition pr\u00eats \u00e0 l'emploi, sur biscuit c\u00e9ramique blanc ou rouge, exempt de poussi\u00e8re Prodesco","og_url":"https:\/\/prodesco.es\/fr\/produit\/eosp-12-marengo\/","og_site_name":"Prodesco","article_modified_time":"2025-11-20T10:16:00+00:00","og_image":[{"width":1024,"height":1024,"url":"https:\/\/prodesco.es\/wp-content\/uploads\/2025\/10\/41131204-baja-1024x1024.png","type":"image\/png"}],"twitter_card":"summary_large_image","schema":{"@context":"https:\/\/schema.org","@graph":[{"@type":"WebPage","@id":"https:\/\/prodesco.es\/fr\/produit\/eosp-12-marengo\/","url":"https:\/\/prodesco.es\/fr\/produit\/eosp-12-marengo\/","name":"EOSP-12 MARENGO - Prodesco","isPartOf":{"@id":"https:\/\/prodesco.es\/fr\/#website"},"primaryImageOfPage":{"@id":"https:\/\/prodesco.es\/fr\/produit\/eosp-12-marengo\/#primaryimage"},"image":{"@id":"https:\/\/prodesco.es\/fr\/produit\/eosp-12-marengo\/#primaryimage"},"thumbnailUrl":"https:\/\/prodesco.es\/wp-content\/uploads\/2025\/10\/41131204-baja.png","datePublished":"2025-11-20T10:15:59+00:00","dateModified":"2025-11-20T10:16:00+00:00","description":"La collection \u00c9maux Opaques color\u00e9s formules sans plomb dans leur composition pr\u00eats \u00e0 l'emploi, sur biscuit c\u00e9ramique blanc ou rouge, exempt de poussi\u00e8re Prodesco","breadcrumb":{"@id":"https:\/\/prodesco.es\/fr\/produit\/eosp-12-marengo\/#breadcrumb"},"inLanguage":"fr-FR","potentialAction":[{"@type":"ReadAction","target":["https:\/\/prodesco.es\/fr\/produit\/eosp-12-marengo\/"]}]},{"@type":"ImageObject","inLanguage":"fr-FR","@id":"https:\/\/prodesco.es\/fr\/produit\/eosp-12-marengo\/#primaryimage","url":"https:\/\/prodesco.es\/wp-content\/uploads\/2025\/10\/41131204-baja.png","contentUrl":"https:\/\/prodesco.es\/wp-content\/uploads\/2025\/10\/41131204-baja.png","width":1100,"height":1100,"caption":"es:Baja Temperatura;en:Low temperature;fr:Basse temp\u00e9rature"},{"@type":"BreadcrumbList","@id":"https:\/\/prodesco.es\/fr\/produit\/eosp-12-marengo\/#breadcrumb","itemListElement":[{"@type":"ListItem","position":1,"name":"Portada","item":"https:\/\/prodesco.es\/fr\/"},{"@type":"ListItem","position":2,"name":"Produits","item":"https:\/\/prodesco.es\/fr\/produits-ceramiques\/"},{"@type":"ListItem","position":3,"name":"EOSP-12 MARENGO"}]},{"@type":"WebSite","@id":"https:\/\/prodesco.es\/fr\/#website","url":"https:\/\/prodesco.es\/fr\/","name":"Prodesco","description":"Prodesco","publisher":{"@id":"https:\/\/prodesco.es\/fr\/#organization"},"potentialAction":[{"@type":"SearchAction","target":{"@type":"EntryPoint","urlTemplate":"https:\/\/prodesco.es\/fr\/?s={search_term_string}"},"query-input":{"@type":"PropertyValueSpecification","valueRequired":true,"valueName":"search_term_string"}}],"inLanguage":"fr-FR"},{"@type":"Organization","@id":"https:\/\/prodesco.es\/fr\/#organization","name":"Prodesco","url":"https:\/\/prodesco.es\/fr\/","logo":{"@type":"ImageObject","inLanguage":"fr-FR","@id":"https:\/\/prodesco.es\/fr\/#\/schema\/logo\/image\/","url":"https:\/\/prodesco.es\/wp-content\/uploads\/2025\/01\/Grupo-13.svg","contentUrl":"https:\/\/prodesco.es\/wp-content\/uploads\/2025\/01\/Grupo-13.svg","width":282,"height":46,"caption":"Prodesco"},"image":{"@id":"https:\/\/prodesco.es\/fr\/#\/schema\/logo\/image\/"}}]}},"_links":{"self":[{"href":"https:\/\/prodesco.es\/fr\/wp-json\/wp\/v2\/product\/50012","targetHints":{"allow":["GET"]}}],"collection":[{"href":"https:\/\/prodesco.es\/fr\/wp-json\/wp\/v2\/product"}],"about":[{"href":"https:\/\/prodesco.es\/fr\/wp-json\/wp\/v2\/types\/product"}],"replies":[{"embeddable":true,"href":"https:\/\/prodesco.es\/fr\/wp-json\/wp\/v2\/comments?post=50012"}],"wp:featuredmedia":[{"embeddable":true,"href":"https:\/\/prodesco.es\/fr\/wp-json\/wp\/v2\/media\/48355"}],"wp:attachment":[{"href":"https:\/\/prodesco.es\/fr\/wp-json\/wp\/v2\/media?parent=50012"}],"wp:term":[{"taxonomy":"product_cat","embeddable":true,"href":"https:\/\/prodesco.es\/fr\/wp-json\/wp\/v2\/product_cat?post=50012"},{"taxonomy":"product_tag","embeddable":true,"href":"https:\/\/prodesco.es\/fr\/wp-json\/wp\/v2\/product_tag?post=50012"}],"curies":[{"name":"wp","href":"https:\/\/api.w.org\/{rel}","templated":true}]}}