{"id":50274,"date":"2025-11-20T10:18:35","date_gmt":"2025-11-20T10:18:35","guid":{"rendered":"https:\/\/prodesco.es\/producto\/emsp-10-verde-claro-mate\/"},"modified":"2025-11-20T10:18:35","modified_gmt":"2025-11-20T10:18:35","slug":"emsp-10-verde-claro-mate","status":"publish","type":"product","link":"https:\/\/prodesco.es\/fr\/produit\/emsp-10-verde-claro-mate\/","title":{"rendered":"EMSP-10 VERDE CLARO MATE"},"content":{"rendered":"<p>La collection se compose d&#8217;\u00e9maux mat color\u00e9s formul\u00e9s sans plomb dans leur composition. Ils sont miscibles entre eux et leurs temp\u00e9ratures de cuisson varient de 980 \u00b0C \u00e0 1080 \u00b0C. Cependant, ils peuvent \u00eatre utilis\u00e9s \u00e0 des temp\u00e9ratures plus \u00e9lev\u00e9es, permettant d&#8217;obtenir des finitions identiques, voire diff\u00e9rentes.<\/p>\n<p><i>Pour plus d&#8217;informations, consultez notre <a href=\"https:\/\/prodesco.es\/assets\/hojas-informacion\/fr\/mats-emsp.pdf\" target=\"_blank\">fiche d&#8217;information<\/a><\/i><\/p>\n","protected":false},"excerpt":{"rendered":"<p>La collection se compose d&#8217;\u00e9maux mat color\u00e9s formul\u00e9s sans plomb dans leur composition. Ils sont miscibles entre eux et leurs temp\u00e9ratures de cuisson varient de 980 \u00b0C \u00e0 1080 \u00b0C. Cependant, ils peuvent \u00eatre utilis\u00e9s \u00e0 des temp\u00e9ratures plus \u00e9lev\u00e9es, permettant d&#8217;obtenir des finitions identiques, voire diff\u00e9rentes. Pour plus d&#8217;informations, consultez notre fiche d&#8217;information<\/p>\n","protected":false},"featured_media":49119,"comment_status":"closed","ping_status":"open","template":"","meta":{"_acf_changed":false},"product_cat":[2208,2202,2216],"product_tag":[],"class_list":{"0":"post-50274","1":"product","2":"type-product","3":"status-publish","4":"has-post-thumbnail","6":"product_cat-emaux","7":"product_cat-engobes-et-emaux","8":"product_cat-mats-emsp","9":"pa_disponible-en-1-kg-poudre","10":"pa_disponible-en-1-kg-suspension-fr","11":"pa_disponible-en-250-gr-suspension-fr","12":"pa_disponible-en-5-kg-suspension-fr","13":"pa_estado-polvo","14":"pa_estado-suspension","15":"pa_opacidad-opaques","16":"pa_plomo-no","18":"first","19":"instock","20":"purchasable","21":"product-type-variable","22":"has-default-attributes"},"acf":{"schema_disabled":false,"schema_properties_WebPage_price":"","schema_properties_WebPage_priceValidUntil":null,"schema_properties_WebPage_availability":"","schema_properties_WebPage_itemCondition":"","schema_properties_Product_brand":"","schema_properties_Product_priceValidUntil":null,"schema_properties_Product_availability":"","schema_properties_Product_itemCondition":"","schema_properties_Product_ratingValue":"","schema_properties_Product_reviewCount":"","schema_sameAs_repeater":null,"schema_custom_json_repeater":null,"schema_custom_json_override":false},"yoast_head":"<!-- This site is optimized with the Yoast SEO plugin v25.5 - https:\/\/yoast.com\/wordpress\/plugins\/seo\/ -->\n<title>EMSP-10 VERDE CLARO MATE - Prodesco<\/title>\n<meta name=\"description\" content=\"La collection se compose d&#039;\u00e9maux mat color\u00e9s formul\u00e9s sans plomb dans leur composition. Ils sont miscibles entre eux et leurs temp\u00e9ratures de cuisson Prodesco\" \/>\n<meta name=\"robots\" content=\"index, follow, max-snippet:-1, max-image-preview:large, max-video-preview:-1\" \/>\n<link rel=\"canonical\" href=\"https:\/\/prodesco.es\/fr\/produit\/emsp-10-verde-claro-mate\/\" \/>\n<meta property=\"og:locale\" content=\"fr_FR\" \/>\n<meta property=\"og:type\" content=\"article\" \/>\n<meta property=\"og:title\" content=\"EMSP-10 VERDE CLARO MATE - Prodesco\" \/>\n<meta property=\"og:description\" content=\"La collection se compose d&#039;\u00e9maux mat color\u00e9s formul\u00e9s sans plomb dans leur composition. Ils sont miscibles entre eux et leurs temp\u00e9ratures de cuisson Prodesco\" \/>\n<meta property=\"og:url\" content=\"https:\/\/prodesco.es\/fr\/produit\/emsp-10-verde-claro-mate\/\" \/>\n<meta property=\"og:site_name\" content=\"Prodesco\" \/>\n<meta property=\"og:image\" content=\"https:\/\/prodesco.es\/wp-content\/uploads\/2025\/10\/41151004-baja.png\" \/>\n\t<meta property=\"og:image:width\" content=\"1100\" \/>\n\t<meta property=\"og:image:height\" content=\"1100\" \/>\n\t<meta property=\"og:image:type\" content=\"image\/png\" \/>\n<meta name=\"twitter:card\" content=\"summary_large_image\" \/>\n<script type=\"application\/ld+json\" class=\"yoast-schema-graph\">{\"@context\":\"https:\/\/schema.org\",\"@graph\":[{\"@type\":\"WebPage\",\"@id\":\"https:\/\/prodesco.es\/fr\/produit\/emsp-10-verde-claro-mate\/\",\"url\":\"https:\/\/prodesco.es\/fr\/produit\/emsp-10-verde-claro-mate\/\",\"name\":\"EMSP-10 VERDE CLARO MATE - Prodesco\",\"isPartOf\":{\"@id\":\"https:\/\/prodesco.es\/fr\/#website\"},\"primaryImageOfPage\":{\"@id\":\"https:\/\/prodesco.es\/fr\/produit\/emsp-10-verde-claro-mate\/#primaryimage\"},\"image\":{\"@id\":\"https:\/\/prodesco.es\/fr\/produit\/emsp-10-verde-claro-mate\/#primaryimage\"},\"thumbnailUrl\":\"https:\/\/prodesco.es\/wp-content\/uploads\/2025\/10\/41151004-baja.png\",\"datePublished\":\"2025-11-20T10:18:35+00:00\",\"description\":\"La collection se compose d'\u00e9maux mat color\u00e9s formul\u00e9s sans plomb dans leur composition. Ils sont miscibles entre eux et leurs temp\u00e9ratures de cuisson Prodesco\",\"breadcrumb\":{\"@id\":\"https:\/\/prodesco.es\/fr\/produit\/emsp-10-verde-claro-mate\/#breadcrumb\"},\"inLanguage\":\"fr-FR\",\"potentialAction\":[{\"@type\":\"ReadAction\",\"target\":[\"https:\/\/prodesco.es\/fr\/produit\/emsp-10-verde-claro-mate\/\"]}]},{\"@type\":\"ImageObject\",\"inLanguage\":\"fr-FR\",\"@id\":\"https:\/\/prodesco.es\/fr\/produit\/emsp-10-verde-claro-mate\/#primaryimage\",\"url\":\"https:\/\/prodesco.es\/wp-content\/uploads\/2025\/10\/41151004-baja.png\",\"contentUrl\":\"https:\/\/prodesco.es\/wp-content\/uploads\/2025\/10\/41151004-baja.png\",\"width\":1100,\"height\":1100,\"caption\":\"es:Baja Temperatura;en:Low temperature;fr:Basse temp\u00e9rature\"},{\"@type\":\"BreadcrumbList\",\"@id\":\"https:\/\/prodesco.es\/fr\/produit\/emsp-10-verde-claro-mate\/#breadcrumb\",\"itemListElement\":[{\"@type\":\"ListItem\",\"position\":1,\"name\":\"Portada\",\"item\":\"https:\/\/prodesco.es\/fr\/\"},{\"@type\":\"ListItem\",\"position\":2,\"name\":\"Produits\",\"item\":\"https:\/\/prodesco.es\/fr\/produits-ceramiques\/\"},{\"@type\":\"ListItem\",\"position\":3,\"name\":\"EMSP-10 VERDE CLARO MATE\"}]},{\"@type\":\"WebSite\",\"@id\":\"https:\/\/prodesco.es\/fr\/#website\",\"url\":\"https:\/\/prodesco.es\/fr\/\",\"name\":\"Prodesco\",\"description\":\"Prodesco\",\"publisher\":{\"@id\":\"https:\/\/prodesco.es\/fr\/#organization\"},\"potentialAction\":[{\"@type\":\"SearchAction\",\"target\":{\"@type\":\"EntryPoint\",\"urlTemplate\":\"https:\/\/prodesco.es\/fr\/?s={search_term_string}\"},\"query-input\":{\"@type\":\"PropertyValueSpecification\",\"valueRequired\":true,\"valueName\":\"search_term_string\"}}],\"inLanguage\":\"fr-FR\"},{\"@type\":\"Organization\",\"@id\":\"https:\/\/prodesco.es\/fr\/#organization\",\"name\":\"Prodesco\",\"url\":\"https:\/\/prodesco.es\/fr\/\",\"logo\":{\"@type\":\"ImageObject\",\"inLanguage\":\"fr-FR\",\"@id\":\"https:\/\/prodesco.es\/fr\/#\/schema\/logo\/image\/\",\"url\":\"https:\/\/prodesco.es\/wp-content\/uploads\/2025\/01\/Grupo-13.svg\",\"contentUrl\":\"https:\/\/prodesco.es\/wp-content\/uploads\/2025\/01\/Grupo-13.svg\",\"width\":282,\"height\":46,\"caption\":\"Prodesco\"},\"image\":{\"@id\":\"https:\/\/prodesco.es\/fr\/#\/schema\/logo\/image\/\"}}]}<\/script>\n<!-- \/ Yoast SEO plugin. -->","yoast_head_json":{"title":"EMSP-10 VERDE CLARO MATE - Prodesco","description":"La collection se compose d'\u00e9maux mat color\u00e9s formul\u00e9s sans plomb dans leur composition. Ils sont miscibles entre eux et leurs temp\u00e9ratures de cuisson Prodesco","robots":{"index":"index","follow":"follow","max-snippet":"max-snippet:-1","max-image-preview":"max-image-preview:large","max-video-preview":"max-video-preview:-1"},"canonical":"https:\/\/prodesco.es\/fr\/produit\/emsp-10-verde-claro-mate\/","og_locale":"fr_FR","og_type":"article","og_title":"EMSP-10 VERDE CLARO MATE - Prodesco","og_description":"La collection se compose d'\u00e9maux mat color\u00e9s formul\u00e9s sans plomb dans leur composition. Ils sont miscibles entre eux et leurs temp\u00e9ratures de cuisson Prodesco","og_url":"https:\/\/prodesco.es\/fr\/produit\/emsp-10-verde-claro-mate\/","og_site_name":"Prodesco","og_image":[{"width":1100,"height":1100,"url":"https:\/\/prodesco.es\/wp-content\/uploads\/2025\/10\/41151004-baja.png","type":"image\/png"}],"twitter_card":"summary_large_image","schema":{"@context":"https:\/\/schema.org","@graph":[{"@type":"WebPage","@id":"https:\/\/prodesco.es\/fr\/produit\/emsp-10-verde-claro-mate\/","url":"https:\/\/prodesco.es\/fr\/produit\/emsp-10-verde-claro-mate\/","name":"EMSP-10 VERDE CLARO MATE - Prodesco","isPartOf":{"@id":"https:\/\/prodesco.es\/fr\/#website"},"primaryImageOfPage":{"@id":"https:\/\/prodesco.es\/fr\/produit\/emsp-10-verde-claro-mate\/#primaryimage"},"image":{"@id":"https:\/\/prodesco.es\/fr\/produit\/emsp-10-verde-claro-mate\/#primaryimage"},"thumbnailUrl":"https:\/\/prodesco.es\/wp-content\/uploads\/2025\/10\/41151004-baja.png","datePublished":"2025-11-20T10:18:35+00:00","description":"La collection se compose d'\u00e9maux mat color\u00e9s formul\u00e9s sans plomb dans leur composition. Ils sont miscibles entre eux et leurs temp\u00e9ratures de cuisson Prodesco","breadcrumb":{"@id":"https:\/\/prodesco.es\/fr\/produit\/emsp-10-verde-claro-mate\/#breadcrumb"},"inLanguage":"fr-FR","potentialAction":[{"@type":"ReadAction","target":["https:\/\/prodesco.es\/fr\/produit\/emsp-10-verde-claro-mate\/"]}]},{"@type":"ImageObject","inLanguage":"fr-FR","@id":"https:\/\/prodesco.es\/fr\/produit\/emsp-10-verde-claro-mate\/#primaryimage","url":"https:\/\/prodesco.es\/wp-content\/uploads\/2025\/10\/41151004-baja.png","contentUrl":"https:\/\/prodesco.es\/wp-content\/uploads\/2025\/10\/41151004-baja.png","width":1100,"height":1100,"caption":"es:Baja Temperatura;en:Low temperature;fr:Basse temp\u00e9rature"},{"@type":"BreadcrumbList","@id":"https:\/\/prodesco.es\/fr\/produit\/emsp-10-verde-claro-mate\/#breadcrumb","itemListElement":[{"@type":"ListItem","position":1,"name":"Portada","item":"https:\/\/prodesco.es\/fr\/"},{"@type":"ListItem","position":2,"name":"Produits","item":"https:\/\/prodesco.es\/fr\/produits-ceramiques\/"},{"@type":"ListItem","position":3,"name":"EMSP-10 VERDE CLARO MATE"}]},{"@type":"WebSite","@id":"https:\/\/prodesco.es\/fr\/#website","url":"https:\/\/prodesco.es\/fr\/","name":"Prodesco","description":"Prodesco","publisher":{"@id":"https:\/\/prodesco.es\/fr\/#organization"},"potentialAction":[{"@type":"SearchAction","target":{"@type":"EntryPoint","urlTemplate":"https:\/\/prodesco.es\/fr\/?s={search_term_string}"},"query-input":{"@type":"PropertyValueSpecification","valueRequired":true,"valueName":"search_term_string"}}],"inLanguage":"fr-FR"},{"@type":"Organization","@id":"https:\/\/prodesco.es\/fr\/#organization","name":"Prodesco","url":"https:\/\/prodesco.es\/fr\/","logo":{"@type":"ImageObject","inLanguage":"fr-FR","@id":"https:\/\/prodesco.es\/fr\/#\/schema\/logo\/image\/","url":"https:\/\/prodesco.es\/wp-content\/uploads\/2025\/01\/Grupo-13.svg","contentUrl":"https:\/\/prodesco.es\/wp-content\/uploads\/2025\/01\/Grupo-13.svg","width":282,"height":46,"caption":"Prodesco"},"image":{"@id":"https:\/\/prodesco.es\/fr\/#\/schema\/logo\/image\/"}}]}},"_links":{"self":[{"href":"https:\/\/prodesco.es\/fr\/wp-json\/wp\/v2\/product\/50274","targetHints":{"allow":["GET"]}}],"collection":[{"href":"https:\/\/prodesco.es\/fr\/wp-json\/wp\/v2\/product"}],"about":[{"href":"https:\/\/prodesco.es\/fr\/wp-json\/wp\/v2\/types\/product"}],"replies":[{"embeddable":true,"href":"https:\/\/prodesco.es\/fr\/wp-json\/wp\/v2\/comments?post=50274"}],"wp:featuredmedia":[{"embeddable":true,"href":"https:\/\/prodesco.es\/fr\/wp-json\/wp\/v2\/media\/49119"}],"wp:attachment":[{"href":"https:\/\/prodesco.es\/fr\/wp-json\/wp\/v2\/media?parent=50274"}],"wp:term":[{"taxonomy":"product_cat","embeddable":true,"href":"https:\/\/prodesco.es\/fr\/wp-json\/wp\/v2\/product_cat?post=50274"},{"taxonomy":"product_tag","embeddable":true,"href":"https:\/\/prodesco.es\/fr\/wp-json\/wp\/v2\/product_tag?post=50274"}],"curies":[{"name":"wp","href":"https:\/\/api.w.org\/{rel}","templated":true}]}}