{"id":52731,"date":"2025-11-20T09:52:30","date_gmt":"2025-11-20T09:52:30","guid":{"rendered":"https:\/\/prodesco.es\/producto\/siglo-xv-blanco-antiguo\/"},"modified":"2025-11-20T09:52:31","modified_gmt":"2025-11-20T09:52:31","slug":"siglo-xv-blanco-antiguo","status":"publish","type":"product","link":"https:\/\/prodesco.es\/fr\/produit\/siglo-xv-blanco-antiguo\/","title":{"rendered":"SIGLO XV BLANCO ANTIGUO"},"content":{"rendered":"<p>Email ivoire semi-opaque et brillant au plomb \u00e0 utiliser sur p\u00e2te blanche et rouge, poterie et p\u00e2te color\u00e9e. Selon la couche d&#8217;email, la tonalit\u00e9 de la p\u00e2te utilis\u00e9e est visible, laissant un aspect ancien. PLAGE DE TEMP\u00c9RATURE 950\u00baC-1000\u00baC<\/p>\n<p><i>Pour plus d&#8217;informations, consultez notre <a href=\"https:\/\/prodesco.es\/assets\/hojas-informacion\/fr\/blancs-et-transparents-avec-plomb.pdf\" target=\"_blank\">fiche d&#8217;information<\/a><\/i><\/p>\n","protected":false},"excerpt":{"rendered":"<p>Email ivoire semi-opaque et brillant au plomb \u00e0 utiliser sur p\u00e2te blanche et rouge, poterie et p\u00e2te color\u00e9e. Selon la couche d&#8217;email, la tonalit\u00e9 de la p\u00e2te utilis\u00e9e est visible, laissant un aspect ancien. PLAGE DE TEMP\u00c9RATURE 950\u00baC-1000\u00baC Pour plus d&#8217;informations, consultez notre fiche d&#8217;information<\/p>\n","protected":false},"featured_media":51814,"comment_status":"closed","ping_status":"open","template":"","meta":{"_acf_changed":false},"product_cat":[2225,2565,2224,2202],"product_tag":[],"class_list":{"0":"post-52731","1":"product","2":"type-product","3":"status-publish","4":"has-post-thumbnail","6":"product_cat-emaux-aux-professionnels","7":"product_cat-blancs-et-transparents-avec-plomb","8":"product_cat-reserve-aux-professionnels-vernis","9":"product_cat-engobes-et-emaux","10":"pa_estado-polvo","11":"pa_opacidad-opaques","12":"pa_plomo-si","14":"first","15":"instock","16":"downloadable","17":"purchasable","18":"product-type-simple"},"acf":{"schema_disabled":false,"schema_properties_WebPage_price":"","schema_properties_WebPage_priceValidUntil":null,"schema_properties_WebPage_availability":"","schema_properties_WebPage_itemCondition":"","schema_properties_Product_brand":"","schema_properties_Product_priceValidUntil":null,"schema_properties_Product_availability":"","schema_properties_Product_itemCondition":"","schema_properties_Product_ratingValue":"","schema_properties_Product_reviewCount":"","schema_sameAs_repeater":null,"schema_custom_json_repeater":null,"schema_custom_json_override":false},"yoast_head":"<!-- This site is optimized with the Yoast SEO plugin v25.5 - https:\/\/yoast.com\/wordpress\/plugins\/seo\/ -->\n<title>SIGLO XV BLANCO ANTIGUO - Prodesco<\/title>\n<meta name=\"description\" content=\"Email ivoire semi-opaque et brillant au plomb \u00e0 utiliser sur p\u00e2te blanche et rouge, poterie et p\u00e2te color\u00e9e. Selon la couche d&#039;email, la tonalit\u00e9 de la Prodesco\" \/>\n<meta name=\"robots\" content=\"index, follow, max-snippet:-1, max-image-preview:large, max-video-preview:-1\" \/>\n<link rel=\"canonical\" href=\"https:\/\/prodesco.es\/fr\/produit\/siglo-xv-blanco-antiguo\/\" \/>\n<meta property=\"og:locale\" content=\"fr_FR\" \/>\n<meta property=\"og:type\" content=\"article\" \/>\n<meta property=\"og:title\" content=\"SIGLO XV BLANCO ANTIGUO - Prodesco\" \/>\n<meta property=\"og:description\" content=\"Email ivoire semi-opaque et brillant au plomb \u00e0 utiliser sur p\u00e2te blanche et rouge, poterie et p\u00e2te color\u00e9e. Selon la couche d&#039;email, la tonalit\u00e9 de la Prodesco\" \/>\n<meta property=\"og:url\" content=\"https:\/\/prodesco.es\/fr\/produit\/siglo-xv-blanco-antiguo\/\" \/>\n<meta property=\"og:site_name\" content=\"Prodesco\" \/>\n<meta property=\"article:modified_time\" content=\"2025-11-20T09:52:31+00:00\" \/>\n<meta property=\"og:image\" content=\"https:\/\/prodesco.es\/wp-content\/uploads\/2025\/10\/13610107.png\" \/>\n\t<meta property=\"og:image:width\" content=\"1100\" \/>\n\t<meta property=\"og:image:height\" content=\"1100\" \/>\n\t<meta property=\"og:image:type\" content=\"image\/png\" \/>\n<meta name=\"twitter:card\" content=\"summary_large_image\" \/>\n<script type=\"application\/ld+json\" class=\"yoast-schema-graph\">{\"@context\":\"https:\/\/schema.org\",\"@graph\":[{\"@type\":\"WebPage\",\"@id\":\"https:\/\/prodesco.es\/fr\/produit\/siglo-xv-blanco-antiguo\/\",\"url\":\"https:\/\/prodesco.es\/fr\/produit\/siglo-xv-blanco-antiguo\/\",\"name\":\"SIGLO XV BLANCO ANTIGUO - Prodesco\",\"isPartOf\":{\"@id\":\"https:\/\/prodesco.es\/fr\/#website\"},\"primaryImageOfPage\":{\"@id\":\"https:\/\/prodesco.es\/fr\/produit\/siglo-xv-blanco-antiguo\/#primaryimage\"},\"image\":{\"@id\":\"https:\/\/prodesco.es\/fr\/produit\/siglo-xv-blanco-antiguo\/#primaryimage\"},\"thumbnailUrl\":\"https:\/\/prodesco.es\/wp-content\/uploads\/2025\/10\/13610107.png\",\"datePublished\":\"2025-11-20T09:52:30+00:00\",\"dateModified\":\"2025-11-20T09:52:31+00:00\",\"description\":\"Email ivoire semi-opaque et brillant au plomb \u00e0 utiliser sur p\u00e2te blanche et rouge, poterie et p\u00e2te color\u00e9e. Selon la couche d'email, la tonalit\u00e9 de la Prodesco\",\"breadcrumb\":{\"@id\":\"https:\/\/prodesco.es\/fr\/produit\/siglo-xv-blanco-antiguo\/#breadcrumb\"},\"inLanguage\":\"fr-FR\",\"potentialAction\":[{\"@type\":\"ReadAction\",\"target\":[\"https:\/\/prodesco.es\/fr\/produit\/siglo-xv-blanco-antiguo\/\"]}]},{\"@type\":\"ImageObject\",\"inLanguage\":\"fr-FR\",\"@id\":\"https:\/\/prodesco.es\/fr\/produit\/siglo-xv-blanco-antiguo\/#primaryimage\",\"url\":\"https:\/\/prodesco.es\/wp-content\/uploads\/2025\/10\/13610107.png\",\"contentUrl\":\"https:\/\/prodesco.es\/wp-content\/uploads\/2025\/10\/13610107.png\",\"width\":1100,\"height\":1100},{\"@type\":\"BreadcrumbList\",\"@id\":\"https:\/\/prodesco.es\/fr\/produit\/siglo-xv-blanco-antiguo\/#breadcrumb\",\"itemListElement\":[{\"@type\":\"ListItem\",\"position\":1,\"name\":\"Portada\",\"item\":\"https:\/\/prodesco.es\/fr\/\"},{\"@type\":\"ListItem\",\"position\":2,\"name\":\"Produits\",\"item\":\"https:\/\/prodesco.es\/fr\/produits-ceramiques\/\"},{\"@type\":\"ListItem\",\"position\":3,\"name\":\"SIGLO XV BLANCO ANTIGUO\"}]},{\"@type\":\"WebSite\",\"@id\":\"https:\/\/prodesco.es\/fr\/#website\",\"url\":\"https:\/\/prodesco.es\/fr\/\",\"name\":\"Prodesco\",\"description\":\"Prodesco\",\"publisher\":{\"@id\":\"https:\/\/prodesco.es\/fr\/#organization\"},\"potentialAction\":[{\"@type\":\"SearchAction\",\"target\":{\"@type\":\"EntryPoint\",\"urlTemplate\":\"https:\/\/prodesco.es\/fr\/?s={search_term_string}\"},\"query-input\":{\"@type\":\"PropertyValueSpecification\",\"valueRequired\":true,\"valueName\":\"search_term_string\"}}],\"inLanguage\":\"fr-FR\"},{\"@type\":\"Organization\",\"@id\":\"https:\/\/prodesco.es\/fr\/#organization\",\"name\":\"Prodesco\",\"url\":\"https:\/\/prodesco.es\/fr\/\",\"logo\":{\"@type\":\"ImageObject\",\"inLanguage\":\"fr-FR\",\"@id\":\"https:\/\/prodesco.es\/fr\/#\/schema\/logo\/image\/\",\"url\":\"https:\/\/prodesco.es\/wp-content\/uploads\/2025\/01\/Grupo-13.svg\",\"contentUrl\":\"https:\/\/prodesco.es\/wp-content\/uploads\/2025\/01\/Grupo-13.svg\",\"width\":282,\"height\":46,\"caption\":\"Prodesco\"},\"image\":{\"@id\":\"https:\/\/prodesco.es\/fr\/#\/schema\/logo\/image\/\"}}]}<\/script>\n<!-- \/ Yoast SEO plugin. -->","yoast_head_json":{"title":"SIGLO XV BLANCO ANTIGUO - Prodesco","description":"Email ivoire semi-opaque et brillant au plomb \u00e0 utiliser sur p\u00e2te blanche et rouge, poterie et p\u00e2te color\u00e9e. Selon la couche d'email, la tonalit\u00e9 de la Prodesco","robots":{"index":"index","follow":"follow","max-snippet":"max-snippet:-1","max-image-preview":"max-image-preview:large","max-video-preview":"max-video-preview:-1"},"canonical":"https:\/\/prodesco.es\/fr\/produit\/siglo-xv-blanco-antiguo\/","og_locale":"fr_FR","og_type":"article","og_title":"SIGLO XV BLANCO ANTIGUO - Prodesco","og_description":"Email ivoire semi-opaque et brillant au plomb \u00e0 utiliser sur p\u00e2te blanche et rouge, poterie et p\u00e2te color\u00e9e. Selon la couche d'email, la tonalit\u00e9 de la Prodesco","og_url":"https:\/\/prodesco.es\/fr\/produit\/siglo-xv-blanco-antiguo\/","og_site_name":"Prodesco","article_modified_time":"2025-11-20T09:52:31+00:00","og_image":[{"width":1100,"height":1100,"url":"https:\/\/prodesco.es\/wp-content\/uploads\/2025\/10\/13610107.png","type":"image\/png"}],"twitter_card":"summary_large_image","schema":{"@context":"https:\/\/schema.org","@graph":[{"@type":"WebPage","@id":"https:\/\/prodesco.es\/fr\/produit\/siglo-xv-blanco-antiguo\/","url":"https:\/\/prodesco.es\/fr\/produit\/siglo-xv-blanco-antiguo\/","name":"SIGLO XV BLANCO ANTIGUO - Prodesco","isPartOf":{"@id":"https:\/\/prodesco.es\/fr\/#website"},"primaryImageOfPage":{"@id":"https:\/\/prodesco.es\/fr\/produit\/siglo-xv-blanco-antiguo\/#primaryimage"},"image":{"@id":"https:\/\/prodesco.es\/fr\/produit\/siglo-xv-blanco-antiguo\/#primaryimage"},"thumbnailUrl":"https:\/\/prodesco.es\/wp-content\/uploads\/2025\/10\/13610107.png","datePublished":"2025-11-20T09:52:30+00:00","dateModified":"2025-11-20T09:52:31+00:00","description":"Email ivoire semi-opaque et brillant au plomb \u00e0 utiliser sur p\u00e2te blanche et rouge, poterie et p\u00e2te color\u00e9e. Selon la couche d'email, la tonalit\u00e9 de la Prodesco","breadcrumb":{"@id":"https:\/\/prodesco.es\/fr\/produit\/siglo-xv-blanco-antiguo\/#breadcrumb"},"inLanguage":"fr-FR","potentialAction":[{"@type":"ReadAction","target":["https:\/\/prodesco.es\/fr\/produit\/siglo-xv-blanco-antiguo\/"]}]},{"@type":"ImageObject","inLanguage":"fr-FR","@id":"https:\/\/prodesco.es\/fr\/produit\/siglo-xv-blanco-antiguo\/#primaryimage","url":"https:\/\/prodesco.es\/wp-content\/uploads\/2025\/10\/13610107.png","contentUrl":"https:\/\/prodesco.es\/wp-content\/uploads\/2025\/10\/13610107.png","width":1100,"height":1100},{"@type":"BreadcrumbList","@id":"https:\/\/prodesco.es\/fr\/produit\/siglo-xv-blanco-antiguo\/#breadcrumb","itemListElement":[{"@type":"ListItem","position":1,"name":"Portada","item":"https:\/\/prodesco.es\/fr\/"},{"@type":"ListItem","position":2,"name":"Produits","item":"https:\/\/prodesco.es\/fr\/produits-ceramiques\/"},{"@type":"ListItem","position":3,"name":"SIGLO XV BLANCO ANTIGUO"}]},{"@type":"WebSite","@id":"https:\/\/prodesco.es\/fr\/#website","url":"https:\/\/prodesco.es\/fr\/","name":"Prodesco","description":"Prodesco","publisher":{"@id":"https:\/\/prodesco.es\/fr\/#organization"},"potentialAction":[{"@type":"SearchAction","target":{"@type":"EntryPoint","urlTemplate":"https:\/\/prodesco.es\/fr\/?s={search_term_string}"},"query-input":{"@type":"PropertyValueSpecification","valueRequired":true,"valueName":"search_term_string"}}],"inLanguage":"fr-FR"},{"@type":"Organization","@id":"https:\/\/prodesco.es\/fr\/#organization","name":"Prodesco","url":"https:\/\/prodesco.es\/fr\/","logo":{"@type":"ImageObject","inLanguage":"fr-FR","@id":"https:\/\/prodesco.es\/fr\/#\/schema\/logo\/image\/","url":"https:\/\/prodesco.es\/wp-content\/uploads\/2025\/01\/Grupo-13.svg","contentUrl":"https:\/\/prodesco.es\/wp-content\/uploads\/2025\/01\/Grupo-13.svg","width":282,"height":46,"caption":"Prodesco"},"image":{"@id":"https:\/\/prodesco.es\/fr\/#\/schema\/logo\/image\/"}}]}},"_links":{"self":[{"href":"https:\/\/prodesco.es\/fr\/wp-json\/wp\/v2\/product\/52731","targetHints":{"allow":["GET"]}}],"collection":[{"href":"https:\/\/prodesco.es\/fr\/wp-json\/wp\/v2\/product"}],"about":[{"href":"https:\/\/prodesco.es\/fr\/wp-json\/wp\/v2\/types\/product"}],"replies":[{"embeddable":true,"href":"https:\/\/prodesco.es\/fr\/wp-json\/wp\/v2\/comments?post=52731"}],"wp:featuredmedia":[{"embeddable":true,"href":"https:\/\/prodesco.es\/fr\/wp-json\/wp\/v2\/media\/51814"}],"wp:attachment":[{"href":"https:\/\/prodesco.es\/fr\/wp-json\/wp\/v2\/media?parent=52731"}],"wp:term":[{"taxonomy":"product_cat","embeddable":true,"href":"https:\/\/prodesco.es\/fr\/wp-json\/wp\/v2\/product_cat?post=52731"},{"taxonomy":"product_tag","embeddable":true,"href":"https:\/\/prodesco.es\/fr\/wp-json\/wp\/v2\/product_tag?post=52731"}],"curies":[{"name":"wp","href":"https:\/\/api.w.org\/{rel}","templated":true}]}}