{"id":52945,"date":"2025-11-20T10:19:30","date_gmt":"2025-11-20T10:19:30","guid":{"rendered":"https:\/\/prodesco.es\/producto\/monosilicato-de-plomo\/"},"modified":"2025-11-20T10:19:31","modified_gmt":"2025-11-20T10:19:31","slug":"monosilicato-de-plomo","status":"publish","type":"product","link":"https:\/\/prodesco.es\/fr\/produit\/monosilicato-de-plomo\/","title":{"rendered":"MONOSILICATO DE PLOMO"},"content":{"rendered":"<p>Base transparente et tr\u00e8s brillante contenant la fritte \u00e0 plus haute teneur en plomb disponible. Elle peut \u00eatre utilis\u00e9e comme additif pour abaisser le point de fusion et comme correcteur de viscosit\u00e9 dans la masse fondue. PLAGE DE TEMP\u00c9RATURE 800\u00baC-950\u00baC<\/p>\n<p><i>Pour plus d&#8217;informations, consultez notre <a href=\"https:\/\/prodesco.es\/assets\/hojas-informacion\/fr\/blancs-et-transparents-avec-plomb.pdf\" target=\"_blank\">fiche d&#8217;information<\/a><\/i><\/p>\n","protected":false},"excerpt":{"rendered":"<p>Base transparente et tr\u00e8s brillante contenant la fritte \u00e0 plus haute teneur en plomb disponible. Elle peut \u00eatre utilis\u00e9e comme additif pour abaisser le point de fusion et comme correcteur de viscosit\u00e9 dans la masse fondue. PLAGE DE TEMP\u00c9RATURE 800\u00baC-950\u00baC Pour plus d&#8217;informations, consultez notre fiche d&#8217;information<\/p>\n","protected":false},"featured_media":52487,"comment_status":"closed","ping_status":"open","template":"","meta":{"_acf_changed":false},"product_cat":[2225,2565,2224,2202],"product_tag":[],"class_list":{"0":"post-52945","1":"product","2":"type-product","3":"status-publish","4":"has-post-thumbnail","6":"product_cat-emaux-aux-professionnels","7":"product_cat-blancs-et-transparents-avec-plomb","8":"product_cat-reserve-aux-professionnels-vernis","9":"product_cat-engobes-et-emaux","10":"pa_estado-polvo","11":"pa_opacidad-transparents","12":"pa_plomo-si","14":"first","15":"instock","16":"downloadable","17":"purchasable","18":"product-type-simple"},"acf":{"schema_disabled":false,"schema_properties_WebPage_price":"","schema_properties_WebPage_priceValidUntil":null,"schema_properties_WebPage_availability":"","schema_properties_WebPage_itemCondition":"","schema_properties_Product_brand":"","schema_properties_Product_priceValidUntil":null,"schema_properties_Product_availability":"","schema_properties_Product_itemCondition":"","schema_properties_Product_ratingValue":"","schema_properties_Product_reviewCount":"","schema_sameAs_repeater":null,"schema_custom_json_repeater":null,"schema_custom_json_override":false},"yoast_head":"<!-- This site is optimized with the Yoast SEO plugin v25.5 - https:\/\/yoast.com\/wordpress\/plugins\/seo\/ -->\n<title>MONOSILICATO DE PLOMO - Prodesco<\/title>\n<meta name=\"description\" content=\"Base transparente et tr\u00e8s brillante contenant la fritte \u00e0 plus haute teneur en plomb disponible. Elle peut \u00eatre utilis\u00e9e comme additif pour abaisser le Prodesco\" \/>\n<meta name=\"robots\" content=\"index, follow, max-snippet:-1, max-image-preview:large, max-video-preview:-1\" \/>\n<link rel=\"canonical\" href=\"https:\/\/prodesco.es\/fr\/produit\/monosilicato-de-plomo\/\" \/>\n<meta property=\"og:locale\" content=\"fr_FR\" \/>\n<meta property=\"og:type\" content=\"article\" \/>\n<meta property=\"og:title\" content=\"MONOSILICATO DE PLOMO - Prodesco\" \/>\n<meta property=\"og:description\" content=\"Base transparente et tr\u00e8s brillante contenant la fritte \u00e0 plus haute teneur en plomb disponible. Elle peut \u00eatre utilis\u00e9e comme additif pour abaisser le Prodesco\" \/>\n<meta property=\"og:url\" content=\"https:\/\/prodesco.es\/fr\/produit\/monosilicato-de-plomo\/\" \/>\n<meta property=\"og:site_name\" content=\"Prodesco\" \/>\n<meta property=\"article:modified_time\" content=\"2025-11-20T10:19:31+00:00\" \/>\n<meta property=\"og:image\" content=\"https:\/\/prodesco.es\/wp-content\/uploads\/2025\/10\/50101904.png\" \/>\n\t<meta property=\"og:image:width\" content=\"1100\" \/>\n\t<meta property=\"og:image:height\" content=\"1100\" \/>\n\t<meta property=\"og:image:type\" content=\"image\/png\" \/>\n<meta name=\"twitter:card\" content=\"summary_large_image\" \/>\n<script type=\"application\/ld+json\" class=\"yoast-schema-graph\">{\"@context\":\"https:\/\/schema.org\",\"@graph\":[{\"@type\":\"WebPage\",\"@id\":\"https:\/\/prodesco.es\/fr\/produit\/monosilicato-de-plomo\/\",\"url\":\"https:\/\/prodesco.es\/fr\/produit\/monosilicato-de-plomo\/\",\"name\":\"MONOSILICATO DE PLOMO - Prodesco\",\"isPartOf\":{\"@id\":\"https:\/\/prodesco.es\/fr\/#website\"},\"primaryImageOfPage\":{\"@id\":\"https:\/\/prodesco.es\/fr\/produit\/monosilicato-de-plomo\/#primaryimage\"},\"image\":{\"@id\":\"https:\/\/prodesco.es\/fr\/produit\/monosilicato-de-plomo\/#primaryimage\"},\"thumbnailUrl\":\"https:\/\/prodesco.es\/wp-content\/uploads\/2025\/10\/50101904.png\",\"datePublished\":\"2025-11-20T10:19:30+00:00\",\"dateModified\":\"2025-11-20T10:19:31+00:00\",\"description\":\"Base transparente et tr\u00e8s brillante contenant la fritte \u00e0 plus haute teneur en plomb disponible. Elle peut \u00eatre utilis\u00e9e comme additif pour abaisser le Prodesco\",\"breadcrumb\":{\"@id\":\"https:\/\/prodesco.es\/fr\/produit\/monosilicato-de-plomo\/#breadcrumb\"},\"inLanguage\":\"fr-FR\",\"potentialAction\":[{\"@type\":\"ReadAction\",\"target\":[\"https:\/\/prodesco.es\/fr\/produit\/monosilicato-de-plomo\/\"]}]},{\"@type\":\"ImageObject\",\"inLanguage\":\"fr-FR\",\"@id\":\"https:\/\/prodesco.es\/fr\/produit\/monosilicato-de-plomo\/#primaryimage\",\"url\":\"https:\/\/prodesco.es\/wp-content\/uploads\/2025\/10\/50101904.png\",\"contentUrl\":\"https:\/\/prodesco.es\/wp-content\/uploads\/2025\/10\/50101904.png\",\"width\":1100,\"height\":1100},{\"@type\":\"BreadcrumbList\",\"@id\":\"https:\/\/prodesco.es\/fr\/produit\/monosilicato-de-plomo\/#breadcrumb\",\"itemListElement\":[{\"@type\":\"ListItem\",\"position\":1,\"name\":\"Portada\",\"item\":\"https:\/\/prodesco.es\/fr\/\"},{\"@type\":\"ListItem\",\"position\":2,\"name\":\"Produits\",\"item\":\"https:\/\/prodesco.es\/fr\/produits-ceramiques\/\"},{\"@type\":\"ListItem\",\"position\":3,\"name\":\"MONOSILICATO DE PLOMO\"}]},{\"@type\":\"WebSite\",\"@id\":\"https:\/\/prodesco.es\/fr\/#website\",\"url\":\"https:\/\/prodesco.es\/fr\/\",\"name\":\"Prodesco\",\"description\":\"Prodesco\",\"publisher\":{\"@id\":\"https:\/\/prodesco.es\/fr\/#organization\"},\"potentialAction\":[{\"@type\":\"SearchAction\",\"target\":{\"@type\":\"EntryPoint\",\"urlTemplate\":\"https:\/\/prodesco.es\/fr\/?s={search_term_string}\"},\"query-input\":{\"@type\":\"PropertyValueSpecification\",\"valueRequired\":true,\"valueName\":\"search_term_string\"}}],\"inLanguage\":\"fr-FR\"},{\"@type\":\"Organization\",\"@id\":\"https:\/\/prodesco.es\/fr\/#organization\",\"name\":\"Prodesco\",\"url\":\"https:\/\/prodesco.es\/fr\/\",\"logo\":{\"@type\":\"ImageObject\",\"inLanguage\":\"fr-FR\",\"@id\":\"https:\/\/prodesco.es\/fr\/#\/schema\/logo\/image\/\",\"url\":\"https:\/\/prodesco.es\/wp-content\/uploads\/2025\/01\/Grupo-13.svg\",\"contentUrl\":\"https:\/\/prodesco.es\/wp-content\/uploads\/2025\/01\/Grupo-13.svg\",\"width\":282,\"height\":46,\"caption\":\"Prodesco\"},\"image\":{\"@id\":\"https:\/\/prodesco.es\/fr\/#\/schema\/logo\/image\/\"}}]}<\/script>\n<!-- \/ Yoast SEO plugin. -->","yoast_head_json":{"title":"MONOSILICATO DE PLOMO - Prodesco","description":"Base transparente et tr\u00e8s brillante contenant la fritte \u00e0 plus haute teneur en plomb disponible. Elle peut \u00eatre utilis\u00e9e comme additif pour abaisser le Prodesco","robots":{"index":"index","follow":"follow","max-snippet":"max-snippet:-1","max-image-preview":"max-image-preview:large","max-video-preview":"max-video-preview:-1"},"canonical":"https:\/\/prodesco.es\/fr\/produit\/monosilicato-de-plomo\/","og_locale":"fr_FR","og_type":"article","og_title":"MONOSILICATO DE PLOMO - Prodesco","og_description":"Base transparente et tr\u00e8s brillante contenant la fritte \u00e0 plus haute teneur en plomb disponible. Elle peut \u00eatre utilis\u00e9e comme additif pour abaisser le Prodesco","og_url":"https:\/\/prodesco.es\/fr\/produit\/monosilicato-de-plomo\/","og_site_name":"Prodesco","article_modified_time":"2025-11-20T10:19:31+00:00","og_image":[{"width":1100,"height":1100,"url":"https:\/\/prodesco.es\/wp-content\/uploads\/2025\/10\/50101904.png","type":"image\/png"}],"twitter_card":"summary_large_image","schema":{"@context":"https:\/\/schema.org","@graph":[{"@type":"WebPage","@id":"https:\/\/prodesco.es\/fr\/produit\/monosilicato-de-plomo\/","url":"https:\/\/prodesco.es\/fr\/produit\/monosilicato-de-plomo\/","name":"MONOSILICATO DE PLOMO - Prodesco","isPartOf":{"@id":"https:\/\/prodesco.es\/fr\/#website"},"primaryImageOfPage":{"@id":"https:\/\/prodesco.es\/fr\/produit\/monosilicato-de-plomo\/#primaryimage"},"image":{"@id":"https:\/\/prodesco.es\/fr\/produit\/monosilicato-de-plomo\/#primaryimage"},"thumbnailUrl":"https:\/\/prodesco.es\/wp-content\/uploads\/2025\/10\/50101904.png","datePublished":"2025-11-20T10:19:30+00:00","dateModified":"2025-11-20T10:19:31+00:00","description":"Base transparente et tr\u00e8s brillante contenant la fritte \u00e0 plus haute teneur en plomb disponible. Elle peut \u00eatre utilis\u00e9e comme additif pour abaisser le Prodesco","breadcrumb":{"@id":"https:\/\/prodesco.es\/fr\/produit\/monosilicato-de-plomo\/#breadcrumb"},"inLanguage":"fr-FR","potentialAction":[{"@type":"ReadAction","target":["https:\/\/prodesco.es\/fr\/produit\/monosilicato-de-plomo\/"]}]},{"@type":"ImageObject","inLanguage":"fr-FR","@id":"https:\/\/prodesco.es\/fr\/produit\/monosilicato-de-plomo\/#primaryimage","url":"https:\/\/prodesco.es\/wp-content\/uploads\/2025\/10\/50101904.png","contentUrl":"https:\/\/prodesco.es\/wp-content\/uploads\/2025\/10\/50101904.png","width":1100,"height":1100},{"@type":"BreadcrumbList","@id":"https:\/\/prodesco.es\/fr\/produit\/monosilicato-de-plomo\/#breadcrumb","itemListElement":[{"@type":"ListItem","position":1,"name":"Portada","item":"https:\/\/prodesco.es\/fr\/"},{"@type":"ListItem","position":2,"name":"Produits","item":"https:\/\/prodesco.es\/fr\/produits-ceramiques\/"},{"@type":"ListItem","position":3,"name":"MONOSILICATO DE PLOMO"}]},{"@type":"WebSite","@id":"https:\/\/prodesco.es\/fr\/#website","url":"https:\/\/prodesco.es\/fr\/","name":"Prodesco","description":"Prodesco","publisher":{"@id":"https:\/\/prodesco.es\/fr\/#organization"},"potentialAction":[{"@type":"SearchAction","target":{"@type":"EntryPoint","urlTemplate":"https:\/\/prodesco.es\/fr\/?s={search_term_string}"},"query-input":{"@type":"PropertyValueSpecification","valueRequired":true,"valueName":"search_term_string"}}],"inLanguage":"fr-FR"},{"@type":"Organization","@id":"https:\/\/prodesco.es\/fr\/#organization","name":"Prodesco","url":"https:\/\/prodesco.es\/fr\/","logo":{"@type":"ImageObject","inLanguage":"fr-FR","@id":"https:\/\/prodesco.es\/fr\/#\/schema\/logo\/image\/","url":"https:\/\/prodesco.es\/wp-content\/uploads\/2025\/01\/Grupo-13.svg","contentUrl":"https:\/\/prodesco.es\/wp-content\/uploads\/2025\/01\/Grupo-13.svg","width":282,"height":46,"caption":"Prodesco"},"image":{"@id":"https:\/\/prodesco.es\/fr\/#\/schema\/logo\/image\/"}}]}},"_links":{"self":[{"href":"https:\/\/prodesco.es\/fr\/wp-json\/wp\/v2\/product\/52945","targetHints":{"allow":["GET"]}}],"collection":[{"href":"https:\/\/prodesco.es\/fr\/wp-json\/wp\/v2\/product"}],"about":[{"href":"https:\/\/prodesco.es\/fr\/wp-json\/wp\/v2\/types\/product"}],"replies":[{"embeddable":true,"href":"https:\/\/prodesco.es\/fr\/wp-json\/wp\/v2\/comments?post=52945"}],"wp:featuredmedia":[{"embeddable":true,"href":"https:\/\/prodesco.es\/fr\/wp-json\/wp\/v2\/media\/52487"}],"wp:attachment":[{"href":"https:\/\/prodesco.es\/fr\/wp-json\/wp\/v2\/media?parent=52945"}],"wp:term":[{"taxonomy":"product_cat","embeddable":true,"href":"https:\/\/prodesco.es\/fr\/wp-json\/wp\/v2\/product_cat?post=52945"},{"taxonomy":"product_tag","embeddable":true,"href":"https:\/\/prodesco.es\/fr\/wp-json\/wp\/v2\/product_tag?post=52945"}],"curies":[{"name":"wp","href":"https:\/\/api.w.org\/{rel}","templated":true}]}}