{"id":54893,"date":"2025-11-20T10:46:19","date_gmt":"2025-11-20T10:46:19","guid":{"rendered":"https:\/\/prodesco.es\/producto\/19-rojo-intenso\/"},"modified":"2025-11-20T10:46:20","modified_gmt":"2025-11-20T10:46:20","slug":"19-rojo-intenso","status":"publish","type":"product","link":"https:\/\/prodesco.es\/fr\/produit\/19-rojo-intenso\/","title":{"rendered":"19 ROJO INTENSO"},"content":{"rendered":"<p>Les KERAMINES\u00ae sont une forme diff\u00e9rente de colorants c\u00e9ramiques sous forme de craie, s\u0092appliquent directement sur tout biscuit c\u00e9ramique. <\/p>\n<p>La plage de temp\u00e9ratures de cuisson est comprise entre 980\u00baC et 1260 \u00b0C.<br \/>Les Keramines\u00ae sont disponibles \u00e0 l\u0092unit\u00e9 ou dans la bo\u00eete de 18 unit\u00e9s assorties KIT KERAMIN 2.<\/p>\n<p><i>Pour plus d&#8217;informations, consultez notre <a href=\"https:\/\/prodesco.es\/assets\/hojas-informacion\/fr\/keramines-fr.pdf\" target=\"_blank\">fiche d&#8217;information<\/a><\/i><\/p>\n","protected":false},"excerpt":{"rendered":"<p>Les KERAMINES\u00ae sont une forme diff\u00e9rente de colorants c\u00e9ramiques sous forme de craie, s\u0092appliquent directement sur tout biscuit c\u00e9ramique. La plage de temp\u00e9ratures de cuisson est comprise entre 980\u00baC et 1260 \u00b0C.Les Keramines\u00ae sont disponibles \u00e0 l\u0092unit\u00e9 ou dans la bo\u00eete de 18 unit\u00e9s assorties KIT KERAMIN 2. Pour plus d&#8217;informations, consultez notre fiche d&#8217;information<\/p>\n","protected":false},"featured_media":53473,"comment_status":"closed","ping_status":"open","template":"","meta":{"_acf_changed":false},"product_cat":[2227,2228,2226],"product_tag":[],"class_list":{"0":"post-54893","1":"product","2":"type-product","3":"status-publish","4":"has-post-thumbnail","6":"product_cat-decoration-fr","7":"product_cat-keramines-fr","8":"product_cat-colorants-et-decoration","9":"pa_plomo-no","11":"first","12":"instock","13":"downloadable","14":"purchasable","15":"product-type-simple"},"acf":{"schema_disabled":false,"schema_properties_WebPage_price":"","schema_properties_WebPage_priceValidUntil":null,"schema_properties_WebPage_availability":"","schema_properties_WebPage_itemCondition":"","schema_properties_Product_brand":"","schema_properties_Product_priceValidUntil":null,"schema_properties_Product_availability":"","schema_properties_Product_itemCondition":"","schema_properties_Product_ratingValue":"","schema_properties_Product_reviewCount":"","schema_sameAs_repeater":null,"schema_custom_json_repeater":null,"schema_custom_json_override":false},"yoast_head":"<!-- This site is optimized with the Yoast SEO plugin v25.5 - https:\/\/yoast.com\/wordpress\/plugins\/seo\/ -->\n<title>19 ROJO INTENSO - Prodesco<\/title>\n<meta name=\"description\" content=\"Les KERAMINES\u00ae sont une forme diff\u00e9rente de colorants c\u00e9ramiques sous forme de craie, s\u0092appliquent directement sur tout biscuit c\u00e9ramique. La plage de Prodesco\" \/>\n<meta name=\"robots\" content=\"index, follow, max-snippet:-1, max-image-preview:large, max-video-preview:-1\" \/>\n<link rel=\"canonical\" href=\"https:\/\/prodesco.es\/fr\/produit\/19-rojo-intenso\/\" \/>\n<meta property=\"og:locale\" content=\"fr_FR\" \/>\n<meta property=\"og:type\" content=\"article\" \/>\n<meta property=\"og:title\" content=\"19 ROJO INTENSO - Prodesco\" \/>\n<meta property=\"og:description\" content=\"Les KERAMINES\u00ae sont une forme diff\u00e9rente de colorants c\u00e9ramiques sous forme de craie, s\u0092appliquent directement sur tout biscuit c\u00e9ramique. La plage de Prodesco\" \/>\n<meta property=\"og:url\" content=\"https:\/\/prodesco.es\/fr\/produit\/19-rojo-intenso\/\" \/>\n<meta property=\"og:site_name\" content=\"Prodesco\" \/>\n<meta property=\"article:modified_time\" content=\"2025-11-20T10:46:20+00:00\" \/>\n<meta property=\"og:image\" content=\"https:\/\/prodesco.es\/wp-content\/uploads\/2025\/10\/41076900-1024x1024.png\" \/>\n\t<meta property=\"og:image:width\" content=\"1024\" \/>\n\t<meta property=\"og:image:height\" content=\"1024\" \/>\n\t<meta property=\"og:image:type\" content=\"image\/png\" \/>\n<meta name=\"twitter:card\" content=\"summary_large_image\" \/>\n<script type=\"application\/ld+json\" class=\"yoast-schema-graph\">{\"@context\":\"https:\/\/schema.org\",\"@graph\":[{\"@type\":\"WebPage\",\"@id\":\"https:\/\/prodesco.es\/fr\/produit\/19-rojo-intenso\/\",\"url\":\"https:\/\/prodesco.es\/fr\/produit\/19-rojo-intenso\/\",\"name\":\"19 ROJO INTENSO - Prodesco\",\"isPartOf\":{\"@id\":\"https:\/\/prodesco.es\/fr\/#website\"},\"primaryImageOfPage\":{\"@id\":\"https:\/\/prodesco.es\/fr\/produit\/19-rojo-intenso\/#primaryimage\"},\"image\":{\"@id\":\"https:\/\/prodesco.es\/fr\/produit\/19-rojo-intenso\/#primaryimage\"},\"thumbnailUrl\":\"https:\/\/prodesco.es\/wp-content\/uploads\/2025\/10\/41076900.png\",\"datePublished\":\"2025-11-20T10:46:19+00:00\",\"dateModified\":\"2025-11-20T10:46:20+00:00\",\"description\":\"Les KERAMINES\u00ae sont une forme diff\u00e9rente de colorants c\u00e9ramiques sous forme de craie, s\u0092appliquent directement sur tout biscuit c\u00e9ramique. La plage de Prodesco\",\"breadcrumb\":{\"@id\":\"https:\/\/prodesco.es\/fr\/produit\/19-rojo-intenso\/#breadcrumb\"},\"inLanguage\":\"fr-FR\",\"potentialAction\":[{\"@type\":\"ReadAction\",\"target\":[\"https:\/\/prodesco.es\/fr\/produit\/19-rojo-intenso\/\"]}]},{\"@type\":\"ImageObject\",\"inLanguage\":\"fr-FR\",\"@id\":\"https:\/\/prodesco.es\/fr\/produit\/19-rojo-intenso\/#primaryimage\",\"url\":\"https:\/\/prodesco.es\/wp-content\/uploads\/2025\/10\/41076900.png\",\"contentUrl\":\"https:\/\/prodesco.es\/wp-content\/uploads\/2025\/10\/41076900.png\",\"width\":1100,\"height\":1100},{\"@type\":\"BreadcrumbList\",\"@id\":\"https:\/\/prodesco.es\/fr\/produit\/19-rojo-intenso\/#breadcrumb\",\"itemListElement\":[{\"@type\":\"ListItem\",\"position\":1,\"name\":\"Portada\",\"item\":\"https:\/\/prodesco.es\/fr\/\"},{\"@type\":\"ListItem\",\"position\":2,\"name\":\"Produits\",\"item\":\"https:\/\/prodesco.es\/fr\/produits-ceramiques\/\"},{\"@type\":\"ListItem\",\"position\":3,\"name\":\"19 ROJO INTENSO\"}]},{\"@type\":\"WebSite\",\"@id\":\"https:\/\/prodesco.es\/fr\/#website\",\"url\":\"https:\/\/prodesco.es\/fr\/\",\"name\":\"Prodesco\",\"description\":\"Prodesco\",\"publisher\":{\"@id\":\"https:\/\/prodesco.es\/fr\/#organization\"},\"potentialAction\":[{\"@type\":\"SearchAction\",\"target\":{\"@type\":\"EntryPoint\",\"urlTemplate\":\"https:\/\/prodesco.es\/fr\/?s={search_term_string}\"},\"query-input\":{\"@type\":\"PropertyValueSpecification\",\"valueRequired\":true,\"valueName\":\"search_term_string\"}}],\"inLanguage\":\"fr-FR\"},{\"@type\":\"Organization\",\"@id\":\"https:\/\/prodesco.es\/fr\/#organization\",\"name\":\"Prodesco\",\"url\":\"https:\/\/prodesco.es\/fr\/\",\"logo\":{\"@type\":\"ImageObject\",\"inLanguage\":\"fr-FR\",\"@id\":\"https:\/\/prodesco.es\/fr\/#\/schema\/logo\/image\/\",\"url\":\"https:\/\/prodesco.es\/wp-content\/uploads\/2025\/01\/Grupo-13.svg\",\"contentUrl\":\"https:\/\/prodesco.es\/wp-content\/uploads\/2025\/01\/Grupo-13.svg\",\"width\":282,\"height\":46,\"caption\":\"Prodesco\"},\"image\":{\"@id\":\"https:\/\/prodesco.es\/fr\/#\/schema\/logo\/image\/\"}}]}<\/script>\n<!-- \/ Yoast SEO plugin. -->","yoast_head_json":{"title":"19 ROJO INTENSO - Prodesco","description":"Les KERAMINES\u00ae sont une forme diff\u00e9rente de colorants c\u00e9ramiques sous forme de craie, s\u0092appliquent directement sur tout biscuit c\u00e9ramique. La plage de Prodesco","robots":{"index":"index","follow":"follow","max-snippet":"max-snippet:-1","max-image-preview":"max-image-preview:large","max-video-preview":"max-video-preview:-1"},"canonical":"https:\/\/prodesco.es\/fr\/produit\/19-rojo-intenso\/","og_locale":"fr_FR","og_type":"article","og_title":"19 ROJO INTENSO - Prodesco","og_description":"Les KERAMINES\u00ae sont une forme diff\u00e9rente de colorants c\u00e9ramiques sous forme de craie, s\u0092appliquent directement sur tout biscuit c\u00e9ramique. La plage de Prodesco","og_url":"https:\/\/prodesco.es\/fr\/produit\/19-rojo-intenso\/","og_site_name":"Prodesco","article_modified_time":"2025-11-20T10:46:20+00:00","og_image":[{"width":1024,"height":1024,"url":"https:\/\/prodesco.es\/wp-content\/uploads\/2025\/10\/41076900-1024x1024.png","type":"image\/png"}],"twitter_card":"summary_large_image","schema":{"@context":"https:\/\/schema.org","@graph":[{"@type":"WebPage","@id":"https:\/\/prodesco.es\/fr\/produit\/19-rojo-intenso\/","url":"https:\/\/prodesco.es\/fr\/produit\/19-rojo-intenso\/","name":"19 ROJO INTENSO - Prodesco","isPartOf":{"@id":"https:\/\/prodesco.es\/fr\/#website"},"primaryImageOfPage":{"@id":"https:\/\/prodesco.es\/fr\/produit\/19-rojo-intenso\/#primaryimage"},"image":{"@id":"https:\/\/prodesco.es\/fr\/produit\/19-rojo-intenso\/#primaryimage"},"thumbnailUrl":"https:\/\/prodesco.es\/wp-content\/uploads\/2025\/10\/41076900.png","datePublished":"2025-11-20T10:46:19+00:00","dateModified":"2025-11-20T10:46:20+00:00","description":"Les KERAMINES\u00ae sont une forme diff\u00e9rente de colorants c\u00e9ramiques sous forme de craie, s\u0092appliquent directement sur tout biscuit c\u00e9ramique. La plage de Prodesco","breadcrumb":{"@id":"https:\/\/prodesco.es\/fr\/produit\/19-rojo-intenso\/#breadcrumb"},"inLanguage":"fr-FR","potentialAction":[{"@type":"ReadAction","target":["https:\/\/prodesco.es\/fr\/produit\/19-rojo-intenso\/"]}]},{"@type":"ImageObject","inLanguage":"fr-FR","@id":"https:\/\/prodesco.es\/fr\/produit\/19-rojo-intenso\/#primaryimage","url":"https:\/\/prodesco.es\/wp-content\/uploads\/2025\/10\/41076900.png","contentUrl":"https:\/\/prodesco.es\/wp-content\/uploads\/2025\/10\/41076900.png","width":1100,"height":1100},{"@type":"BreadcrumbList","@id":"https:\/\/prodesco.es\/fr\/produit\/19-rojo-intenso\/#breadcrumb","itemListElement":[{"@type":"ListItem","position":1,"name":"Portada","item":"https:\/\/prodesco.es\/fr\/"},{"@type":"ListItem","position":2,"name":"Produits","item":"https:\/\/prodesco.es\/fr\/produits-ceramiques\/"},{"@type":"ListItem","position":3,"name":"19 ROJO INTENSO"}]},{"@type":"WebSite","@id":"https:\/\/prodesco.es\/fr\/#website","url":"https:\/\/prodesco.es\/fr\/","name":"Prodesco","description":"Prodesco","publisher":{"@id":"https:\/\/prodesco.es\/fr\/#organization"},"potentialAction":[{"@type":"SearchAction","target":{"@type":"EntryPoint","urlTemplate":"https:\/\/prodesco.es\/fr\/?s={search_term_string}"},"query-input":{"@type":"PropertyValueSpecification","valueRequired":true,"valueName":"search_term_string"}}],"inLanguage":"fr-FR"},{"@type":"Organization","@id":"https:\/\/prodesco.es\/fr\/#organization","name":"Prodesco","url":"https:\/\/prodesco.es\/fr\/","logo":{"@type":"ImageObject","inLanguage":"fr-FR","@id":"https:\/\/prodesco.es\/fr\/#\/schema\/logo\/image\/","url":"https:\/\/prodesco.es\/wp-content\/uploads\/2025\/01\/Grupo-13.svg","contentUrl":"https:\/\/prodesco.es\/wp-content\/uploads\/2025\/01\/Grupo-13.svg","width":282,"height":46,"caption":"Prodesco"},"image":{"@id":"https:\/\/prodesco.es\/fr\/#\/schema\/logo\/image\/"}}]}},"_links":{"self":[{"href":"https:\/\/prodesco.es\/fr\/wp-json\/wp\/v2\/product\/54893","targetHints":{"allow":["GET"]}}],"collection":[{"href":"https:\/\/prodesco.es\/fr\/wp-json\/wp\/v2\/product"}],"about":[{"href":"https:\/\/prodesco.es\/fr\/wp-json\/wp\/v2\/types\/product"}],"replies":[{"embeddable":true,"href":"https:\/\/prodesco.es\/fr\/wp-json\/wp\/v2\/comments?post=54893"}],"wp:featuredmedia":[{"embeddable":true,"href":"https:\/\/prodesco.es\/fr\/wp-json\/wp\/v2\/media\/53473"}],"wp:attachment":[{"href":"https:\/\/prodesco.es\/fr\/wp-json\/wp\/v2\/media?parent=54893"}],"wp:term":[{"taxonomy":"product_cat","embeddable":true,"href":"https:\/\/prodesco.es\/fr\/wp-json\/wp\/v2\/product_cat?post=54893"},{"taxonomy":"product_tag","embeddable":true,"href":"https:\/\/prodesco.es\/fr\/wp-json\/wp\/v2\/product_tag?post=54893"}],"curies":[{"name":"wp","href":"https:\/\/api.w.org\/{rel}","templated":true}]}}