{"id":54973,"date":"2025-11-20T10:47:25","date_gmt":"2025-11-20T10:47:25","guid":{"rendered":"https:\/\/prodesco.es\/producto\/cd-25-chocolate\/"},"modified":"2025-11-20T10:47:25","modified_gmt":"2025-11-20T10:47:25","slug":"cd-25-chocolate","status":"publish","type":"product","link":"https:\/\/prodesco.es\/fr\/produit\/cd-25-chocolate\/","title":{"rendered":"CD-25 CHOCOLATE"},"content":{"rendered":"<p>La collection Couleurs D\u00e9coratives formul\u00e9es avec du fondant sans plomb dans leur composition. L\u00b4application peut \u00eatre r\u00e9alis\u00e9e sur biscuit c\u00e9ramique p\u00e2te blanche ou sur \u00e9mail.  La temp\u00e9rature de cuisson varie de 980 \u00baC et dans la plupart des cas jusqu\u00b4\u00e0 1280 \u00baC.<\/p>\n<p><i>Pour plus d&#8217;informations, consultez notre <a href=\"https:\/\/prodesco.es\/assets\/hojas-informacion\/fr\/cd-fr.pdf\" target=\"_blank\">fiche d&#8217;information<\/a><\/i><\/p>\n","protected":false},"excerpt":{"rendered":"<p>La collection Couleurs D\u00e9coratives formul\u00e9es avec du fondant sans plomb dans leur composition. L\u00b4application peut \u00eatre r\u00e9alis\u00e9e sur biscuit c\u00e9ramique p\u00e2te blanche ou sur \u00e9mail. La temp\u00e9rature de cuisson varie de 980 \u00baC et dans la plupart des cas jusqu\u00b4\u00e0 1280 \u00baC. Pour plus d&#8217;informations, consultez notre fiche d&#8217;information<\/p>\n","protected":false},"featured_media":53625,"comment_status":"closed","ping_status":"open","template":"","meta":{"_acf_changed":false},"product_cat":[2231,2233,2226],"product_tag":[],"class_list":{"0":"post-54973","1":"product","2":"type-product","3":"status-publish","4":"has-post-thumbnail","6":"product_cat-colorants","7":"product_cat-cd-fr","8":"product_cat-colorants-et-decoration","9":"pa_disponible-en-1-kg-poudre","10":"pa_disponible-en-100-gr-poudre","11":"pa_disponible-en-100-gr-suspension-fr","12":"pa_estado-polvo","13":"pa_estado-suspension","14":"pa_plomo-no","16":"first","17":"instock","18":"purchasable","19":"product-type-variable","20":"has-default-attributes"},"acf":{"schema_disabled":false,"schema_properties_WebPage_price":"","schema_properties_WebPage_priceValidUntil":null,"schema_properties_WebPage_availability":"","schema_properties_WebPage_itemCondition":"","schema_properties_Product_brand":"","schema_properties_Product_priceValidUntil":null,"schema_properties_Product_availability":"","schema_properties_Product_itemCondition":"","schema_properties_Product_ratingValue":"","schema_properties_Product_reviewCount":"","schema_sameAs_repeater":null,"schema_custom_json_repeater":null,"schema_custom_json_override":false},"yoast_head":"<!-- This site is optimized with the Yoast SEO plugin v25.5 - https:\/\/yoast.com\/wordpress\/plugins\/seo\/ -->\n<title>CD-25 CHOCOLATE - Prodesco<\/title>\n<meta name=\"description\" content=\"La collection Couleurs D\u00e9coratives formul\u00e9es avec du fondant sans plomb dans leur composition. L\u00b4application peut \u00eatre r\u00e9alis\u00e9e sur biscuit c\u00e9ramique p\u00e2te Prodesco\" \/>\n<meta name=\"robots\" content=\"index, follow, max-snippet:-1, max-image-preview:large, max-video-preview:-1\" \/>\n<link rel=\"canonical\" href=\"https:\/\/prodesco.es\/fr\/produit\/cd-25-chocolate\/\" \/>\n<meta property=\"og:locale\" content=\"fr_FR\" \/>\n<meta property=\"og:type\" content=\"article\" \/>\n<meta property=\"og:title\" content=\"CD-25 CHOCOLATE - Prodesco\" \/>\n<meta property=\"og:description\" content=\"La collection Couleurs D\u00e9coratives formul\u00e9es avec du fondant sans plomb dans leur composition. L\u00b4application peut \u00eatre r\u00e9alis\u00e9e sur biscuit c\u00e9ramique p\u00e2te Prodesco\" \/>\n<meta property=\"og:url\" content=\"https:\/\/prodesco.es\/fr\/produit\/cd-25-chocolate\/\" \/>\n<meta property=\"og:site_name\" content=\"Prodesco\" \/>\n<meta property=\"og:image\" content=\"https:\/\/prodesco.es\/wp-content\/uploads\/2025\/10\/41104504.png\" \/>\n\t<meta property=\"og:image:width\" content=\"1100\" \/>\n\t<meta property=\"og:image:height\" content=\"1100\" \/>\n\t<meta property=\"og:image:type\" content=\"image\/png\" \/>\n<meta name=\"twitter:card\" content=\"summary_large_image\" \/>\n<script type=\"application\/ld+json\" class=\"yoast-schema-graph\">{\"@context\":\"https:\/\/schema.org\",\"@graph\":[{\"@type\":\"WebPage\",\"@id\":\"https:\/\/prodesco.es\/fr\/produit\/cd-25-chocolate\/\",\"url\":\"https:\/\/prodesco.es\/fr\/produit\/cd-25-chocolate\/\",\"name\":\"CD-25 CHOCOLATE - Prodesco\",\"isPartOf\":{\"@id\":\"https:\/\/prodesco.es\/fr\/#website\"},\"primaryImageOfPage\":{\"@id\":\"https:\/\/prodesco.es\/fr\/produit\/cd-25-chocolate\/#primaryimage\"},\"image\":{\"@id\":\"https:\/\/prodesco.es\/fr\/produit\/cd-25-chocolate\/#primaryimage\"},\"thumbnailUrl\":\"https:\/\/prodesco.es\/wp-content\/uploads\/2025\/10\/41104504.png\",\"datePublished\":\"2025-11-20T10:47:25+00:00\",\"description\":\"La collection Couleurs D\u00e9coratives formul\u00e9es avec du fondant sans plomb dans leur composition. L\u00b4application peut \u00eatre r\u00e9alis\u00e9e sur biscuit c\u00e9ramique p\u00e2te Prodesco\",\"breadcrumb\":{\"@id\":\"https:\/\/prodesco.es\/fr\/produit\/cd-25-chocolate\/#breadcrumb\"},\"inLanguage\":\"fr-FR\",\"potentialAction\":[{\"@type\":\"ReadAction\",\"target\":[\"https:\/\/prodesco.es\/fr\/produit\/cd-25-chocolate\/\"]}]},{\"@type\":\"ImageObject\",\"inLanguage\":\"fr-FR\",\"@id\":\"https:\/\/prodesco.es\/fr\/produit\/cd-25-chocolate\/#primaryimage\",\"url\":\"https:\/\/prodesco.es\/wp-content\/uploads\/2025\/10\/41104504.png\",\"contentUrl\":\"https:\/\/prodesco.es\/wp-content\/uploads\/2025\/10\/41104504.png\",\"width\":1100,\"height\":1100},{\"@type\":\"BreadcrumbList\",\"@id\":\"https:\/\/prodesco.es\/fr\/produit\/cd-25-chocolate\/#breadcrumb\",\"itemListElement\":[{\"@type\":\"ListItem\",\"position\":1,\"name\":\"Portada\",\"item\":\"https:\/\/prodesco.es\/fr\/\"},{\"@type\":\"ListItem\",\"position\":2,\"name\":\"Produits\",\"item\":\"https:\/\/prodesco.es\/fr\/produits-ceramiques\/\"},{\"@type\":\"ListItem\",\"position\":3,\"name\":\"CD-25 CHOCOLATE\"}]},{\"@type\":\"WebSite\",\"@id\":\"https:\/\/prodesco.es\/fr\/#website\",\"url\":\"https:\/\/prodesco.es\/fr\/\",\"name\":\"Prodesco\",\"description\":\"Prodesco\",\"publisher\":{\"@id\":\"https:\/\/prodesco.es\/fr\/#organization\"},\"potentialAction\":[{\"@type\":\"SearchAction\",\"target\":{\"@type\":\"EntryPoint\",\"urlTemplate\":\"https:\/\/prodesco.es\/fr\/?s={search_term_string}\"},\"query-input\":{\"@type\":\"PropertyValueSpecification\",\"valueRequired\":true,\"valueName\":\"search_term_string\"}}],\"inLanguage\":\"fr-FR\"},{\"@type\":\"Organization\",\"@id\":\"https:\/\/prodesco.es\/fr\/#organization\",\"name\":\"Prodesco\",\"url\":\"https:\/\/prodesco.es\/fr\/\",\"logo\":{\"@type\":\"ImageObject\",\"inLanguage\":\"fr-FR\",\"@id\":\"https:\/\/prodesco.es\/fr\/#\/schema\/logo\/image\/\",\"url\":\"https:\/\/prodesco.es\/wp-content\/uploads\/2025\/01\/Grupo-13.svg\",\"contentUrl\":\"https:\/\/prodesco.es\/wp-content\/uploads\/2025\/01\/Grupo-13.svg\",\"width\":282,\"height\":46,\"caption\":\"Prodesco\"},\"image\":{\"@id\":\"https:\/\/prodesco.es\/fr\/#\/schema\/logo\/image\/\"}}]}<\/script>\n<!-- \/ Yoast SEO plugin. -->","yoast_head_json":{"title":"CD-25 CHOCOLATE - Prodesco","description":"La collection Couleurs D\u00e9coratives formul\u00e9es avec du fondant sans plomb dans leur composition. L\u00b4application peut \u00eatre r\u00e9alis\u00e9e sur biscuit c\u00e9ramique p\u00e2te Prodesco","robots":{"index":"index","follow":"follow","max-snippet":"max-snippet:-1","max-image-preview":"max-image-preview:large","max-video-preview":"max-video-preview:-1"},"canonical":"https:\/\/prodesco.es\/fr\/produit\/cd-25-chocolate\/","og_locale":"fr_FR","og_type":"article","og_title":"CD-25 CHOCOLATE - Prodesco","og_description":"La collection Couleurs D\u00e9coratives formul\u00e9es avec du fondant sans plomb dans leur composition. L\u00b4application peut \u00eatre r\u00e9alis\u00e9e sur biscuit c\u00e9ramique p\u00e2te Prodesco","og_url":"https:\/\/prodesco.es\/fr\/produit\/cd-25-chocolate\/","og_site_name":"Prodesco","og_image":[{"width":1100,"height":1100,"url":"https:\/\/prodesco.es\/wp-content\/uploads\/2025\/10\/41104504.png","type":"image\/png"}],"twitter_card":"summary_large_image","schema":{"@context":"https:\/\/schema.org","@graph":[{"@type":"WebPage","@id":"https:\/\/prodesco.es\/fr\/produit\/cd-25-chocolate\/","url":"https:\/\/prodesco.es\/fr\/produit\/cd-25-chocolate\/","name":"CD-25 CHOCOLATE - Prodesco","isPartOf":{"@id":"https:\/\/prodesco.es\/fr\/#website"},"primaryImageOfPage":{"@id":"https:\/\/prodesco.es\/fr\/produit\/cd-25-chocolate\/#primaryimage"},"image":{"@id":"https:\/\/prodesco.es\/fr\/produit\/cd-25-chocolate\/#primaryimage"},"thumbnailUrl":"https:\/\/prodesco.es\/wp-content\/uploads\/2025\/10\/41104504.png","datePublished":"2025-11-20T10:47:25+00:00","description":"La collection Couleurs D\u00e9coratives formul\u00e9es avec du fondant sans plomb dans leur composition. L\u00b4application peut \u00eatre r\u00e9alis\u00e9e sur biscuit c\u00e9ramique p\u00e2te Prodesco","breadcrumb":{"@id":"https:\/\/prodesco.es\/fr\/produit\/cd-25-chocolate\/#breadcrumb"},"inLanguage":"fr-FR","potentialAction":[{"@type":"ReadAction","target":["https:\/\/prodesco.es\/fr\/produit\/cd-25-chocolate\/"]}]},{"@type":"ImageObject","inLanguage":"fr-FR","@id":"https:\/\/prodesco.es\/fr\/produit\/cd-25-chocolate\/#primaryimage","url":"https:\/\/prodesco.es\/wp-content\/uploads\/2025\/10\/41104504.png","contentUrl":"https:\/\/prodesco.es\/wp-content\/uploads\/2025\/10\/41104504.png","width":1100,"height":1100},{"@type":"BreadcrumbList","@id":"https:\/\/prodesco.es\/fr\/produit\/cd-25-chocolate\/#breadcrumb","itemListElement":[{"@type":"ListItem","position":1,"name":"Portada","item":"https:\/\/prodesco.es\/fr\/"},{"@type":"ListItem","position":2,"name":"Produits","item":"https:\/\/prodesco.es\/fr\/produits-ceramiques\/"},{"@type":"ListItem","position":3,"name":"CD-25 CHOCOLATE"}]},{"@type":"WebSite","@id":"https:\/\/prodesco.es\/fr\/#website","url":"https:\/\/prodesco.es\/fr\/","name":"Prodesco","description":"Prodesco","publisher":{"@id":"https:\/\/prodesco.es\/fr\/#organization"},"potentialAction":[{"@type":"SearchAction","target":{"@type":"EntryPoint","urlTemplate":"https:\/\/prodesco.es\/fr\/?s={search_term_string}"},"query-input":{"@type":"PropertyValueSpecification","valueRequired":true,"valueName":"search_term_string"}}],"inLanguage":"fr-FR"},{"@type":"Organization","@id":"https:\/\/prodesco.es\/fr\/#organization","name":"Prodesco","url":"https:\/\/prodesco.es\/fr\/","logo":{"@type":"ImageObject","inLanguage":"fr-FR","@id":"https:\/\/prodesco.es\/fr\/#\/schema\/logo\/image\/","url":"https:\/\/prodesco.es\/wp-content\/uploads\/2025\/01\/Grupo-13.svg","contentUrl":"https:\/\/prodesco.es\/wp-content\/uploads\/2025\/01\/Grupo-13.svg","width":282,"height":46,"caption":"Prodesco"},"image":{"@id":"https:\/\/prodesco.es\/fr\/#\/schema\/logo\/image\/"}}]}},"_links":{"self":[{"href":"https:\/\/prodesco.es\/fr\/wp-json\/wp\/v2\/product\/54973","targetHints":{"allow":["GET"]}}],"collection":[{"href":"https:\/\/prodesco.es\/fr\/wp-json\/wp\/v2\/product"}],"about":[{"href":"https:\/\/prodesco.es\/fr\/wp-json\/wp\/v2\/types\/product"}],"replies":[{"embeddable":true,"href":"https:\/\/prodesco.es\/fr\/wp-json\/wp\/v2\/comments?post=54973"}],"wp:featuredmedia":[{"embeddable":true,"href":"https:\/\/prodesco.es\/fr\/wp-json\/wp\/v2\/media\/53625"}],"wp:attachment":[{"href":"https:\/\/prodesco.es\/fr\/wp-json\/wp\/v2\/media?parent=54973"}],"wp:term":[{"taxonomy":"product_cat","embeddable":true,"href":"https:\/\/prodesco.es\/fr\/wp-json\/wp\/v2\/product_cat?post=54973"},{"taxonomy":"product_tag","embeddable":true,"href":"https:\/\/prodesco.es\/fr\/wp-json\/wp\/v2\/product_tag?post=54973"}],"curies":[{"name":"wp","href":"https:\/\/api.w.org\/{rel}","templated":true}]}}