{"id":55012,"date":"2025-11-20T10:48:01","date_gmt":"2025-11-20T10:48:01","guid":{"rendered":"https:\/\/prodesco.es\/producto\/cr-10-picas\/"},"modified":"2025-11-20T10:48:02","modified_gmt":"2025-11-20T10:48:02","slug":"cr-10-picas","status":"publish","type":"product","link":"https:\/\/prodesco.es\/fr\/produit\/cr-10-picas\/","title":{"rendered":"CR-10 PICAS"},"content":{"rendered":"<p>La collection comprend 12 Couleurs D\u00e9coratives formul\u00e9es avec un fondant r\u00e9actif sans plomb dans leur composition. Elles sont con\u00e7ues pour r\u00e9aliser des effets r\u00e9actifs et des d\u00e9grad\u00e9s de couleurs sur ou sous les \u00e9maux c\u00e9ramiques. La temp\u00e9rature de cuisson varie de 980 \u00b0C \u00e0 1280 \u00b0C. La gamme de couleurs varie selon la tonalit\u00e9 du support ou de l&#8217;\u00e9mail utilis\u00e9, permettant d&#8217;obtenir des couleurs plus \u00e9clatantes sur des bases blanches.<\/p>\n<p><i>Pour plus d&#8217;informations, consultez notre <a href=\"https:\/\/prodesco.es\/assets\/hojas-informacion\/fr\/reactif-cr.pdf\" target=\"_blank\">fiche d&#8217;information<\/a><\/i><\/p>\n","protected":false},"excerpt":{"rendered":"<p>La collection comprend 12 Couleurs D\u00e9coratives formul\u00e9es avec un fondant r\u00e9actif sans plomb dans leur composition. Elles sont con\u00e7ues pour r\u00e9aliser des effets r\u00e9actifs et des d\u00e9grad\u00e9s de couleurs sur ou sous les \u00e9maux c\u00e9ramiques. La temp\u00e9rature de cuisson varie de 980 \u00b0C \u00e0 1280 \u00b0C. La gamme de couleurs varie selon la tonalit\u00e9 du [&hellip;]<\/p>\n","protected":false},"featured_media":53723,"comment_status":"closed","ping_status":"open","template":"","meta":{"_acf_changed":false},"product_cat":[2231,2234,2226],"product_tag":[],"class_list":{"0":"post-55012","1":"product","2":"type-product","3":"status-publish","4":"has-post-thumbnail","6":"product_cat-colorants","7":"product_cat-reactif-cr","8":"product_cat-colorants-et-decoration","9":"pa_disponible-en-1-kg-fr","10":"pa_disponible-en-100-gr-fr","11":"pa_estado-polvo","13":"first","14":"instock","15":"purchasable","16":"product-type-variable","17":"has-default-attributes"},"acf":{"schema_disabled":false,"schema_properties_WebPage_price":"","schema_properties_WebPage_priceValidUntil":null,"schema_properties_WebPage_availability":"","schema_properties_WebPage_itemCondition":"","schema_properties_Product_brand":"","schema_properties_Product_priceValidUntil":null,"schema_properties_Product_availability":"","schema_properties_Product_itemCondition":"","schema_properties_Product_ratingValue":"","schema_properties_Product_reviewCount":"","schema_sameAs_repeater":null,"schema_custom_json_repeater":null,"schema_custom_json_override":false},"yoast_head":"<!-- This site is optimized with the Yoast SEO plugin v25.5 - https:\/\/yoast.com\/wordpress\/plugins\/seo\/ -->\n<title>CR-10 PICAS - Prodesco<\/title>\n<meta name=\"description\" content=\"La collection comprend 12 Couleurs D\u00e9coratives formul\u00e9es avec un fondant r\u00e9actif sans plomb dans leur composition. Elles sont con\u00e7ues pour r\u00e9aliser des Prodesco\" \/>\n<meta name=\"robots\" content=\"index, follow, max-snippet:-1, max-image-preview:large, max-video-preview:-1\" \/>\n<link rel=\"canonical\" href=\"https:\/\/prodesco.es\/fr\/produit\/cr-10-picas\/\" \/>\n<meta property=\"og:locale\" content=\"fr_FR\" \/>\n<meta property=\"og:type\" content=\"article\" \/>\n<meta property=\"og:title\" content=\"CR-10 PICAS - Prodesco\" \/>\n<meta property=\"og:description\" content=\"La collection comprend 12 Couleurs D\u00e9coratives formul\u00e9es avec un fondant r\u00e9actif sans plomb dans leur composition. Elles sont con\u00e7ues pour r\u00e9aliser des Prodesco\" \/>\n<meta property=\"og:url\" content=\"https:\/\/prodesco.es\/fr\/produit\/cr-10-picas\/\" \/>\n<meta property=\"og:site_name\" content=\"Prodesco\" \/>\n<meta property=\"article:modified_time\" content=\"2025-11-20T10:48:02+00:00\" \/>\n<meta property=\"og:image\" content=\"https:\/\/prodesco.es\/wp-content\/uploads\/2025\/10\/41242504-baja.png\" \/>\n\t<meta property=\"og:image:width\" content=\"1100\" \/>\n\t<meta property=\"og:image:height\" content=\"1100\" \/>\n\t<meta property=\"og:image:type\" content=\"image\/png\" \/>\n<meta name=\"twitter:card\" content=\"summary_large_image\" \/>\n<script type=\"application\/ld+json\" class=\"yoast-schema-graph\">{\"@context\":\"https:\/\/schema.org\",\"@graph\":[{\"@type\":\"WebPage\",\"@id\":\"https:\/\/prodesco.es\/fr\/produit\/cr-10-picas\/\",\"url\":\"https:\/\/prodesco.es\/fr\/produit\/cr-10-picas\/\",\"name\":\"CR-10 PICAS - Prodesco\",\"isPartOf\":{\"@id\":\"https:\/\/prodesco.es\/fr\/#website\"},\"primaryImageOfPage\":{\"@id\":\"https:\/\/prodesco.es\/fr\/produit\/cr-10-picas\/#primaryimage\"},\"image\":{\"@id\":\"https:\/\/prodesco.es\/fr\/produit\/cr-10-picas\/#primaryimage\"},\"thumbnailUrl\":\"https:\/\/prodesco.es\/wp-content\/uploads\/2025\/10\/41242504-baja.png\",\"datePublished\":\"2025-11-20T10:48:01+00:00\",\"dateModified\":\"2025-11-20T10:48:02+00:00\",\"description\":\"La collection comprend 12 Couleurs D\u00e9coratives formul\u00e9es avec un fondant r\u00e9actif sans plomb dans leur composition. Elles sont con\u00e7ues pour r\u00e9aliser des Prodesco\",\"breadcrumb\":{\"@id\":\"https:\/\/prodesco.es\/fr\/produit\/cr-10-picas\/#breadcrumb\"},\"inLanguage\":\"fr-FR\",\"potentialAction\":[{\"@type\":\"ReadAction\",\"target\":[\"https:\/\/prodesco.es\/fr\/produit\/cr-10-picas\/\"]}]},{\"@type\":\"ImageObject\",\"inLanguage\":\"fr-FR\",\"@id\":\"https:\/\/prodesco.es\/fr\/produit\/cr-10-picas\/#primaryimage\",\"url\":\"https:\/\/prodesco.es\/wp-content\/uploads\/2025\/10\/41242504-baja.png\",\"contentUrl\":\"https:\/\/prodesco.es\/wp-content\/uploads\/2025\/10\/41242504-baja.png\",\"width\":1100,\"height\":1100,\"caption\":\"es:Baja Temperatura;en:Low temperature;fr:Basse temp\u00e9rature\"},{\"@type\":\"BreadcrumbList\",\"@id\":\"https:\/\/prodesco.es\/fr\/produit\/cr-10-picas\/#breadcrumb\",\"itemListElement\":[{\"@type\":\"ListItem\",\"position\":1,\"name\":\"Portada\",\"item\":\"https:\/\/prodesco.es\/fr\/\"},{\"@type\":\"ListItem\",\"position\":2,\"name\":\"Produits\",\"item\":\"https:\/\/prodesco.es\/fr\/produits-ceramiques\/\"},{\"@type\":\"ListItem\",\"position\":3,\"name\":\"CR-10 PICAS\"}]},{\"@type\":\"WebSite\",\"@id\":\"https:\/\/prodesco.es\/fr\/#website\",\"url\":\"https:\/\/prodesco.es\/fr\/\",\"name\":\"Prodesco\",\"description\":\"Prodesco\",\"publisher\":{\"@id\":\"https:\/\/prodesco.es\/fr\/#organization\"},\"potentialAction\":[{\"@type\":\"SearchAction\",\"target\":{\"@type\":\"EntryPoint\",\"urlTemplate\":\"https:\/\/prodesco.es\/fr\/?s={search_term_string}\"},\"query-input\":{\"@type\":\"PropertyValueSpecification\",\"valueRequired\":true,\"valueName\":\"search_term_string\"}}],\"inLanguage\":\"fr-FR\"},{\"@type\":\"Organization\",\"@id\":\"https:\/\/prodesco.es\/fr\/#organization\",\"name\":\"Prodesco\",\"url\":\"https:\/\/prodesco.es\/fr\/\",\"logo\":{\"@type\":\"ImageObject\",\"inLanguage\":\"fr-FR\",\"@id\":\"https:\/\/prodesco.es\/fr\/#\/schema\/logo\/image\/\",\"url\":\"https:\/\/prodesco.es\/wp-content\/uploads\/2025\/01\/Grupo-13.svg\",\"contentUrl\":\"https:\/\/prodesco.es\/wp-content\/uploads\/2025\/01\/Grupo-13.svg\",\"width\":282,\"height\":46,\"caption\":\"Prodesco\"},\"image\":{\"@id\":\"https:\/\/prodesco.es\/fr\/#\/schema\/logo\/image\/\"}}]}<\/script>\n<!-- \/ Yoast SEO plugin. -->","yoast_head_json":{"title":"CR-10 PICAS - Prodesco","description":"La collection comprend 12 Couleurs D\u00e9coratives formul\u00e9es avec un fondant r\u00e9actif sans plomb dans leur composition. Elles sont con\u00e7ues pour r\u00e9aliser des Prodesco","robots":{"index":"index","follow":"follow","max-snippet":"max-snippet:-1","max-image-preview":"max-image-preview:large","max-video-preview":"max-video-preview:-1"},"canonical":"https:\/\/prodesco.es\/fr\/produit\/cr-10-picas\/","og_locale":"fr_FR","og_type":"article","og_title":"CR-10 PICAS - Prodesco","og_description":"La collection comprend 12 Couleurs D\u00e9coratives formul\u00e9es avec un fondant r\u00e9actif sans plomb dans leur composition. Elles sont con\u00e7ues pour r\u00e9aliser des Prodesco","og_url":"https:\/\/prodesco.es\/fr\/produit\/cr-10-picas\/","og_site_name":"Prodesco","article_modified_time":"2025-11-20T10:48:02+00:00","og_image":[{"width":1100,"height":1100,"url":"https:\/\/prodesco.es\/wp-content\/uploads\/2025\/10\/41242504-baja.png","type":"image\/png"}],"twitter_card":"summary_large_image","schema":{"@context":"https:\/\/schema.org","@graph":[{"@type":"WebPage","@id":"https:\/\/prodesco.es\/fr\/produit\/cr-10-picas\/","url":"https:\/\/prodesco.es\/fr\/produit\/cr-10-picas\/","name":"CR-10 PICAS - Prodesco","isPartOf":{"@id":"https:\/\/prodesco.es\/fr\/#website"},"primaryImageOfPage":{"@id":"https:\/\/prodesco.es\/fr\/produit\/cr-10-picas\/#primaryimage"},"image":{"@id":"https:\/\/prodesco.es\/fr\/produit\/cr-10-picas\/#primaryimage"},"thumbnailUrl":"https:\/\/prodesco.es\/wp-content\/uploads\/2025\/10\/41242504-baja.png","datePublished":"2025-11-20T10:48:01+00:00","dateModified":"2025-11-20T10:48:02+00:00","description":"La collection comprend 12 Couleurs D\u00e9coratives formul\u00e9es avec un fondant r\u00e9actif sans plomb dans leur composition. Elles sont con\u00e7ues pour r\u00e9aliser des Prodesco","breadcrumb":{"@id":"https:\/\/prodesco.es\/fr\/produit\/cr-10-picas\/#breadcrumb"},"inLanguage":"fr-FR","potentialAction":[{"@type":"ReadAction","target":["https:\/\/prodesco.es\/fr\/produit\/cr-10-picas\/"]}]},{"@type":"ImageObject","inLanguage":"fr-FR","@id":"https:\/\/prodesco.es\/fr\/produit\/cr-10-picas\/#primaryimage","url":"https:\/\/prodesco.es\/wp-content\/uploads\/2025\/10\/41242504-baja.png","contentUrl":"https:\/\/prodesco.es\/wp-content\/uploads\/2025\/10\/41242504-baja.png","width":1100,"height":1100,"caption":"es:Baja Temperatura;en:Low temperature;fr:Basse temp\u00e9rature"},{"@type":"BreadcrumbList","@id":"https:\/\/prodesco.es\/fr\/produit\/cr-10-picas\/#breadcrumb","itemListElement":[{"@type":"ListItem","position":1,"name":"Portada","item":"https:\/\/prodesco.es\/fr\/"},{"@type":"ListItem","position":2,"name":"Produits","item":"https:\/\/prodesco.es\/fr\/produits-ceramiques\/"},{"@type":"ListItem","position":3,"name":"CR-10 PICAS"}]},{"@type":"WebSite","@id":"https:\/\/prodesco.es\/fr\/#website","url":"https:\/\/prodesco.es\/fr\/","name":"Prodesco","description":"Prodesco","publisher":{"@id":"https:\/\/prodesco.es\/fr\/#organization"},"potentialAction":[{"@type":"SearchAction","target":{"@type":"EntryPoint","urlTemplate":"https:\/\/prodesco.es\/fr\/?s={search_term_string}"},"query-input":{"@type":"PropertyValueSpecification","valueRequired":true,"valueName":"search_term_string"}}],"inLanguage":"fr-FR"},{"@type":"Organization","@id":"https:\/\/prodesco.es\/fr\/#organization","name":"Prodesco","url":"https:\/\/prodesco.es\/fr\/","logo":{"@type":"ImageObject","inLanguage":"fr-FR","@id":"https:\/\/prodesco.es\/fr\/#\/schema\/logo\/image\/","url":"https:\/\/prodesco.es\/wp-content\/uploads\/2025\/01\/Grupo-13.svg","contentUrl":"https:\/\/prodesco.es\/wp-content\/uploads\/2025\/01\/Grupo-13.svg","width":282,"height":46,"caption":"Prodesco"},"image":{"@id":"https:\/\/prodesco.es\/fr\/#\/schema\/logo\/image\/"}}]}},"_links":{"self":[{"href":"https:\/\/prodesco.es\/fr\/wp-json\/wp\/v2\/product\/55012","targetHints":{"allow":["GET"]}}],"collection":[{"href":"https:\/\/prodesco.es\/fr\/wp-json\/wp\/v2\/product"}],"about":[{"href":"https:\/\/prodesco.es\/fr\/wp-json\/wp\/v2\/types\/product"}],"replies":[{"embeddable":true,"href":"https:\/\/prodesco.es\/fr\/wp-json\/wp\/v2\/comments?post=55012"}],"wp:featuredmedia":[{"embeddable":true,"href":"https:\/\/prodesco.es\/fr\/wp-json\/wp\/v2\/media\/53723"}],"wp:attachment":[{"href":"https:\/\/prodesco.es\/fr\/wp-json\/wp\/v2\/media?parent=55012"}],"wp:term":[{"taxonomy":"product_cat","embeddable":true,"href":"https:\/\/prodesco.es\/fr\/wp-json\/wp\/v2\/product_cat?post=55012"},{"taxonomy":"product_tag","embeddable":true,"href":"https:\/\/prodesco.es\/fr\/wp-json\/wp\/v2\/product_tag?post=55012"}],"curies":[{"name":"wp","href":"https:\/\/api.w.org\/{rel}","templated":true}]}}