{"id":55158,"date":"2025-11-20T10:51:56","date_gmt":"2025-11-20T10:51:56","guid":{"rendered":"https:\/\/prodesco.es\/producto\/hoja-calcomania-oro-s-pb\/"},"modified":"2025-11-20T10:51:56","modified_gmt":"2025-11-20T10:51:56","slug":"hoja-calcomania-oro-s-pb","status":"publish","type":"product","link":"https:\/\/prodesco.es\/fr\/produit\/hoja-calcomania-oro-s-pb\/","title":{"rendered":"HOJA CALCOMANIA ORO S\/Pb"},"content":{"rendered":"<p>Les FEUILLES DE D\u00c9CALCOMANIE MONOCHROMES sont des couleurs vitrifiables en papier (\u00e0 d\u00e9couper), en couleurs unies c\u00e9ramiques, bas\u00e9es sur le principe de la d\u00e9calcomanie.<br \/>Les couleurs peuvent \u00eatre superpos\u00e9es, cr\u00e9ant une grande vari\u00e9t\u00e9 de tonalit\u00e9s interm\u00e9diaires.<br \/>Elles peuvent \u00eatre appliqu\u00e9es sur n&#8217;importe quelle surface vitrifi\u00e9e en c\u00e9ramique, porcelaine ou m\u00eame en verre. La temp\u00e9rature de cuisson recommand\u00e9e est de 820 \u00b0C <br \/>Pour certifier leur utilisation sur des pi\u00e8ces susceptibles de contenir des aliments, elles doivent subir l&#8217;analyse requise par chaque norme.<\/p>\n<p><i>Pour plus d&#8217;informations, consultez notre <a href=\"https:\/\/prodesco.es\/assets\/hojas-informacion\/fr\/decalcomanies.pdf\" target=\"_blank\">fiche d&#8217;information<\/a><\/i><\/p>\n","protected":false},"excerpt":{"rendered":"<p>Les FEUILLES DE D\u00c9CALCOMANIE MONOCHROMES sont des couleurs vitrifiables en papier (\u00e0 d\u00e9couper), en couleurs unies c\u00e9ramiques, bas\u00e9es sur le principe de la d\u00e9calcomanie.Les couleurs peuvent \u00eatre superpos\u00e9es, cr\u00e9ant une grande vari\u00e9t\u00e9 de tonalit\u00e9s interm\u00e9diaires.Elles peuvent \u00eatre appliqu\u00e9es sur n&#8217;importe quelle surface vitrifi\u00e9e en c\u00e9ramique, porcelaine ou m\u00eame en verre. La temp\u00e9rature de cuisson recommand\u00e9e [&hellip;]<\/p>\n","protected":false},"featured_media":54140,"comment_status":"closed","ping_status":"open","template":"","meta":{"_acf_changed":false},"product_cat":[2237,2232,2226],"product_tag":[],"class_list":{"0":"post-55158","1":"product","2":"type-product","3":"status-publish","4":"has-post-thumbnail","6":"product_cat-decalcomanies","7":"product_cat-troisieme-feu","8":"product_cat-colorants-et-decoration","9":"pa_opacidad-opaques","11":"first","12":"instock","13":"downloadable","14":"purchasable","15":"product-type-simple"},"acf":{"schema_disabled":false,"schema_properties_WebPage_price":"","schema_properties_WebPage_priceValidUntil":null,"schema_properties_WebPage_availability":"","schema_properties_WebPage_itemCondition":"","schema_properties_Product_brand":"","schema_properties_Product_priceValidUntil":null,"schema_properties_Product_availability":"","schema_properties_Product_itemCondition":"","schema_properties_Product_ratingValue":"","schema_properties_Product_reviewCount":"","schema_sameAs_repeater":null,"schema_custom_json_repeater":null,"schema_custom_json_override":false},"yoast_head":"<!-- This site is optimized with the Yoast SEO plugin v25.5 - https:\/\/yoast.com\/wordpress\/plugins\/seo\/ -->\n<title>HOJA CALCOMANIA ORO S\/Pb - Prodesco<\/title>\n<meta name=\"description\" content=\"Les FEUILLES DE D\u00c9CALCOMANIE MONOCHROMES sont des couleurs vitrifiables en papier (\u00e0 d\u00e9couper), en couleurs unies c\u00e9ramiques, bas\u00e9es sur le principe de la Prodesco\" \/>\n<meta name=\"robots\" content=\"index, follow, max-snippet:-1, max-image-preview:large, max-video-preview:-1\" \/>\n<link rel=\"canonical\" href=\"https:\/\/prodesco.es\/fr\/produit\/hoja-calcomania-oro-s-pb\/\" \/>\n<meta property=\"og:locale\" content=\"fr_FR\" \/>\n<meta property=\"og:type\" content=\"article\" \/>\n<meta property=\"og:title\" content=\"HOJA CALCOMANIA ORO S\/Pb - Prodesco\" \/>\n<meta property=\"og:description\" content=\"Les FEUILLES DE D\u00c9CALCOMANIE MONOCHROMES sont des couleurs vitrifiables en papier (\u00e0 d\u00e9couper), en couleurs unies c\u00e9ramiques, bas\u00e9es sur le principe de la Prodesco\" \/>\n<meta property=\"og:url\" content=\"https:\/\/prodesco.es\/fr\/produit\/hoja-calcomania-oro-s-pb\/\" \/>\n<meta property=\"og:site_name\" content=\"Prodesco\" \/>\n<meta property=\"og:image\" content=\"https:\/\/prodesco.es\/wp-content\/uploads\/2025\/10\/60381500.png\" \/>\n\t<meta property=\"og:image:width\" content=\"1100\" \/>\n\t<meta property=\"og:image:height\" content=\"1100\" \/>\n\t<meta property=\"og:image:type\" content=\"image\/png\" \/>\n<meta name=\"twitter:card\" content=\"summary_large_image\" \/>\n<meta name=\"twitter:label1\" content=\"Dur\u00e9e de lecture estim\u00e9e\" \/>\n\t<meta name=\"twitter:data1\" content=\"1 minute\" \/>\n<script type=\"application\/ld+json\" class=\"yoast-schema-graph\">{\"@context\":\"https:\/\/schema.org\",\"@graph\":[{\"@type\":\"WebPage\",\"@id\":\"https:\/\/prodesco.es\/fr\/produit\/hoja-calcomania-oro-s-pb\/\",\"url\":\"https:\/\/prodesco.es\/fr\/produit\/hoja-calcomania-oro-s-pb\/\",\"name\":\"HOJA CALCOMANIA ORO S\/Pb - Prodesco\",\"isPartOf\":{\"@id\":\"https:\/\/prodesco.es\/fr\/#website\"},\"primaryImageOfPage\":{\"@id\":\"https:\/\/prodesco.es\/fr\/produit\/hoja-calcomania-oro-s-pb\/#primaryimage\"},\"image\":{\"@id\":\"https:\/\/prodesco.es\/fr\/produit\/hoja-calcomania-oro-s-pb\/#primaryimage\"},\"thumbnailUrl\":\"https:\/\/prodesco.es\/wp-content\/uploads\/2025\/10\/60381500.png\",\"datePublished\":\"2025-11-20T10:51:56+00:00\",\"description\":\"Les FEUILLES DE D\u00c9CALCOMANIE MONOCHROMES sont des couleurs vitrifiables en papier (\u00e0 d\u00e9couper), en couleurs unies c\u00e9ramiques, bas\u00e9es sur le principe de la Prodesco\",\"breadcrumb\":{\"@id\":\"https:\/\/prodesco.es\/fr\/produit\/hoja-calcomania-oro-s-pb\/#breadcrumb\"},\"inLanguage\":\"fr-FR\",\"potentialAction\":[{\"@type\":\"ReadAction\",\"target\":[\"https:\/\/prodesco.es\/fr\/produit\/hoja-calcomania-oro-s-pb\/\"]}]},{\"@type\":\"ImageObject\",\"inLanguage\":\"fr-FR\",\"@id\":\"https:\/\/prodesco.es\/fr\/produit\/hoja-calcomania-oro-s-pb\/#primaryimage\",\"url\":\"https:\/\/prodesco.es\/wp-content\/uploads\/2025\/10\/60381500.png\",\"contentUrl\":\"https:\/\/prodesco.es\/wp-content\/uploads\/2025\/10\/60381500.png\",\"width\":1100,\"height\":1100},{\"@type\":\"BreadcrumbList\",\"@id\":\"https:\/\/prodesco.es\/fr\/produit\/hoja-calcomania-oro-s-pb\/#breadcrumb\",\"itemListElement\":[{\"@type\":\"ListItem\",\"position\":1,\"name\":\"Portada\",\"item\":\"https:\/\/prodesco.es\/fr\/\"},{\"@type\":\"ListItem\",\"position\":2,\"name\":\"Produits\",\"item\":\"https:\/\/prodesco.es\/fr\/produits-ceramiques\/\"},{\"@type\":\"ListItem\",\"position\":3,\"name\":\"HOJA CALCOMANIA ORO S\/Pb\"}]},{\"@type\":\"WebSite\",\"@id\":\"https:\/\/prodesco.es\/fr\/#website\",\"url\":\"https:\/\/prodesco.es\/fr\/\",\"name\":\"Prodesco\",\"description\":\"Prodesco\",\"publisher\":{\"@id\":\"https:\/\/prodesco.es\/fr\/#organization\"},\"potentialAction\":[{\"@type\":\"SearchAction\",\"target\":{\"@type\":\"EntryPoint\",\"urlTemplate\":\"https:\/\/prodesco.es\/fr\/?s={search_term_string}\"},\"query-input\":{\"@type\":\"PropertyValueSpecification\",\"valueRequired\":true,\"valueName\":\"search_term_string\"}}],\"inLanguage\":\"fr-FR\"},{\"@type\":\"Organization\",\"@id\":\"https:\/\/prodesco.es\/fr\/#organization\",\"name\":\"Prodesco\",\"url\":\"https:\/\/prodesco.es\/fr\/\",\"logo\":{\"@type\":\"ImageObject\",\"inLanguage\":\"fr-FR\",\"@id\":\"https:\/\/prodesco.es\/fr\/#\/schema\/logo\/image\/\",\"url\":\"https:\/\/prodesco.es\/wp-content\/uploads\/2025\/01\/Grupo-13.svg\",\"contentUrl\":\"https:\/\/prodesco.es\/wp-content\/uploads\/2025\/01\/Grupo-13.svg\",\"width\":282,\"height\":46,\"caption\":\"Prodesco\"},\"image\":{\"@id\":\"https:\/\/prodesco.es\/fr\/#\/schema\/logo\/image\/\"}}]}<\/script>\n<!-- \/ Yoast SEO plugin. -->","yoast_head_json":{"title":"HOJA CALCOMANIA ORO S\/Pb - Prodesco","description":"Les FEUILLES DE D\u00c9CALCOMANIE MONOCHROMES sont des couleurs vitrifiables en papier (\u00e0 d\u00e9couper), en couleurs unies c\u00e9ramiques, bas\u00e9es sur le principe de la Prodesco","robots":{"index":"index","follow":"follow","max-snippet":"max-snippet:-1","max-image-preview":"max-image-preview:large","max-video-preview":"max-video-preview:-1"},"canonical":"https:\/\/prodesco.es\/fr\/produit\/hoja-calcomania-oro-s-pb\/","og_locale":"fr_FR","og_type":"article","og_title":"HOJA CALCOMANIA ORO S\/Pb - Prodesco","og_description":"Les FEUILLES DE D\u00c9CALCOMANIE MONOCHROMES sont des couleurs vitrifiables en papier (\u00e0 d\u00e9couper), en couleurs unies c\u00e9ramiques, bas\u00e9es sur le principe de la Prodesco","og_url":"https:\/\/prodesco.es\/fr\/produit\/hoja-calcomania-oro-s-pb\/","og_site_name":"Prodesco","og_image":[{"width":1100,"height":1100,"url":"https:\/\/prodesco.es\/wp-content\/uploads\/2025\/10\/60381500.png","type":"image\/png"}],"twitter_card":"summary_large_image","twitter_misc":{"Dur\u00e9e de lecture estim\u00e9e":"1 minute"},"schema":{"@context":"https:\/\/schema.org","@graph":[{"@type":"WebPage","@id":"https:\/\/prodesco.es\/fr\/produit\/hoja-calcomania-oro-s-pb\/","url":"https:\/\/prodesco.es\/fr\/produit\/hoja-calcomania-oro-s-pb\/","name":"HOJA CALCOMANIA ORO S\/Pb - Prodesco","isPartOf":{"@id":"https:\/\/prodesco.es\/fr\/#website"},"primaryImageOfPage":{"@id":"https:\/\/prodesco.es\/fr\/produit\/hoja-calcomania-oro-s-pb\/#primaryimage"},"image":{"@id":"https:\/\/prodesco.es\/fr\/produit\/hoja-calcomania-oro-s-pb\/#primaryimage"},"thumbnailUrl":"https:\/\/prodesco.es\/wp-content\/uploads\/2025\/10\/60381500.png","datePublished":"2025-11-20T10:51:56+00:00","description":"Les FEUILLES DE D\u00c9CALCOMANIE MONOCHROMES sont des couleurs vitrifiables en papier (\u00e0 d\u00e9couper), en couleurs unies c\u00e9ramiques, bas\u00e9es sur le principe de la Prodesco","breadcrumb":{"@id":"https:\/\/prodesco.es\/fr\/produit\/hoja-calcomania-oro-s-pb\/#breadcrumb"},"inLanguage":"fr-FR","potentialAction":[{"@type":"ReadAction","target":["https:\/\/prodesco.es\/fr\/produit\/hoja-calcomania-oro-s-pb\/"]}]},{"@type":"ImageObject","inLanguage":"fr-FR","@id":"https:\/\/prodesco.es\/fr\/produit\/hoja-calcomania-oro-s-pb\/#primaryimage","url":"https:\/\/prodesco.es\/wp-content\/uploads\/2025\/10\/60381500.png","contentUrl":"https:\/\/prodesco.es\/wp-content\/uploads\/2025\/10\/60381500.png","width":1100,"height":1100},{"@type":"BreadcrumbList","@id":"https:\/\/prodesco.es\/fr\/produit\/hoja-calcomania-oro-s-pb\/#breadcrumb","itemListElement":[{"@type":"ListItem","position":1,"name":"Portada","item":"https:\/\/prodesco.es\/fr\/"},{"@type":"ListItem","position":2,"name":"Produits","item":"https:\/\/prodesco.es\/fr\/produits-ceramiques\/"},{"@type":"ListItem","position":3,"name":"HOJA CALCOMANIA ORO S\/Pb"}]},{"@type":"WebSite","@id":"https:\/\/prodesco.es\/fr\/#website","url":"https:\/\/prodesco.es\/fr\/","name":"Prodesco","description":"Prodesco","publisher":{"@id":"https:\/\/prodesco.es\/fr\/#organization"},"potentialAction":[{"@type":"SearchAction","target":{"@type":"EntryPoint","urlTemplate":"https:\/\/prodesco.es\/fr\/?s={search_term_string}"},"query-input":{"@type":"PropertyValueSpecification","valueRequired":true,"valueName":"search_term_string"}}],"inLanguage":"fr-FR"},{"@type":"Organization","@id":"https:\/\/prodesco.es\/fr\/#organization","name":"Prodesco","url":"https:\/\/prodesco.es\/fr\/","logo":{"@type":"ImageObject","inLanguage":"fr-FR","@id":"https:\/\/prodesco.es\/fr\/#\/schema\/logo\/image\/","url":"https:\/\/prodesco.es\/wp-content\/uploads\/2025\/01\/Grupo-13.svg","contentUrl":"https:\/\/prodesco.es\/wp-content\/uploads\/2025\/01\/Grupo-13.svg","width":282,"height":46,"caption":"Prodesco"},"image":{"@id":"https:\/\/prodesco.es\/fr\/#\/schema\/logo\/image\/"}}]}},"_links":{"self":[{"href":"https:\/\/prodesco.es\/fr\/wp-json\/wp\/v2\/product\/55158","targetHints":{"allow":["GET"]}}],"collection":[{"href":"https:\/\/prodesco.es\/fr\/wp-json\/wp\/v2\/product"}],"about":[{"href":"https:\/\/prodesco.es\/fr\/wp-json\/wp\/v2\/types\/product"}],"replies":[{"embeddable":true,"href":"https:\/\/prodesco.es\/fr\/wp-json\/wp\/v2\/comments?post=55158"}],"wp:featuredmedia":[{"embeddable":true,"href":"https:\/\/prodesco.es\/fr\/wp-json\/wp\/v2\/media\/54140"}],"wp:attachment":[{"href":"https:\/\/prodesco.es\/fr\/wp-json\/wp\/v2\/media?parent=55158"}],"wp:term":[{"taxonomy":"product_cat","embeddable":true,"href":"https:\/\/prodesco.es\/fr\/wp-json\/wp\/v2\/product_cat?post=55158"},{"taxonomy":"product_tag","embeddable":true,"href":"https:\/\/prodesco.es\/fr\/wp-json\/wp\/v2\/product_tag?post=55158"}],"curies":[{"name":"wp","href":"https:\/\/api.w.org\/{rel}","templated":true}]}}