{"id":57221,"date":"2025-12-09T07:08:26","date_gmt":"2025-12-09T07:08:26","guid":{"rendered":"https:\/\/prodesco.es\/producto\/pistola-gravedad-junior-g-1-6\/"},"modified":"2025-12-09T07:08:26","modified_gmt":"2025-12-09T07:08:26","slug":"pistola-gravedad-junior-g-1-6","status":"publish","type":"product","link":"https:\/\/prodesco.es\/fr\/produit\/pistola-gravedad-junior-g-1-6\/","title":{"rendered":"PISTOLA GRAVEDAD JUNIOR G (1.6)"},"content":{"rendered":"<p>Avant la mise en service de l&#8217;appareil, il est conseill\u00e9 de lire attentivement et int\u00e9gralement toutes les instructions au format PDF ci-jointes.<br \/>De m\u00eame, les normes de pr\u00e9vention des accidents, les r\u00e9glementations et directives relatives aux lieux de travail, ainsi que les lois et restrictions en vigueur doivent \u00eatre prises en compte.<br \/>L&#8217;appareil doit \u00eatre utilis\u00e9 uniquement par des personnes d\u00fbment form\u00e9es \u00e0 son utilisation et exclusivement pour l&#8217;usage auquel il est destin\u00e9.<\/p>\n","protected":false},"excerpt":{"rendered":"<p>Avant la mise en service de l&#8217;appareil, il est conseill\u00e9 de lire attentivement et int\u00e9gralement toutes les instructions au format PDF ci-jointes.De m\u00eame, les normes de pr\u00e9vention des accidents, les r\u00e9glementations et directives relatives aux lieux de travail, ainsi que les lois et restrictions en vigueur doivent \u00eatre prises en compte.L&#8217;appareil doit \u00eatre utilis\u00e9 uniquement [&hellip;]<\/p>\n","protected":false},"featured_media":56098,"comment_status":"closed","ping_status":"open","template":"","meta":{"_acf_changed":false},"product_cat":[2249,2242],"product_tag":[],"class_list":{"0":"post-57221","1":"product","2":"type-product","3":"status-publish","4":"has-post-thumbnail","6":"product_cat-outils-demaillage","7":"product_cat-utilitaires-outils-et-livres","8":"pa_categoria-pistolas-pulverizadores","10":"first","11":"instock","12":"downloadable","13":"purchasable","14":"product-type-simple"},"acf":{"schema_disabled":false,"schema_properties_WebPage_price":"","schema_properties_WebPage_priceValidUntil":null,"schema_properties_WebPage_availability":"","schema_properties_WebPage_itemCondition":"","schema_properties_Product_brand":"","schema_properties_Product_priceValidUntil":null,"schema_properties_Product_availability":"","schema_properties_Product_itemCondition":"","schema_properties_Product_ratingValue":"","schema_properties_Product_reviewCount":"","schema_sameAs_repeater":null,"schema_custom_json_repeater":null,"schema_custom_json_override":false},"yoast_head":"<!-- This site is optimized with the Yoast SEO plugin v25.5 - https:\/\/yoast.com\/wordpress\/plugins\/seo\/ -->\n<title>PISTOLA GRAVEDAD JUNIOR G (1.6) - Prodesco<\/title>\n<meta name=\"description\" content=\"Avant la mise en service de l&#039;appareil, il est conseill\u00e9 de lire attentivement et int\u00e9gralement toutes les instructions au format PDF ci-jointes.De m\u00eame, Prodesco\" \/>\n<meta name=\"robots\" content=\"index, follow, max-snippet:-1, max-image-preview:large, max-video-preview:-1\" \/>\n<link rel=\"canonical\" href=\"https:\/\/prodesco.es\/fr\/produit\/pistola-gravedad-junior-g-1-6\/\" \/>\n<meta property=\"og:locale\" content=\"fr_FR\" \/>\n<meta property=\"og:type\" content=\"article\" \/>\n<meta property=\"og:title\" content=\"PISTOLA GRAVEDAD JUNIOR G (1.6) - Prodesco\" \/>\n<meta property=\"og:description\" content=\"Avant la mise en service de l&#039;appareil, il est conseill\u00e9 de lire attentivement et int\u00e9gralement toutes les instructions au format PDF ci-jointes.De m\u00eame, Prodesco\" \/>\n<meta property=\"og:url\" content=\"https:\/\/prodesco.es\/fr\/produit\/pistola-gravedad-junior-g-1-6\/\" \/>\n<meta property=\"og:site_name\" content=\"Prodesco\" \/>\n<meta property=\"og:image\" content=\"https:\/\/prodesco.es\/wp-content\/uploads\/2025\/10\/60321700.png\" \/>\n\t<meta property=\"og:image:width\" content=\"2500\" \/>\n\t<meta property=\"og:image:height\" content=\"2500\" \/>\n\t<meta property=\"og:image:type\" content=\"image\/png\" \/>\n<meta name=\"twitter:card\" content=\"summary_large_image\" \/>\n<script type=\"application\/ld+json\" class=\"yoast-schema-graph\">{\"@context\":\"https:\/\/schema.org\",\"@graph\":[{\"@type\":\"WebPage\",\"@id\":\"https:\/\/prodesco.es\/fr\/produit\/pistola-gravedad-junior-g-1-6\/\",\"url\":\"https:\/\/prodesco.es\/fr\/produit\/pistola-gravedad-junior-g-1-6\/\",\"name\":\"PISTOLA GRAVEDAD JUNIOR G (1.6) - Prodesco\",\"isPartOf\":{\"@id\":\"https:\/\/prodesco.es\/fr\/#website\"},\"primaryImageOfPage\":{\"@id\":\"https:\/\/prodesco.es\/fr\/produit\/pistola-gravedad-junior-g-1-6\/#primaryimage\"},\"image\":{\"@id\":\"https:\/\/prodesco.es\/fr\/produit\/pistola-gravedad-junior-g-1-6\/#primaryimage\"},\"thumbnailUrl\":\"https:\/\/prodesco.es\/wp-content\/uploads\/2025\/10\/60321700.png\",\"datePublished\":\"2025-12-09T07:08:26+00:00\",\"description\":\"Avant la mise en service de l'appareil, il est conseill\u00e9 de lire attentivement et int\u00e9gralement toutes les instructions au format PDF ci-jointes.De m\u00eame, Prodesco\",\"breadcrumb\":{\"@id\":\"https:\/\/prodesco.es\/fr\/produit\/pistola-gravedad-junior-g-1-6\/#breadcrumb\"},\"inLanguage\":\"fr-FR\",\"potentialAction\":[{\"@type\":\"ReadAction\",\"target\":[\"https:\/\/prodesco.es\/fr\/produit\/pistola-gravedad-junior-g-1-6\/\"]}]},{\"@type\":\"ImageObject\",\"inLanguage\":\"fr-FR\",\"@id\":\"https:\/\/prodesco.es\/fr\/produit\/pistola-gravedad-junior-g-1-6\/#primaryimage\",\"url\":\"https:\/\/prodesco.es\/wp-content\/uploads\/2025\/10\/60321700.png\",\"contentUrl\":\"https:\/\/prodesco.es\/wp-content\/uploads\/2025\/10\/60321700.png\",\"width\":2500,\"height\":2500},{\"@type\":\"BreadcrumbList\",\"@id\":\"https:\/\/prodesco.es\/fr\/produit\/pistola-gravedad-junior-g-1-6\/#breadcrumb\",\"itemListElement\":[{\"@type\":\"ListItem\",\"position\":1,\"name\":\"Portada\",\"item\":\"https:\/\/prodesco.es\/fr\/\"},{\"@type\":\"ListItem\",\"position\":2,\"name\":\"Produits\",\"item\":\"https:\/\/prodesco.es\/fr\/produits-ceramiques\/\"},{\"@type\":\"ListItem\",\"position\":3,\"name\":\"PISTOLA GRAVEDAD JUNIOR G (1.6)\"}]},{\"@type\":\"WebSite\",\"@id\":\"https:\/\/prodesco.es\/fr\/#website\",\"url\":\"https:\/\/prodesco.es\/fr\/\",\"name\":\"Prodesco\",\"description\":\"Prodesco\",\"publisher\":{\"@id\":\"https:\/\/prodesco.es\/fr\/#organization\"},\"potentialAction\":[{\"@type\":\"SearchAction\",\"target\":{\"@type\":\"EntryPoint\",\"urlTemplate\":\"https:\/\/prodesco.es\/fr\/?s={search_term_string}\"},\"query-input\":{\"@type\":\"PropertyValueSpecification\",\"valueRequired\":true,\"valueName\":\"search_term_string\"}}],\"inLanguage\":\"fr-FR\"},{\"@type\":\"Organization\",\"@id\":\"https:\/\/prodesco.es\/fr\/#organization\",\"name\":\"Prodesco\",\"url\":\"https:\/\/prodesco.es\/fr\/\",\"logo\":{\"@type\":\"ImageObject\",\"inLanguage\":\"fr-FR\",\"@id\":\"https:\/\/prodesco.es\/fr\/#\/schema\/logo\/image\/\",\"url\":\"https:\/\/prodesco.es\/wp-content\/uploads\/2025\/01\/Grupo-13.svg\",\"contentUrl\":\"https:\/\/prodesco.es\/wp-content\/uploads\/2025\/01\/Grupo-13.svg\",\"width\":282,\"height\":46,\"caption\":\"Prodesco\"},\"image\":{\"@id\":\"https:\/\/prodesco.es\/fr\/#\/schema\/logo\/image\/\"}}]}<\/script>\n<!-- \/ Yoast SEO plugin. -->","yoast_head_json":{"title":"PISTOLA GRAVEDAD JUNIOR G (1.6) - Prodesco","description":"Avant la mise en service de l'appareil, il est conseill\u00e9 de lire attentivement et int\u00e9gralement toutes les instructions au format PDF ci-jointes.De m\u00eame, Prodesco","robots":{"index":"index","follow":"follow","max-snippet":"max-snippet:-1","max-image-preview":"max-image-preview:large","max-video-preview":"max-video-preview:-1"},"canonical":"https:\/\/prodesco.es\/fr\/produit\/pistola-gravedad-junior-g-1-6\/","og_locale":"fr_FR","og_type":"article","og_title":"PISTOLA GRAVEDAD JUNIOR G (1.6) - Prodesco","og_description":"Avant la mise en service de l'appareil, il est conseill\u00e9 de lire attentivement et int\u00e9gralement toutes les instructions au format PDF ci-jointes.De m\u00eame, Prodesco","og_url":"https:\/\/prodesco.es\/fr\/produit\/pistola-gravedad-junior-g-1-6\/","og_site_name":"Prodesco","og_image":[{"width":2500,"height":2500,"url":"https:\/\/prodesco.es\/wp-content\/uploads\/2025\/10\/60321700.png","type":"image\/png"}],"twitter_card":"summary_large_image","schema":{"@context":"https:\/\/schema.org","@graph":[{"@type":"WebPage","@id":"https:\/\/prodesco.es\/fr\/produit\/pistola-gravedad-junior-g-1-6\/","url":"https:\/\/prodesco.es\/fr\/produit\/pistola-gravedad-junior-g-1-6\/","name":"PISTOLA GRAVEDAD JUNIOR G (1.6) - Prodesco","isPartOf":{"@id":"https:\/\/prodesco.es\/fr\/#website"},"primaryImageOfPage":{"@id":"https:\/\/prodesco.es\/fr\/produit\/pistola-gravedad-junior-g-1-6\/#primaryimage"},"image":{"@id":"https:\/\/prodesco.es\/fr\/produit\/pistola-gravedad-junior-g-1-6\/#primaryimage"},"thumbnailUrl":"https:\/\/prodesco.es\/wp-content\/uploads\/2025\/10\/60321700.png","datePublished":"2025-12-09T07:08:26+00:00","description":"Avant la mise en service de l'appareil, il est conseill\u00e9 de lire attentivement et int\u00e9gralement toutes les instructions au format PDF ci-jointes.De m\u00eame, Prodesco","breadcrumb":{"@id":"https:\/\/prodesco.es\/fr\/produit\/pistola-gravedad-junior-g-1-6\/#breadcrumb"},"inLanguage":"fr-FR","potentialAction":[{"@type":"ReadAction","target":["https:\/\/prodesco.es\/fr\/produit\/pistola-gravedad-junior-g-1-6\/"]}]},{"@type":"ImageObject","inLanguage":"fr-FR","@id":"https:\/\/prodesco.es\/fr\/produit\/pistola-gravedad-junior-g-1-6\/#primaryimage","url":"https:\/\/prodesco.es\/wp-content\/uploads\/2025\/10\/60321700.png","contentUrl":"https:\/\/prodesco.es\/wp-content\/uploads\/2025\/10\/60321700.png","width":2500,"height":2500},{"@type":"BreadcrumbList","@id":"https:\/\/prodesco.es\/fr\/produit\/pistola-gravedad-junior-g-1-6\/#breadcrumb","itemListElement":[{"@type":"ListItem","position":1,"name":"Portada","item":"https:\/\/prodesco.es\/fr\/"},{"@type":"ListItem","position":2,"name":"Produits","item":"https:\/\/prodesco.es\/fr\/produits-ceramiques\/"},{"@type":"ListItem","position":3,"name":"PISTOLA GRAVEDAD JUNIOR G (1.6)"}]},{"@type":"WebSite","@id":"https:\/\/prodesco.es\/fr\/#website","url":"https:\/\/prodesco.es\/fr\/","name":"Prodesco","description":"Prodesco","publisher":{"@id":"https:\/\/prodesco.es\/fr\/#organization"},"potentialAction":[{"@type":"SearchAction","target":{"@type":"EntryPoint","urlTemplate":"https:\/\/prodesco.es\/fr\/?s={search_term_string}"},"query-input":{"@type":"PropertyValueSpecification","valueRequired":true,"valueName":"search_term_string"}}],"inLanguage":"fr-FR"},{"@type":"Organization","@id":"https:\/\/prodesco.es\/fr\/#organization","name":"Prodesco","url":"https:\/\/prodesco.es\/fr\/","logo":{"@type":"ImageObject","inLanguage":"fr-FR","@id":"https:\/\/prodesco.es\/fr\/#\/schema\/logo\/image\/","url":"https:\/\/prodesco.es\/wp-content\/uploads\/2025\/01\/Grupo-13.svg","contentUrl":"https:\/\/prodesco.es\/wp-content\/uploads\/2025\/01\/Grupo-13.svg","width":282,"height":46,"caption":"Prodesco"},"image":{"@id":"https:\/\/prodesco.es\/fr\/#\/schema\/logo\/image\/"}}]}},"_links":{"self":[{"href":"https:\/\/prodesco.es\/fr\/wp-json\/wp\/v2\/product\/57221","targetHints":{"allow":["GET"]}}],"collection":[{"href":"https:\/\/prodesco.es\/fr\/wp-json\/wp\/v2\/product"}],"about":[{"href":"https:\/\/prodesco.es\/fr\/wp-json\/wp\/v2\/types\/product"}],"replies":[{"embeddable":true,"href":"https:\/\/prodesco.es\/fr\/wp-json\/wp\/v2\/comments?post=57221"}],"wp:featuredmedia":[{"embeddable":true,"href":"https:\/\/prodesco.es\/fr\/wp-json\/wp\/v2\/media\/56098"}],"wp:attachment":[{"href":"https:\/\/prodesco.es\/fr\/wp-json\/wp\/v2\/media?parent=57221"}],"wp:term":[{"taxonomy":"product_cat","embeddable":true,"href":"https:\/\/prodesco.es\/fr\/wp-json\/wp\/v2\/product_cat?post=57221"},{"taxonomy":"product_tag","embeddable":true,"href":"https:\/\/prodesco.es\/fr\/wp-json\/wp\/v2\/product_tag?post=57221"}],"curies":[{"name":"wp","href":"https:\/\/api.w.org\/{rel}","templated":true}]}}