{"id":58258,"date":"2025-10-15T06:08:29","date_gmt":"2025-10-15T06:08:29","guid":{"rendered":"https:\/\/prodesco.es\/producto\/conos-orton-auto-ssb\/"},"modified":"2025-10-15T06:08:34","modified_gmt":"2025-10-15T06:08:34","slug":"conos-orton-auto-ssb","status":"publish","type":"product","link":"https:\/\/prodesco.es\/fr\/produit\/conos-orton-auto-ssb\/","title":{"rendered":"Conos ORTON AUTO (SSB)"},"content":{"rendered":"<p>Los conos pirom\u00e9tricos se han utilizado para monitorear las cocciones de cer\u00e1mica durante m\u00e1s de 100 a\u00f1os. Son \u00fatiles para determinar cu\u00e1ndo una cocci\u00f3n ha finalizado, si el horno proporcion\u00f3 suficiente calor, si hubo una diferencia de temperatura en el horno o si se produjo alg\u00fan problema durante la cocci\u00f3n.<\/p>\n","protected":false},"excerpt":{"rendered":"<p>Los conos pirom\u00e9tricos se han utilizado para monitorear las cocciones de cer\u00e1mica durante m\u00e1s de 100 a\u00f1os. Son \u00fatiles para determinar cu\u00e1ndo una cocci\u00f3n ha finalizado, si el horno proporcion\u00f3 suficiente calor, si hubo una diferencia de temperatura en el horno o si se produjo alg\u00fan problema durante la cocci\u00f3n.<\/p>\n","protected":false},"featured_media":57549,"comment_status":"closed","ping_status":"open","template":"","meta":{"_acf_changed":false},"product_cat":[2256,2258,2243],"product_tag":[],"class_list":{"0":"post-58258","1":"product","2":"type-product","3":"status-publish","4":"has-post-thumbnail","6":"product_cat-fours-et-pyrometrie-hn","7":"product_cat-pyrometrie","8":"product_cat-machines-accessoires-et-securite","9":"pa_temperatura-y-cono-590-oc-cono-022","10":"pa_temperatura-y-cono-617-oc-cono-021","11":"pa_temperatura-y-cono-638-oc-cono-020","12":"pa_temperatura-y-cono-695-oc-cono-019","13":"pa_temperatura-y-cono-734-oc-cono-018","14":"pa_temperatura-y-cono-763-oc-cono-017","15":"pa_temperatura-y-cono-796-oc-cono-016","16":"pa_temperatura-y-cono-818-oc-cono-015","17":"pa_temperatura-y-cono-838-oc-cono-014","18":"pa_temperatura-y-cono-861-oc-cono-013","19":"pa_temperatura-y-cono-882-oc-cono-012","20":"pa_temperatura-y-cono-894-oc-cono-011","21":"pa_temperatura-y-cono-915-oc-cono-010","22":"pa_temperatura-y-cono-930-oc-cono-09","23":"pa_temperatura-y-cono-956-oc-cono-08","24":"pa_temperatura-y-cono-987-oc-cono-07","25":"pa_temperatura-y-cono-1013-oc-cono-06","26":"pa_temperatura-y-cono-1025-oc-cono-05-1-2","27":"pa_temperatura-y-cono-1044-oc-cono-05","28":"pa_temperatura-y-cono-1077-oc-cono-04","29":"pa_temperatura-y-cono-1104-oc-cono-03","30":"pa_temperatura-y-cono-1122-oc-cono-02","31":"pa_temperatura-y-cono-1138-oc-cono-01","32":"pa_temperatura-y-cono-1154-oc-cono-1","33":"pa_temperatura-y-cono-1164-oc-cono-2","34":"pa_temperatura-y-cono-1170-oc-cono-3","35":"pa_temperatura-y-cono-1183-oc-cono-4","36":"pa_temperatura-y-cono-1207-oc-cono-5","37":"pa_temperatura-y-cono-1225-oc-cono-5-1-2","38":"pa_temperatura-y-cono-1243-oc-cono-6","39":"pa_temperatura-y-cono-1257-oc-cono-7","40":"pa_temperatura-y-cono-1271-oc-cono-8","41":"pa_temperatura-y-cono-1280-oc-cono-9","42":"pa_temperatura-y-cono-1305-oc-cono-10","43":"pa_temperatura-y-cono-1315-oc-cono-11","44":"pa_temperatura-y-cono-1326-oc-cono-12","45":"pa_temperatura-y-cono-1348-oc-cono-13","46":"pa_temperatura-y-cono-1367-oc-cono-13-1-2","47":"pa_temperatura-y-cono-1384-oc-cono-14","48":"pa_temperatura-y-cono-1409-oc-cono-14-1-2","49":"pa_temperatura-y-cono-1428-oc-cono-15","50":"pa_temperatura-y-cono-1445-oc-cono-15-1-2","51":"pa_temperatura-y-cono-1475-oc-cono-16","52":"pa_temperatura-y-cono-1487-oc-cono-17","53":"pa_temperatura-y-cono-1508-oc-cono-18","54":"pa_temperatura-y-cono-1551-oc-cono-20","55":"pa_temperatura-y-cono-1571-oc-cono-21","56":"pa_temperatura-y-cono-1592-oc-cono-23","58":"first","59":"instock","60":"purchasable","61":"product-type-variable","62":"has-default-attributes"},"acf":{"schema_disabled":false,"schema_properties_WebPage_price":"","schema_properties_WebPage_priceValidUntil":null,"schema_properties_WebPage_availability":"","schema_properties_WebPage_itemCondition":"","schema_properties_Product_brand":"","schema_properties_Product_priceValidUntil":null,"schema_properties_Product_availability":"","schema_properties_Product_itemCondition":"","schema_properties_Product_ratingValue":"","schema_properties_Product_reviewCount":"","schema_sameAs_repeater":null,"schema_custom_json_repeater":null,"schema_custom_json_override":false},"yoast_head":"<!-- This site is optimized with the Yoast SEO plugin v25.5 - https:\/\/yoast.com\/wordpress\/plugins\/seo\/ -->\n<title>Conos ORTON AUTO (SSB) - Prodesco<\/title>\n<meta name=\"description\" content=\"Los conos pirom\u00e9tricos se han utilizado para monitorear las cocciones de cer\u00e1mica durante m\u00e1s de 100 a\u00f1os. Son \u00fatiles para determinar cu\u00e1ndo una cocci\u00f3n Prodesco\" \/>\n<meta name=\"robots\" content=\"index, follow, max-snippet:-1, max-image-preview:large, max-video-preview:-1\" \/>\n<link rel=\"canonical\" href=\"https:\/\/prodesco.es\/fr\/produit\/conos-orton-auto-ssb\/\" \/>\n<meta property=\"og:locale\" content=\"fr_FR\" \/>\n<meta property=\"og:type\" content=\"article\" \/>\n<meta property=\"og:title\" content=\"Conos ORTON AUTO (SSB) - Prodesco\" \/>\n<meta property=\"og:description\" content=\"Los conos pirom\u00e9tricos se han utilizado para monitorear las cocciones de cer\u00e1mica durante m\u00e1s de 100 a\u00f1os. Son \u00fatiles para determinar cu\u00e1ndo una cocci\u00f3n Prodesco\" \/>\n<meta property=\"og:url\" content=\"https:\/\/prodesco.es\/fr\/produit\/conos-orton-auto-ssb\/\" \/>\n<meta property=\"og:site_name\" content=\"Prodesco\" \/>\n<meta property=\"article:modified_time\" content=\"2025-10-15T06:08:34+00:00\" \/>\n<meta property=\"og:image\" content=\"https:\/\/prodesco.es\/wp-content\/uploads\/2025\/10\/70710000.png\" \/>\n\t<meta property=\"og:image:width\" content=\"2500\" \/>\n\t<meta property=\"og:image:height\" content=\"2500\" \/>\n\t<meta property=\"og:image:type\" content=\"image\/jpeg\" \/>\n<meta name=\"twitter:card\" content=\"summary_large_image\" \/>\n<script type=\"application\/ld+json\" class=\"yoast-schema-graph\">{\"@context\":\"https:\/\/schema.org\",\"@graph\":[{\"@type\":\"WebPage\",\"@id\":\"https:\/\/prodesco.es\/fr\/produit\/conos-orton-auto-ssb\/\",\"url\":\"https:\/\/prodesco.es\/fr\/produit\/conos-orton-auto-ssb\/\",\"name\":\"Conos ORTON AUTO (SSB) - Prodesco\",\"isPartOf\":{\"@id\":\"https:\/\/prodesco.es\/fr\/#website\"},\"primaryImageOfPage\":{\"@id\":\"https:\/\/prodesco.es\/fr\/produit\/conos-orton-auto-ssb\/#primaryimage\"},\"image\":{\"@id\":\"https:\/\/prodesco.es\/fr\/produit\/conos-orton-auto-ssb\/#primaryimage\"},\"thumbnailUrl\":\"https:\/\/prodesco.es\/wp-content\/uploads\/2025\/10\/70710000.png\",\"datePublished\":\"2025-10-15T06:08:29+00:00\",\"dateModified\":\"2025-10-15T06:08:34+00:00\",\"description\":\"Los conos pirom\u00e9tricos se han utilizado para monitorear las cocciones de cer\u00e1mica durante m\u00e1s de 100 a\u00f1os. Son \u00fatiles para determinar cu\u00e1ndo una cocci\u00f3n Prodesco\",\"breadcrumb\":{\"@id\":\"https:\/\/prodesco.es\/fr\/produit\/conos-orton-auto-ssb\/#breadcrumb\"},\"inLanguage\":\"fr-FR\",\"potentialAction\":[{\"@type\":\"ReadAction\",\"target\":[\"https:\/\/prodesco.es\/fr\/produit\/conos-orton-auto-ssb\/\"]}]},{\"@type\":\"ImageObject\",\"inLanguage\":\"fr-FR\",\"@id\":\"https:\/\/prodesco.es\/fr\/produit\/conos-orton-auto-ssb\/#primaryimage\",\"url\":\"https:\/\/prodesco.es\/wp-content\/uploads\/2025\/10\/70710000.png\",\"contentUrl\":\"https:\/\/prodesco.es\/wp-content\/uploads\/2025\/10\/70710000.png\",\"width\":2500,\"height\":2500},{\"@type\":\"BreadcrumbList\",\"@id\":\"https:\/\/prodesco.es\/fr\/produit\/conos-orton-auto-ssb\/#breadcrumb\",\"itemListElement\":[{\"@type\":\"ListItem\",\"position\":1,\"name\":\"Portada\",\"item\":\"https:\/\/prodesco.es\/fr\/\"},{\"@type\":\"ListItem\",\"position\":2,\"name\":\"Produits\",\"item\":\"https:\/\/prodesco.es\/fr\/produits-ceramiques\/\"},{\"@type\":\"ListItem\",\"position\":3,\"name\":\"Conos ORTON AUTO (SSB)\"}]},{\"@type\":\"WebSite\",\"@id\":\"https:\/\/prodesco.es\/fr\/#website\",\"url\":\"https:\/\/prodesco.es\/fr\/\",\"name\":\"Prodesco\",\"description\":\"Prodesco\",\"publisher\":{\"@id\":\"https:\/\/prodesco.es\/fr\/#organization\"},\"potentialAction\":[{\"@type\":\"SearchAction\",\"target\":{\"@type\":\"EntryPoint\",\"urlTemplate\":\"https:\/\/prodesco.es\/fr\/?s={search_term_string}\"},\"query-input\":{\"@type\":\"PropertyValueSpecification\",\"valueRequired\":true,\"valueName\":\"search_term_string\"}}],\"inLanguage\":\"fr-FR\"},{\"@type\":\"Organization\",\"@id\":\"https:\/\/prodesco.es\/fr\/#organization\",\"name\":\"Prodesco\",\"url\":\"https:\/\/prodesco.es\/fr\/\",\"logo\":{\"@type\":\"ImageObject\",\"inLanguage\":\"fr-FR\",\"@id\":\"https:\/\/prodesco.es\/fr\/#\/schema\/logo\/image\/\",\"url\":\"https:\/\/prodesco.es\/wp-content\/uploads\/2025\/01\/Grupo-13.svg\",\"contentUrl\":\"https:\/\/prodesco.es\/wp-content\/uploads\/2025\/01\/Grupo-13.svg\",\"width\":282,\"height\":46,\"caption\":\"Prodesco\"},\"image\":{\"@id\":\"https:\/\/prodesco.es\/fr\/#\/schema\/logo\/image\/\"}}]}<\/script>\n<!-- \/ Yoast SEO plugin. -->","yoast_head_json":{"title":"Conos ORTON AUTO (SSB) - Prodesco","description":"Los conos pirom\u00e9tricos se han utilizado para monitorear las cocciones de cer\u00e1mica durante m\u00e1s de 100 a\u00f1os. Son \u00fatiles para determinar cu\u00e1ndo una cocci\u00f3n Prodesco","robots":{"index":"index","follow":"follow","max-snippet":"max-snippet:-1","max-image-preview":"max-image-preview:large","max-video-preview":"max-video-preview:-1"},"canonical":"https:\/\/prodesco.es\/fr\/produit\/conos-orton-auto-ssb\/","og_locale":"fr_FR","og_type":"article","og_title":"Conos ORTON AUTO (SSB) - Prodesco","og_description":"Los conos pirom\u00e9tricos se han utilizado para monitorear las cocciones de cer\u00e1mica durante m\u00e1s de 100 a\u00f1os. Son \u00fatiles para determinar cu\u00e1ndo una cocci\u00f3n Prodesco","og_url":"https:\/\/prodesco.es\/fr\/produit\/conos-orton-auto-ssb\/","og_site_name":"Prodesco","article_modified_time":"2025-10-15T06:08:34+00:00","og_image":[{"width":2500,"height":2500,"url":"https:\/\/prodesco.es\/wp-content\/uploads\/2025\/10\/70710000.png","type":"image\/jpeg"}],"twitter_card":"summary_large_image","schema":{"@context":"https:\/\/schema.org","@graph":[{"@type":"WebPage","@id":"https:\/\/prodesco.es\/fr\/produit\/conos-orton-auto-ssb\/","url":"https:\/\/prodesco.es\/fr\/produit\/conos-orton-auto-ssb\/","name":"Conos ORTON AUTO (SSB) - Prodesco","isPartOf":{"@id":"https:\/\/prodesco.es\/fr\/#website"},"primaryImageOfPage":{"@id":"https:\/\/prodesco.es\/fr\/produit\/conos-orton-auto-ssb\/#primaryimage"},"image":{"@id":"https:\/\/prodesco.es\/fr\/produit\/conos-orton-auto-ssb\/#primaryimage"},"thumbnailUrl":"https:\/\/prodesco.es\/wp-content\/uploads\/2025\/10\/70710000.png","datePublished":"2025-10-15T06:08:29+00:00","dateModified":"2025-10-15T06:08:34+00:00","description":"Los conos pirom\u00e9tricos se han utilizado para monitorear las cocciones de cer\u00e1mica durante m\u00e1s de 100 a\u00f1os. Son \u00fatiles para determinar cu\u00e1ndo una cocci\u00f3n Prodesco","breadcrumb":{"@id":"https:\/\/prodesco.es\/fr\/produit\/conos-orton-auto-ssb\/#breadcrumb"},"inLanguage":"fr-FR","potentialAction":[{"@type":"ReadAction","target":["https:\/\/prodesco.es\/fr\/produit\/conos-orton-auto-ssb\/"]}]},{"@type":"ImageObject","inLanguage":"fr-FR","@id":"https:\/\/prodesco.es\/fr\/produit\/conos-orton-auto-ssb\/#primaryimage","url":"https:\/\/prodesco.es\/wp-content\/uploads\/2025\/10\/70710000.png","contentUrl":"https:\/\/prodesco.es\/wp-content\/uploads\/2025\/10\/70710000.png","width":2500,"height":2500},{"@type":"BreadcrumbList","@id":"https:\/\/prodesco.es\/fr\/produit\/conos-orton-auto-ssb\/#breadcrumb","itemListElement":[{"@type":"ListItem","position":1,"name":"Portada","item":"https:\/\/prodesco.es\/fr\/"},{"@type":"ListItem","position":2,"name":"Produits","item":"https:\/\/prodesco.es\/fr\/produits-ceramiques\/"},{"@type":"ListItem","position":3,"name":"Conos ORTON AUTO (SSB)"}]},{"@type":"WebSite","@id":"https:\/\/prodesco.es\/fr\/#website","url":"https:\/\/prodesco.es\/fr\/","name":"Prodesco","description":"Prodesco","publisher":{"@id":"https:\/\/prodesco.es\/fr\/#organization"},"potentialAction":[{"@type":"SearchAction","target":{"@type":"EntryPoint","urlTemplate":"https:\/\/prodesco.es\/fr\/?s={search_term_string}"},"query-input":{"@type":"PropertyValueSpecification","valueRequired":true,"valueName":"search_term_string"}}],"inLanguage":"fr-FR"},{"@type":"Organization","@id":"https:\/\/prodesco.es\/fr\/#organization","name":"Prodesco","url":"https:\/\/prodesco.es\/fr\/","logo":{"@type":"ImageObject","inLanguage":"fr-FR","@id":"https:\/\/prodesco.es\/fr\/#\/schema\/logo\/image\/","url":"https:\/\/prodesco.es\/wp-content\/uploads\/2025\/01\/Grupo-13.svg","contentUrl":"https:\/\/prodesco.es\/wp-content\/uploads\/2025\/01\/Grupo-13.svg","width":282,"height":46,"caption":"Prodesco"},"image":{"@id":"https:\/\/prodesco.es\/fr\/#\/schema\/logo\/image\/"}}]}},"_links":{"self":[{"href":"https:\/\/prodesco.es\/fr\/wp-json\/wp\/v2\/product\/58258","targetHints":{"allow":["GET"]}}],"collection":[{"href":"https:\/\/prodesco.es\/fr\/wp-json\/wp\/v2\/product"}],"about":[{"href":"https:\/\/prodesco.es\/fr\/wp-json\/wp\/v2\/types\/product"}],"replies":[{"embeddable":true,"href":"https:\/\/prodesco.es\/fr\/wp-json\/wp\/v2\/comments?post=58258"}],"wp:featuredmedia":[{"embeddable":true,"href":"https:\/\/prodesco.es\/fr\/wp-json\/wp\/v2\/media\/57549"}],"wp:attachment":[{"href":"https:\/\/prodesco.es\/fr\/wp-json\/wp\/v2\/media?parent=58258"}],"wp:term":[{"taxonomy":"product_cat","embeddable":true,"href":"https:\/\/prodesco.es\/fr\/wp-json\/wp\/v2\/product_cat?post=58258"},{"taxonomy":"product_tag","embeddable":true,"href":"https:\/\/prodesco.es\/fr\/wp-json\/wp\/v2\/product_tag?post=58258"}],"curies":[{"name":"wp","href":"https:\/\/api.w.org\/{rel}","templated":true}]}}